{"id":6931,"date":"2024-03-26T15:48:31","date_gmt":"2024-03-26T14:48:31","guid":{"rendered":"https:\/\/www.alliancefrancaise.cz\/ostrava\/?page_id=6931"},"modified":"2025-06-13T11:17:43","modified_gmt":"2025-06-13T09:17:43","slug":"etudier-en-francais","status":"publish","type":"page","link":"https:\/\/www.alliancefrancaise.cz\/ostrava\/fr\/etudier-en-francais\/","title":{"rendered":"\u00c9tudier en France"},"content":{"rendered":"\n<p>Carte Interactive du fran\u00e7ais en R\u00e9publique Tch\u00e8que : <a href=\"https:\/\/muni.maps.arcgis.com\/apps\/instant\/nearby\/index.html?appid=a2d29a3c33c345bcb91dfe86198cd257\" target=\"_blank\" rel=\"noopener\"><a href=\"https:\/\/muni.maps.arcgis.com\/apps\/instant\/nearby\/index.html?appid=a2d29a3c33c345bcb91dfe86198cd257\" target=\"_blank\" rel=\"noopener\">Mapa francouz\u0161tiny v \u010cR<\/a><\/a><\/p>\n\n\n\n<h2 class=\"wp-block-heading\">Sections tch\u00e8ques en France<\/h2>\n\n\n\n<p>Depuis les ann\u00e9es 1920, il existe deux sections tch\u00e8ques en France&nbsp;: <\/p>\n\n\n\n<ul class=\"wp-block-list\">\n<li><a href=\"http:\/\/lyc21-carnot.ac-dijon.fr\/\" target=\"_blank\" rel=\"noreferrer noopener\">Lyc\u00e9e Carnot<\/a>, Dijon (concours ouvert aux gar\u00e7ons et aux filles)<\/li>\n\n\n\n<li><a href=\"https:\/\/lyc-daudet-nimes.ac-montpellier.fr\/\" target=\"_blank\" rel=\"noreferrer noopener\">Lyc\u00e9e Alphonse Daudet<\/a>, N\u00eemes (concours uniquement ouvert aux filles)<\/li>\n<\/ul>\n\n\n\n<p> Ces sections accueillent des lyc\u00e9ens tch\u00e8ques qui \u00e9tudient pendant 3 ans en France (de la seconde \u00e0 la terminale). Devenus bilingues \u00e0 la fin de ce cursus, ces jeunes connaissent aussi parfaitement les diff\u00e9rences culturelles entre nos deux pays, devenant ainsi un trait d\u2019union essentiel entre la France et la R\u00e9publique tch\u00e8que.<\/p>\n\n\n\n<p>Associations des anciens \u00e9l\u00e8ves : <a href=\"https:\/\/www.ifp.cz\/fr\/education\/etudier-au-lycee-en-france\/sections-tcheques-en-france\/#\/\" target=\"_blank\" rel=\"noopener\"><a href=\"https:\/\/dijon-nimes.eu\/\" target=\"_blank\" rel=\"noopener\">Dijon &amp; N\u00eemes \u2013 \u010cesk\u00e9 sekce ve Francii<\/a><\/a><\/p>\n\n\n\n<div class=\"wp-block-button\"><form style=\"text-align: center;\"><a class=\"wp-block-button__link has-background wp-element-button\" href=\"https:\/\/www.ifp.cz\/fr\/education\/mobilite-lyceenne-en-france\/sections-tcheques-en-france\/\" style=\"background-color:#ffce6d\" target=\"_blank\" rel=\"noreferrer noopener\">Plus d&rsquo;informations ici<\/a><\/div>\n\n\n\n<hr class=\"wp-block-separator has-alpha-channel-opacity\"\/>\n\n\n\n<h2 class=\"wp-block-heading\">Un an en France<\/h2>\n\n\n\n<p>Les lyc\u00e9ens tch\u00e8ques ont la possibilit\u00e9 de passer une ann\u00e9e scolaire dans un lyc\u00e9e partenaire en France. G\u00e9n\u00e9ralement, ils sont h\u00e9berg\u00e9s \u00e0 l&rsquo;internat du lyc\u00e9e pendant la semaine et ils passent le week-end dans leur famille d&rsquo;accueil. Ils \u00e9tudient en deuxi\u00e8me ann\u00e9e du lyc\u00e9e fran\u00e7ais (classe de \u00ab Premi\u00e8re \u00bb), assistent aux m\u00eames cours que leurs camarades fran\u00e7ais et re\u00e7oivent des bulletins scolaires.<\/p>\n\n\n\n<p>Un an en France, c&rsquo;est une occasion extraordinaire de\u2026<\/p>\n\n\n\n<ul class=\"wp-block-list\">\n<li>Partir pour conna\u00eetre l&rsquo;Hexagone et sa culture<\/li>\n\n\n\n<li>Am\u00e9liorer ton fran\u00e7ais et vivre le syst\u00e8me \u00e9ducatif fran\u00e7ais de pr\u00e8s<\/li>\n\n\n\n<li>Vivre une exp\u00e9rience, devenir plus ind\u00e9pendant et gagner en responsabilit\u00e9 et autonomie<\/li>\n\n\n\n<li>\u00c9tablir des contacts int\u00e9ressants avec tes camarades de classe, ta famille d&rsquo;accueil et tes professeurs<\/li>\n<\/ul>\n\n\n\n<p>Tu peux vivre Un an en France, si&nbsp;:<\/p>\n\n\n\n<ul class=\"wp-block-list\">\n<li>Tu as entre 15 et 17 ans<\/li>\n\n\n\n<li>Tu es inscrit(e) id\u00e9alement en premi\u00e8re ou deuxi\u00e8me ann\u00e9e dans un \u00e9tablissement scolaire secondaire sous contrat avec le M\u0160MT<\/li>\n\n\n\n<li>Tu&nbsp;es ressortissant(e) de l&rsquo;Union europ\u00e9enne.<\/li>\n\n\n\n<li>Tu as au moins le niveau A2 en fran\u00e7ais, justifi\u00e9 par un&nbsp;<a href=\"http:\/\/kurzy.ifp.cz\/fr\/certifications\/delf-dalf\/delf-junior-et-scolaire\/\" target=\"_blank\" rel=\"noopener\">dipl\u00f4me du DELF<\/a><\/li>\n\n\n\n<li>Tu \u00e9tudies une autre langue \u00e9trang\u00e8re (anglais, allemand, espagnol)<\/li>\n\n\n\n<li>Tu as vraiment envie de partir, de conna\u00eetre de nouvelles personnes et de nouvelles exp\u00e9riences et d&rsquo;am\u00e9liorer ton niveau de langue fran\u00e7aise et anglaise\u2026<\/li>\n\n\n\n<li>Tu es assez ind\u00e9pendant(e), responsable et tu sais bien t&rsquo;adapter<\/li>\n\n\n\n<li><\/li>\n<\/ul>\n\n\n\n<div class=\"wp-block-button\"><form style=\"text-align: center;\"><a class=\"wp-block-button__link has-background wp-element-button\" href=\"https:\/\/www.ifp.cz\/fr\/education\/etudier-au-lycee-en-france\/un-an-en-france\/#\/\" style=\"background-color:#ffce6d\" target=\"_blank\" rel=\"noreferrer noopener\">Plus d&rsquo;informations ici<\/a><\/div>\n\n\n\n<hr class=\"wp-block-separator has-alpha-channel-opacity\"\/>\n\n\n\n<h2 class=\"wp-block-heading\">Partenariats universitaires<\/h2>\n\n\n\n<p>Des \u00e9tudes francophones existent au sein des universit\u00e9s de R\u00e9publique tch\u00e8que. Ces fili\u00e8res ont pour objectif de former \u00e0 une mati\u00e8re donn\u00e9e des \u00e9tudiants qui acqui\u00e8rent \u00e9galement une bonne connaissance de la langue et de la culture fran\u00e7aises.<\/p>\n\n\n\n<ul class=\"wp-block-list\">\n<li>&nbsp;<a href=\"http:\/\/iftg.vse.cz\/\" target=\"_blank\" rel=\"noreferrer noopener\">Institut Franco-Tch\u00e8que de Gestion (IFTG<\/a>)&nbsp;: Universit\u00e9 d&rsquo;\u00c9conomie de Prague (V\u0160E) &amp; Institut d\u2019Administration des Entreprises (IAE) de Lyon<\/li>\n\n\n\n<li>&nbsp;<a href=\"http:\/\/www.econ.muni.cz\/mftap\" rel=\"noreferrer noopener\" target=\"_blank\">Master franco-tch\u00e8que d\u2019administration publique<\/a>&nbsp;: Universit\u00e9 Masaryk de Brno &amp; Universit\u00e9 Rennes 1<\/li>\n\n\n\n<li>&nbsp;<a href=\"mailto:rovna@mbox.fsv.cuni.cz\">Etudes europ\u00e9ennes francophones en sciences humaines et sociales<\/a>&nbsp;: Universit\u00e9 Charles de Prague &amp; Universit\u00e9 Paris III &#8211; Panth\u00e9on-Sorbonne<\/li>\n\n\n\n<li>&nbsp;<a href=\"mailto:gabriela.achtenova@fs.cvut.cz\">Master G\u00e9nie Automobile \u010cVUT<\/a>&nbsp;: Universit\u00e9 Technique de Prague, ENSIETA de Brest &amp; Universit\u00e9 HAN de Arnhem (NL)<\/li>\n<\/ul>\n\n\n\n<h3 class=\"wp-block-heading\">Campus France<\/h3>\n\n\n\n<p>Vous \u00e9tudiez actuellement le fran\u00e7ais et souhaitez entamer vos \u00e9tudes ou poursuivre votre cursus en France ? Les correspondants Campus France en R\u00e9publique tch\u00e8que sont l\u00e0 pour vous aider et vous donner toutes les informations n\u00e9cessaires pour concr\u00e9tiser votre projet ainsi qu\u2019un accompagnement personnalis\u00e9.<\/p>\n\n\n\n<p><strong>Contacts<\/strong>&nbsp;<strong>:<\/strong> prague@campusfrance.org<br>Institut fran\u00e7ais de Prague \u0160t\u011bp\u00e1nsk\u00e1 35, 111 21 Praha 1<\/p>\n\n\n\n<div class=\"wp-block-button\"><form style=\"text-align: center;\"><a class=\"wp-block-button__link has-background wp-element-button\" href=\"https:\/\/www.republiquetcheque.campusfrance.org\/fr\" style=\"background-color:#ffce6d\" target=\"_blank\" rel=\"noreferrer noopener\">Plus d&rsquo;informations ici<\/a><\/div>\n\n\n\n<hr class=\"wp-block-separator has-alpha-channel-opacity\"\/>\n\n\n\n<h2 class=\"wp-block-heading\">Liens utiles<\/h2>\n\n\n\n<p>Plus d\u2019informations sur l\u2019enseignement et la recherche sur le site de&nbsp;<a href=\"http:\/\/www.france.cz\/\" rel=\"noreferrer noopener\" target=\"_blank\">l\u2019Ambassade de France<\/a><\/p>\n\n\n\n<p>Vous cherchez une \u00e9cole\/un centre pour perfectionner votre fran\u00e7ais en France&nbsp;? Une adresse&nbsp;:&nbsp;<a href=\"http:\/\/www.fle.fr\/\" rel=\"noreferrer noopener\" target=\"_blank\">www.fle.fr<\/a>&nbsp;!<\/p>\n","protected":false},"excerpt":{"rendered":"<p>Carte Interactive du fran\u00e7ais en R\u00e9publique Tch\u00e8que : Mapa francouz\u0161tiny v \u010cR Sections tch\u00e8ques en France Depuis les ann\u00e9es 1920, il existe deux sections tch\u00e8ques en France&nbsp;: Ces&#8230;<\/p>\n","protected":false},"author":4,"featured_media":0,"parent":0,"menu_order":0,"comment_status":"closed","ping_status":"closed","template":"","meta":{"_acf_changed":false,"footnotes":""},"class_list":["post-6931","page","type-page","status-publish","hentry"],"acf":[],"_links":{"self":[{"href":"https:\/\/www.alliancefrancaise.cz\/ostrava\/fr\/wp-json\/wp\/v2\/pages\/6931","targetHints":{"allow":["GET"]}}],"collection":[{"href":"https:\/\/www.alliancefrancaise.cz\/ostrava\/fr\/wp-json\/wp\/v2\/pages"}],"about":[{"href":"https:\/\/www.alliancefrancaise.cz\/ostrava\/fr\/wp-json\/wp\/v2\/types\/page"}],"author":[{"embeddable":true,"href":"https:\/\/www.alliancefrancaise.cz\/ostrava\/fr\/wp-json\/wp\/v2\/users\/4"}],"replies":[{"embeddable":true,"href":"https:\/\/www.alliancefrancaise.cz\/ostrava\/fr\/wp-json\/wp\/v2\/comments?post=6931"}],"version-history":[{"count":17,"href":"https:\/\/www.alliancefrancaise.cz\/ostrava\/fr\/wp-json\/wp\/v2\/pages\/6931\/revisions"}],"predecessor-version":[{"id":9013,"href":"https:\/\/www.alliancefrancaise.cz\/ostrava\/fr\/wp-json\/wp\/v2\/pages\/6931\/revisions\/9013"}],"wp:attachment":[{"href":"https:\/\/www.alliancefrancaise.cz\/ostrava\/fr\/wp-json\/wp\/v2\/media?parent=6931"}],"curies":[{"name":"wp","href":"https:\/\/api.w.org\/{rel}","templated":true}]}}