{"id":7049,"date":"2024-04-03T09:53:06","date_gmt":"2024-04-03T07:53:06","guid":{"rendered":"https:\/\/www.alliancefrancaise.cz\/ostrava\/?page_id=7049"},"modified":"2025-08-29T16:27:50","modified_gmt":"2025-08-29T14:27:50","slug":"nos-cours-annee-2024-2025","status":"publish","type":"page","link":"https:\/\/www.alliancefrancaise.cz\/ostrava\/fr\/nos-cours-annee-2024-2025\/","title":{"rendered":"Cours individuels 2025\/2026"},"content":{"rendered":"\n<p><br><strong>Ces cours individuels sont totalement adapt\u00e9s \u00e0 vos besoins.<br>1, 2, 3 ou 4 \u00e9tudiants.<br>Les cours individuels peuvent aussi \u00eatre r\u00e9alis\u00e9s en pr\u00e9sentiel ou en ligne<\/strong><\/p>\n\n\n\n<p><strong>Les cours individuels sont l\u2019occasion pour l\u2019enseignant de s\u2019adapter enti\u00e8rement aux objectifs des apprenants.<\/strong><\/p>\n\n\n\n<figure class=\"wp-block-table is-style-stripes\"><table><thead><tr><th><strong>heures (60 min)<\/strong><\/th><th><strong>1 personne<\/strong><\/th><th><strong>2 personnes<\/strong><\/th><th><strong>3 personnes<\/strong><\/th><th><strong>4 personnes<\/strong><\/th><\/tr><\/thead><tbody><tr><td>10 heures<\/td><td>5490 CZK<\/td><td>4000 CZK \/ personne<\/td><td>3500 CZK \/ personne<\/td><td>3000 CZK \/ personne<\/td><\/tr><tr><td>20 heures<\/td><td>10 990 CZK<\/td><td>7500 CZK \/ personne<\/td><td>6000 CZK \/ personne<\/td><td>5000 CZK \/ personne<\/td><\/tr><\/tbody><\/table><\/figure>\n\n\n\n<p><\/p>\n\n\n\n<p><strong>Des forfaits \u00ab\u00a0\u00e0 la carte\u00a0\u00bb sont \u00e9galement disponibles (tarifs et volume horaire diff\u00e9rents des forfaits propos\u00e9s ci-dessus). Merci de vous adresser directement \u00e0 l\u2019Alliance fran\u00e7aise d&rsquo;Ostrava.<\/strong><\/p>\n\n\n\n<p><strong>Pour plus d\u2019informations, contactez-nous aux coordonn\u00e9es suivantes&nbsp;: <\/strong><\/p>\n\n\n\n<p><strong>ostrava@alliancefrancaise.cz<br>+420 596 125 424<\/strong><\/p>\n\n\n\n<p><\/p>\n","protected":false},"excerpt":{"rendered":"<p>Ces cours individuels sont totalement adapt\u00e9s \u00e0 vos besoins.1, 2, 3 ou 4 \u00e9tudiants.Les cours individuels peuvent aussi \u00eatre r\u00e9alis\u00e9s en pr\u00e9sentiel ou en ligne Les cours individuels&#8230;<\/p>\n","protected":false},"author":4,"featured_media":0,"parent":0,"menu_order":0,"comment_status":"closed","ping_status":"closed","template":"","meta":{"_acf_changed":false,"footnotes":""},"class_list":["post-7049","page","type-page","status-publish","hentry"],"acf":[],"_links":{"self":[{"href":"https:\/\/www.alliancefrancaise.cz\/ostrava\/fr\/wp-json\/wp\/v2\/pages\/7049","targetHints":{"allow":["GET"]}}],"collection":[{"href":"https:\/\/www.alliancefrancaise.cz\/ostrava\/fr\/wp-json\/wp\/v2\/pages"}],"about":[{"href":"https:\/\/www.alliancefrancaise.cz\/ostrava\/fr\/wp-json\/wp\/v2\/types\/page"}],"author":[{"embeddable":true,"href":"https:\/\/www.alliancefrancaise.cz\/ostrava\/fr\/wp-json\/wp\/v2\/users\/4"}],"replies":[{"embeddable":true,"href":"https:\/\/www.alliancefrancaise.cz\/ostrava\/fr\/wp-json\/wp\/v2\/comments?post=7049"}],"version-history":[{"count":20,"href":"https:\/\/www.alliancefrancaise.cz\/ostrava\/fr\/wp-json\/wp\/v2\/pages\/7049\/revisions"}],"predecessor-version":[{"id":9069,"href":"https:\/\/www.alliancefrancaise.cz\/ostrava\/fr\/wp-json\/wp\/v2\/pages\/7049\/revisions\/9069"}],"wp:attachment":[{"href":"https:\/\/www.alliancefrancaise.cz\/ostrava\/fr\/wp-json\/wp\/v2\/media?parent=7049"}],"curies":[{"name":"wp","href":"https:\/\/api.w.org\/{rel}","templated":true}]}}