{"id":7243,"date":"2024-04-11T12:44:44","date_gmt":"2024-04-11T10:44:44","guid":{"rendered":"https:\/\/www.alliancefrancaise.cz\/ostrava\/?page_id=7243"},"modified":"2025-05-30T10:59:12","modified_gmt":"2025-05-30T08:59:12","slug":"visite-de-lalliance","status":"publish","type":"page","link":"https:\/\/www.alliancefrancaise.cz\/ostrava\/fr\/visite-de-lalliance\/","title":{"rendered":"Visite de l&rsquo;Alliance"},"content":{"rendered":"\n<p>Des visites \u00e0 l&rsquo;Alliance fran\u00e7aise d&rsquo;Ostrava sont organis\u00e9es pour des classes d&rsquo;\u00e9tudiants de fran\u00e7ais de plusieurs lyc\u00e9es de la r\u00e9gion.<\/p>\n\n\n\n<p>Au programme, d\u00e9couverte et pr\u00e9sentation de l&rsquo;Alliance fran\u00e7aise, d\u00e9gustation d&rsquo;un petit-d\u00e9jeuner \u00e0 la fran\u00e7aise, explication des certifications DELF-DALF et participation \u00e0 de petits jeux.<\/p>\n\n\n\n<p>Si vous \u00eates int\u00e9ress\u00e9s afin d&rsquo;organiser une visite, vous pouvez nous contacter par email (direction.ostrava@alliancefrancaise.cz) ou via nos r\u00e9seaux sociaux.<\/p>\n\n\n\n<p>Le prix pour la venue \u00e0 l&rsquo;Alliance est de 50 CZK et le petit-d\u00e9jeuner est aussi \u00e0 50 CZK.<\/p>\n\n\n\n<figure class=\"wp-block-gallery has-nested-images columns-default is-cropped wp-block-gallery-1 is-layout-flex wp-block-gallery-is-layout-flex\">\n<figure class=\"wp-block-image size-large\"><img loading=\"lazy\" decoding=\"async\" width=\"1179\" height=\"800\" data-id=\"8709\" src=\"https:\/\/www.alliancefrancaise.cz\/ostrava\/wp-content\/uploads\/2025\/05\/visite-ecole-3.jpg\" alt=\"\" class=\"wp-image-8709\" srcset=\"https:\/\/www.alliancefrancaise.cz\/ostrava\/wp-content\/uploads\/2025\/05\/visite-ecole-3.jpg 1179w, https:\/\/www.alliancefrancaise.cz\/ostrava\/wp-content\/uploads\/2025\/05\/visite-ecole-3-460x312.jpg 460w, https:\/\/www.alliancefrancaise.cz\/ostrava\/wp-content\/uploads\/2025\/05\/visite-ecole-3-768x521.jpg 768w\" sizes=\"auto, (max-width: 1179px) 100vw, 1179px\" \/><\/figure>\n\n\n\n<figure class=\"wp-block-image size-large\"><img loading=\"lazy\" decoding=\"async\" width=\"1360\" height=\"1025\" data-id=\"8711\" src=\"https:\/\/www.alliancefrancaise.cz\/ostrava\/wp-content\/uploads\/2025\/05\/visitr-ecole-2-1-1360x1025.jpg\" alt=\"\" class=\"wp-image-8711\" srcset=\"https:\/\/www.alliancefrancaise.cz\/ostrava\/wp-content\/uploads\/2025\/05\/visitr-ecole-2-1-1360x1025.jpg 1360w, https:\/\/www.alliancefrancaise.cz\/ostrava\/wp-content\/uploads\/2025\/05\/visitr-ecole-2-1-460x347.jpg 460w, https:\/\/www.alliancefrancaise.cz\/ostrava\/wp-content\/uploads\/2025\/05\/visitr-ecole-2-1-768x579.jpg 768w, https:\/\/www.alliancefrancaise.cz\/ostrava\/wp-content\/uploads\/2025\/05\/visitr-ecole-2-1.jpg 2048w\" sizes=\"auto, (max-width: 1360px) 100vw, 1360px\" \/><\/figure>\n\n\n\n<figure class=\"wp-block-image size-large\"><img loading=\"lazy\" decoding=\"async\" width=\"1020\" height=\"1360\" data-id=\"8712\" src=\"https:\/\/www.alliancefrancaise.cz\/ostrava\/wp-content\/uploads\/2025\/05\/visite-ecole-1-2-1020x1360.jpg\" alt=\"\" class=\"wp-image-8712\" srcset=\"https:\/\/www.alliancefrancaise.cz\/ostrava\/wp-content\/uploads\/2025\/05\/visite-ecole-1-2-1020x1360.jpg 1020w, https:\/\/www.alliancefrancaise.cz\/ostrava\/wp-content\/uploads\/2025\/05\/visite-ecole-1-2-345x460.jpg 345w, https:\/\/www.alliancefrancaise.cz\/ostrava\/wp-content\/uploads\/2025\/05\/visite-ecole-1-2-768x1024.jpg 768w, https:\/\/www.alliancefrancaise.cz\/ostrava\/wp-content\/uploads\/2025\/05\/visite-ecole-1-2.jpg 1536w\" sizes=\"auto, (max-width: 1020px) 100vw, 1020px\" \/><\/figure>\n<\/figure>\n","protected":false},"excerpt":{"rendered":"<p>Des visites \u00e0 l&rsquo;Alliance fran\u00e7aise d&rsquo;Ostrava sont organis\u00e9es pour des classes d&rsquo;\u00e9tudiants de fran\u00e7ais de plusieurs lyc\u00e9es de la r\u00e9gion. Au programme, d\u00e9couverte et pr\u00e9sentation de l&rsquo;Alliance fran\u00e7aise,&#8230;<\/p>\n","protected":false},"author":4,"featured_media":0,"parent":0,"menu_order":0,"comment_status":"closed","ping_status":"closed","template":"","meta":{"_acf_changed":false,"footnotes":""},"class_list":["post-7243","page","type-page","status-publish","hentry"],"acf":[],"_links":{"self":[{"href":"https:\/\/www.alliancefrancaise.cz\/ostrava\/fr\/wp-json\/wp\/v2\/pages\/7243","targetHints":{"allow":["GET"]}}],"collection":[{"href":"https:\/\/www.alliancefrancaise.cz\/ostrava\/fr\/wp-json\/wp\/v2\/pages"}],"about":[{"href":"https:\/\/www.alliancefrancaise.cz\/ostrava\/fr\/wp-json\/wp\/v2\/types\/page"}],"author":[{"embeddable":true,"href":"https:\/\/www.alliancefrancaise.cz\/ostrava\/fr\/wp-json\/wp\/v2\/users\/4"}],"replies":[{"embeddable":true,"href":"https:\/\/www.alliancefrancaise.cz\/ostrava\/fr\/wp-json\/wp\/v2\/comments?post=7243"}],"version-history":[{"count":6,"href":"https:\/\/www.alliancefrancaise.cz\/ostrava\/fr\/wp-json\/wp\/v2\/pages\/7243\/revisions"}],"predecessor-version":[{"id":8715,"href":"https:\/\/www.alliancefrancaise.cz\/ostrava\/fr\/wp-json\/wp\/v2\/pages\/7243\/revisions\/8715"}],"wp:attachment":[{"href":"https:\/\/www.alliancefrancaise.cz\/ostrava\/fr\/wp-json\/wp\/v2\/media?parent=7243"}],"curies":[{"name":"wp","href":"https:\/\/api.w.org\/{rel}","templated":true}]}}