{"id":7546,"date":"2024-09-24T14:05:38","date_gmt":"2024-09-24T12:05:38","guid":{"rendered":"https:\/\/www.alliancefrancaise.cz\/ostrava\/?page_id=7546"},"modified":"2025-05-30T11:38:19","modified_gmt":"2025-05-30T09:38:19","slug":"culturetheque","status":"publish","type":"page","link":"https:\/\/www.alliancefrancaise.cz\/ostrava\/fr\/culturetheque\/","title":{"rendered":"La M\u00e9diath\u00e8que de l&rsquo;AF"},"content":{"rendered":"\n<div class=\"wp-block-media-text is-stacked-on-mobile\"><figure class=\"wp-block-media-text__media\"><img loading=\"lazy\" decoding=\"async\" width=\"1360\" height=\"1020\" src=\"https:\/\/www.alliancefrancaise.cz\/ostrava\/wp-content\/uploads\/2025\/05\/bibilotheque-AF-1360x1020.jpg\" alt=\"\" class=\"wp-image-8731 size-full\" srcset=\"https:\/\/www.alliancefrancaise.cz\/ostrava\/wp-content\/uploads\/2025\/05\/bibilotheque-AF-1360x1020.jpg 1360w, https:\/\/www.alliancefrancaise.cz\/ostrava\/wp-content\/uploads\/2025\/05\/bibilotheque-AF-460x345.jpg 460w, https:\/\/www.alliancefrancaise.cz\/ostrava\/wp-content\/uploads\/2025\/05\/bibilotheque-AF-768x576.jpg 768w, https:\/\/www.alliancefrancaise.cz\/ostrava\/wp-content\/uploads\/2025\/05\/bibilotheque-AF.jpg 2048w\" sizes=\"auto, (max-width: 1360px) 100vw, 1360px\" \/><\/figure><div class=\"wp-block-media-text__content\">\n<p><strong>D\u00e9couvrez la biblioth\u00e8que de l\u2019Alliance Fran\u00e7aise d\u2019Ostrava !<\/strong><\/p>\n\n\n\n<p><br>Plongez dans un espace enti\u00e8rement d\u00e9di\u00e9 \u00e0 la langue et \u00e0 la culture francophone. Notre m\u00e9diath\u00e8que met \u00e0 votre disposition pr\u00e8s de 4 000 documents vari\u00e9s : romans, bandes dessin\u00e9es, revues, albums jeunesse, films, documentaires, CD de musique\u2026 L\u2019acc\u00e8s est libre pour tous nos membres, et l\u2019\u00e9quipe de l\u2019Alliance se tient \u00e0 votre disposition pour vous conseiller dans vos choix !<\/p>\n<\/div><\/div>\n\n\n\n<hr class=\"wp-block-separator has-alpha-channel-opacity\"\/>\n\n\n\n<div class=\"wp-block-media-text has-media-on-the-right is-stacked-on-mobile\"><div class=\"wp-block-media-text__content\">\n<h2 class=\"wp-block-heading\">La cultureth\u00e8que<\/h2>\n\n\n\n<p><em>Cultureth\u00e8que<\/em> est la m\u00e9diath\u00e8que num\u00e9rique des Alliances et Instituts fran\u00e7ais dans le monde entier.<\/p>\n\n\n\n<p>Elle permet de donner acc\u00e8s, facilement et gratuitement, \u00e0 de nombreuses ressources pour tous les \u00e2ges et tous les niveaux: presse \u00e9crite, livres audios, BD, podcasts, mat\u00e9riel pour les apprenants de fran\u00e7ais, etc.<\/p>\n<\/div><figure class=\"wp-block-media-text__media\"><img loading=\"lazy\" decoding=\"async\" width=\"1360\" height=\"429\" src=\"https:\/\/www.alliancefrancaise.cz\/ostrava\/wp-content\/uploads\/2025\/05\/Culturetheque-1360x429-1.jpeg\" alt=\"\" class=\"wp-image-8735 size-full\" srcset=\"https:\/\/www.alliancefrancaise.cz\/ostrava\/wp-content\/uploads\/2025\/05\/Culturetheque-1360x429-1.jpeg 1360w, https:\/\/www.alliancefrancaise.cz\/ostrava\/wp-content\/uploads\/2025\/05\/Culturetheque-1360x429-1-460x145.jpeg 460w, https:\/\/www.alliancefrancaise.cz\/ostrava\/wp-content\/uploads\/2025\/05\/Culturetheque-1360x429-1-768x242.jpeg 768w\" sizes=\"auto, (max-width: 1360px) 100vw, 1360px\" \/><\/figure><\/div>\n\n\n\n<p>Pour d\u00e9couvrir cette m\u00e9diath\u00e8que num\u00e9rique il suffit d\u2019aller sur&nbsp;<a href=\"https:\/\/www.culturetheque.com\/fr\" target=\"_blank\" rel=\"noopener\">culturetheque.com<\/a>, cliquer sur le bouton&nbsp;<strong>\u00ab s\u2019inscrire<\/strong>&nbsp;<strong>\u00bb&nbsp;<\/strong>et cr\u00e9er votre compte.&nbsp;&nbsp;Vous disposez ainsi d&rsquo;une p\u00e9riode d&rsquo;essai, qui peut facilement \u00eatre prolong\u00e9e en contactant l&rsquo;Alliance fran\u00e7aise que vous fr\u00e9quentez.<\/p>\n\n\n\n<p>Et pour toutes questions, contactez notre \u00e9quipe: <a href=\"mailto:direction.ostrava@alliancefrancaise.cz\">direction.ostrava@alliancefrancaise.cz<\/a><\/p>\n\n\n\n<p><\/p>\n\n\n\n<p><\/p>\n","protected":false},"excerpt":{"rendered":"<p>D\u00e9couvrez la biblioth\u00e8que de l\u2019Alliance Fran\u00e7aise d\u2019Ostrava ! Plongez dans un espace enti\u00e8rement d\u00e9di\u00e9 \u00e0 la langue et \u00e0 la culture francophone. Notre m\u00e9diath\u00e8que met \u00e0 votre disposition&#8230;<\/p>\n","protected":false},"author":4,"featured_media":0,"parent":0,"menu_order":0,"comment_status":"closed","ping_status":"closed","template":"","meta":{"_acf_changed":false,"footnotes":""},"class_list":["post-7546","page","type-page","status-publish","hentry"],"acf":[],"_links":{"self":[{"href":"https:\/\/www.alliancefrancaise.cz\/ostrava\/fr\/wp-json\/wp\/v2\/pages\/7546","targetHints":{"allow":["GET"]}}],"collection":[{"href":"https:\/\/www.alliancefrancaise.cz\/ostrava\/fr\/wp-json\/wp\/v2\/pages"}],"about":[{"href":"https:\/\/www.alliancefrancaise.cz\/ostrava\/fr\/wp-json\/wp\/v2\/types\/page"}],"author":[{"embeddable":true,"href":"https:\/\/www.alliancefrancaise.cz\/ostrava\/fr\/wp-json\/wp\/v2\/users\/4"}],"replies":[{"embeddable":true,"href":"https:\/\/www.alliancefrancaise.cz\/ostrava\/fr\/wp-json\/wp\/v2\/comments?post=7546"}],"version-history":[{"count":12,"href":"https:\/\/www.alliancefrancaise.cz\/ostrava\/fr\/wp-json\/wp\/v2\/pages\/7546\/revisions"}],"predecessor-version":[{"id":8744,"href":"https:\/\/www.alliancefrancaise.cz\/ostrava\/fr\/wp-json\/wp\/v2\/pages\/7546\/revisions\/8744"}],"wp:attachment":[{"href":"https:\/\/www.alliancefrancaise.cz\/ostrava\/fr\/wp-json\/wp\/v2\/media?parent=7546"}],"curies":[{"name":"wp","href":"https:\/\/api.w.org\/{rel}","templated":true}]}}