{"id":7629,"date":"2024-10-08T17:47:12","date_gmt":"2024-10-08T15:47:12","guid":{"rendered":"https:\/\/www.alliancefrancaise.cz\/ostrava\/?page_id=7629"},"modified":"2025-05-30T11:39:49","modified_gmt":"2025-05-30T09:39:49","slug":"resultats-des-examens","status":"publish","type":"page","link":"https:\/\/www.alliancefrancaise.cz\/ostrava\/fr\/resultats-des-examens\/","title":{"rendered":"R\u00e9sultats des examens"},"content":{"rendered":"\n<p>Les r\u00e9sultats des examens DELF-DALF sont publi\u00e9s de mani\u00e8re anonyme ci-dessous. Les candidats peuvent ainsi v\u00e9rifier s\u2019ils sont&nbsp;<strong>admis&nbsp;<\/strong>ou&nbsp;<strong>non-admis<\/strong>&nbsp;\u00e0 l\u2019examen.<\/p>\n\n\n\n<p>Pour les candidats admis, l\u2018<strong>attestation individuelle de r\u00e9ussite<\/strong>&nbsp;est \u00e9dit\u00e9e et peut \u00eatre r\u00e9cup\u00e9r\u00e9e \u00e0 l\u2019Alliance fran\u00e7aise d\u2019Ostrava, sur pr\u00e9sentation d\u2019une pi\u00e8ce d\u2019identit\u00e9.<\/p>\n\n\n\n<p>Pour les candidats non-admis, un&nbsp;<strong>relev\u00e9 de notes individuel<\/strong>&nbsp;peut \u00eatre \u00e9dit\u00e9 sur demande des candidats.<\/p>\n\n\n\n<p>Les dipl\u00f4mes officiels, qui viennent de France, arrivent g\u00e9n\u00e9ralement deux mois apr\u00e8s la publication des r\u00e9sultats. Les candidats en sont inform\u00e9s par email pour pouvoir venir les r\u00e9cup\u00e9rer.<\/p>\n\n\n\n<p>Pour toute question au sujet des examens, des r\u00e9sultats et des dipl\u00f4mes, vous pouvez \u00e9crire \u00e0&nbsp;<a href=\"mailto:direction.ostrava@alliancefrancaise.cz\">direction.ostrava@alliancefrancaise.cz<\/a><\/p>\n\n\n\n<hr class=\"wp-block-separator has-alpha-channel-opacity\"\/>\n\n\n\n<h2 class=\"wp-block-heading has-text-align-center\">Sessions DELF-DALF 2024<\/h2>\n\n\n\n<p>Pour consulter vos r\u00e9sultats, vous devez avoir votre&nbsp;<strong>num\u00e9ro de candidat<\/strong>&nbsp;\u2013 num\u00e9ro qui figure sur la convocation individuelle \u00e0 l\u2019examen.<\/p>\n\n\n\n<figure class=\"wp-block-table is-style-stripes\"><table class=\"has-fixed-layout\"><tbody><tr><td><strong>Type de session<\/strong><\/td><td><strong>Session<\/strong><\/td><td><strong>Code session<\/strong><\/td><td><strong>Date de cl\u00f4ture<\/strong><\/td><td><strong>R\u00e9sultats<\/strong><\/td><\/tr><tr><td>DELF-DALF Tout Public<\/td><td>septembre 2024<\/td><td>2024-09-T*<\/td><td>08\/10\/2024<\/td><td><img decoding=\"async\" class=\"wp-image-7642\" style=\"width: NaNpx;\" src=\"https:\/\/www.alliancefrancaise.cz\/ostrava\/wp-content\/uploads\/2024\/10\/20241008_GAEL_recapitulatif_admis_non_admis_420069_202409T-AF-Ostrava-1.pdf\" alt=\"\"><img decoding=\"async\" class=\"wp-image-7637\" style=\"width: NaNpx;\" src=\"https:\/\/www.alliancefrancaise.cz\/ostrava\/wp-content\/uploads\/2024\/10\/20241008_GAEL_recapitulatif_admis_non_admis_420069_202409T-AF-Ostrava.pdf\" alt=\"\"><a href=\"https:\/\/www.alliancefrancaise.cz\/ostrava\/wp-content\/uploads\/2024\/10\/20241008_GAEL_recapitulatif_admis_non_admis_420069_202409T-AF-Ostrava-2.pdf\" target=\"_blank\" rel=\"noreferrer noopener\">T\u00e9l\u00e9charger<\/a><\/td><\/tr><tr><td>DELF Scolaire<\/td><td>novembre 2024<\/td><td>2024-11-S<\/td><td>18\/12\/2024<\/td><td><a href=\"https:\/\/www.alliancefrancaise.cz\/ostrava\/wp-content\/uploads\/2024\/12\/20241213_GAEL_recapitulatif_admis_non_admis_420069_202411S-copie.pdf\" target=\"_blank\" rel=\"noreferrer noopener\">T\u00e9l\u00e9charger<\/a><\/td><\/tr><\/tbody><\/table><\/figure>\n\n\n\n<p><\/p>\n","protected":false},"excerpt":{"rendered":"<p>Les r\u00e9sultats des examens DELF-DALF sont publi\u00e9s de mani\u00e8re anonyme ci-dessous. Les candidats peuvent ainsi v\u00e9rifier s\u2019ils sont&nbsp;admis&nbsp;ou&nbsp;non-admis&nbsp;\u00e0 l\u2019examen. Pour les candidats admis, l\u2018attestation individuelle de r\u00e9ussite&nbsp;est \u00e9dit\u00e9e&#8230;<\/p>\n","protected":false},"author":4,"featured_media":0,"parent":0,"menu_order":0,"comment_status":"closed","ping_status":"closed","template":"","meta":{"_acf_changed":false,"footnotes":""},"class_list":["post-7629","page","type-page","status-publish","hentry"],"acf":[],"_links":{"self":[{"href":"https:\/\/www.alliancefrancaise.cz\/ostrava\/fr\/wp-json\/wp\/v2\/pages\/7629","targetHints":{"allow":["GET"]}}],"collection":[{"href":"https:\/\/www.alliancefrancaise.cz\/ostrava\/fr\/wp-json\/wp\/v2\/pages"}],"about":[{"href":"https:\/\/www.alliancefrancaise.cz\/ostrava\/fr\/wp-json\/wp\/v2\/types\/page"}],"author":[{"embeddable":true,"href":"https:\/\/www.alliancefrancaise.cz\/ostrava\/fr\/wp-json\/wp\/v2\/users\/4"}],"replies":[{"embeddable":true,"href":"https:\/\/www.alliancefrancaise.cz\/ostrava\/fr\/wp-json\/wp\/v2\/comments?post=7629"}],"version-history":[{"count":7,"href":"https:\/\/www.alliancefrancaise.cz\/ostrava\/fr\/wp-json\/wp\/v2\/pages\/7629\/revisions"}],"predecessor-version":[{"id":8745,"href":"https:\/\/www.alliancefrancaise.cz\/ostrava\/fr\/wp-json\/wp\/v2\/pages\/7629\/revisions\/8745"}],"wp:attachment":[{"href":"https:\/\/www.alliancefrancaise.cz\/ostrava\/fr\/wp-json\/wp\/v2\/media?parent=7629"}],"curies":[{"name":"wp","href":"https:\/\/api.w.org\/{rel}","templated":true}]}}