{"id":8746,"date":"2025-05-30T11:45:17","date_gmt":"2025-05-30T09:45:17","guid":{"rendered":"https:\/\/www.alliancefrancaise.cz\/ostrava\/?page_id=8746"},"modified":"2025-06-11T11:28:58","modified_gmt":"2025-06-11T09:28:58","slug":"cours-intensifs-dete","status":"publish","type":"page","link":"https:\/\/www.alliancefrancaise.cz\/ostrava\/fr\/cours-intensifs-dete\/","title":{"rendered":"Cours intensifs d&rsquo;\u00e9t\u00e9 2025"},"content":{"rendered":"\n<p><strong>Ces cours ont pour objectif d\u2019arriver \u00e0 la rentr\u00e9e avec un niveau int\u00e9ressant en fran\u00e7ais. Ces cours sont \u00e0 destination de personnes qui aimeraient \u00e9tudier le fran\u00e7ais de fa\u00e7on immersive. Il vise principalement \u00e0 renforcer ses capacit\u00e9s en d\u00e9veloppant ses comp\u00e9tences d\u2019expression orale et l\u2019expression \u00e9crite<\/strong>.<\/p>\n\n\n\n<p>Cet \u00e9t\u00e9, progressez rapidement en fran\u00e7ais gr\u00e2ce \u00e0 notre programme de cours intensifs. Du <strong>25 au 29 ao\u00fbt 2025<\/strong>, b\u00e9n\u00e9ficiez de 20 heures de cours r\u00e9parties sur une semaine, pour consolider vos acquis et franchir un nouveau cap dans votre apprentissage.<\/p>\n\n\n\n<p>Les cours s\u2019adressent \u00e0 des apprenants ayant un<strong> niveau B1 avanc\u00e9 (B1+)<\/strong>. Ils sont con\u00e7us pour renforcer l\u2019expression orale et \u00e9crite, enrichir le vocabulaire et am\u00e9liorer la compr\u00e9hension globale dans un cadre structur\u00e9 et dynamique.<\/p>\n\n\n\n<p>Le tarif de la formation est de <strong>4 000 CZK pour la semaine<\/strong>. Les inscriptions sont ouvertes jusqu\u2019au <strong>1er juillet 2025.<\/strong><\/p>\n\n\n\n<p>Fiche d&rsquo;inscription : <\/p>\n\n\n\n<p>Informations : ostrava@alliancefrancaise.cz \/ +420 596 125 424<\/p>\n\n\n\n<figure class=\"wp-block-image size-full is-resized\"><img decoding=\"async\" src=\"https:\/\/www.alliancefrancaise.cz\/ostrava\/wp-content\/uploads\/2025\/05\/RS-1.png\" alt=\"\" class=\"wp-image-8691\" style=\"width:951px;height:auto\"\/><\/figure>\n\n\n\n<p><\/p>\n","protected":false},"excerpt":{"rendered":"<p>Ces cours ont pour objectif d\u2019arriver \u00e0 la rentr\u00e9e avec un niveau int\u00e9ressant en fran\u00e7ais. Ces cours sont \u00e0 destination de personnes qui aimeraient \u00e9tudier le fran\u00e7ais de&#8230;<\/p>\n","protected":false},"author":4,"featured_media":8691,"parent":0,"menu_order":0,"comment_status":"closed","ping_status":"closed","template":"","meta":{"_acf_changed":false,"footnotes":""},"class_list":["post-8746","page","type-page","status-publish","has-post-thumbnail","hentry"],"acf":[],"_links":{"self":[{"href":"https:\/\/www.alliancefrancaise.cz\/ostrava\/fr\/wp-json\/wp\/v2\/pages\/8746","targetHints":{"allow":["GET"]}}],"collection":[{"href":"https:\/\/www.alliancefrancaise.cz\/ostrava\/fr\/wp-json\/wp\/v2\/pages"}],"about":[{"href":"https:\/\/www.alliancefrancaise.cz\/ostrava\/fr\/wp-json\/wp\/v2\/types\/page"}],"author":[{"embeddable":true,"href":"https:\/\/www.alliancefrancaise.cz\/ostrava\/fr\/wp-json\/wp\/v2\/users\/4"}],"replies":[{"embeddable":true,"href":"https:\/\/www.alliancefrancaise.cz\/ostrava\/fr\/wp-json\/wp\/v2\/comments?post=8746"}],"version-history":[{"count":4,"href":"https:\/\/www.alliancefrancaise.cz\/ostrava\/fr\/wp-json\/wp\/v2\/pages\/8746\/revisions"}],"predecessor-version":[{"id":8846,"href":"https:\/\/www.alliancefrancaise.cz\/ostrava\/fr\/wp-json\/wp\/v2\/pages\/8746\/revisions\/8846"}],"wp:featuredmedia":[{"embeddable":true,"href":"https:\/\/www.alliancefrancaise.cz\/ostrava\/fr\/wp-json\/wp\/v2\/media\/8691"}],"wp:attachment":[{"href":"https:\/\/www.alliancefrancaise.cz\/ostrava\/fr\/wp-json\/wp\/v2\/media?parent=8746"}],"curies":[{"name":"wp","href":"https:\/\/api.w.org\/{rel}","templated":true}]}}