{"id":8752,"date":"2025-05-30T11:57:30","date_gmt":"2025-05-30T09:57:30","guid":{"rendered":"https:\/\/www.alliancefrancaise.cz\/ostrava\/?page_id=8752"},"modified":"2026-01-23T09:46:47","modified_gmt":"2026-01-23T08:46:47","slug":"cours-collectifs-2025-2026","status":"publish","type":"page","link":"https:\/\/www.alliancefrancaise.cz\/ostrava\/fr\/cours-collectifs-2025-2026\/","title":{"rendered":"Cours collectifs 2025\/2026"},"content":{"rendered":"\n<div class=\"wp-block-button\"><form style=\"text-align: center;\"><a class=\"wp-block-button__link has-background wp-element-button\" href=\"https:\/\/forms.gle\/bDUg7DyjnXVPqv6M6\" style=\"background-color:#e60012\" target=\"_blank\" rel=\"noreferrer noopener\">Formulaire de pr\u00e9-inscription au cours<\/a><\/div>\n\n\n\n<p><\/p>\n\n\n\n<h3 class=\"wp-block-heading\">Fran\u00e7ais g\u00e9n\u00e9ral<\/h3>\n\n\n\n<p>Ces cours int\u00e8grent toutes les comp\u00e9tences et tous les aspects de la communication et suivent la progression du Cadre Europ\u00e9en Commun de R\u00e9f\u00e9rence pour les Langues (CECRL).<br>D\u00e9veloppez vos comp\u00e9tences linguistiques et culturelles afin d\u2019interagir au mieux en fran\u00e7ais dans les diff\u00e9rentes situations de la vie quotidienne.<\/p>\n\n\n\n<figure class=\"wp-block-table is-style-stripes\"><table class=\"has-fixed-layout\"><tbody><tr><td><strong>Niveau<\/strong><\/td><td><strong>Jour et heure<\/strong><\/td><td><strong>Modalit\u00e9<\/strong><\/td><td><strong>Date de d\u00e9but<\/strong><\/td><\/tr><tr><td>A0<\/td><td>jeudi 16:00 &#8211; 17:30<\/td><td>pr\u00e9sentiel<\/td><td>12 f\u00e9vrier<\/td><\/tr><tr><td>A1<\/td><td>mardi 15:45-17:15<\/td><td>pr\u00e9sentiel<\/td><td>10 f\u00e9vrier <\/td><\/tr><tr><td>A2<\/td><td>lundi 15:45-17:15<br>mardi 16:00-17:30<\/td><td>pr\u00e9sentiel<br>pr\u00e9sentiel<\/td><td>9 f\u00e9vrier<br>10 f\u00e9vrier<\/td><\/tr><tr><td>A2 +<\/td><td>lundi 17:30-19:00<\/td><td>pr\u00e9sentiel<\/td><td>9 f\u00e9vrier <\/td><\/tr><tr><td>B1<\/td><td>mardi 16:30-18:00<br>mardi 17:15 &#8211; 18:45<\/td><td>pr\u00e9sentiel<\/td><td>10 f\u00e9vrier <\/td><\/tr><tr><td>B1+<\/td><td>lundi 16:00-17:30<br>jeudi 17:15-18:45<\/td><td>pr\u00e9sentiel<br>pr\u00e9sentiel<\/td><td>9 f\u00e9vrier<br>12 f\u00e9vrier <\/td><\/tr><tr><td>B2<\/td><td>mercredi 16:00-17:30<\/td><td>pr\u00e9sentiel<\/td><td>11 f\u00e9vrier <\/td><\/tr><\/tbody><\/table><\/figure>\n\n\n\n<figure class=\"wp-block-table is-style-stripes\"><table><thead><tr><th><strong>Niveau<\/strong><\/th><th><strong>Calendrier<\/strong><\/th><th><strong>Dur\u00e9e<\/strong><\/th><th><strong>Tarif<\/strong><\/th><\/tr><\/thead><tbody><tr><td>A1 &#8211; C1<\/td><td>Un semestre<\/td><td>16 x 90 min<\/td><td>4 990 CZK<\/td><\/tr><tr><td>A1 &#8211; C1<\/td><td>Ann\u00e9e compl\u00e8te<\/td><td>32 x 90 min<\/td><td>8 990 CZK<\/td><\/tr><\/tbody><\/table><figcaption class=\"wp-element-caption\"><em>Les cours sont propos\u00e9s une fois par semaine, entre le lundi et le jeudi, entre 15h45 et 19h30. Plus d&rsquo;informations en nous contactant.<\/em><\/figcaption><\/figure>\n\n\n\n<p><\/p>\n\n\n\n<h3 class=\"wp-block-heading\"><strong>Cours pour seniors<\/strong><\/h3>\n\n\n\n<p><strong>L\u2019Alliance fran\u00e7aise d&rsquo;Ostrava vous propose des cours en matin\u00e9e adapt\u00e9s pour les seniors.<\/strong><\/p>\n\n\n\n<figure class=\"wp-block-table is-style-stripes\"><table><thead><tr><th><strong>Cours<\/strong><\/th><th><strong>Calendrier<\/strong><\/th><th><strong>Dur\u00e9e<\/strong><\/th><th><strong>Tarif<\/strong><\/th><th><strong>Date de d\u00e9but <\/strong><\/th><\/tr><\/thead><tbody><tr><td>Senior \u00e9l\u00e9mentaire<\/td><td>lundi 10h00 &#8211; 11h30<\/td><td>16 x 90 minutes \/ semestre<\/td><td>4100 CZK \/ semestre ou 7300 CZK \/ an<\/td><td>9 f\u00e9vrier<\/td><\/tr><\/tbody><\/table><\/figure>\n\n\n\n<hr class=\"wp-block-separator has-alpha-channel-opacity\"\/>\n\n\n\n<p><\/p>\n","protected":false},"excerpt":{"rendered":"<p>Formulaire de pr\u00e9-inscription au cours Fran\u00e7ais g\u00e9n\u00e9ral Ces cours int\u00e8grent toutes les comp\u00e9tences et tous les aspects de la communication et suivent la progression du Cadre Europ\u00e9en Commun&#8230;<\/p>\n","protected":false},"author":4,"featured_media":0,"parent":0,"menu_order":0,"comment_status":"closed","ping_status":"closed","template":"","meta":{"_acf_changed":false,"footnotes":""},"class_list":["post-8752","page","type-page","status-publish","hentry"],"acf":[],"_links":{"self":[{"href":"https:\/\/www.alliancefrancaise.cz\/ostrava\/fr\/wp-json\/wp\/v2\/pages\/8752","targetHints":{"allow":["GET"]}}],"collection":[{"href":"https:\/\/www.alliancefrancaise.cz\/ostrava\/fr\/wp-json\/wp\/v2\/pages"}],"about":[{"href":"https:\/\/www.alliancefrancaise.cz\/ostrava\/fr\/wp-json\/wp\/v2\/types\/page"}],"author":[{"embeddable":true,"href":"https:\/\/www.alliancefrancaise.cz\/ostrava\/fr\/wp-json\/wp\/v2\/users\/4"}],"replies":[{"embeddable":true,"href":"https:\/\/www.alliancefrancaise.cz\/ostrava\/fr\/wp-json\/wp\/v2\/comments?post=8752"}],"version-history":[{"count":17,"href":"https:\/\/www.alliancefrancaise.cz\/ostrava\/fr\/wp-json\/wp\/v2\/pages\/8752\/revisions"}],"predecessor-version":[{"id":9950,"href":"https:\/\/www.alliancefrancaise.cz\/ostrava\/fr\/wp-json\/wp\/v2\/pages\/8752\/revisions\/9950"}],"wp:attachment":[{"href":"https:\/\/www.alliancefrancaise.cz\/ostrava\/fr\/wp-json\/wp\/v2\/media?parent=8752"}],"curies":[{"name":"wp","href":"https:\/\/api.w.org\/{rel}","templated":true}]}}