{"id":9542,"date":"2025-10-17T11:44:07","date_gmt":"2025-10-17T09:44:07","guid":{"rendered":"https:\/\/www.alliancefrancaise.cz\/ostrava\/?page_id=9542"},"modified":"2025-10-21T16:34:48","modified_gmt":"2025-10-21T14:34:48","slug":"28eme-festival-du-film-francais","status":"publish","type":"page","link":"https:\/\/www.alliancefrancaise.cz\/ostrava\/fr\/28eme-festival-du-film-francais\/","title":{"rendered":"28\u00e8me Festival du film fran\u00e7ais"},"content":{"rendered":"\n<figure class=\"wp-block-image size-full\"><img loading=\"lazy\" decoding=\"async\" width=\"1125\" height=\"633\" src=\"https:\/\/www.alliancefrancaise.cz\/ostrava\/wp-content\/uploads\/2025\/10\/Cover_FB_OVA_1125x633.jpg\" alt=\"\" class=\"wp-image-9550\" srcset=\"https:\/\/www.alliancefrancaise.cz\/ostrava\/wp-content\/uploads\/2025\/10\/Cover_FB_OVA_1125x633.jpg 1125w, https:\/\/www.alliancefrancaise.cz\/ostrava\/wp-content\/uploads\/2025\/10\/Cover_FB_OVA_1125x633-460x259.jpg 460w, https:\/\/www.alliancefrancaise.cz\/ostrava\/wp-content\/uploads\/2025\/10\/Cover_FB_OVA_1125x633-768x432.jpg 768w\" sizes=\"auto, (max-width: 1125px) 100vw, 1125px\" \/><\/figure>\n\n\n\n<p><\/p>\n\n\n\n<p>La 28e \u00e9dition du Festival du film fran\u00e7ais d\u00e9voile enfin son programme complet ! <\/p>\n\n\n\n<p>La nouvelle \u00e9dition du Festival du film fran\u00e7ais aura lieu du <strong>20 au 23 novembre 2025<\/strong> !<br>Du jeudi 20 au dimanche 23 novembre, Minikino accueillera 10 films francophones projet\u00e9s en avant-premi\u00e8re. Tous les films seront en version originale fran\u00e7aise, sous-titr\u00e9s en tch\u00e8que ! Le festival propose une grande vari\u00e9t\u00e9 de genres, allant des drames biographiques auxc om\u00e9dies, en passant par des films musicaux et des documentaires.<\/p>\n\n\n\n<div class=\"wp-block-button\"><form style=\"text-align: center;\"><a class=\"wp-block-button__link has-background wp-element-button\" href=\"https:\/\/www.festivalff.cz\/fr\/programme-7\/?af=;;19#events-1324\" style=\"background-color:#e60012\" target=\"_blank\" rel=\"noreferrer noopener\">Acc\u00e9dez au programme et \u00e0 la billetterie.<\/a><\/div>\n\n\n\n<div style=\"height:100px\" aria-hidden=\"true\" class=\"wp-block-spacer\"><\/div>\n\n\n\n<h2 class=\"wp-block-heading\">A Prague, le festival rend hommage \u00e0 l\u2019acteur et ic\u00f4ne du cin\u00e9ma Alain Delon<\/h2>\n\n\n\n<p><strong>\u00c0 Prague<\/strong>, le Festival du film fran\u00e7ais rend hommage \u00e0 Alain Delon, figure embl\u00e9matique du cin\u00e9ma fran\u00e7ais qui aurait f\u00eat\u00e9 ses 90 ans cette ann\u00e9e. Dans le cadre de cet hommage, le public pourra voir ou revoir quatre films issus de sa riche filmographie qui t\u00e9moignent bien de son charisme, de sa polyvalence en tant qu\u2019acteur et de son importance dans l\u2019histoire du cin\u00e9ma fran\u00e7ais. L\u2019Hommage \u00e0 Alain Delon propose le classique\u00a0d\u2019<strong>Henri Verneuil<\/strong>\u00a0<em>M\u00e9lodie en sous-sol<\/em>\u00a0(1963) qui met le jeune Delon aux c\u00f4t\u00e9s de Jean Gabin, le film culte du genre n\u00e9o-noir\u00a0<em>Les F\u00e9lins\u00a0<\/em>(1964) de\u00a0<strong>Ren\u00e9 Cl\u00e9ment<\/strong>, avec Jane Fonda, ou encore le film de cape et d\u2019\u00e9p\u00e9e de<strong>\u00a0Christian Jacque<\/strong><em>\u00a0La Tulipe noire<\/em>\u00a0(1964) dans lequel Alain Delon brille dans un double r\u00f4le.\u00a0 Dans le drame psychologique\u00a0<em>La Piscine<\/em>\u00a0(1969) de\u00a0<strong>Jacques Deray<\/strong>, il incarne avec Romy Schneider un couple d\u2019amant rong\u00e9 par la jalousie dans un huis clos suffocant.<\/p>\n\n\n\n<p>Alain Delon n\u2019\u00e9tait pas seulement un acteur charismatique dont les r\u00f4les sont \u00e0 jamais inscrits dans l\u2019histoire du cin\u00e9ma europ\u00e9en, il a confirm\u00e9 son talent et son influence sur le cin\u00e9ma fran\u00e7ais \u00e9galement en tant que producteur et r\u00e9alisateur.<\/p>\n\n\n\n<h2 class=\"wp-block-heading\">Projections scolaires<\/h2>\n\n\n\n<p>En compl\u00e9ment du programme officiel du festival qui pr\u00e9sentera en avant-premi\u00e8re les nouveaux films de l\u2019ann\u00e9e, il y aura \u00e9galement des&nbsp;<strong>projections pour les classes<\/strong>.<\/p>\n\n\n\n<p>Une s\u00e9ance scolaire peut \u00eatre r\u00e9serv\u00e9e aupr\u00e8s de Minikino. Lors de la r\u00e9servation, merci d&rsquo;indiquer le titre du film choisi, la date et l&rsquo;heure de la projection, ainsi que le nombre de participants. <\/p>\n\n\n\n<p><strong><em>Ostrava MINIKINO &#8211; www.minikino.cz | (+420) 604 777 537<\/em><\/strong><\/p>\n\n\n\n<p> 5 films sont au programme pour les projections scolaires : <\/p>\n\n\n\n<div class=\"wp-block-columns is-layout-flex wp-container-core-columns-is-layout-9d6595d7 wp-block-columns-is-layout-flex\">\n<div class=\"wp-block-column is-layout-flow wp-block-column-is-layout-flow\">\n<figure class=\"wp-block-image size-full is-resized\"><img loading=\"lazy\" decoding=\"async\" width=\"310\" height=\"420\" src=\"https:\/\/www.alliancefrancaise.cz\/ostrava\/wp-content\/uploads\/2025\/10\/f5523e15c97af96169bdc93479553602.webp\" alt=\"\" class=\"wp-image-9553\" style=\"width:534px;height:auto\"\/><\/figure>\n<\/div>\n\n\n\n<div class=\"wp-block-column is-layout-flow wp-block-column-is-layout-flow\">\n<h3 class=\"wp-block-heading has-text-align-center\">LE CHANT DES FOR\u00caTS \/ \u0160EPOT LESA<\/h3>\n\n\n\n<p><strong><em>R\u00e9alisateur : Vincent Munier<\/em> | 2025<\/strong><\/p>\n\n\n\n<p><strong><em>Genre : Documentaire | 93 min<\/em><\/strong><\/p>\n\n\n\n<p><strong><em>Entr\u00e9e : 100 CZK<\/em><\/strong><\/p>\n\n\n\n<p>Version fran\u00e7aise avec sous-titres tch\u00e8ques \/ Version tch\u00e8que.<\/p>\n\n\n\n<p>\u00c0 partir de 7 ans.<\/p>\n\n\n\n<p>Apr\u00e8s La Panth\u00e8re des neiges, Vincent Munier nous entraine au c\u0153ur des for\u00eats vosgiennes. C&rsquo;est l\u00e0 qu&rsquo;il a tout appris aux c\u00f4t\u00e9s de son p\u00e8re, Michel, naturaliste ayant consacr\u00e9 sa vie \u00e0 l&rsquo;aff\u00fbt dans les bois.  Aujourd\u2019hui, ils transmettent leur savoir \u00e0 Simon, le fils de Vincent. Trois regards, trois g\u00e9n\u00e9rations, une m\u00eame fascination pour la vie sauvage.<\/p>\n\n\n\n<p><\/p>\n\n\n\n<p><strong>Le film est disponible du 20. 11. au 30. 3<\/strong><\/p>\n<\/div>\n<\/div>\n\n\n\n<hr class=\"wp-block-separator has-alpha-channel-opacity\"\/>\n\n\n\n<div class=\"wp-block-columns is-layout-flex wp-container-core-columns-is-layout-9d6595d7 wp-block-columns-is-layout-flex\">\n<div class=\"wp-block-column is-layout-flow wp-block-column-is-layout-flow\">\n<h3 class=\"wp-block-heading has-text-align-center\">LES PARAPLUIES DE CHERBOURG \/ PARAPL\u00cd\u010cKA Z CHERBOURGU<\/h3>\n\n\n\n<p><strong><em>R\u00e9alisateur : Jacques Demy <\/em><\/strong>| <strong>1964<\/strong><\/p>\n\n\n\n<p><strong><em>Genre : Com\u00e9die musicale| 93 min<\/em><\/strong><\/p>\n\n\n\n<p><strong><em>Entr\u00e9e : 100 CZK<\/em><\/strong><\/p>\n\n\n\n<p>Version fran\u00e7aise avec sous-titres tch\u00e8ques.<\/p>\n\n\n\n<p>\u00c0 partir de 12 ans.<\/p>\n\n\n\n<p>Novembre 1957. Genevi\u00e8ve \u00c9mery vit avec sa m\u00e8re, veuve et d\u00e9sargent\u00e9e, qui tient un magasin de parapluies \u00e0 Cherbourg. Malgr\u00e9 la d\u00e9sapprobation de Mme \u00c9mery, Genevi\u00e8ve aime le garagiste Guy Fouchet. Ils se jurent un amour \u00e9ternel et nourrissent de grands r\u00eaves d\u2019avenir. H\u00e9las, Guy doit partir pour son service militaire en Alg\u00e9rie. La veille de son d\u00e9part, Genevi\u00e8ve se donne \u00e0 lui.<\/p>\n\n\n\n<p><strong>Le film est disponible du 1. 10. au 30. 11.<\/strong><\/p>\n<\/div>\n\n\n\n<div class=\"wp-block-column is-layout-flow wp-block-column-is-layout-flow\">\n<figure class=\"wp-block-image size-full is-resized\"><img loading=\"lazy\" decoding=\"async\" width=\"409\" height=\"280\" src=\"https:\/\/www.alliancefrancaise.cz\/ostrava\/wp-content\/uploads\/2025\/10\/Capture-decran_17-10-2025_112641_www.afbrno.cz_.jpeg\" alt=\"\" class=\"wp-image-9555\" style=\"width:534px;height:auto\"\/><\/figure>\n<\/div>\n<\/div>\n\n\n\n<hr class=\"wp-block-separator has-alpha-channel-opacity\"\/>\n\n\n\n<div class=\"wp-block-columns is-layout-flex wp-container-core-columns-is-layout-9d6595d7 wp-block-columns-is-layout-flex\">\n<div class=\"wp-block-column is-layout-flow wp-block-column-is-layout-flow\">\n<figure class=\"wp-block-image size-full is-resized\"><img loading=\"lazy\" decoding=\"async\" width=\"420\" height=\"287\" src=\"https:\/\/www.alliancefrancaise.cz\/ostrava\/wp-content\/uploads\/2025\/10\/Capture-decran_17-10-2025_113036_www.afbrno.cz_.jpeg\" alt=\"\" class=\"wp-image-9557\" style=\"width:534px;height:auto\"\/><\/figure>\n<\/div>\n\n\n\n<div class=\"wp-block-column is-layout-flow wp-block-column-is-layout-flow\">\n<h3 class=\"wp-block-heading has-text-align-center\">LUMI\u00c8RE, L\u2019AVENTURE CONTINUE \/ BRAT\u0158I LUMI\u00c8ROV\u00c9 DOBRODRU\u017dSTV\u00cd POKRA\u010cUJE<\/h3>\n\n\n\n<p><strong><em>R\u00e9alisateur : Thierry Fr\u00e9maux<\/em><\/strong> | <strong>2024<\/strong><\/p>\n\n\n\n<p><strong><em>Genre : Documentaire| 106 min<\/em><\/strong><\/p>\n\n\n\n<p><strong><em>Entr\u00e9e : 100 CZK<\/em><\/strong><\/p>\n\n\n\n<p>Version fran\u00e7aise avec sous-titres tch\u00e8ques.<\/p>\n\n\n\n<p>\u00c0 partir de 12 ans.<\/p>\n\n\n\n<p>Il y a 130 ans, les fr\u00e8res Lumi\u00e8re inventaient le cin\u00e9ma. Tout y \u00e9tait d\u00e9j\u00e0 : les plans, les travellings, le drame, la com\u00e9die, le jeu des acteurs\u2026 Gr\u00e2ce \u00e0 la restauration de plus de 100 vues Lumi\u00e8re in\u00e9dites, le film nous offre le spectacle intact du monde au d\u00e9but du si\u00e8cle et un voyage passionnant aux origines d\u2019un cin\u00e9ma qui ne conna\u00eet pas de fin.<\/p>\n\n\n\n<p><strong>Le film est disponible du 20. 11. au 30. 3.<\/strong><\/p>\n<\/div>\n<\/div>\n\n\n\n<hr class=\"wp-block-separator has-alpha-channel-opacity\"\/>\n\n\n\n<div class=\"wp-block-columns is-layout-flex wp-container-core-columns-is-layout-9d6595d7 wp-block-columns-is-layout-flex\">\n<div class=\"wp-block-column is-layout-flow wp-block-column-is-layout-flow\">\n<h3 class=\"wp-block-heading has-text-align-center\">LE D\u00c9LUGE \/ POTOPA<\/h3>\n\n\n\n<p>LES DERNIERS JOURS DE LOUIS XVI. ET DE MARIE-ANTOINETTE \/ POSLEDN\u00cd DNY LUDV\u00cdKA XVI. A MARIE ANTOINETTY<\/p>\n\n\n\n<p><strong><em>R\u00e9alisateur : Gianluca Jodice| 2024<\/em><\/strong><\/p>\n\n\n\n<p><strong><em>Genre : Drame historique| 102 min<\/em><\/strong><\/p>\n\n\n\n<p><strong><em>Entr\u00e9e : 100 CZK<\/em><\/strong><\/p>\n\n\n\n<p>Version fran\u00e7aise avec sous-titres tch\u00e8ques. <\/p>\n\n\n\n<p>\u00c0 partir de 15 ans.<\/p>\n\n\n\n<p>1792, l\u2019Ancien R\u00e9gime touche \u00e0 sa fin. \u00c0 Paris, Louis XVI et son \u00e9pouse Marie-Antoinette sont arr\u00eat\u00e9s et conduits au donjon de la Tour du Temple. Librement inspir\u00e9 des carnets de Cl\u00e9ry, valet de chambre du Roi rest\u00e9 aupr\u00e8s de lui jusqu\u2019\u00e0 sa mort.<\/p>\n\n\n\n<p><strong>Le film est disponible du 20. 11. au 30. 3.<\/strong><\/p>\n<\/div>\n\n\n\n<div class=\"wp-block-column is-layout-flow wp-block-column-is-layout-flow\">\n<figure class=\"wp-block-image size-full is-resized\"><img loading=\"lazy\" decoding=\"async\" width=\"412\" height=\"285\" src=\"https:\/\/www.alliancefrancaise.cz\/ostrava\/wp-content\/uploads\/2025\/10\/Capture-decran_17-10-2025_113628_www.afbrno.cz_.jpeg\" alt=\"\" class=\"wp-image-9559\" style=\"width:534px;height:auto\"\/><\/figure>\n<\/div>\n<\/div>\n\n\n\n<hr class=\"wp-block-separator has-alpha-channel-opacity\"\/>\n\n\n\n<div class=\"wp-block-columns is-layout-flex wp-container-core-columns-is-layout-9d6595d7 wp-block-columns-is-layout-flex\">\n<div class=\"wp-block-column is-layout-flow wp-block-column-is-layout-flow\">\n<figure class=\"wp-block-image size-full is-resized\"><img loading=\"lazy\" decoding=\"async\" width=\"409\" height=\"284\" src=\"https:\/\/www.alliancefrancaise.cz\/ostrava\/wp-content\/uploads\/2025\/10\/Capture-decran_17-10-2025_11400_www.afbrno.cz_.jpeg\" alt=\"\" class=\"wp-image-9562\" style=\"width:534px;height:auto\"\/><\/figure>\n<\/div>\n\n\n\n<div class=\"wp-block-column is-layout-flow wp-block-column-is-layout-flow\">\n<h3 class=\"wp-block-heading has-text-align-center\">SARAH BERNHARDT, LA DIVINE \/ BO\u017dSK\u00c1 SARAH BERNHARDT<\/h3>\n\n\n\n<p><strong><em>R\u00e9alisateur : Guillaume Nicloux| 2024<\/em><\/strong><\/p>\n\n\n\n<p><strong><em>Genre : Drame historique| 99 min<\/em><\/strong><\/p>\n\n\n\n<p><strong><em>Entr\u00e9e : 100 CZK<\/em><\/strong><\/p>\n\n\n\n<p>Version fran\u00e7aise avec sous-titres tch\u00e8ques.<\/p>\n\n\n\n<p>\u00c0 partir de 15 ans.<\/p>\n\n\n\n<p>Paris, 1896. Sarah Bernhardt est au sommet de sa gloire. Ic\u00f4ne de son \u00e9poque et premi\u00e8re star mondiale, la com\u00e9dienne est aussi une amoureuse, libre et moderne, qui d\u00e9fie les conventions. D\u00e9couvrez la femme derri\u00e8re la l\u00e9gende.<\/p>\n\n\n\n<p><strong>Le film est disponible du 20. 11. au 30. 3.<\/strong><\/p>\n<\/div>\n<\/div>\n\n\n\n<p><strong>A t\u00e9l\u00e9charger :<\/strong> <a href=\"https:\/\/www.afbrno.cz\/wp-content\/uploads\/2025\/09\/FFF-2025-skolni-projekce.pdf\" target=\"_blank\" rel=\"noopener\">S\u00e9ances scolaires FFF2025 (kopie)<\/a><\/p>\n\n\n\n<p><\/p>\n","protected":false},"excerpt":{"rendered":"<p>La 28e \u00e9dition du Festival du film fran\u00e7ais d\u00e9voile enfin son programme complet ! La nouvelle \u00e9dition du Festival du film fran\u00e7ais aura lieu du 20 au 23&#8230;<\/p>\n","protected":false},"author":4,"featured_media":0,"parent":0,"menu_order":0,"comment_status":"closed","ping_status":"closed","template":"","meta":{"_acf_changed":false,"footnotes":""},"class_list":["post-9542","page","type-page","status-publish","hentry"],"acf":[],"_links":{"self":[{"href":"https:\/\/www.alliancefrancaise.cz\/ostrava\/fr\/wp-json\/wp\/v2\/pages\/9542","targetHints":{"allow":["GET"]}}],"collection":[{"href":"https:\/\/www.alliancefrancaise.cz\/ostrava\/fr\/wp-json\/wp\/v2\/pages"}],"about":[{"href":"https:\/\/www.alliancefrancaise.cz\/ostrava\/fr\/wp-json\/wp\/v2\/types\/page"}],"author":[{"embeddable":true,"href":"https:\/\/www.alliancefrancaise.cz\/ostrava\/fr\/wp-json\/wp\/v2\/users\/4"}],"replies":[{"embeddable":true,"href":"https:\/\/www.alliancefrancaise.cz\/ostrava\/fr\/wp-json\/wp\/v2\/comments?post=9542"}],"version-history":[{"count":10,"href":"https:\/\/www.alliancefrancaise.cz\/ostrava\/fr\/wp-json\/wp\/v2\/pages\/9542\/revisions"}],"predecessor-version":[{"id":9708,"href":"https:\/\/www.alliancefrancaise.cz\/ostrava\/fr\/wp-json\/wp\/v2\/pages\/9542\/revisions\/9708"}],"wp:attachment":[{"href":"https:\/\/www.alliancefrancaise.cz\/ostrava\/fr\/wp-json\/wp\/v2\/media?parent=9542"}],"curies":[{"name":"wp","href":"https:\/\/api.w.org\/{rel}","templated":true}]}}