{"id":6427,"date":"2023-10-09T13:14:02","date_gmt":"2023-10-09T11:14:02","guid":{"rendered":"https:\/\/www.alliancefrancaise.cz\/ostrava\/?page_id=6427"},"modified":"2024-09-17T12:54:22","modified_gmt":"2024-09-17T10:54:22","slug":"pripravne-kurzy-na-delf-a-dalf","status":"publish","type":"page","link":"https:\/\/www.alliancefrancaise.cz\/ostrava\/pripravne-kurzy-na-delf-a-dalf\/","title":{"rendered":"DELF-DALF, co to je?"},"content":{"rendered":"\n<p>DELF a DALF jsou francouzsk\u00e9 jazykov\u00e9 diplomy ud\u011blovan\u00e9 francouzsk\u00fdm ministerstvem \u0161kolstv\u00ed. Jsou uzn\u00e1v\u00e1ny ve v\u0161ech zem\u00edch a maj\u00ed do\u017eivotn\u00ed platnost.<\/p>\n\n\n\n<p><strong>DELF <\/strong>&#8211; Dipl\u00f4me d&#8217;\u00c9tudes en Langue Fran\u00e7aise (diplom z francouzsk\u00e9ho jazyka)<br><strong>DALF <\/strong>&#8211; Dipl\u00f4me Approfondi de Langue Fran\u00e7aise (diplom o pokro\u010dil\u00e9m studiu francouzsk\u00e9ho jazyka)<\/p>\n\n\n\n<figure class=\"wp-block-table\"><table><thead><tr><th><strong>Diplom<\/strong><\/th><th>\u00darovn\u011b<\/th><\/tr><\/thead><tbody><tr><td>DELF<\/td><td>A1, A2, B1, B2<\/td><\/tr><tr><td>DALF<\/td><td>C1, C2<\/td><\/tr><\/tbody><\/table><figcaption class=\"wp-element-caption\">Syst\u00e9m DELF-DALF se skl\u00e1d\u00e1 ze \u0161esti nez\u00e1visl\u00fdch zkou\u0161ek zalo\u017een\u00fdch na Spole\u010dn\u00e9m Evropsk\u00e9m Referen\u010dn\u00edm R\u00e1mci pro jazyky (SERR). Kandid\u00e1ti si mohou svobodn\u011b zvolit \u00farove\u0148 zkou\u0161ky, kterou cht\u011bj\u00ed slo\u017eit, a nen\u00ed tedy povinn\u00e9 skl\u00e1dat zkou\u0161ku na ni\u017e\u0161\u00ed \u00farovni.<\/figcaption><\/figure>\n\n\n\n<p><\/p>\n\n\n\n<p>V\u0161echny zkou\u0161ky DELF a DALF zahrnuj\u00ed \u010dty\u0159i dovednosti:<\/p>\n\n\n\n<p>-poslech s porozum\u011bn\u00edm<\/p>\n\n\n\n<p>-\u010dten\u00ed s porozum\u011bn\u00edm<\/p>\n\n\n\n<p>-p\u00edsemn\u00e1 produkce<\/p>\n\n\n\n<p>-\u00fastn\u00ed produkce<\/p>\n\n\n\n<p><\/p>\n\n\n\n<p>Zkou\u0161ky <strong>DELF Tout Public<\/strong> a <strong>DALF <\/strong>jsou ur\u010deny v\u0161em, kte\u0159\u00ed cht\u011bj\u00ed osv\u011bd\u010dit sv\u00e9 znalosti francouzsk\u00e9ho jazyka.<\/p>\n\n\n\n<p><strong>DELF Junior<\/strong> a <strong>DELF Scolaire<\/strong> jsou ur\u010deny sp\u00ed\u0161e \u0161kol\u00e1m (\u00farove\u0148 coll\u00e8ge a lyc\u00e9e). T\u00e9mata test\u016f jsou p\u0159izp\u016fsobena t\u011bmto poslucha\u010d\u016fm.<\/p>\n\n\n\n<p><strong>DELF Prim <\/strong>je ur\u010den v\u00fdhradn\u011b pro \u017e\u00e1ky z\u00e1kladn\u00edch \u0161kol (ve v\u011bku 6 a\u017e 11 let). Testov\u00e9 p\u0159edm\u011bty jsou p\u0159izp\u016fsobeny t\u00e9to v\u011bkov\u00e9 skupin\u011b.<\/p>\n\n\n\n<p><\/p>\n\n\n\n<h2 class=\"wp-block-heading\"><strong>D\u016fvody, pro\u010d skl\u00e1dat tyto zkou\u0161ky?&nbsp;<\/strong><\/h2>\n\n\n\n<ul class=\"wp-block-list\">\n<li>&nbsp;Je to&nbsp;osv\u011bd\u010den\u00ed va\u0161\u00ed znalosti francouz\u0161tiny&nbsp;a z\u00e1rove\u0148&nbsp;ofici\u00e1ln\u00ed potvrzen\u00ed va\u0161ich schopnost\u00ed, je\u017e je uzn\u00e1v\u00e1no po cel\u00e9m sv\u011bt\u011b&nbsp;;<\/li>\n\n\n\n<li>&nbsp;Obohat\u00edte si v\u00e1\u0161 \u017eivotopis&nbsp;a&nbsp;t\u00edm otev\u0159ete dve\u0159e \u0161irok\u00e9 \u0161k\u00e1le vzd\u011bl\u00e1vac\u00edch \u010di profesn\u00edch p\u0159\u00edle\u017eitost\u00ed&nbsp;;<\/li>\n\n\n\n<li>&nbsp;Z\u00edsk\u00e1te t\u00edm \u0161anci&nbsp;dostat se na univerzitu ve Francii&nbsp;\u010di frankofonn\u00ed univerzity po cel\u00e9m sv\u011bt\u011b, ani\u017e byste museli skl\u00e1dat dodate\u010dn\u00e9 jazykov\u00e9 zkou\u0161ky (od \u00farovn\u011b B2) ;<\/li>\n<\/ul>\n\n\n\n<p>&nbsp;Z\u00edsk\u00e1te mo\u017enost&nbsp;pracovat ve frankofonn\u00ed zemi, regionu&nbsp;\u010di dvojjazy\u010dn\u00e9m prost\u0159ed\u00ed <\/p>\n","protected":false},"excerpt":{"rendered":"<p>DELF a DALF jsou francouzsk\u00e9 jazykov\u00e9 diplomy ud\u011blovan\u00e9 francouzsk\u00fdm ministerstvem \u0161kolstv\u00ed. Jsou uzn\u00e1v\u00e1ny ve v\u0161ech zem\u00edch a maj\u00ed do\u017eivotn\u00ed platnost. DELF &#8211; Dipl\u00f4me d&#8217;\u00c9tudes en Langue Fran\u00e7aise (diplom&#8230;<\/p>\n","protected":false},"author":4,"featured_media":0,"parent":0,"menu_order":0,"comment_status":"closed","ping_status":"closed","template":"","meta":{"_acf_changed":false,"footnotes":""},"class_list":["post-6427","page","type-page","status-publish","hentry"],"acf":[],"_links":{"self":[{"href":"https:\/\/www.alliancefrancaise.cz\/ostrava\/wp-json\/wp\/v2\/pages\/6427","targetHints":{"allow":["GET"]}}],"collection":[{"href":"https:\/\/www.alliancefrancaise.cz\/ostrava\/wp-json\/wp\/v2\/pages"}],"about":[{"href":"https:\/\/www.alliancefrancaise.cz\/ostrava\/wp-json\/wp\/v2\/types\/page"}],"author":[{"embeddable":true,"href":"https:\/\/www.alliancefrancaise.cz\/ostrava\/wp-json\/wp\/v2\/users\/4"}],"replies":[{"embeddable":true,"href":"https:\/\/www.alliancefrancaise.cz\/ostrava\/wp-json\/wp\/v2\/comments?post=6427"}],"version-history":[{"count":8,"href":"https:\/\/www.alliancefrancaise.cz\/ostrava\/wp-json\/wp\/v2\/pages\/6427\/revisions"}],"predecessor-version":[{"id":7515,"href":"https:\/\/www.alliancefrancaise.cz\/ostrava\/wp-json\/wp\/v2\/pages\/6427\/revisions\/7515"}],"wp:attachment":[{"href":"https:\/\/www.alliancefrancaise.cz\/ostrava\/wp-json\/wp\/v2\/media?parent=6427"}],"curies":[{"name":"wp","href":"https:\/\/api.w.org\/{rel}","templated":true}]}}