{"id":6945,"date":"2024-03-26T15:48:47","date_gmt":"2024-03-26T14:48:47","guid":{"rendered":"https:\/\/www.alliancefrancaise.cz\/ostrava\/?page_id=6945"},"modified":"2025-02-22T17:13:57","modified_gmt":"2025-02-22T16:13:57","slug":"dny-frankofonie","status":"publish","type":"page","link":"https:\/\/www.alliancefrancaise.cz\/ostrava\/dny-frankofonie\/","title":{"rendered":"DNY FRANKOFONIE 2025"},"content":{"rendered":"\n<p>Frankofonie je ka\u017edoro\u010dn\u011b poct\u011bna r\u016fzn\u00fdmi aktivitami a kulturn\u00edmi akcemi v r\u00e1mci m\u011bs\u00edce Frankofonie. Od konverza\u010dn\u00edch klub\u016f p\u0159es kulin\u00e1\u0159sk\u00e9 semin\u00e1\u0159e a\u017e po ve\u010dery s francouzsk\u00fdm filmem &#8211; Dny frankofonie je p\u0159\u00edle\u017eitost\u00ed objevit francouzsk\u00fd jazyk a kulturu v cel\u00e9 jej\u00ed rozmanitosti, a to ve slavnostn\u00ed a z\u00e1bavn\u00e9 atmosf\u00e9\u0159e.<\/p>\n\n\n\n<p><\/p>\n\n\n\n<figure class=\"wp-block-image size-large\"><img loading=\"lazy\" decoding=\"async\" width=\"962\" height=\"1360\" src=\"https:\/\/www.alliancefrancaise.cz\/ostrava\/wp-content\/uploads\/2025\/02\/Dny-Frankofonie-2025-962x1360.png\" alt=\"\" class=\"wp-image-8039\" srcset=\"https:\/\/www.alliancefrancaise.cz\/ostrava\/wp-content\/uploads\/2025\/02\/Dny-Frankofonie-2025-962x1360.png 962w, https:\/\/www.alliancefrancaise.cz\/ostrava\/wp-content\/uploads\/2025\/02\/Dny-Frankofonie-2025-325x460.png 325w, https:\/\/www.alliancefrancaise.cz\/ostrava\/wp-content\/uploads\/2025\/02\/Dny-Frankofonie-2025-768x1086.png 768w, https:\/\/www.alliancefrancaise.cz\/ostrava\/wp-content\/uploads\/2025\/02\/Dny-Frankofonie-2025.png 1414w\" sizes=\"auto, (max-width: 962px) 100vw, 962px\" \/><\/figure>\n\n\n\n<p><\/p>\n\n\n\n<h2 class=\"wp-block-heading\"><strong>Bretonsk\u00fd ve\u010der 20. b\u0159ezna<\/strong> :<\/h2>\n\n\n\n<figure class=\"wp-block-image size-full\"><img loading=\"lazy\" decoding=\"async\" width=\"1080\" height=\"1080\" src=\"https:\/\/www.alliancefrancaise.cz\/ostrava\/wp-content\/uploads\/2025\/02\/Sans-titre-Publication-Instagram-1-2.png\" alt=\"\" class=\"wp-image-8042\" srcset=\"https:\/\/www.alliancefrancaise.cz\/ostrava\/wp-content\/uploads\/2025\/02\/Sans-titre-Publication-Instagram-1-2.png 1080w, https:\/\/www.alliancefrancaise.cz\/ostrava\/wp-content\/uploads\/2025\/02\/Sans-titre-Publication-Instagram-1-2-460x460.png 460w, https:\/\/www.alliancefrancaise.cz\/ostrava\/wp-content\/uploads\/2025\/02\/Sans-titre-Publication-Instagram-1-2-150x150.png 150w, https:\/\/www.alliancefrancaise.cz\/ostrava\/wp-content\/uploads\/2025\/02\/Sans-titre-Publication-Instagram-1-2-768x768.png 768w, https:\/\/www.alliancefrancaise.cz\/ostrava\/wp-content\/uploads\/2025\/02\/Sans-titre-Publication-Instagram-1-2-440x440.png 440w\" sizes=\"auto, (max-width: 1080px) 100vw, 1080px\" \/><\/figure>\n\n\n\n<p><\/p>\n\n\n\n<p><\/p>\n\n\n\n<h2 class=\"wp-block-heading\"><a href=\"https:\/\/www.alliancefrancaise.cz\/ostrava\/soutez-v-interpretaci-frankofonni-pisne\/\">Sout\u011b\u017e v interpretaci frankofonn\u00ed p\u00edsn\u011b :<\/a><\/h2>\n\n\n\n<figure class=\"wp-block-image size-full\"><img loading=\"lazy\" decoding=\"async\" width=\"1080\" height=\"1350\" src=\"https:\/\/www.alliancefrancaise.cz\/ostrava\/wp-content\/uploads\/2025\/02\/6.-02.-2025.png\" alt=\"\" class=\"wp-image-7964\" srcset=\"https:\/\/www.alliancefrancaise.cz\/ostrava\/wp-content\/uploads\/2025\/02\/6.-02.-2025.png 1080w, https:\/\/www.alliancefrancaise.cz\/ostrava\/wp-content\/uploads\/2025\/02\/6.-02.-2025-368x460.png 368w, https:\/\/www.alliancefrancaise.cz\/ostrava\/wp-content\/uploads\/2025\/02\/6.-02.-2025-768x960.png 768w\" sizes=\"auto, (max-width: 1080px) 100vw, 1080px\" \/><\/figure>\n\n\n\n<p><\/p>\n","protected":false},"excerpt":{"rendered":"<p>Frankofonie je ka\u017edoro\u010dn\u011b poct\u011bna r\u016fzn\u00fdmi aktivitami a kulturn\u00edmi akcemi v r\u00e1mci m\u011bs\u00edce Frankofonie. Od konverza\u010dn\u00edch klub\u016f p\u0159es kulin\u00e1\u0159sk\u00e9 semin\u00e1\u0159e a\u017e po ve\u010dery s francouzsk\u00fdm filmem &#8211; Dny frankofonie&#8230;<\/p>\n","protected":false},"author":4,"featured_media":0,"parent":0,"menu_order":0,"comment_status":"closed","ping_status":"closed","template":"","meta":{"_acf_changed":false,"footnotes":""},"class_list":["post-6945","page","type-page","status-publish","hentry"],"acf":[],"_links":{"self":[{"href":"https:\/\/www.alliancefrancaise.cz\/ostrava\/wp-json\/wp\/v2\/pages\/6945","targetHints":{"allow":["GET"]}}],"collection":[{"href":"https:\/\/www.alliancefrancaise.cz\/ostrava\/wp-json\/wp\/v2\/pages"}],"about":[{"href":"https:\/\/www.alliancefrancaise.cz\/ostrava\/wp-json\/wp\/v2\/types\/page"}],"author":[{"embeddable":true,"href":"https:\/\/www.alliancefrancaise.cz\/ostrava\/wp-json\/wp\/v2\/users\/4"}],"replies":[{"embeddable":true,"href":"https:\/\/www.alliancefrancaise.cz\/ostrava\/wp-json\/wp\/v2\/comments?post=6945"}],"version-history":[{"count":16,"href":"https:\/\/www.alliancefrancaise.cz\/ostrava\/wp-json\/wp\/v2\/pages\/6945\/revisions"}],"predecessor-version":[{"id":8046,"href":"https:\/\/www.alliancefrancaise.cz\/ostrava\/wp-json\/wp\/v2\/pages\/6945\/revisions\/8046"}],"wp:attachment":[{"href":"https:\/\/www.alliancefrancaise.cz\/ostrava\/wp-json\/wp\/v2\/media?parent=6945"}],"curies":[{"name":"wp","href":"https:\/\/api.w.org\/{rel}","templated":true}]}}