{"id":7256,"date":"2024-04-11T12:44:44","date_gmt":"2024-04-11T10:44:44","guid":{"rendered":"https:\/\/www.alliancefrancaise.cz\/ostrava\/?page_id=7256"},"modified":"2025-05-30T11:00:41","modified_gmt":"2025-05-30T09:00:41","slug":"navsteva-aliance","status":"publish","type":"page","link":"https:\/\/www.alliancefrancaise.cz\/ostrava\/navsteva-aliance\/","title":{"rendered":"N\u00e1v\u0161t\u011bva Alliance"},"content":{"rendered":"\n<p>N\u00e1v\u0161t\u011bvy Alliance fran\u00e7aise d&#8217;Ostrava jsou organizov\u00e1ny pro t\u0159\u00eddy francouzsk\u00fdch student\u016f z n\u011bkolika st\u0159edn\u00edch \u0161kol v regionu.<\/p>\n\n\n\n<p>Na programu je : prezentace Alliance fran\u00e7aise, ochutn\u00e1vka francouzsk\u00e9 sn\u00eddan\u011b, prezentace DELFu a \u00fa\u010dast v drobn\u00fdch hr\u00e1ch.<\/p>\n\n\n\n<p>V p\u0159\u00edpad\u011b z\u00e1jmu o zorganizov\u00e1n\u00ed n\u00e1v\u0161t\u011bvy n\u00e1s kontaktujte e-mailem (direction.ostrava@alliancefrancaise.cz) nebo na na\u0161ich soci\u00e1ln\u00edch s\u00edt\u00edch.<\/p>\n\n\n\n<p>Vstupn\u00e9 do Aliance je 50 K\u010d a sn\u00eddan\u011b tak\u00e9 50 K\u010d.<\/p>\n\n\n\n<figure class=\"wp-block-gallery has-nested-images columns-default is-cropped wp-block-gallery-1 is-layout-flex wp-block-gallery-is-layout-flex\">\n<figure class=\"wp-block-image size-large\"><img loading=\"lazy\" decoding=\"async\" width=\"1179\" height=\"800\" data-id=\"8716\" src=\"https:\/\/www.alliancefrancaise.cz\/ostrava\/wp-content\/uploads\/2025\/05\/visite-ecole-3-1.jpg\" alt=\"\" class=\"wp-image-8716\" srcset=\"https:\/\/www.alliancefrancaise.cz\/ostrava\/wp-content\/uploads\/2025\/05\/visite-ecole-3-1.jpg 1179w, https:\/\/www.alliancefrancaise.cz\/ostrava\/wp-content\/uploads\/2025\/05\/visite-ecole-3-1-460x312.jpg 460w, https:\/\/www.alliancefrancaise.cz\/ostrava\/wp-content\/uploads\/2025\/05\/visite-ecole-3-1-768x521.jpg 768w\" sizes=\"auto, (max-width: 1179px) 100vw, 1179px\" \/><\/figure>\n\n\n\n<figure class=\"wp-block-image size-large\"><img loading=\"lazy\" decoding=\"async\" width=\"1360\" height=\"1025\" data-id=\"8719\" src=\"https:\/\/www.alliancefrancaise.cz\/ostrava\/wp-content\/uploads\/2025\/05\/visitr-ecole-2-2-1360x1025.jpg\" alt=\"\" class=\"wp-image-8719\" srcset=\"https:\/\/www.alliancefrancaise.cz\/ostrava\/wp-content\/uploads\/2025\/05\/visitr-ecole-2-2-1360x1025.jpg 1360w, https:\/\/www.alliancefrancaise.cz\/ostrava\/wp-content\/uploads\/2025\/05\/visitr-ecole-2-2-460x347.jpg 460w, https:\/\/www.alliancefrancaise.cz\/ostrava\/wp-content\/uploads\/2025\/05\/visitr-ecole-2-2-768x579.jpg 768w, https:\/\/www.alliancefrancaise.cz\/ostrava\/wp-content\/uploads\/2025\/05\/visitr-ecole-2-2.jpg 2048w\" sizes=\"auto, (max-width: 1360px) 100vw, 1360px\" \/><\/figure>\n\n\n\n<figure class=\"wp-block-image size-large\"><img loading=\"lazy\" decoding=\"async\" width=\"1020\" height=\"1360\" data-id=\"8718\" src=\"https:\/\/www.alliancefrancaise.cz\/ostrava\/wp-content\/uploads\/2025\/05\/visite-ecole-1-3-1020x1360.jpg\" alt=\"\" class=\"wp-image-8718\" srcset=\"https:\/\/www.alliancefrancaise.cz\/ostrava\/wp-content\/uploads\/2025\/05\/visite-ecole-1-3-1020x1360.jpg 1020w, https:\/\/www.alliancefrancaise.cz\/ostrava\/wp-content\/uploads\/2025\/05\/visite-ecole-1-3-345x460.jpg 345w, https:\/\/www.alliancefrancaise.cz\/ostrava\/wp-content\/uploads\/2025\/05\/visite-ecole-1-3-768x1024.jpg 768w, https:\/\/www.alliancefrancaise.cz\/ostrava\/wp-content\/uploads\/2025\/05\/visite-ecole-1-3.jpg 1536w\" sizes=\"auto, (max-width: 1020px) 100vw, 1020px\" \/><\/figure>\n<\/figure>\n","protected":false},"excerpt":{"rendered":"<p>N\u00e1v\u0161t\u011bvy Alliance fran\u00e7aise d&#8217;Ostrava jsou organizov\u00e1ny pro t\u0159\u00eddy francouzsk\u00fdch student\u016f z n\u011bkolika st\u0159edn\u00edch \u0161kol v regionu. Na programu je : prezentace Alliance fran\u00e7aise, ochutn\u00e1vka francouzsk\u00e9 sn\u00eddan\u011b, prezentace DELFu&#8230;<\/p>\n","protected":false},"author":4,"featured_media":0,"parent":0,"menu_order":0,"comment_status":"closed","ping_status":"closed","template":"","meta":{"_acf_changed":false,"footnotes":""},"class_list":["post-7256","page","type-page","status-publish","hentry"],"acf":[],"_links":{"self":[{"href":"https:\/\/www.alliancefrancaise.cz\/ostrava\/wp-json\/wp\/v2\/pages\/7256","targetHints":{"allow":["GET"]}}],"collection":[{"href":"https:\/\/www.alliancefrancaise.cz\/ostrava\/wp-json\/wp\/v2\/pages"}],"about":[{"href":"https:\/\/www.alliancefrancaise.cz\/ostrava\/wp-json\/wp\/v2\/types\/page"}],"author":[{"embeddable":true,"href":"https:\/\/www.alliancefrancaise.cz\/ostrava\/wp-json\/wp\/v2\/users\/4"}],"replies":[{"embeddable":true,"href":"https:\/\/www.alliancefrancaise.cz\/ostrava\/wp-json\/wp\/v2\/comments?post=7256"}],"version-history":[{"count":7,"href":"https:\/\/www.alliancefrancaise.cz\/ostrava\/wp-json\/wp\/v2\/pages\/7256\/revisions"}],"predecessor-version":[{"id":8722,"href":"https:\/\/www.alliancefrancaise.cz\/ostrava\/wp-json\/wp\/v2\/pages\/7256\/revisions\/8722"}],"wp:attachment":[{"href":"https:\/\/www.alliancefrancaise.cz\/ostrava\/wp-json\/wp\/v2\/media?parent=7256"}],"curies":[{"name":"wp","href":"https:\/\/api.w.org\/{rel}","templated":true}]}}