{"id":7543,"date":"2024-09-24T14:05:38","date_gmt":"2024-09-24T12:05:38","guid":{"rendered":"https:\/\/www.alliancefrancaise.cz\/ostrava\/?page_id=7543"},"modified":"2025-05-30T14:15:26","modified_gmt":"2025-05-30T12:15:26","slug":"culturetheque-2","status":"publish","type":"page","link":"https:\/\/www.alliancefrancaise.cz\/ostrava\/culturetheque-2\/","title":{"rendered":"Knihovna m\u00e9di\u00ed AF"},"content":{"rendered":"\n<div class=\"wp-block-media-text is-stacked-on-mobile\"><figure class=\"wp-block-media-text__media\"><img loading=\"lazy\" decoding=\"async\" width=\"1360\" height=\"1020\" src=\"https:\/\/www.alliancefrancaise.cz\/ostrava\/wp-content\/uploads\/2025\/05\/bibilotheque-AF-1-1360x1020.jpg\" alt=\"\" class=\"wp-image-8791 size-full\" srcset=\"https:\/\/www.alliancefrancaise.cz\/ostrava\/wp-content\/uploads\/2025\/05\/bibilotheque-AF-1-1360x1020.jpg 1360w, https:\/\/www.alliancefrancaise.cz\/ostrava\/wp-content\/uploads\/2025\/05\/bibilotheque-AF-1-460x345.jpg 460w, https:\/\/www.alliancefrancaise.cz\/ostrava\/wp-content\/uploads\/2025\/05\/bibilotheque-AF-1-768x576.jpg 768w, https:\/\/www.alliancefrancaise.cz\/ostrava\/wp-content\/uploads\/2025\/05\/bibilotheque-AF-1.jpg 2048w\" sizes=\"auto, (max-width: 1360px) 100vw, 1360px\" \/><\/figure><div class=\"wp-block-media-text__content\">\n<p>Objevte knihovnu Alliance Fran\u00e7aise Ostrava!<br>Pono\u0159te se do prostoru v\u011bnovan\u00e9ho v\u00fdhradn\u011b francouzsk\u00e9mu jazyku a kultu\u0159e.<br>V na\u0161\u00ed mediat\u00e9ce si m\u016f\u017eete vybrat z t\u00e9m\u011b\u0159 4 000 polo\u017eek: rom\u00e1ny, komiksy, \u010dasopisy, d\u011btsk\u00e9 knihy, filmy, dokumenty, hudebn\u00ed CD\u2026<\/p>\n\n\n\n<p><br>P\u0159\u00edstup je pro v\u0161echny na\u0161e \u010dleny zdarma a t\u00fdm Aliance je v\u00e1m k dispozici, aby v\u00e1m poradil\u00a0s\u00a0v\u00fdb\u011brem!<\/p>\n\n\n\n<p><\/p>\n<\/div><\/div>\n\n\n\n<hr class=\"wp-block-separator has-alpha-channel-opacity\"\/>\n\n\n\n<div class=\"wp-block-media-text has-media-on-the-right is-stacked-on-mobile\"><div class=\"wp-block-media-text__content\">\n<h2 class=\"wp-block-heading\">Cultureth\u00e8que<\/h2>\n\n\n\n<p><em>Cultureth\u00e8que<\/em> je digit\u00e1ln\u00ed medi\u00e1ln\u00ed knihovna Francouzsk\u00fdch alianc\u00ed a institut\u016f po cel\u00e9m sv\u011bt\u011b.<\/p>\n\n\n\n<p>Poskytuje snadn\u00fd a bezplatn\u00fd p\u0159\u00edstup k \u0161irok\u00e9 \u0161k\u00e1le zdroj\u016f pro v\u0161echny v\u011bkov\u00e9 kategorie a \u00farovn\u011b: ti\u0161t\u011bn\u00e1 m\u00e9dia, audioknihy, komiksy, podcasty, materi\u00e1ly pro studenty francouz\u0161tiny atd.<\/p>\n<\/div><figure class=\"wp-block-media-text__media\"><img loading=\"lazy\" decoding=\"async\" width=\"1360\" height=\"429\" src=\"https:\/\/www.alliancefrancaise.cz\/ostrava\/wp-content\/uploads\/2025\/05\/Culturetheque-1360x429-1.png\" alt=\"\" class=\"wp-image-8789 size-full\" srcset=\"https:\/\/www.alliancefrancaise.cz\/ostrava\/wp-content\/uploads\/2025\/05\/Culturetheque-1360x429-1.png 1360w, https:\/\/www.alliancefrancaise.cz\/ostrava\/wp-content\/uploads\/2025\/05\/Culturetheque-1360x429-1-460x145.png 460w, https:\/\/www.alliancefrancaise.cz\/ostrava\/wp-content\/uploads\/2025\/05\/Culturetheque-1360x429-1-768x242.png 768w\" sizes=\"auto, (max-width: 1360px) 100vw, 1360px\" \/><\/figure><\/div>\n\n\n\n<div class=\"wp-block-group is-vertical is-layout-flex wp-container-core-group-is-layout-8cf370e7 wp-block-group-is-layout-flex\">\n<p><br>Chcete-li objevit tuto digit\u00e1ln\u00ed medi\u00e1ln\u00ed knihovnu, jednodu\u0161e p\u0159ejd\u011bte na str\u00e1nky <a href=\"https:\/\/www.culturetheque.com\/fr\" target=\"_blank\" rel=\"noopener\">culturetheque.com<\/a>, klikn\u011bte na tla\u010d\u00edtko <strong>\u201ezaregistrovat se\u201c<\/strong> a vytvo\u0159te si \u00fa\u010det. Pot\u00e9 budete m\u00edt k dispozici zku\u0161ebn\u00ed obdob\u00ed, kter\u00e9 lze snadno prodlou\u017eit kontaktov\u00e1n\u00edm Alliance fran\u00e7aise, kterou nav\u0161t\u011bvujete.<\/p>\n<\/div>\n\n\n\n<p>V p\u0159\u00edpad\u011b jak\u00fdchkoli dotaz\u016f se obra\u0165te na n\u00e1\u0161 t\u00fdm: <a href=\"mailto:direction.ostrava@alliancefrancaise.cz\">direction.ostrava@alliancefrancaise.cz<\/a><\/p>\n","protected":false},"excerpt":{"rendered":"<p>Objevte knihovnu Alliance Fran\u00e7aise Ostrava!Pono\u0159te se do prostoru v\u011bnovan\u00e9ho v\u00fdhradn\u011b francouzsk\u00e9mu jazyku a kultu\u0159e.V na\u0161\u00ed mediat\u00e9ce si m\u016f\u017eete vybrat z t\u00e9m\u011b\u0159 4 000 polo\u017eek: rom\u00e1ny, komiksy, \u010dasopisy, d\u011btsk\u00e9&#8230;<\/p>\n","protected":false},"author":4,"featured_media":0,"parent":0,"menu_order":0,"comment_status":"closed","ping_status":"closed","template":"","meta":{"_acf_changed":false,"footnotes":""},"class_list":["post-7543","page","type-page","status-publish","hentry"],"acf":[],"_links":{"self":[{"href":"https:\/\/www.alliancefrancaise.cz\/ostrava\/wp-json\/wp\/v2\/pages\/7543","targetHints":{"allow":["GET"]}}],"collection":[{"href":"https:\/\/www.alliancefrancaise.cz\/ostrava\/wp-json\/wp\/v2\/pages"}],"about":[{"href":"https:\/\/www.alliancefrancaise.cz\/ostrava\/wp-json\/wp\/v2\/types\/page"}],"author":[{"embeddable":true,"href":"https:\/\/www.alliancefrancaise.cz\/ostrava\/wp-json\/wp\/v2\/users\/4"}],"replies":[{"embeddable":true,"href":"https:\/\/www.alliancefrancaise.cz\/ostrava\/wp-json\/wp\/v2\/comments?post=7543"}],"version-history":[{"count":3,"href":"https:\/\/www.alliancefrancaise.cz\/ostrava\/wp-json\/wp\/v2\/pages\/7543\/revisions"}],"predecessor-version":[{"id":8793,"href":"https:\/\/www.alliancefrancaise.cz\/ostrava\/wp-json\/wp\/v2\/pages\/7543\/revisions\/8793"}],"wp:attachment":[{"href":"https:\/\/www.alliancefrancaise.cz\/ostrava\/wp-json\/wp\/v2\/media?parent=7543"}],"curies":[{"name":"wp","href":"https:\/\/api.w.org\/{rel}","templated":true}]}}