{"id":20845,"date":"2025-02-17T14:32:46","date_gmt":"2025-02-17T13:32:46","guid":{"rendered":"https:\/\/www.alliancefrancaise.cz\/pardubice\/?page_id=20845"},"modified":"2025-02-17T14:32:46","modified_gmt":"2025-02-17T13:32:46","slug":"calendrier-inscriptions-et-tarifs-2","status":"publish","type":"page","link":"https:\/\/www.alliancefrancaise.cz\/pardubice\/fr\/calendrier-inscriptions-et-tarifs-2\/","title":{"rendered":"Calendrier, inscriptions et tarifs"},"content":{"rendered":"\n<p>Inscrivez-vous aux examens DELF JUNIOR et DELF\/ DALF TOUT PUBLIC en remplissant le formulaire ci-dessous. Vous recevrez ensuite les informations sur les modalit\u00e9s de paiement. L&rsquo;inscription sera confirm\u00e9e d\u00e8s r\u00e9ception du paiement.<\/p>\n\n\n\n<div class=\"wp-block-buttons is-layout-flex wp-block-buttons-is-layout-flex\">\n<div class=\"wp-block-button\"><a class=\"wp-block-button__link wp-element-button\" href=\"https:\/\/inscrire.hanaf.net\/delfdalf\/pardubice.php\" target=\"_blank\" rel=\"noopener\">Formulaire d&rsquo;inscription DELF-DALF<\/a><\/div>\n<\/div>\n\n\n\n<div class=\"wp-block-group\"><div class=\"wp-block-group__inner-container is-layout-constrained wp-block-group-is-layout-constrained\">\n<p><\/p>\n\n\n\n<h2 class=\"wp-block-heading\">Tarifs des examens<\/h2>\n\n\n\n<p>Liste de prix actualis\u00e9e pour les examens organis\u00e9s en 2024.<\/p>\n<\/div><\/div>\n\n\n\n<figure class=\"wp-block-table is-style-stripes\"><table><tbody><tr><td><strong><mark style=\"background-color:rgba(0, 0, 0, 0)\" class=\"has-inline-color has-red-color\">Examen<\/mark><\/strong><\/td><td class=\"has-text-align-center\" data-align=\"center\"><strong><mark style=\"background-color:rgba(0, 0, 0, 0)\" class=\"has-inline-color has-red-color\">A1<\/mark><\/strong><\/td><td class=\"has-text-align-center\" data-align=\"center\"><strong><mark style=\"background-color:rgba(0, 0, 0, 0)\" class=\"has-inline-color has-red-color\">A2<\/mark><\/strong><\/td><td class=\"has-text-align-center\" data-align=\"center\"><strong><mark style=\"background-color:rgba(0, 0, 0, 0)\" class=\"has-inline-color has-red-color\">B1<\/mark><\/strong><\/td><td class=\"has-text-align-center\" data-align=\"center\"><strong><mark style=\"background-color:rgba(0, 0, 0, 0)\" class=\"has-inline-color has-red-color\">B2<\/mark><\/strong><\/td><td class=\"has-text-align-center\" data-align=\"center\"><strong><mark style=\"background-color:rgba(0, 0, 0, 0)\" class=\"has-inline-color has-red-color\">C1<\/mark><\/strong><\/td><td class=\"has-text-align-center\" data-align=\"center\"><strong><mark style=\"background-color:rgba(0, 0, 0, 0)\" class=\"has-inline-color has-red-color\">C2<\/mark><\/strong><\/td><\/tr><tr><td><strong>DELF tout public<\/strong> <\/td><td class=\"has-text-align-center\" data-align=\"center\">1600 K\u010d<\/td><td class=\"has-text-align-center\" data-align=\"center\">1700 K\u010d<\/td><td class=\"has-text-align-center\" data-align=\"center\">2700 K\u010d<\/td><td class=\"has-text-align-center\" data-align=\"center\">2800 K\u010d<\/td><td class=\"has-text-align-center\" data-align=\"center\">&#8211;<\/td><td class=\"has-text-align-center\" data-align=\"center\">&#8211;<\/td><\/tr><tr><td><strong>DELF junior\/scolaire<\/strong><\/td><td class=\"has-text-align-center\" data-align=\"center\">1100 K\u010d<\/td><td class=\"has-text-align-center\" data-align=\"center\">1200 K\u010d<\/td><td class=\"has-text-align-center\" data-align=\"center\">1800 K\u010d<\/td><td class=\"has-text-align-center\" data-align=\"center\">2000 K\u010d<\/td><td class=\"has-text-align-center\" data-align=\"center\">&#8211;<\/td><td class=\"has-text-align-center\" data-align=\"center\">&#8211;<\/td><\/tr><tr><td><strong>DALF<\/strong><\/td><td class=\"has-text-align-center\" data-align=\"center\">&#8211;<\/td><td class=\"has-text-align-center\" data-align=\"center\">&#8211;<\/td><td class=\"has-text-align-center\" data-align=\"center\">&#8211;<\/td><td class=\"has-text-align-center\" data-align=\"center\">&#8211;<\/td><td class=\"has-text-align-center\" data-align=\"center\">3700 K\u010d<\/td><td class=\"has-text-align-center\" data-align=\"center\">3800 K\u010d<\/td><\/tr><\/tbody><\/table><\/figure>\n\n\n\n<div style=\"height:50px\" aria-hidden=\"true\" class=\"wp-block-spacer\"><\/div>\n\n\n\n<h2 class=\"wp-block-heading\">Informations compl\u00e9mentaires<\/h2>\n\n\n\n<p>Pour plus d&rsquo;informations sur les examens DELF et DALF, veuillez consulter le site de <a href=\"https:\/\/www.france-education-international.fr\" target=\"_blank\" rel=\"noopener\">France \u00c9ducation international<\/a> (filiale du minist\u00e8re fran\u00e7ais de l&rsquo;\u00c9ducation nationale) :<\/p>\n\n\n\n<ul class=\"wp-block-list\">\n<li><a href=\"https:\/\/www.france-education-international.fr\/diplome\/delf-tout-public\" target=\"_blank\" rel=\"noreferrer noopener\">DELF tout public<\/a><\/li>\n\n\n\n<li><a href=\"https:\/\/www.france-education-international.fr\/diplome\/delf-junior-scolaire\" target=\"_blank\" rel=\"noreferrer noopener\">DELF junior<\/a><\/li>\n\n\n\n<li><a href=\"https:\/\/www.france-education-international.fr\/diplome\/delf-junior-scolaire\" target=\"_blank\" rel=\"noreferrer noopener\">DELF scolaire<\/a><\/li>\n\n\n\n<li><a href=\"https:\/\/www.france-education-international.fr\/diplome\/dalf\" target=\"_blank\" rel=\"noreferrer noopener\">DALF<\/a><\/li>\n<\/ul>\n\n\n\n<hr class=\"wp-block-separator has-alpha-channel-opacity\"\/>\n","protected":false},"excerpt":{"rendered":"<p>Inscrivez-vous aux examens DELF JUNIOR et DELF\/ DALF TOUT PUBLIC en remplissant le formulaire ci-dessous. Vous recevrez ensuite les informations sur les modalit\u00e9s de paiement. L&rsquo;inscription sera confirm\u00e9e&#8230;<\/p>\n","protected":false},"author":4,"featured_media":0,"parent":0,"menu_order":0,"comment_status":"closed","ping_status":"closed","template":"","meta":{"_acf_changed":false,"footnotes":""},"class_list":["post-20845","page","type-page","status-publish","hentry"],"acf":[],"_links":{"self":[{"href":"https:\/\/www.alliancefrancaise.cz\/pardubice\/fr\/wp-json\/wp\/v2\/pages\/20845","targetHints":{"allow":["GET"]}}],"collection":[{"href":"https:\/\/www.alliancefrancaise.cz\/pardubice\/fr\/wp-json\/wp\/v2\/pages"}],"about":[{"href":"https:\/\/www.alliancefrancaise.cz\/pardubice\/fr\/wp-json\/wp\/v2\/types\/page"}],"author":[{"embeddable":true,"href":"https:\/\/www.alliancefrancaise.cz\/pardubice\/fr\/wp-json\/wp\/v2\/users\/4"}],"replies":[{"embeddable":true,"href":"https:\/\/www.alliancefrancaise.cz\/pardubice\/fr\/wp-json\/wp\/v2\/comments?post=20845"}],"version-history":[{"count":1,"href":"https:\/\/www.alliancefrancaise.cz\/pardubice\/fr\/wp-json\/wp\/v2\/pages\/20845\/revisions"}],"predecessor-version":[{"id":20853,"href":"https:\/\/www.alliancefrancaise.cz\/pardubice\/fr\/wp-json\/wp\/v2\/pages\/20845\/revisions\/20853"}],"wp:attachment":[{"href":"https:\/\/www.alliancefrancaise.cz\/pardubice\/fr\/wp-json\/wp\/v2\/media?parent=20845"}],"curies":[{"name":"wp","href":"https:\/\/api.w.org\/{rel}","templated":true}]}}