{"id":21011,"date":"2025-04-16T17:09:10","date_gmt":"2025-04-16T15:09:10","guid":{"rendered":"https:\/\/www.alliancefrancaise.cz\/pardubice\/?page_id=21011"},"modified":"2025-04-16T17:09:10","modified_gmt":"2025-04-16T15:09:10","slug":"visites-scolaires-2","status":"publish","type":"page","link":"https:\/\/www.alliancefrancaise.cz\/pardubice\/fr\/visites-scolaires-2\/","title":{"rendered":"Cours individuels"},"content":{"rendered":"\n<div class=\"wp-block-cover alignfull is-light wp-duotone-unset-1\" style=\"margin-top:0;padding-top:4vw;padding-right:4vw;padding-bottom:4vw;padding-left:4vw;min-height:50vh;aspect-ratio:unset;\"><span aria-hidden=\"true\" class=\"wp-block-cover__background has-white-background-color has-background-dim-0 has-background-dim\"><\/span><img loading=\"lazy\" decoding=\"async\" width=\"1707\" height=\"2560\" class=\"wp-block-cover__image-background wp-image-19570\" alt=\"\" src=\"https:\/\/www.alliancefrancaise.cz\/pardubice\/wp-content\/uploads\/2024\/04\/pexels-mizuno-k-12903038-scaled.jpg\" style=\"object-position:48% 28%\" data-object-fit=\"cover\" data-object-position=\"48% 28%\" srcset=\"https:\/\/www.alliancefrancaise.cz\/pardubice\/wp-content\/uploads\/2024\/04\/pexels-mizuno-k-12903038-scaled.jpg 1707w, https:\/\/www.alliancefrancaise.cz\/pardubice\/wp-content\/uploads\/2024\/04\/pexels-mizuno-k-12903038-307x460.jpg 307w, https:\/\/www.alliancefrancaise.cz\/pardubice\/wp-content\/uploads\/2024\/04\/pexels-mizuno-k-12903038-907x1360.jpg 907w, https:\/\/www.alliancefrancaise.cz\/pardubice\/wp-content\/uploads\/2024\/04\/pexels-mizuno-k-12903038-768x1152.jpg 768w\" sizes=\"auto, (max-width: 1707px) 100vw, 1707px\" \/><div class=\"wp-block-cover__inner-container is-layout-flow wp-block-cover-is-layout-flow\">\n<div class=\"wp-block-group\"><div class=\"wp-block-group__inner-container is-layout-flow wp-block-group-is-layout-flow\">\n<div class=\"wp-block-buttons is-content-justification-center is-layout-flex wp-container-core-buttons-is-layout-16018d1d wp-block-buttons-is-layout-flex\">\n<div class=\"wp-block-button has-custom-font-size\" style=\"font-size:20px;font-style:normal;font-weight:700;letter-spacing:1px;text-transform:uppercase\"><a class=\"wp-block-button__link has-white-color has-red-background-color has-text-color has-background wp-element-button\" style=\"padding-top:32px;padding-right:48px;padding-bottom:32px;padding-left:48px\"><strong>Inscrivez vous<\/strong><\/a><\/div>\n<\/div>\n<\/div><\/div>\n<\/div><\/div>\n\n\n\n<h2 class=\"wp-block-heading\">Ce qu&rsquo;il faut savoir<\/h2>\n\n\n\n<div class=\"wp-block-columns is-layout-flex wp-container-core-columns-is-layout-9d6595d7 wp-block-columns-is-layout-flex\">\n<div class=\"wp-block-column is-layout-flow wp-block-column-is-layout-flow\">\n<p>Nous pouvons organiser des cours priv\u00e9s ou semi-priv\u00e9s (2 ou 3 \u00e9tudiants de m\u00eame niveau) pour les adultes, les adolescents et les enfants de tous niveaux.<br><\/p>\n<\/div>\n\n\n\n<div class=\"wp-block-column is-layout-flow wp-block-column-is-layout-flow\">\n<p>Les cours peuvent avoir lieu \u00e0 l&rsquo;Alliance  fran\u00e7aise de Pardubice ou en ligne, en fonction des disponibilit\u00e9s des professeurs et des salles de cours. Des frais de d\u00e9placement sont factur\u00e9s pour les cours en dehors de Pardubice<\/p>\n<\/div>\n\n\n\n<div class=\"wp-block-column is-layout-flow wp-block-column-is-layout-flow\">\n<p>Tous nos professeurs sont exp\u00e9riment\u00e9s dans l&rsquo;enseignement du \u00ab\u00a0Fran\u00e7ais Langue<br>Etrang\u00e8re\u00a0\u00bb.<\/p>\n<\/div>\n<\/div>\n\n\n\n<div class=\"wp-block-columns is-layout-flex wp-container-core-columns-is-layout-9d6595d7 wp-block-columns-is-layout-flex\">\n<div class=\"wp-block-column is-layout-flow wp-block-column-is-layout-flow\">\n<p>La dur\u00e9e minimale d&rsquo;un cours est une heure. Veuillez noter que pendant l&rsquo;ann\u00e9e scolaire, nous pouvons avoir des difficult\u00e9s \u00e0 trouver un professeur disponible entre 16h et 20h car ils sont d\u00e9j\u00e0 occup\u00e9s \u00e0 donner des cours en groupe.<\/p>\n<\/div>\n\n\n\n<div class=\"wp-block-column is-layout-flow wp-block-column-is-layout-flow\">\n<p>Les annulations de derni\u00e8re minute sont<br>soumis \u00e0 notre politique. Pour plus d&rsquo;informations, veuillez consulter nos conditions g\u00e9n\u00e9rales. <\/p>\n<\/div>\n\n\n\n<div class=\"wp-block-column is-layout-flow wp-block-column-is-layout-flow\">\n<p>Pour acheter un forfait de cours particuliers, les apprenants doivent \u00eatre membres de l&rsquo;association. <\/p>\n<\/div>\n<\/div>\n\n\n\n<div class=\"wp-block-columns is-layout-flex wp-container-core-columns-is-layout-9d6595d7 wp-block-columns-is-layout-flex\">\n<div class=\"wp-block-column is-layout-flow wp-block-column-is-layout-flow\">\n<h3 class=\"wp-block-heading\">Cours individuels<\/h3>\n\n\n\n<figure class=\"wp-block-table is-style-stripes\"><table><thead><tr><th><strong>Nombre d&rsquo;heures<\/strong><\/th><th>Tarif<\/th><\/tr><\/thead><tbody><tr><td>1h<\/td><td>600 K\u010d<\/td><\/tr><tr><td>10h<\/td><td>6 000K\u010d<\/td><\/tr><tr><td>15h<\/td><td>8 700 K\u010d<\/td><\/tr><tr><td>20h<\/td><td>11 200 K\u010d<\/td><\/tr><\/tbody><\/table><\/figure>\n<\/div>\n\n\n\n<div class=\"wp-block-column is-layout-flow wp-block-column-is-layout-flow\">\n<h3 class=\"wp-block-heading\">Cours individuels pour 2-3 personnes<\/h3>\n\n\n\n<figure class=\"wp-block-table is-style-stripes\"><table class=\"has-fixed-layout\"><thead><tr><th><strong>Nombre d&rsquo;heures<\/strong><\/th><th><strong>Tarif<\/strong><\/th><\/tr><\/thead><tbody><tr><td>1h<\/td><td>420 K\u010d<\/td><\/tr><tr><td>10h<\/td><td>4 200K\u010d<\/td><\/tr><tr><td>15h<\/td><td>6 000K\u010d<\/td><\/tr><tr><td>20h<\/td><td>7 600K\u010d<\/td><\/tr><\/tbody><\/table><\/figure>\n<\/div>\n<\/div>\n","protected":false},"excerpt":{"rendered":"<p>Ce qu&rsquo;il faut savoir Nous pouvons organiser des cours priv\u00e9s ou semi-priv\u00e9s (2 ou 3 \u00e9tudiants de m\u00eame niveau) pour les adultes, les adolescents et les enfants de&#8230;<\/p>\n","protected":false},"author":4,"featured_media":21636,"parent":0,"menu_order":1,"comment_status":"closed","ping_status":"closed","template":"","meta":{"_acf_changed":false,"footnotes":""},"class_list":["post-21011","page","type-page","status-publish","has-post-thumbnail","hentry"],"acf":[],"_links":{"self":[{"href":"https:\/\/www.alliancefrancaise.cz\/pardubice\/fr\/wp-json\/wp\/v2\/pages\/21011","targetHints":{"allow":["GET"]}}],"collection":[{"href":"https:\/\/www.alliancefrancaise.cz\/pardubice\/fr\/wp-json\/wp\/v2\/pages"}],"about":[{"href":"https:\/\/www.alliancefrancaise.cz\/pardubice\/fr\/wp-json\/wp\/v2\/types\/page"}],"author":[{"embeddable":true,"href":"https:\/\/www.alliancefrancaise.cz\/pardubice\/fr\/wp-json\/wp\/v2\/users\/4"}],"replies":[{"embeddable":true,"href":"https:\/\/www.alliancefrancaise.cz\/pardubice\/fr\/wp-json\/wp\/v2\/comments?post=21011"}],"version-history":[{"count":1,"href":"https:\/\/www.alliancefrancaise.cz\/pardubice\/fr\/wp-json\/wp\/v2\/pages\/21011\/revisions"}],"predecessor-version":[{"id":21022,"href":"https:\/\/www.alliancefrancaise.cz\/pardubice\/fr\/wp-json\/wp\/v2\/pages\/21011\/revisions\/21022"}],"wp:featuredmedia":[{"embeddable":true,"href":"https:\/\/www.alliancefrancaise.cz\/pardubice\/fr\/wp-json\/wp\/v2\/media\/21636"}],"wp:attachment":[{"href":"https:\/\/www.alliancefrancaise.cz\/pardubice\/fr\/wp-json\/wp\/v2\/media?parent=21011"}],"curies":[{"name":"wp","href":"https:\/\/api.w.org\/{rel}","templated":true}]}}