{"id":6761,"date":"2018-01-27T13:09:22","date_gmt":"2018-01-27T12:09:22","guid":{"rendered":"https:\/\/www.alliancefrancaise.cz\/pardubice\/uvod\/"},"modified":"2025-01-30T11:18:42","modified_gmt":"2025-01-30T10:18:42","slug":"uvod","status":"publish","type":"page","link":"https:\/\/www.alliancefrancaise.cz\/pardubice\/fr\/","title":{"rendered":"Accueil"},"content":{"rendered":"\n<div class=\"wp-block-cover alignfull is-light hp-first\" style=\"min-height:600px;aspect-ratio:unset;\"><span aria-hidden=\"true\" class=\"wp-block-cover__background has-white-background-color has-background-dim-20 has-background-dim\"><\/span><video class=\"wp-block-cover__video-background intrinsic-ignore\" autoplay muted loop playsinline src=\"https:\/\/www.alliancefrancaise.cz\/pardubice\/wp-content\/uploads\/2025\/01\/Compilation-720p.mp4\" data-object-fit=\"cover\"><\/video><div class=\"wp-block-cover__inner-container is-layout-flow wp-block-cover-is-layout-flow\">\n<div class=\"wp-block-columns are-vertically-aligned-center is-layout-flex wp-container-core-columns-is-layout-9d6595d7 wp-block-columns-is-layout-flex\">\n<div class=\"wp-block-column is-vertically-aligned-center is-layout-flow wp-block-column-is-layout-flow\"><\/div>\n\n\n\n<div class=\"wp-block-column is-vertically-aligned-center blockText is-layout-flow wp-block-column-is-layout-flow\" style=\"flex-basis:40%\">\n<p style=\"font-size:0px\"><\/p>\n\n\n\n<p class=\"has-text-align-center h1 animTop has-white-color has-text-color has-x-large-font-size\">Parlez fran\u00e7ais,<br>vivez en fran\u00e7ais !<\/p>\n<\/div>\n<\/div>\n<\/div><\/div>\n\n\n\n<p class=\"has-text-align-center has-medium-font-size\"><strong>Depuis 1999, l&rsquo;Alliance fran\u00e7aise de Pardubice est votre expert en langue fran\u00e7aise en Boh\u00eame de l&rsquo;Est.<\/strong><\/p>\n\n\n\n<div style=\"height:50px\" aria-hidden=\"true\" class=\"wp-block-spacer\"><\/div>\n\n\n<div class=\"row kategorieKurzu my-4 position-relative\"><img loading=\"lazy\" decoding=\"async\" width=\"460\" height=\"460\" src=\"https:\/\/www.alliancefrancaise.cz\/pardubice\/wp-content\/uploads\/2024\/10\/french-girl-2-1-460x460.png\" class=\"imgFloatKurzy\" alt=\"\" srcset=\"https:\/\/www.alliancefrancaise.cz\/pardubice\/wp-content\/uploads\/2024\/10\/french-girl-2-1-460x460.png 460w, https:\/\/www.alliancefrancaise.cz\/pardubice\/wp-content\/uploads\/2024\/10\/french-girl-2-1-1360x1360.png 1360w, https:\/\/www.alliancefrancaise.cz\/pardubice\/wp-content\/uploads\/2024\/10\/french-girl-2-1-150x150.png 150w, https:\/\/www.alliancefrancaise.cz\/pardubice\/wp-content\/uploads\/2024\/10\/french-girl-2-1-768x768.png 768w, https:\/\/www.alliancefrancaise.cz\/pardubice\/wp-content\/uploads\/2024\/10\/french-girl-2-1-440x440.png 440w\" sizes=\"auto, (max-width: 460px) 100vw, 460px\" \/><div class=\"col-md-8 order-md-1 order-2\"><div class=\"row\"><div class=\"col-md-6 my-4 animTop\"><div class=\"obalKategorieKurzu p-4 pt-5 h-100 w-100\"><h3 class=\"h5 mb-3\"><a href=\"https:\/\/www.alliancefrancaise.cz\/pardubice\/fr\/kategorie-kurzu\/francouzstina-pro-dospele\/\">Cours collectifs pour adultes<\/a><\/h3><p><\/p><a href=\"https:\/\/www.alliancefrancaise.cz\/pardubice\/fr\/kategorie-kurzu\/francouzstina-pro-dospele\/\" class=\"btn btnMore\">Voir les cours<\/a><\/div><\/div><div class=\"col-md-6 my-4 animTop\"><div class=\"obalKategorieKurzu p-4 pt-5 h-100 w-100\"><h3 class=\"h5 mb-3\"><a href=\"https:\/\/www.alliancefrancaise.cz\/pardubice\/fr\/kategorie-kurzu\/konverzacni-kurzy\/\">Conversation<\/a><\/h3><p><\/p><a href=\"https:\/\/www.alliancefrancaise.cz\/pardubice\/fr\/kategorie-kurzu\/konverzacni-kurzy\/\" class=\"btn btnMore\">Voir les cours<\/a><\/div><\/div><div class=\"col-md-6 my-4 animTop\"><div class=\"obalKategorieKurzu p-4 pt-5 h-100 w-100\"><h3 class=\"h5 mb-3\"><a href=\"https:\/\/www.alliancefrancaise.cz\/pardubice\/fr\/kategorie-kurzu\/skupinove-kurzy-pro-deti-a-mladez\/\">Cours collectifs pour enfants et adolescents<\/a><\/h3><p><\/p><a href=\"https:\/\/www.alliancefrancaise.cz\/pardubice\/fr\/kategorie-kurzu\/skupinove-kurzy-pro-deti-a-mladez\/\" class=\"btn btnMore\">Voir les cours<\/a><\/div><\/div><div class=\"col-md-6 my-4 animTop\"><div class=\"obalKategorieKurzu p-4 pt-5 h-100 w-100\"><h3 class=\"h5 mb-3\"><a href=\"https:\/\/www.alliancefrancaise.cz\/pardubice\/fr\/cours-et-services\/visites-scolaires\/\">Cours individuels<\/a><\/h3><p><\/p><a href=\"https:\/\/www.alliancefrancaise.cz\/pardubice\/fr\/cours-et-services\/visites-scolaires\/\" class=\"btn btnMore\">Voir les cours<\/a><\/div><\/div><div class=\"col-md-6 my-4 animTop\"><div class=\"obalKategorieKurzu p-4 pt-5 h-100 w-100\"><h3 class=\"h5 mb-3\"><a href=\"https:\/\/www.alliancefrancaise.cz\/pardubice\/fr\/calendrier-inscriptions-et-tarifs\/\">Examens du DELF &#8211; DALF<\/a><\/h3><p><\/p><a href=\"https:\/\/www.alliancefrancaise.cz\/pardubice\/fr\/calendrier-inscriptions-et-tarifs\/\" class=\"btn btnMore\">Voir les cours<\/a><\/div><\/div><\/div><\/div><div class=\"col-md-4 order-md-2 order-1 mt-4 pb-300\"><h2>Le fran\u00e7ais dans le monde<\/h2>\n<p>Pourquoi apprendre le fran\u00e7ais ? Le fran\u00e7ais se classe comme la cinqui\u00e8me langue la plus parl\u00e9e dans le monde. Bien que souvent associ\u00e9e \u00e0 la France, elle est effectivement utilis\u00e9e dans tous les pays francophones, de la C\u00f4te d&rsquo;Ivoire au Canada. Apprendre le fran\u00e7ais signifie explorer une nouvelle langue tout en d\u00e9couvrant de riches cultures. Que vous d\u00e9siriez \u00e9largir vos comp\u00e9tences linguistiques, vous pr\u00e9parer pour vos prochains voyages ou simplement impressionner vos amis par votre ma\u00eetrise du fran\u00e7ais, vous avez toutes les raisons de vous lancer.<\/p>\n<p>&nbsp;<\/p>\n<p>&nbsp;<\/p>\n<p>&nbsp;<\/p>\n<\/div><\/div>","protected":false},"excerpt":{"rendered":"<p>Depuis 1999, l&rsquo;Alliance fran\u00e7aise de Pardubice est votre expert en langue fran\u00e7aise en Boh\u00eame de l&rsquo;Est.<\/p>\n","protected":false},"author":1,"featured_media":0,"parent":0,"menu_order":0,"comment_status":"closed","ping_status":"closed","template":"","meta":{"_acf_changed":false,"footnotes":""},"class_list":["post-6761","page","type-page","status-publish","hentry"],"acf":[],"_links":{"self":[{"href":"https:\/\/www.alliancefrancaise.cz\/pardubice\/fr\/wp-json\/wp\/v2\/pages\/6761","targetHints":{"allow":["GET"]}}],"collection":[{"href":"https:\/\/www.alliancefrancaise.cz\/pardubice\/fr\/wp-json\/wp\/v2\/pages"}],"about":[{"href":"https:\/\/www.alliancefrancaise.cz\/pardubice\/fr\/wp-json\/wp\/v2\/types\/page"}],"author":[{"embeddable":true,"href":"https:\/\/www.alliancefrancaise.cz\/pardubice\/fr\/wp-json\/wp\/v2\/users\/1"}],"replies":[{"embeddable":true,"href":"https:\/\/www.alliancefrancaise.cz\/pardubice\/fr\/wp-json\/wp\/v2\/comments?post=6761"}],"version-history":[{"count":20,"href":"https:\/\/www.alliancefrancaise.cz\/pardubice\/fr\/wp-json\/wp\/v2\/pages\/6761\/revisions"}],"predecessor-version":[{"id":20693,"href":"https:\/\/www.alliancefrancaise.cz\/pardubice\/fr\/wp-json\/wp\/v2\/pages\/6761\/revisions\/20693"}],"wp:attachment":[{"href":"https:\/\/www.alliancefrancaise.cz\/pardubice\/fr\/wp-json\/wp\/v2\/media?parent=6761"}],"curies":[{"name":"wp","href":"https:\/\/api.w.org\/{rel}","templated":true}]}}