{"id":6950,"date":"2023-10-09T18:00:34","date_gmt":"2023-10-09T16:00:34","guid":{"rendered":"https:\/\/www.alliancefrancaise.cz\/pardubice\/?page_id=6950"},"modified":"2024-02-06T15:35:37","modified_gmt":"2024-02-06T14:35:37","slug":"faq-fr","status":"publish","type":"page","link":"https:\/\/www.alliancefrancaise.cz\/pardubice\/fr\/faq-fr\/","title":{"rendered":"FAQ &#8211; Foire aux questions"},"content":{"rendered":"\n<p><br>Vous avez probablement des questions auxquelles vous aimeriez conna\u00eetre la r\u00e9ponse. Nous r\u00e9pondons ici aux questions qui ne sont pas les plus courantes. Si vous n&rsquo;avez pas trouv\u00e9 la r\u00e9ponse \u00e0 votre question, n&rsquo;h\u00e9sitez pas \u00e0 nous contacter. Nous nous ferons un plaisir de vous aider.<\/p>\n\n\n\n<h4 class=\"wp-block-heading\"><mark style=\"background-color:rgba(0, 0, 0, 0)\" class=\"has-inline-color has-black-color\">Quelle est la diff\u00e9rence entre le DELF tout public, le DELF junior et le DELF scolaire ?<\/mark><\/h4>\n\n\n\n<ul class=\"wp-block-list\">\n<li>Le DELF <strong>tout public<\/strong> est destin\u00e9 au <strong>grand public<\/strong> (18+). Cependant, les candidats de moins de 18 ans peuvent \u00e9galement passer l&rsquo;examen si les dates d&rsquo;examen du DELF junior ou du DELF scolaire ne leur conviennent pas pour diverses raisons.<\/li>\n\n\n\n<li>Les examens du DELF <strong>junior <\/strong>et du DELF <strong>scolaire <\/strong>sont sp\u00e9cifiquement con\u00e7us pour les \u00e9l\u00e8ves de l&rsquo;<strong>enseignement scolaire<\/strong> (primaire 2 et tous les types d&rsquo;enseignement secondaire, y compris les lyc\u00e9es pluriannuels). La sp\u00e9cificit\u00e9 de ces examens r\u00e9side dans le fait que les \u00e9preuves sont th\u00e9matiquement adapt\u00e9es \u00e0 cette jeune g\u00e9n\u00e9ration.<\/li>\n\n\n\n<li>La diff\u00e9rence entre le DELF junior et le DELF scolaire est que le <strong>DELF junior est pass\u00e9 directement au centre d&rsquo;examen<\/strong>, alors que le <strong>DELF scolaire est pass\u00e9 au lieu de passation <\/strong>de la r\u00e9gion<strong>.<\/strong><\/li>\n<\/ul>\n\n\n\n<h4 class=\"wp-block-heading\"><mark style=\"background-color:rgba(0, 0, 0, 0)\" class=\"has-inline-color has-black-color\">Combien co\u00fbte l&rsquo;examen ?<\/mark><\/h4>\n\n\n\n<p>Vous trouverez la liste des prix des examens DELF et DALF dans notre liste de prix. Cette liste de prix est uniforme dans toute la R\u00e9publique tch\u00e8que et est valable pour une ann\u00e9e civile. Par exemple, l&rsquo;examen DELF junior B1 co\u00fbte toujours 1700,- CZK, que vous passiez l&rsquo;examen \u00e0 Pardubice, Prague, Brno ou dans un autre centre d&rsquo;examen.<\/p>\n\n\n\n<h4 class=\"wp-block-heading\"><mark style=\"background-color:rgba(0, 0, 0, 0)\" class=\"has-inline-color has-black-color\">Si je m&rsquo;inscris \u00e0 l&rsquo;examen \u00e0 Pardubice, puis-je le passer \u00e0 Prague ?<\/mark><\/h4>\n\n\n\n<p>Malheureusement, ce n&rsquo;est pas possible. Les candidats s&rsquo;inscrivent toujours \u00e0 l&rsquo;examen dans un centre d&rsquo;examen sp\u00e9cifique. Il existe neuf centres d&rsquo;examen en R\u00e9publique tch\u00e8que :<\/p>\n\n\n\n<ul class=\"wp-block-list\">\n<li>Alliance fran\u00e7aise de Pardubice<\/li>\n\n\n\n<li>Alliance fran\u00e7aise de Brno<\/li>\n\n\n\n<li>Alliance fran\u00e7aise de Boh\u00eame du Sud<\/li>\n\n\n\n<li>Alliance Fran\u00e7aise Liberec<\/li>\n\n\n\n<li>Alliance Fran\u00e7aise Ostrava<\/li>\n\n\n\n<li>Alliance Fran\u00e7aise Plze\u0148<\/li>\n\n\n\n<li>Centre fran\u00e7ais de l&rsquo;Universit\u00e9 Palack\u00fd \u00e0 Olomouc<\/li>\n\n\n\n<li>Club franco-tch\u00e8que de Zl\u00edn<\/li>\n\n\n\n<li>Institut fran\u00e7ais de Prague<\/li>\n<\/ul>\n\n\n\n<h4 class=\"wp-block-heading\"><mark style=\"background-color:rgba(0, 0, 0, 0)\" class=\"has-inline-color has-black-color\">Quand vais-je conna\u00eetre le r\u00e9sultat de mon examen ?<\/mark><\/h4>\n\n\n\n<p>Apr\u00e8s le passage des \u00e9preuves, il faut compter environ 3 semaines pour la correction de la partie \u00e9crite de l&rsquo;examen. Une commission se r\u00e9unit ensuite \u00e0 l&rsquo;Ambassade de France \u00e0 Prague pour confirmer les notes finales. Ces r\u00e9sultats sont ensuite publi\u00e9s sur le site internet du centre d&rsquo;examen (pour des raisons de confidentialit\u00e9, seuls le num\u00e9ro du candidat et le r\u00e9sultat de l&rsquo;examen sont indiqu\u00e9s, c&rsquo;est-\u00e0-dire si le candidat a r\u00e9ussi ou \u00e9chou\u00e9 \u00e0 l&rsquo;examen). Chaque candidat recevra \u00e9galement ses r\u00e9sultats (notes sp\u00e9cifiques pour chaque partie de l&rsquo;examen) par courrier \u00e9lectronique.<\/p>\n\n\n\n<h4 class=\"wp-block-heading\"><mark style=\"background-color:rgba(0, 0, 0, 0)\" class=\"has-inline-color has-black-color\">Puis-je faire appel si j&rsquo;\u00e9choue \u00e0 l&rsquo;examen ?<\/mark><\/h4>\n\n\n\n<p>Malheureusement, ce n&rsquo;est pas possible. Les r\u00e9sultats de l&rsquo;examen sont d\u00e9finitifs et ne peuvent faire l&rsquo;objet d&rsquo;un recours. Chaque candidat a le droit de consulter les r\u00e9sultats de son examen et ses notes. Toutefois, cette possibilit\u00e9 n&rsquo;est valable que pendant 12 mois apr\u00e8s la publication des r\u00e9sultats de l&rsquo;examen. Ensuite, les copies d&rsquo;examen sont d\u00e9truites.<\/p>\n\n\n\n<h4 class=\"wp-block-heading\"><mark style=\"background-color:rgba(0, 0, 0, 0)\" class=\"has-inline-color has-black-color\">Quand recevrai-je mon dipl\u00f4me ? <\/mark><\/h4>\n\n\n\n<p>Apr\u00e8s la publication des r\u00e9sultats de l&rsquo;examen, il faut compter 5 \u00e0 7 semaines pour que les dipl\u00f4mes officiels soient livr\u00e9s de France en R\u00e9publique tch\u00e8que. Une fois que le centre d&rsquo;examen a re\u00e7u les dipl\u00f4mes, tous les candidats sont invit\u00e9s par courrier \u00e9lectronique \u00e0 venir les chercher. Dans des cas justifi\u00e9s, le dipl\u00f4me peut \u00e9galement \u00eatre envoy\u00e9 par courrier recommand\u00e9 moyennant des frais de traitement.<\/p>\n","protected":false},"excerpt":{"rendered":"<p>Vous avez probablement des questions auxquelles vous aimeriez conna\u00eetre la r\u00e9ponse. Nous r\u00e9pondons ici aux questions qui ne sont pas les plus courantes. Si vous n&rsquo;avez pas trouv\u00e9&#8230;<\/p>\n","protected":false},"author":4,"featured_media":0,"parent":0,"menu_order":0,"comment_status":"closed","ping_status":"closed","template":"","meta":{"_acf_changed":false,"footnotes":""},"class_list":["post-6950","page","type-page","status-publish","hentry"],"acf":[],"_links":{"self":[{"href":"https:\/\/www.alliancefrancaise.cz\/pardubice\/fr\/wp-json\/wp\/v2\/pages\/6950","targetHints":{"allow":["GET"]}}],"collection":[{"href":"https:\/\/www.alliancefrancaise.cz\/pardubice\/fr\/wp-json\/wp\/v2\/pages"}],"about":[{"href":"https:\/\/www.alliancefrancaise.cz\/pardubice\/fr\/wp-json\/wp\/v2\/types\/page"}],"author":[{"embeddable":true,"href":"https:\/\/www.alliancefrancaise.cz\/pardubice\/fr\/wp-json\/wp\/v2\/users\/4"}],"replies":[{"embeddable":true,"href":"https:\/\/www.alliancefrancaise.cz\/pardubice\/fr\/wp-json\/wp\/v2\/comments?post=6950"}],"version-history":[{"count":2,"href":"https:\/\/www.alliancefrancaise.cz\/pardubice\/fr\/wp-json\/wp\/v2\/pages\/6950\/revisions"}],"predecessor-version":[{"id":6954,"href":"https:\/\/www.alliancefrancaise.cz\/pardubice\/fr\/wp-json\/wp\/v2\/pages\/6950\/revisions\/6954"}],"wp:attachment":[{"href":"https:\/\/www.alliancefrancaise.cz\/pardubice\/fr\/wp-json\/wp\/v2\/media?parent=6950"}],"curies":[{"name":"wp","href":"https:\/\/api.w.org\/{rel}","templated":true}]}}