{"id":6965,"date":"2018-08-05T10:21:42","date_gmt":"2018-08-05T08:21:42","guid":{"rendered":"https:\/\/www.alliancefrancaise.cz\/pardubice\/?page_id=6965"},"modified":"2024-09-19T17:41:31","modified_gmt":"2024-09-19T15:41:31","slug":"contact","status":"publish","type":"page","link":"https:\/\/www.alliancefrancaise.cz\/pardubice\/fr\/contact\/","title":{"rendered":"Contact"},"content":{"rendered":"\n<div class=\"wp-block-group\"><div class=\"wp-block-group__inner-container is-layout-constrained wp-block-group-is-layout-constrained\">\n<div class=\"wp-block-columns is-layout-flex wp-container-core-columns-is-layout-9d6595d7 wp-block-columns-is-layout-flex\">\n<div class=\"wp-block-column is-layout-flow wp-block-column-is-layout-flow\">\n<h2 class=\"wp-block-heading h3\">Coordonn\u00e9es<\/h2>\n\n\n<ul id=\"kontakty-block_f9d6717b89a171442d66c23564e904b9\" class=\"kontakty\">\n        <li class=\"mb-4\">\n        <img loading=\"lazy\" decoding=\"async\" width=\"1\" height=\"1\" src=\"https:\/\/www.alliancefrancaise.cz\/pardubice\/wp-content\/uploads\/2023\/06\/pin.svg\" class=\"ikonaKontaktu\" alt=\"\" \/>        <div class=\"textkontaktu\"><p><span style=\"vertical-align: inherit;\"><span style=\"vertical-align: inherit;\">Alliance Fran\u00e7aise de Pardubice <\/span><\/span><br \/>\n<span class=\"rue\"><span style=\"vertical-align: inherit;\"><span style=\"vertical-align: inherit;\">Kl\u00e1\u0161tern\u00ed 54<\/span><\/span><\/span><\/p>\n<p><span class=\"code_postal\"><span style=\"vertical-align: inherit;\"><span style=\"vertical-align: inherit;\">530 02 &#8211; Pardubice<\/span><\/span><\/span><\/p>\n<p><strong>Dossier : <\/strong>L 3458 d\u00e9pos\u00e9 aupr\u00e8s de la Cour r\u00e9gionale de Hradec Kr\u00e1lov\u00e9<\/p>\n<\/div>\n    <\/li>\n    <\/ul>\n\n\n\n<h2 class=\"wp-block-heading h3\">Secr\u00e9tariat<\/h2>\n\n\n<ul id=\"kontakty-block_0b55f92ef91522815fa9671f940c5aca\" class=\"kontakty\">\n        <li class=\"\">\n        <img loading=\"lazy\" decoding=\"async\" width=\"1\" height=\"1\" src=\"https:\/\/www.alliancefrancaise.cz\/pardubice\/wp-content\/uploads\/2023\/06\/telefon.svg\" class=\"ikonaKontaktu\" alt=\"\" \/>        <div class=\"textkontaktu\"><p><span class=\"tel\"><a href=\"tel:+420 466 501 457\">\u00a0+420 725 000 816<\/a><\/span><\/p>\n<p>&nbsp;<\/p>\n<\/div>\n    <\/li>\n        <li class=\"mb-4\">\n        <img loading=\"lazy\" decoding=\"async\" width=\"1\" height=\"1\" src=\"https:\/\/www.alliancefrancaise.cz\/pardubice\/wp-content\/uploads\/2023\/06\/email.svg\" class=\"ikonaKontaktu\" alt=\"\" \/>        <div class=\"textkontaktu\"><p><span class=\"email\"><a href=\"mailto:af@afpardubice.com\">af@afpardubice.com<\/a><\/span><\/p>\n<p><a href=\"https:\/\/us13.list-manage.com\/contact-form?u=80f1a48ef8596c06a7f0152f6&amp;form_id=2b4143d36e5b99cd3c2023397e2ac58b\" target=\"_blank\" rel=\"noopener\"><strong>Contactez-nous<\/strong><\/a><\/p>\n<\/div>\n    <\/li>\n    <\/ul>\n\n\n\n<h2 class=\"wp-block-heading h3\">Adresse de facturation<\/h2>\n\n\n<ul id=\"kontakty-block_5be07dd3a6488835dc2d97a819b1e8b1\" class=\"kontakty\">\n        <li class=\"mb-4\">\n                <div class=\"textkontaktu\"><p><strong>Alliance Fran\u00e7aise de Pardubice, z. s.<\/strong><\/p>\n<div>Alliance Fran\u00e7aise de Pardubice, z.s.<\/div>\n<div>Kl\u00e1\u0161tern\u00ed 54<\/div>\n<div>530 02 Pardubice<\/div>\n<p>&nbsp;<\/p>\n<p><strong>I\u010cO:<\/strong> 68209410<\/p>\n<p><strong>Nous ne sommes pas assujettis \u00e0 la TVA<\/strong><\/p>\n<\/div>\n    <\/li>\n    <\/ul>\n\n\n\n<p><\/p>\n\n\n\n<p><\/p>\n\n\n\n<h2 class=\"wp-block-heading h3\">Informations bancaires<\/h2>\n\n\n<ul id=\"kontakty-block_544f757dad3ee9f373a5cec902720ff0\" class=\"kontakty\">\n        <li class=\"mb-4\">\n                <div class=\"textkontaktu\"><p><strong>Num\u00e9ro de compte :<\/strong> 133186443\/0300<\/p>\n<p><strong>Banque :<\/strong> Komer\u010dn\u00ed banka<br \/>\n<strong>IBAN :<\/strong> CZ42 0300 0000 0001 3318 6443<br \/>\n<strong>BIC\/SWIFT :<\/strong> CEKOCZPP<\/p>\n<\/div>\n    <\/li>\n    <\/ul>\n<\/div>\n\n\n\n<div class=\"wp-block-column is-layout-flow wp-block-column-is-layout-flow\">\n<div class=\"mapouter\"><div class=\"gmap_canvas\"><iframe loading=\"lazy\" width=\"600\" height=\"500\" id=\"gmap_canvas\" src=\"https:\/\/maps.google.com\/maps?q=alliance%20fran%C3%A7aise%20pardubice&#038;t=&#038;z=17&#038;ie=UTF8&#038;iwloc=&#038;output=embed\" frameborder=\"0\" scrolling=\"no\" marginheight=\"0\" marginwidth=\"0\"><\/iframe><a href=\"https:\/\/123movies-to.org\" target=\"_blank\" rel=\"noopener\"><\/a><br><style>.mapouter{position:relative;text-align:right;height:500px;width:600px;}<\/style><a href=\"https:\/\/www.embedgooglemap.net\" target=\"_blank\" rel=\"noopener\"><\/a><style>.gmap_canvas {overflow:hidden;background:none!important;height:500px;width:600px;}<\/style><\/div><\/div>\n\n\n\n<h2 class=\"wp-block-heading h3\">MHD<\/h2>\n\n\n<ul id=\"kontakty-block_89521581b79aab50129b088761b5a059\" class=\"kontakty\">\n        <li class=\"mb-4\">\n                <div class=\"textkontaktu\"><p><strong>Troleybus 1, 2, 5, 12, 13, 27<\/strong> &#8211; N\u00e1m\u011bst\u00ed Republiky<br \/>\n<strong>Autobus 6, 88<\/strong>\u00a0&#8211; N\u00e1m\u011bst\u00ed Republiky<\/p>\n<\/div>\n    <\/li>\n    <\/ul>\n\n\n\n<p><\/p>\n\n\n\n<h2 class=\"wp-block-heading\">Inscrivez-vous \u00e0 notre infolettre<\/h2>\n\n\n\n<div id=\"mc_embed_shell\">\n      <link href=\"\/\/cdn-images.mailchimp.com\/embedcode\/classic-061523.css\" rel=\"stylesheet\" type=\"text\/css\">\n  <style type=\"text\/css\">\n        #mc_embed_signup{background:#fff; false;clear:left; font:14px Helvetica,Arial,sans-serif; width: 600px;}\n        \/* Add your own Mailchimp form style overrides in your site stylesheet or in this style block.\n           We recommend moving this block and the preceding CSS link to the HEAD of your HTML file. *\/\n<\/style>\n<div id=\"mc_embed_signup\">\n    <form action=\"https:\/\/francouzstina-pardubice.us13.list-manage.com\/subscribe\/post?u=80f1a48ef8596c06a7f0152f6&amp;id=e69e574496&amp;f_id=002450e9f0\" method=\"post\" id=\"mc-embedded-subscribe-form\" name=\"mc-embedded-subscribe-form\" class=\"validate\" target=\"_blank\">\n        <div id=\"mc_embed_signup_scroll\"><h2>Subscribe<\/h2>\n            <div class=\"indicates-required\"><span class=\"asterisk\">*<\/span> indicates required<\/div>\n            <div class=\"mc-field-group\"><label for=\"mce-EMAIL\">Email Address <span class=\"asterisk\">*<\/span><\/label><input type=\"email\" name=\"EMAIL\" class=\"required email\" id=\"mce-EMAIL\" required=\"\" value=\"\"><\/div>\n<div hidden=\"\"><input type=\"hidden\" name=\"tags\" value=\"7211451\"><\/div>\n        <div id=\"mce-responses\" class=\"clear foot\">\n            <div class=\"response\" id=\"mce-error-response\" style=\"display: none;\"><\/div>\n            <div class=\"response\" id=\"mce-success-response\" style=\"display: none;\"><\/div>\n        <\/div>\n    <div aria-hidden=\"true\" style=\"position: absolute; left: -5000px;\">\n        \/* real people should not fill this in and expect good things &#8211; do not remove this or risk form bot signups *\/\n        <input type=\"text\" name=\"b_80f1a48ef8596c06a7f0152f6_e69e574496\" tabindex=\"-1\" value=\"\">\n    <\/div>\n        <div class=\"optionalParent\">\n            <div class=\"clear foot\">\n                <input type=\"submit\" name=\"subscribe\" id=\"mc-embedded-subscribe\" class=\"button\" value=\"Subscribe\">\n                <p style=\"margin: 0px auto;\"><a href=\"http:\/\/eepurl.com\/iQP21M\" title=\"Mailchimp - email marketing made easy and fun\" target=\"_blank\" rel=\"noopener\"><span style=\"display: inline-block; background-color: transparent; border-radius: 4px;\"><img decoding=\"async\" class=\"refferal_badge\" src=\"https:\/\/digitalasset.intuit.com\/render\/content\/dam\/intuit\/mc-fe\/en_us\/images\/intuit-mc-rewards-text-dark.svg\" alt=\"Intuit Mailchimp\" style=\"width: 220px; height: 40px; display: flex; padding: 2px 0px; justify-content: center; align-items: center;\"><\/span><\/a><\/p>\n            <\/div>\n        <\/div>\n    <\/div>\n<\/form>\n<\/div>\n<script type=\"text\/javascript\" src=\"\/\/s3.amazonaws.com\/downloads.mailchimp.com\/js\/mc-validate.js\"><\/script><script type=\"text\/javascript\">(function($) {window.fnames = new Array(); window.ftypes = new Array();fnames[0]='EMAIL';ftypes[0]='email';fnames[1]='FNAME';ftypes[1]='text';fnames[2]='LNAME';ftypes[2]='text';fnames[3]='MMERGE3';ftypes[3]='text';\/*\n * Translated default messages for the $ validation plugin.\n * Locale: CS\n *\/\n$.extend($.validator.messages, {\n\trequired: \"Tento \u00fadaj je povinn\u00fd.\",\n\tremote: \"Pros\u00edm, opravte tento \u00fadaj.\",\n\temail: \"Pros\u00edm, zadejte platn\u00fd e-mail.\",\n\turl: \"Pros\u00edm, zadejte platn\u00e9 URL.\",\n\tdate: \"Pros\u00edm, zadejte platn\u00e9 datum.\",\n\tdateISO: \"Pros\u00edm, zadejte platn\u00e9 datum (ISO).\",\n\tnumber: \"Pros\u00edm, zadejte \u010d\u00edslo.\",\n\tdigits: \"Pros\u00edm, zad\u00e1vejte pouze \u010d\u00edslice.\",\n\tcreditcard: \"Pros\u00edm, zadejte \u010d\u00edslo kreditn\u00ed karty.\",\n\tequalTo: \"Pros\u00edm, zadejte znovu stejnou hodnotu.\",\n\taccept: \"Pros\u00edm, zadejte soubor se spr\u00e1vnou p\u0159\u00edponou.\",\n\tmaxlength: $.validator.format(\"Pros\u00edm, zadejte nejv\u00edce {0} znak\u016f.\"),\n\tminlength: $.validator.format(\"Pros\u00edm, zadejte nejm\u00e9n\u011b {0} znak\u016f.\"),\n\trangelength: $.validator.format(\"Pros\u00edm, zadejte od {0} do {1} znak\u016f.\"),\n\trange: $.validator.format(\"Pros\u00edm, zadejte hodnotu od {0} do {1}.\"),\n\tmax: $.validator.format(\"Pros\u00edm, zadejte hodnotu men\u0161\u00ed nebo rovnu {0}.\"),\n\tmin: $.validator.format(\"Pros\u00edm, zadejte hodnotu v\u011bt\u0161\u00ed nebo rovnu {0}.\")\n});}(jQuery));var $mcj = jQuery.noConflict(true);<\/script><\/div>\n\n\n\n<p><a href=\"http:\/\/eepurl.com\/iQP21M\" target=\"_blank\" rel=\"noopener\"><\/a><\/p>\n<\/div>\n<\/div>\n<\/div><\/div>\n\n\n\n<p><\/p>\n","protected":false},"excerpt":{"rendered":"<p>Coordonn\u00e9es Secr\u00e9tariat Adresse de facturation Informations bancaires MHD Inscrivez-vous \u00e0 notre infolettre Subscribe * indicates required Email Address * \/* real people should not fill this in and&#8230;<\/p>\n","protected":false},"author":4,"featured_media":0,"parent":0,"menu_order":0,"comment_status":"closed","ping_status":"closed","template":"","meta":{"_acf_changed":false,"footnotes":""},"class_list":["post-6965","page","type-page","status-publish","hentry"],"acf":[],"_links":{"self":[{"href":"https:\/\/www.alliancefrancaise.cz\/pardubice\/fr\/wp-json\/wp\/v2\/pages\/6965","targetHints":{"allow":["GET"]}}],"collection":[{"href":"https:\/\/www.alliancefrancaise.cz\/pardubice\/fr\/wp-json\/wp\/v2\/pages"}],"about":[{"href":"https:\/\/www.alliancefrancaise.cz\/pardubice\/fr\/wp-json\/wp\/v2\/types\/page"}],"author":[{"embeddable":true,"href":"https:\/\/www.alliancefrancaise.cz\/pardubice\/fr\/wp-json\/wp\/v2\/users\/4"}],"replies":[{"embeddable":true,"href":"https:\/\/www.alliancefrancaise.cz\/pardubice\/fr\/wp-json\/wp\/v2\/comments?post=6965"}],"version-history":[{"count":13,"href":"https:\/\/www.alliancefrancaise.cz\/pardubice\/fr\/wp-json\/wp\/v2\/pages\/6965\/revisions"}],"predecessor-version":[{"id":20463,"href":"https:\/\/www.alliancefrancaise.cz\/pardubice\/fr\/wp-json\/wp\/v2\/pages\/6965\/revisions\/20463"}],"wp:attachment":[{"href":"https:\/\/www.alliancefrancaise.cz\/pardubice\/fr\/wp-json\/wp\/v2\/media?parent=6965"}],"curies":[{"name":"wp","href":"https:\/\/api.w.org\/{rel}","templated":true}]}}