{"id":7150,"date":"2024-02-15T15:05:04","date_gmt":"2024-02-15T14:05:04","guid":{"rendered":"https:\/\/www.alliancefrancaise.cz\/pardubice\/?page_id=7150"},"modified":"2024-06-27T17:54:48","modified_gmt":"2024-06-27T15:54:48","slug":"visites-scolaires","status":"publish","type":"page","link":"https:\/\/www.alliancefrancaise.cz\/pardubice\/fr\/visites-scolaires\/","title":{"rendered":"Visites scolaires"},"content":{"rendered":"\n<p>Vous souhaitez visiter l&rsquo;Alliance Fran\u00e7aise de Pardubice avec votre classe ?<br>Ou souhaitez-vous organiser un atelier de fran\u00e7ais dans votre \u00e9cole ?<br>Nous pr\u00e9parerons des activit\u00e9s sur mesure pour vos \u00e9l\u00e8ves en fonction de vos besoins.<\/p>\n\n\n\n<p>Si vous \u00eates int\u00e9ress\u00e9 par ces activit\u00e9s, veuillez nous contacter :<\/p>\n\n\n\n<p><strong>af@afpardubice.com, +420 466 501 457<\/strong><\/p>\n\n\n\n<p><\/p>\n\n\n\n\n\n<p><\/p>\n\n\n\n<figure class=\"wp-block-gallery has-nested-images columns-default is-cropped wp-block-gallery-1 is-layout-flex wp-block-gallery-is-layout-flex\">\n<figure class=\"wp-block-image size-large\"><img loading=\"lazy\" decoding=\"async\" width=\"1360\" height=\"1020\" data-id=\"20169\" src=\"https:\/\/www.alliancefrancaise.cz\/pardubice\/wp-content\/uploads\/2024\/06\/IMG_20240516_085934-1-1360x1020.jpg\" alt=\"\" class=\"wp-image-20169\" srcset=\"https:\/\/www.alliancefrancaise.cz\/pardubice\/wp-content\/uploads\/2024\/06\/IMG_20240516_085934-1-1360x1020.jpg 1360w, https:\/\/www.alliancefrancaise.cz\/pardubice\/wp-content\/uploads\/2024\/06\/IMG_20240516_085934-1-460x345.jpg 460w, https:\/\/www.alliancefrancaise.cz\/pardubice\/wp-content\/uploads\/2024\/06\/IMG_20240516_085934-1-768x576.jpg 768w\" sizes=\"auto, (max-width: 1360px) 100vw, 1360px\" \/><\/figure>\n\n\n\n<figure class=\"wp-block-image size-large\"><img loading=\"lazy\" decoding=\"async\" width=\"1360\" height=\"1020\" data-id=\"20171\" src=\"https:\/\/www.alliancefrancaise.cz\/pardubice\/wp-content\/uploads\/2024\/06\/IMG_20240516_100859-1-1360x1020.jpg\" alt=\"\" class=\"wp-image-20171\" srcset=\"https:\/\/www.alliancefrancaise.cz\/pardubice\/wp-content\/uploads\/2024\/06\/IMG_20240516_100859-1-1360x1020.jpg 1360w, https:\/\/www.alliancefrancaise.cz\/pardubice\/wp-content\/uploads\/2024\/06\/IMG_20240516_100859-1-460x345.jpg 460w, https:\/\/www.alliancefrancaise.cz\/pardubice\/wp-content\/uploads\/2024\/06\/IMG_20240516_100859-1-768x576.jpg 768w\" sizes=\"auto, (max-width: 1360px) 100vw, 1360px\" \/><\/figure>\n\n\n\n<figure class=\"wp-block-image size-large\"><img loading=\"lazy\" decoding=\"async\" width=\"1020\" height=\"1360\" data-id=\"20167\" src=\"https:\/\/www.alliancefrancaise.cz\/pardubice\/wp-content\/uploads\/2024\/06\/visite-crepes-1-1020x1360.jpg\" alt=\"\" class=\"wp-image-20167\" srcset=\"https:\/\/www.alliancefrancaise.cz\/pardubice\/wp-content\/uploads\/2024\/06\/visite-crepes-1-1020x1360.jpg 1020w, https:\/\/www.alliancefrancaise.cz\/pardubice\/wp-content\/uploads\/2024\/06\/visite-crepes-1-345x460.jpg 345w, https:\/\/www.alliancefrancaise.cz\/pardubice\/wp-content\/uploads\/2024\/06\/visite-crepes-1-768x1024.jpg 768w, https:\/\/www.alliancefrancaise.cz\/pardubice\/wp-content\/uploads\/2024\/06\/visite-crepes-1.jpg 1536w\" sizes=\"auto, (max-width: 1020px) 100vw, 1020px\" \/><\/figure>\n\n\n\n<figure class=\"wp-block-image size-large\"><img loading=\"lazy\" decoding=\"async\" width=\"1360\" height=\"453\" data-id=\"20165\" src=\"https:\/\/www.alliancefrancaise.cz\/pardubice\/wp-content\/uploads\/2024\/06\/Programme-mai-FACEBOOK-1360x453.png\" alt=\"\" class=\"wp-image-20165\" srcset=\"https:\/\/www.alliancefrancaise.cz\/pardubice\/wp-content\/uploads\/2024\/06\/Programme-mai-FACEBOOK-1360x453.png 1360w, https:\/\/www.alliancefrancaise.cz\/pardubice\/wp-content\/uploads\/2024\/06\/Programme-mai-FACEBOOK-460x153.png 460w, https:\/\/www.alliancefrancaise.cz\/pardubice\/wp-content\/uploads\/2024\/06\/Programme-mai-FACEBOOK-768x256.png 768w\" sizes=\"auto, (max-width: 1360px) 100vw, 1360px\" \/><\/figure>\n<\/figure>\n","protected":false},"excerpt":{"rendered":"<p>Vous souhaitez visiter l&rsquo;Alliance Fran\u00e7aise de Pardubice avec votre classe ?Ou souhaitez-vous organiser un atelier de fran\u00e7ais dans votre \u00e9cole ?Nous pr\u00e9parerons des activit\u00e9s sur mesure pour vos&#8230;<\/p>\n","protected":false},"author":4,"featured_media":0,"parent":0,"menu_order":0,"comment_status":"closed","ping_status":"closed","template":"","meta":{"_acf_changed":false,"footnotes":""},"class_list":["post-7150","page","type-page","status-publish","hentry"],"acf":[],"_links":{"self":[{"href":"https:\/\/www.alliancefrancaise.cz\/pardubice\/fr\/wp-json\/wp\/v2\/pages\/7150","targetHints":{"allow":["GET"]}}],"collection":[{"href":"https:\/\/www.alliancefrancaise.cz\/pardubice\/fr\/wp-json\/wp\/v2\/pages"}],"about":[{"href":"https:\/\/www.alliancefrancaise.cz\/pardubice\/fr\/wp-json\/wp\/v2\/types\/page"}],"author":[{"embeddable":true,"href":"https:\/\/www.alliancefrancaise.cz\/pardubice\/fr\/wp-json\/wp\/v2\/users\/4"}],"replies":[{"embeddable":true,"href":"https:\/\/www.alliancefrancaise.cz\/pardubice\/fr\/wp-json\/wp\/v2\/comments?post=7150"}],"version-history":[{"count":9,"href":"https:\/\/www.alliancefrancaise.cz\/pardubice\/fr\/wp-json\/wp\/v2\/pages\/7150\/revisions"}],"predecessor-version":[{"id":20173,"href":"https:\/\/www.alliancefrancaise.cz\/pardubice\/fr\/wp-json\/wp\/v2\/pages\/7150\/revisions\/20173"}],"wp:attachment":[{"href":"https:\/\/www.alliancefrancaise.cz\/pardubice\/fr\/wp-json\/wp\/v2\/media?parent=7150"}],"curies":[{"name":"wp","href":"https:\/\/api.w.org\/{rel}","templated":true}]}}