{"id":7152,"date":"2024-02-15T15:09:10","date_gmt":"2024-02-15T14:09:10","guid":{"rendered":"https:\/\/www.alliancefrancaise.cz\/pardubice\/?page_id=7152"},"modified":"2024-04-18T11:56:06","modified_gmt":"2024-04-18T09:56:06","slug":"traductions","status":"publish","type":"page","link":"https:\/\/www.alliancefrancaise.cz\/pardubice\/fr\/traductions\/","title":{"rendered":"Traductions"},"content":{"rendered":"\n<div class=\"wp-block-columns is-layout-flex wp-container-core-columns-is-layout-9d6595d7 wp-block-columns-is-layout-flex\">\n<div class=\"wp-block-column has-text-color has-background has-link-color wp-elements-a56702a7fc7dc40927f5686826e37140 is-layout-flow wp-block-column-is-layout-flow\" style=\"color:#000000;background-color:#d9002f1f;padding-top:2em;padding-right:2em;padding-bottom:2em;padding-left:2em\">\n<h2 class=\"wp-block-heading has-text-align-center\" id=\"single\" style=\"font-size:40px\">\u00c9tape 1<\/h2>\n\n\n\n<p class=\"has-text-align-center has-normal-font-size\" style=\"line-height:1.5\"><strong>D\u00e9finir les besoins<\/strong><\/p>\n\n\n\n<p class=\"has-text-align-center\">Envoyez votre demande de devis par e-mail (af@afpardubice.com) en joignant le scan ou la photo de vos documents \u00e0 traduire. Veuillez pr\u00e9ciser le nom du demandeur, ses coordonn\u00e9es et la date \u00e0 laquelle vous souhaitez recevoir la traduction.<\/p>\n\n\n\n<div class=\"wp-block-buttons alignfull is-horizontal is-content-justification-center is-layout-flex wp-container-core-buttons-is-layout-499968f5 wp-block-buttons-is-layout-flex\"><\/div>\n<\/div>\n\n\n\n<div class=\"wp-block-column has-text-color has-background has-link-color wp-elements-435f5820ec623947f7eec46326562441 is-layout-flow wp-block-column-is-layout-flow\" style=\"color:#000000;background-color:#d9002f1f;padding-top:2em;padding-right:2em;padding-bottom:2em;padding-left:2em\">\n<h2 class=\"wp-block-heading has-text-align-center\" id=\"family\" style=\"font-size:40px\">\u00c9tape 2<\/h2>\n\n\n\n<p class=\"has-text-align-center has-normal-font-size\" style=\"line-height:1.5\"><strong>Recevoir le devis<\/strong><\/p>\n\n\n\n<p class=\"has-text-align-center\">Apr\u00e8s avoir re\u00e7u votre demande par mail, nous vous enverrons le devis de la traduction.<\/p>\n<\/div>\n\n\n\n<div class=\"wp-block-column has-text-color has-background has-link-color wp-elements-195cbde5dd8a83116c50ccc53b4ac5a5 is-layout-flow wp-block-column-is-layout-flow\" style=\"color:#000000;background-color:#d9002f1f;padding-top:2em;padding-right:2em;padding-bottom:2em;padding-left:2em\">\n<h2 class=\"wp-block-heading has-text-align-center\" id=\"patron\" style=\"font-size:40px\">\u00c9tape 3<\/h2>\n\n\n\n<p class=\"has-text-align-center has-normal-font-size\"><strong>R\u00e9aliser le paiement<\/strong><\/p>\n\n\n\n<p class=\"has-text-align-center\">Une fois le montant, indiqu\u00e9 sur le devis, vers\u00e9, nous commencerons la traduction<\/p>\n<\/div>\n<\/div>\n\n\n\n<div class=\"wp-block-columns is-layout-flex wp-container-core-columns-is-layout-9d6595d7 wp-block-columns-is-layout-flex\">\n<div class=\"wp-block-column has-text-color has-background has-link-color wp-elements-8f573348c73699627f78fbefcdd11f39 is-layout-flow wp-block-column-is-layout-flow\" style=\"color:#000000;background-color:#d9002f1f;padding-top:2em;padding-right:2em;padding-bottom:2em;padding-left:2em\">\n<h2 class=\"wp-block-heading has-text-align-center\" id=\"single\" style=\"font-size:40px\">\u00c9tape 4<\/h2>\n\n\n\n<p class=\"has-text-align-center has-normal-font-size\" style=\"line-height:1.5\"><strong>Traduire les documents<\/strong><\/p>\n\n\n\n<p class=\"has-text-align-center\">Nous choisissons le traducteur ou la traductrice qui se chargera de la r\u00e9alisation de vos traductions<\/p>\n\n\n\n<div class=\"wp-block-buttons alignfull is-horizontal is-content-justification-center is-layout-flex wp-container-core-buttons-is-layout-499968f5 wp-block-buttons-is-layout-flex\"><\/div>\n<\/div>\n\n\n\n<div class=\"wp-block-column has-text-color has-background has-link-color wp-elements-0e3526486d72dc99a120c4b897e3e57a is-layout-flow wp-block-column-is-layout-flow\" style=\"color:#000000;background-color:#d9002f1f;padding-top:2em;padding-right:2em;padding-bottom:2em;padding-left:2em\">\n<h2 class=\"wp-block-heading has-text-align-center\" id=\"family\" style=\"font-size:40px\">\u00c9tape 5<\/h2>\n\n\n\n<p class=\"has-text-align-center has-normal-font-size\" style=\"line-height:1.5\"><strong>Recevoir les documents traduits<\/strong><\/p>\n\n\n\n<p class=\"has-text-align-center\">La r\u00e9ception des documents traduits se fait par courriel ou \u00e0 notre bureau.<\/p>\n<\/div>\n\n\n\n<div class=\"wp-block-column is-layout-flow wp-block-column-is-layout-flow\"><\/div>\n<\/div>\n","protected":false},"excerpt":{"rendered":"<p>\u00c9tape 1 D\u00e9finir les besoins Envoyez votre demande de devis par e-mail (af@afpardubice.com) en joignant le scan ou la photo de vos documents \u00e0 traduire. Veuillez pr\u00e9ciser le&#8230;<\/p>\n","protected":false},"author":4,"featured_media":0,"parent":0,"menu_order":0,"comment_status":"closed","ping_status":"closed","template":"","meta":{"_acf_changed":false,"footnotes":""},"class_list":["post-7152","page","type-page","status-publish","hentry"],"acf":[],"_links":{"self":[{"href":"https:\/\/www.alliancefrancaise.cz\/pardubice\/fr\/wp-json\/wp\/v2\/pages\/7152","targetHints":{"allow":["GET"]}}],"collection":[{"href":"https:\/\/www.alliancefrancaise.cz\/pardubice\/fr\/wp-json\/wp\/v2\/pages"}],"about":[{"href":"https:\/\/www.alliancefrancaise.cz\/pardubice\/fr\/wp-json\/wp\/v2\/types\/page"}],"author":[{"embeddable":true,"href":"https:\/\/www.alliancefrancaise.cz\/pardubice\/fr\/wp-json\/wp\/v2\/users\/4"}],"replies":[{"embeddable":true,"href":"https:\/\/www.alliancefrancaise.cz\/pardubice\/fr\/wp-json\/wp\/v2\/comments?post=7152"}],"version-history":[{"count":2,"href":"https:\/\/www.alliancefrancaise.cz\/pardubice\/fr\/wp-json\/wp\/v2\/pages\/7152\/revisions"}],"predecessor-version":[{"id":19670,"href":"https:\/\/www.alliancefrancaise.cz\/pardubice\/fr\/wp-json\/wp\/v2\/pages\/7152\/revisions\/19670"}],"wp:attachment":[{"href":"https:\/\/www.alliancefrancaise.cz\/pardubice\/fr\/wp-json\/wp\/v2\/media?parent=7152"}],"curies":[{"name":"wp","href":"https:\/\/api.w.org\/{rel}","templated":true}]}}