{"id":19494,"date":"2024-04-02T10:16:00","date_gmt":"2024-04-02T08:16:00","guid":{"rendered":"https:\/\/www.alliancefrancaise.cz\/pardubice\/?page_id=19494"},"modified":"2024-04-24T11:01:16","modified_gmt":"2024-04-24T09:01:16","slug":"gdpr","status":"publish","type":"page","link":"https:\/\/www.alliancefrancaise.cz\/pardubice\/gdpr\/","title":{"rendered":"Ochrana osobn\u00edch \u00fadaj\u016f"},"content":{"rendered":"\n<h2 class=\"wp-block-heading\">Z\u00e1sady zpracov\u00e1n\u00ed osobn\u00edch \u00fadaj\u016f ve spolku Alliance Fran\u00e7aise de Pardubice, z. s.<\/h2>\n\n\n\n<p>(\u00fa\u010dinnost od 1. 1. 2023)<\/p>\n\n\n\n<p>Spolek:<\/p>\n\n\n\n<p>Alliance Fran\u00e7aise de Pardubice, z. s., I\u010cO: 68209410, se s\u00eddlem: Kl\u00e1\u0161tern\u00ed 54, 530 02 Pardubice, zapsan\u00fd ve spolkov\u00e9m rejst\u0159\u00edku veden\u00e9m Krajsk\u00fdm soudem v Hradci Kr\u00e1lov\u00e9, odd\u00edl L3458, vlo\u017eka 3458 (d\u00e1le jen \u201espolek\u201c nebo \u201espr\u00e1vce\u201c),<\/p>\n\n\n\n<p>v souladu s na\u0159\u00edzen\u00edm Evropsk\u00e9ho parlamentu a Rady (EU) \u010d. 2016\/679 ze dne 27. 4. 2016 o ochran\u011b osobn\u00edch \u00fadaj\u016f (tzv. \u201eGDPR\u201c, d\u00e1le jen \u201eNa\u0159\u00edzen\u00ed\u201c) t\u00edmto poskytuje informace o z\u00e1sad\u00e1ch, kter\u00e9 jako spr\u00e1vce osobn\u00edch \u00fadaj\u016f podle obecn\u011b z\u00e1vazn\u00fdch pr\u00e1vn\u00edch p\u0159edpis\u016f na ochranu osobn\u00edch \u00fadaj\u016f zachov\u00e1v\u00e1 p\u0159i zpracov\u00e1n\u00ed osobn\u00edch \u00fadaj\u016f fyzick\u00fdch osob, k \u010demu\u017e doch\u00e1z\u00ed p\u0159i provozov\u00e1n\u00ed jeho \u010dinnosti s t\u00edmto souvisej\u00edc\u00edch (d\u00e1le jen \u201eZ\u00e1sady\u201c).<\/p>\n\n\n\n<p>Pojmy, kter\u00e9 nejsou v t\u011bchto Z\u00e1sad\u00e1ch, resp. v dal\u0161\u00edch dokumentech, na n\u011b\u017e tyto Z\u00e1sady odkazuj\u00ed, v\u00fdslovn\u011b definov\u00e1ny, maj\u00ed v\u00fdznam vych\u00e1zej\u00edc\u00ed z Na\u0159\u00edzen\u00ed.<\/p>\n\n\n\n<p>I. Komunikace ve spolku ve v\u011bci osobn\u00edch \u00fadaj\u016f<\/p>\n\n\n\n<p>1. Se spolkem lze ve v\u011bci ochrany osobn\u00edch \u00fadaj\u016f komunikovat:<\/p>\n\n\n\n<p>p\u00edsemn\u011b \u2013 zpr\u00e1vou zaslanou na adresu Alliance Fran\u00e7aise de Pardubice, Kl\u00e1\u0161tern\u00ed 54, Pardubice 530 02, nebo na e-mailovou adresu: direction.pardubice@alliancefrancaise.cz,<br>osobn\u011b \u2013 po p\u0159edchoz\u00ed domluv\u011b.<\/p>\n\n\n\n<p>2. P\u0159\u00edpadn\u011b lze vyu\u017e\u00edt kontaktn\u00edch \u00fadaj\u016f uveden\u00fdch na webov\u00fdch str\u00e1nk\u00e1ch spolku AF Pardubice.<\/p>\n\n\n\n<p>II. \u00da\u010dely zpracov\u00e1n\u00ed osobn\u00edch \u00fadaj\u016f<\/p>\n\n\n\n<p>1. Spolek zpracov\u00e1v\u00e1 osobn\u00ed \u00fadaje v\u017edy na z\u00e1klad\u011b p\u0159edem ur\u010den\u00e9ho legitimn\u00edho \u00fa\u010delu, kter\u00fd je subjekt\u016fm \u00fadaj\u016f z\u0159ejm\u00fd.<\/p>\n\n\n\n<p>2. Osobn\u00ed \u00fadaje je mo\u017en\u00e9 zpracov\u00e1vat p\u0159\u00edmo na z\u00e1klad\u011b smlouvy, opr\u00e1vn\u011bn\u00e9ho z\u00e1jmu spolku nebo na z\u00e1klad\u011b z\u00e1kona, tud\u00ed\u017e bez nutnosti obstar\u00e1n\u00ed souhlasu subjektu \u00fadaj\u016f.<\/p>\n\n\n\n<p>3. Spolek zpracov\u00e1v\u00e1 osobn\u00ed \u00fadaje pro \u00fa\u010dely:<\/p>\n\n\n\n<p>prezentace spolku a jeho propagace dle \u00fa\u010delu uveden\u00e9ho ve spolkov\u00e9m rejst\u0159\u00edku,<br>datab\u00e1ze p\u0159\u00edjemc\u016f poskytovan\u00fdch slu\u017eeb (jazykov\u00e9 a vzd\u011bl\u00e1vac\u00ed kurzy, zkou\u0161ky, sout\u011b\u017ee, kulturn\u00ed a jin\u00e9 spole\u010densky prosp\u011b\u0161n\u00e9 akce),<br>datab\u00e1ze \u010dlen\u016f spolku,<br>datab\u00e1ze dr\u017eitel\u016f v\u011brnostn\u00ed karty AF Pardubice,<br>datab\u00e1ze vyu\u010duj\u00edc\u00edch francouz\u0161tiny a dal\u0161\u00edch subjekt\u016f p\u016fsob\u00edc\u00edch v oblasti vzd\u011bl\u00e1v\u00e1n\u00ed a kultury,<br>datab\u00e1ze podnikatelsk\u00fdch subjekt\u016f p\u016fsob\u00edc\u00edch v oblasti obchodn\u00edch vztah\u016f mezi \u010ceskou republikou a Franci\u00ed,<br>uzav\u00edr\u00e1n\u00ed a pln\u011bn\u00ed smluv s obchodn\u00edmi partnery a partnersk\u00fdmi institucemi,<br>statistick\u00e9 v\u00fdkazy,<br>pln\u011bn\u00ed pracovn\u011bpr\u00e1vn\u00edch a dal\u0161\u00edch z\u00e1konn\u00fdch povinnost\u00ed,<br>p\u0159\u00edm\u00fd marketing,<br>zas\u00edl\u00e1n\u00ed newsletter\u016f,<br>informov\u00e1n\u00ed o vzd\u011bl\u00e1vac\u00edch, kulturn\u00edch a dal\u0161\u00edch aktivit\u00e1ch spolku a partnersk\u00fdch instituc\u00ed.<\/p>\n\n\n\n<p>III. Pr\u00e1vn\u00ed z\u00e1klad pro zpracov\u00e1n\u00ed osobn\u00edch \u00fadaj\u016f<\/p>\n\n\n\n<p>1. Zpracov\u00e1n\u00ed osobn\u00edch \u00fadaj\u016f bude spolek prov\u00e1d\u011bt na tomto pr\u00e1vn\u00edm z\u00e1klad\u011b:<\/p>\n\n\n\n<p>zpracov\u00e1n\u00ed je nezbytn\u00e9 pro spln\u011bn\u00ed smlouvy, jej\u00ed\u017e smluvn\u00ed stranou je subjekt \u00fadaj\u016f, nebo pro proveden\u00ed opat\u0159en\u00ed p\u0159ijat\u00fdch p\u0159ed uzav\u0159en\u00edm smlouvy na \u017e\u00e1dost tohoto subjektu \u00fadaj\u016f,<br>zpracov\u00e1n\u00ed je nezbytn\u00e9 pro spln\u011bn\u00ed pr\u00e1vn\u00ed povinnosti, kter\u00e1 se na spr\u00e1vce vztahuje,<br>zpracov\u00e1n\u00ed je nezbytn\u00e9 pro \u00fa\u010dely opr\u00e1vn\u011bn\u00fdch z\u00e1jm\u016f spr\u00e1vce \u010di t\u0159et\u00ed strany.<\/p>\n\n\n\n<p>2. Ke zpracov\u00e1n\u00ed v t\u011bchto p\u0159\u00edpadech nen\u00ed t\u0159eba souhlasu subjektu \u00fadaj\u016f.<\/p>\n\n\n\n<p>3. V p\u0159\u00edpad\u011b zpracov\u00e1n\u00ed osobn\u00edch \u00fadaj\u016f pro \u00fa\u010dely opr\u00e1vn\u011bn\u00fdch z\u00e1jm\u016f spr\u00e1vce \u010di t\u0159et\u00ed strany se bude jednat zpravidla o n\u011bkter\u00fd z t\u011bchto z\u00e1jm\u016f:<\/p>\n\n\n\n<p>prezentace spolku a jeho propagace dle \u00fa\u010delu uveden\u00e9ho ve spolkov\u00e9m rejst\u0159\u00edku,<br>veden\u00ed datab\u00e1ze p\u0159\u00edjemc\u016f slu\u017eeb poskytovan\u00fdch spolkem,<br>veden\u00ed datab\u00e1ze \u010dlen\u016f spolku,<br>veden\u00ed datab\u00e1ze dr\u017eitel\u016f v\u011brnostn\u00ed karty AF Pardubice,<br>veden\u00ed datab\u00e1ze vyu\u010duj\u00edc\u00edch francouz\u0161tiny a dal\u0161\u00edch subjekt\u016f p\u016fsob\u00edc\u00edch v oblasti vzd\u011bl\u00e1v\u00e1n\u00ed a kultury,<br>veden\u00ed datab\u00e1ze podnikatelsk\u00fdch subjekt\u016f p\u016fsob\u00edc\u00edch v oblasti obchodn\u00edch vztah\u016f mezi \u010ceskou republikou a Franci\u00ed,<br>statistick\u00e9 v\u00fdkazy,<br>p\u0159\u00edm\u00fd marketing,<br>zas\u00edl\u00e1n\u00ed newsletter\u016f,<br>informov\u00e1n\u00ed o vzd\u011bl\u00e1vac\u00edch, kulturn\u00edch a dal\u0161\u00edch aktivit\u00e1ch spolku a partnersk\u00fdch instituc\u00ed.<\/p>\n\n\n\n<p>IV. Kategorie zpracov\u00e1van\u00fdch osobn\u00edch \u00fadaj\u016f<\/p>\n\n\n\n<p>1. Pro jednotliv\u00e9 \u00fa\u010dely spolek zpracov\u00e1v\u00e1 zejm\u00e9na n\u00e1sleduj\u00edc\u00ed kategorie osobn\u00edch \u00fadaj\u016f, nebo n\u011bkter\u00e9 z nich:<\/p>\n\n\n\n<p>identifika\u010dn\u00ed \u00fadaje (jm\u00e9no, p\u0159\u00edjmen\u00ed, p\u0159\u00edp. rodn\u00e9 p\u0159\u00edjmen\u00ed, rodn\u00e9 \u010d\u00edslo, st\u00e1tn\u00ed ob\u010danstv\u00ed, datum a m\u00edsto narozen\u00ed, adresa trval\u00e9ho pobytu, kontaktn\u00ed adresa),<br>pohlav\u00ed,<br>osobn\u00ed stav,<br>telefonn\u00ed \u010d\u00edslo,<br>e-mail,<br>fotografie, videoz\u00e1znam a\/nebo audioz\u00e1znam,<br>socioprofesn\u00ed skupina,<br>\u010d\u00edslo bankovn\u00edho \u00fa\u010dtu,<br>\u00farove\u0148 znalosti francouz\u0161tiny,<br>diplomy a dal\u0161\u00ed certifik\u00e1ty obsahuj\u00edc\u00ed osobn\u00ed \u00fadaje dle p\u00edsm. a) a i).<\/p>\n\n\n\n<p>2. Rozsah zpracov\u00e1van\u00fdch \u00fadaj\u016f z\u00e1vis\u00ed v\u017edy na tom, kter\u00e9ho \u00fa\u010delu se zpracov\u00e1n\u00ed t\u00fdk\u00e1, av\u0161ak v\u017edy se \u0159\u00edd\u00ed z\u00e1sadou minimalizace \u00fadaj\u016f vypl\u00fdvaj\u00edc\u00edch z Na\u0159\u00edzen\u00ed.<\/p>\n\n\n\n<p>V. Kategorie p\u0159\u00edjemc\u016f osobn\u00edch \u00fadaj\u016f<\/p>\n\n\n\n<p>1. V r\u00e1mci zpracov\u00e1n\u00ed osobn\u00edch \u00fadaj\u016f m\u016f\u017ee doch\u00e1zet k jejich zp\u0159\u00edstupn\u011bn\u00ed dal\u0161\u00edm subjekt\u016fm, tzv. p\u0159\u00edjemc\u016fm. Jedn\u00e1 se bu\u010f o subjekty, kter\u00e9 se pod\u00edl\u00ed na n\u011bkter\u00e9 d\u00edl\u010d\u00ed \u010dinnosti zpracov\u00e1n\u00ed, tzv. zpracovatele, nebo o subjekty, kterou mohou m\u00edt zp\u0159\u00edstupn\u011bny \u00fadaje ad hoc v d\u016fsledku sb\u011bru statistick\u00fdch dat.<\/p>\n\n\n\n<p>Spolek ve shora uveden\u00e9m smyslu m\u016f\u017ee poskytnout osobn\u00ed \u00fadaje t\u011bmto kategori\u00edm p\u0159\u00edjemc\u016f:<\/p>\n\n\n\n<p>spole\u010dnost Delalande, s.r.o.,<br>Fondation Alliance Fran\u00e7aise,<br>Francouzsk\u00e9mu velvyslanectv\u00ed v \u010cesk\u00e9 republice a Francouzsk\u00e9mu institutu v Praze,<br>CIEP (Centre international d\u2019\u00e9tudes p\u00e9dagogiques, Francie),<br>CCI Paris \u00cele-de-France,<br>bank\u00e1m (v r\u00e1mci zaji\u0161\u0165ov\u00e1n\u00ed platebn\u00edho styku),<br>spr\u00e1vc\u016fm informa\u010dn\u00edch syst\u00e9m\u016f (v r\u00e1mci \u00fadr\u017eby, podpory a rozvoje vyu\u017e\u00edvan\u00fdch informa\u010dn\u00edch syst\u00e9m\u016f),<br>pr\u00e1vn\u00edm a ostatn\u00edm odborn\u00fdm poradc\u016fm a z\u00e1stupc\u016fm (pro pln\u011bn\u00ed z\u00e1konn\u00e9 povinnosti a pro \u00fa\u010dely opr\u00e1vn\u011bn\u00fdch z\u00e1jm\u016f spr\u00e1vce),<br>poji\u0161\u0165ovn\u00e1m (v r\u00e1mci \u0159e\u0161en\u00ed pojistn\u00fdch ud\u00e1lost\u00ed),<br>org\u00e1n\u016fm \u010dinn\u00fdm v trestn\u00edm \u0159\u00edzen\u00ed a ostatn\u00edm org\u00e1n\u016fm st\u00e1tn\u00ed spr\u00e1vy (v r\u00e1mci pln\u011bn\u00ed z\u00e1konn\u00e9 povinnosti,<br>soud\u016fm a exekutor\u016fm (v souvislosti s uplatn\u011bn\u00fdmi n\u00e1roky).<\/p>\n\n\n\n<p>V\u0161ichni zam\u011bstnanci spolku jsou p\u0159i zpracov\u00e1n\u00ed osobn\u00edch \u00fadaj\u016f povinni \u0159\u00eddit se pokyny ohledn\u011b zpracov\u00e1n\u00ed a zachov\u00e1vat ml\u010denlivost o osobn\u00edch \u00fadaj\u00edch, kter\u00e9 p\u0159i v\u00fdkonu sv\u00e9 pracovn\u00ed \u010dinnosti zpracov\u00e1vaj\u00ed.<\/p>\n\n\n\n<p>Pokud by spolek s\u00e1m byl v pozici zpracovatele, nezapoj\u00ed do zpracov\u00e1n\u00ed \u017e\u00e1dn\u00e9ho dal\u0161\u00edho zpracovatele bez p\u0159edchoz\u00edho konkr\u00e9tn\u00edho nebo obecn\u00e9ho p\u00edsemn\u00e9ho povolen\u00ed p\u0159\u00edslu\u0161n\u00e9ho spr\u00e1vce \u00fadaj\u016f.<\/p>\n\n\n\n<p>VI. Doba ulo\u017een\u00ed osobn\u00edch \u00fadaj\u016f<\/p>\n\n\n\n<p>1. Osobn\u00ed \u00fadaje jsou ulo\u017eeny v souladu se z\u00e1sadou omezen\u00ed ulo\u017een\u00ed vypl\u00fdvaj\u00edc\u00ed z Na\u0159\u00edzen\u00ed, tzn. pouze po dobu, je\u017e je nezbytn\u00e1 pro \u00fa\u010dely, pro kter\u00e9 jsou zpracov\u00e1v\u00e1ny.<\/p>\n\n\n\n<p>2. Po uplynut\u00ed doby ulo\u017een\u00ed jsou osobn\u00ed \u00fadaje bu\u010f vymaz\u00e1ny, nebo anonymizov\u00e1ny.<\/p>\n\n\n\n<p>3. Pro jednotliv\u00e9 \u00fa\u010dely zpracov\u00e1n\u00ed jsou ur\u010dena samostatn\u00e1 krit\u00e9ria pro stanoven\u00ed doby ulo\u017een\u00ed osobn\u00edch \u00fadaj\u016f, z nich\u017e vypl\u00fdvaj\u00ed n\u00e1sleduj\u00edc\u00ed doby:<\/p>\n\n\n\n<p>u poskytov\u00e1n\u00ed slu\u017eeb jsou osobn\u00ed \u00fadaje t\u00fdkaj\u00edc\u00ed se poskytovatel\u016f slu\u017eeb, kte\u0159\u00ed maj\u00ed spln\u011bny ve\u0161ker\u00e9 sv\u00e9 z\u00e1vazky v\u016f\u010di spolku, ulo\u017eeny po dobu 3 let ode dne ukon\u010den\u00ed posledn\u00ed smlouvy poskytovatele slu\u017eeb se spolkem (ne\u0159\u00edk\u00e1-li z\u00e1kon jinak); v ostatn\u00edch p\u0159\u00edpadech jsou osobn\u00ed \u00fadaje ulo\u017eeny po dobu 3 let ode dne spln\u011bn\u00ed posledn\u00edho ze z\u00e1vazk\u016f poskytovatele v\u016f\u010di spolku (ne\u0159\u00edk\u00e1-li z\u00e1kon jinak); osobn\u00ed \u00fadaje z\u00e1jemc\u016f o slu\u017eby spolku, kde nedo\u0161lo k uzav\u0159en\u00ed smlouvy o poskytov\u00e1n\u00ed slu\u017eeb, jsou ulo\u017eeny po dobu 1 roku od skon\u010den\u00ed jedn\u00e1n\u00ed o uzav\u0159en\u00ed smlouvy o poskytov\u00e1n\u00ed slu\u017eeb,<\/p>\n\n\n\n<p>u pln\u011bn\u00ed smluv se smluvn\u00edmi partnery jsou osobn\u00ed \u00fadaje t\u00fdkaj\u00edc\u00ed se smluvn\u00edch partner\u016f ulo\u017eeny po dobu 3 let od ukon\u010den\u00ed p\u0159\u00edslu\u0161n\u00e9 smlouvy; v p\u0159\u00edpad\u011b existence sporn\u00fdch pr\u00e1v vypl\u00fdvaj\u00edc\u00edch ze smluvn\u00edho \u010di mimosmluvn\u00edho z\u00e1vazku jsou osobn\u00ed \u00fadaje ulo\u017eeny po dobu nezbytnou k \u0159\u00e1dn\u00e9mu veden\u00ed sporu a vypo\u0159\u00e1d\u00e1n\u00ed sporn\u00fdch pr\u00e1v,<\/p>\n\n\n\n<p>u pln\u011bn\u00ed z\u00e1konn\u00fdch a pracovn\u011bpr\u00e1vn\u00edch povinnost\u00ed jsou \u00fadaje ulo\u017eeny po dobu stanovenou z\u00e1konem.<\/p>\n\n\n\n<p>VII. Pr\u00e1va subjekt\u016f \u00fadaj\u016f<\/p>\n\n\n\n<p>Na\u0159\u00edzen\u00ed zakl\u00e1d\u00e1 subjekt\u016fm \u00fadaj\u016f v souvislosti se zpracov\u00e1n\u00edm jejich osobn\u00edch \u00fadaj\u016f n\u00e1sleduj\u00edc\u00ed pr\u00e1va:<\/p>\n\n\n\n<p>1. Pr\u00e1vo na p\u0159\u00edstup k osobn\u00edm \u00fadaj\u016fm<\/p>\n\n\n\n<p>Subjekt \u00fadaj\u016f m\u00e1 pr\u00e1vo na p\u0159\u00edstup k osobn\u00edm \u00fadaj\u016fm, kter\u00e9 zahrnuje jednak pr\u00e1vo z\u00edskat od spolku potvrzen\u00ed, zda osobn\u00ed \u00fadaje, kter\u00e9 se jej t\u00fdkaj\u00ed, jsou \u010di nejsou zpracov\u00e1v\u00e1ny, a pokud je tomu tak, pak m\u00e1 pr\u00e1vo z\u00edskat p\u0159\u00edstup k t\u011bmto osobn\u00edm \u00fadaj\u016f a k t\u011bmto informac\u00edm:<\/p>\n\n\n\n<p>o \u00fa\u010delech zpracov\u00e1n\u00ed,<br>o kategori\u00edch dot\u010den\u00fdch osobn\u00edch \u00fadaj\u016f,<br>o p\u0159\u00edjemci \u010di kategori\u00edch p\u0159\u00edjemc\u016f, kter\u00fdm osobn\u00ed \u00fadaje byly nebo budou zp\u0159\u00edstupn\u011bny,<br>o pl\u00e1novan\u00e9 dob\u011b ulo\u017een\u00ed osobn\u00edch \u00fadaj\u016f,<br>o existenci pr\u00e1va po\u017eadovat od spr\u00e1vce opravu nebo v\u00fdmaz osobn\u00edch \u00fadaj\u016f t\u00fdkaj\u00edc\u00edch se subjektu \u00fadaj\u016f nebo omezen\u00ed jejich zpracov\u00e1n\u00ed nebo vzn\u00e9st n\u00e1mitku proti tomuto zpracov\u00e1n\u00ed,<br>o pr\u00e1vu podat st\u00ed\u017enost u dozorov\u00e9ho \u00fa\u0159adu,<br>o ve\u0161ker\u00fdch dostupn\u00fdch informac\u00edch o zdroji osobn\u00edch \u00fadaj\u016f, pokud nejsou z\u00edsk\u00e1ny od subjektu \u00fadaj\u016f,<br>o pr\u00e1vu z\u00edskat kopii zpracov\u00e1van\u00fdch osobn\u00edch \u00fadaj\u016f, pokud t\u00edm nebudou nep\u0159\u00edzniv\u011b dot\u010dena pr\u00e1va a svobody jin\u00fdch osob.<\/p>\n\n\n\n<p>V p\u0159\u00edpad\u011b opakovan\u00e9 \u017e\u00e1dosti o kopie \u00fadaj\u016f bude spolek opr\u00e1vn\u011bn \u00fa\u010dtovat p\u0159im\u011b\u0159en\u00fd poplatek.<\/p>\n\n\n\n<p>Jestli\u017ee subjekt \u00fadaj\u016f po\u017e\u00e1d\u00e1 o poskytnut\u00ed v elektronick\u00e9 form\u011b, poskytnou se informace v elektronick\u00e9 form\u011b, kter\u00e1 se b\u011b\u017en\u011b pou\u017e\u00edv\u00e1.<\/p>\n\n\n\n<p>2. Pr\u00e1vo na opravu<\/p>\n\n\n\n<p>Subjekt \u00fadaj\u016f m\u00e1 pr\u00e1vo na to, aby spolek bez zbyte\u010dn\u00e9ho odkladu opravil nep\u0159esn\u00e9 osobn\u00ed \u00fadaje, kter\u00e9 se subjektu \u00fadaj\u016f t\u00fdkaj\u00ed.<\/p>\n\n\n\n<p>Subjekt \u00fadaj\u016f m\u00e1 pr\u00e1vo s p\u0159ihl\u00e9dnut\u00edm k \u00fa\u010del\u016fm zpracov\u00e1n\u00ed na dopln\u011bn\u00ed ne\u00fapln\u00fdch osobn\u00edch \u00fadaj\u016f, a to poskytnut\u00edm dodate\u010dn\u00e9ho prohl\u00e1\u0161en\u00ed.<\/p>\n\n\n\n<p>3. Pr\u00e1vo na v\u00fdmaz<\/p>\n\n\n\n<p>Subjekt \u00fadaj\u016f m\u00e1 z d\u016fvod\u016f uveden\u00fdch v \u010dl. 17 Na\u0159\u00edzen\u00ed pr\u00e1vo na v\u00fdmaz osobn\u00edch \u00fadaj\u016f, kter\u00e9 se ho t\u00fdkaj\u00ed, a spolek je bez zbyte\u010dn\u00e9ho odkladu vyma\u017ee, pokud nen\u00ed zpracov\u00e1n\u00ed nezbytn\u00e9 z n\u011bkter\u00e9ho z d\u016fvod\u016f uveden\u00e9ho v Na\u0159\u00edzen\u00ed.<\/p>\n\n\n\n<p>Jestli\u017ee byly osobn\u00ed \u00fadaje, kter\u00e9 maj\u00ed b\u00fdt vymaz\u00e1ny, spr\u00e1vcem zve\u0159ejn\u011bny, p\u0159ijme s ohledem na dostupnou technologii a n\u00e1klady na proveden\u00ed p\u0159im\u011b\u0159en\u00e9 kroky, v\u010detn\u011b technick\u00fdch opat\u0159en\u00ed, aby informoval spr\u00e1vce, kte\u0159\u00ed tyto osobn\u00ed \u00fadaje zpracov\u00e1vaj\u00ed, \u017ee je subjekt \u00fadaj\u016f \u017e\u00e1d\u00e1.<\/p>\n\n\n\n<p>4. Pr\u00e1vo na omezen\u00ed zpracov\u00e1n\u00ed<\/p>\n\n\n\n<p>Subjekt \u00fadaj\u016f m\u00e1 pr\u00e1vo na to, aby spolek omezil zpracov\u00e1n\u00ed jeho osobn\u00edch \u00fadaj\u016f v kter\u00e9mkoli z p\u0159\u00edpad\u016f uveden\u00fdch v \u010dl. 18 Na\u0159\u00edzen\u00ed.<\/p>\n\n\n\n<p>Pokud je zpracov\u00e1n\u00ed omezeno, m\u016f\u017ee spolek zpracov\u00e1vat dan\u00e9 osobn\u00ed \u00fadaje jen za podm\u00ednek uveden\u00fdch v Na\u0159\u00edzen\u00ed.<\/p>\n\n\n\n<p>5. Pr\u00e1vo vzn\u00e9st n\u00e1mitku<\/p>\n\n\n\n<p>Subjekt \u00fadaj\u016f m\u00e1 pr\u00e1vo kdykoli vzn\u00e9st n\u00e1mitku proti zpracov\u00e1n\u00ed osobn\u00edch \u00fadaj\u016f, kter\u00e9 se ho t\u00fdkaj\u00ed, pro \u00fa\u010dely p\u0159\u00edm\u00e9ho marketingu, co\u017e zahrnuje i profilov\u00e1n\u00ed (pokud se t\u00fdk\u00e1 tohoto p\u0159\u00edm\u00e9ho marketingu), a d\u00e1le proti zas\u00edl\u00e1n\u00ed newsletter\u016f a proti informov\u00e1n\u00ed o vzd\u011bl\u00e1vac\u00edch, kulturn\u00edch a dal\u0161\u00edch aktivit\u00e1ch spolku a jeho partnersk\u00fdch instituc\u00ed.<\/p>\n\n\n\n<p>Pokud subjekt \u00fadaj\u016f vznese n\u00e1mitku proti zpracov\u00e1n\u00ed pro \u00fa\u010dely p\u0159\u00edm\u00e9ho marketingu, zas\u00edl\u00e1n\u00ed newsletter\u016f a informov\u00e1n\u00ed o vzd\u011bl\u00e1vac\u00edch, kulturn\u00edch a dal\u0161\u00edch aktivit\u00e1ch spolku a jeho partnersk\u00fdch instituc\u00ed, nebudou ji\u017e osobn\u00ed \u00fadaje pro tyto p\u0159\u00edpady zpracov\u00e1v\u00e1ny.<\/p>\n\n\n\n<p>6. Pr\u00e1vo podat st\u00ed\u017enost u dozorov\u00e9ho org\u00e1nu<\/p>\n\n\n\n<p>Subjekt \u00fadaj\u016f m\u00e1 pr\u00e1vo podat st\u00ed\u017enost u dozorov\u00e9ho org\u00e1nu, pokud se domn\u00edv\u00e1, \u017ee zpracov\u00e1n\u00edm jeho osobn\u00edch \u00fadaj\u016f je poru\u0161eno Na\u0159\u00edzen\u00ed.<\/p>\n\n\n\n<p>Dozorov\u00fdm \u00fa\u0159adem \u010cesk\u00e9 republiky je \u00da\u0159ad pro ochranu osobn\u00edch \u00fadaj\u016f (<a href=\"http:\/\/www.uoou.cz\/\" rel=\"noreferrer noopener\" target=\"_blank\">www.uoou.cz<\/a>).<\/p>\n\n\n\n<p>Alliance Fran\u00e7aise de Pardubice, z. s.<\/p>\n","protected":false},"excerpt":{"rendered":"<p>Z\u00e1sady zpracov\u00e1n\u00ed osobn\u00edch \u00fadaj\u016f ve spolku Alliance Fran\u00e7aise de Pardubice, z. s. (\u00fa\u010dinnost od 1. 1. 2023) Spolek: Alliance Fran\u00e7aise de Pardubice, z. s., I\u010cO: 68209410, se s\u00eddlem:&#8230;<\/p>\n","protected":false},"author":1,"featured_media":0,"parent":0,"menu_order":0,"comment_status":"closed","ping_status":"closed","template":"","meta":{"_acf_changed":false,"footnotes":""},"class_list":["post-19494","page","type-page","status-publish","hentry"],"acf":[],"_links":{"self":[{"href":"https:\/\/www.alliancefrancaise.cz\/pardubice\/wp-json\/wp\/v2\/pages\/19494","targetHints":{"allow":["GET"]}}],"collection":[{"href":"https:\/\/www.alliancefrancaise.cz\/pardubice\/wp-json\/wp\/v2\/pages"}],"about":[{"href":"https:\/\/www.alliancefrancaise.cz\/pardubice\/wp-json\/wp\/v2\/types\/page"}],"author":[{"embeddable":true,"href":"https:\/\/www.alliancefrancaise.cz\/pardubice\/wp-json\/wp\/v2\/users\/1"}],"replies":[{"embeddable":true,"href":"https:\/\/www.alliancefrancaise.cz\/pardubice\/wp-json\/wp\/v2\/comments?post=19494"}],"version-history":[{"count":3,"href":"https:\/\/www.alliancefrancaise.cz\/pardubice\/wp-json\/wp\/v2\/pages\/19494\/revisions"}],"predecessor-version":[{"id":19740,"href":"https:\/\/www.alliancefrancaise.cz\/pardubice\/wp-json\/wp\/v2\/pages\/19494\/revisions\/19740"}],"wp:attachment":[{"href":"https:\/\/www.alliancefrancaise.cz\/pardubice\/wp-json\/wp\/v2\/media?parent=19494"}],"curies":[{"name":"wp","href":"https:\/\/api.w.org\/{rel}","templated":true}]}}