{"id":20050,"date":"2024-06-27T15:39:57","date_gmt":"2024-06-27T13:39:57","guid":{"rendered":"https:\/\/www.alliancefrancaise.cz\/pardubice\/?page_id=20050"},"modified":"2024-06-27T16:56:37","modified_gmt":"2024-06-27T14:56:37","slug":"uroven-a1","status":"publish","type":"page","link":"https:\/\/www.alliancefrancaise.cz\/pardubice\/uvod-3\/uroven-a1\/","title":{"rendered":"\u00darove\u0148 A1"},"content":{"rendered":"\n<div class=\"wp-block-columns is-layout-flex wp-container-core-columns-is-layout-9d6595d7 wp-block-columns-is-layout-flex\">\n<div class=\"wp-block-column is-layout-flow wp-block-column-is-layout-flow\" style=\"flex-basis:33.33%\">\n<figure class=\"wp-block-image size-full\"><img loading=\"lazy\" decoding=\"async\" width=\"953\" height=\"498\" src=\"https:\/\/www.alliancefrancaise.cz\/pardubice\/wp-content\/uploads\/2024\/06\/image-13.png\" alt=\"\" class=\"wp-image-20111\" srcset=\"https:\/\/www.alliancefrancaise.cz\/pardubice\/wp-content\/uploads\/2024\/06\/image-13.png 953w, https:\/\/www.alliancefrancaise.cz\/pardubice\/wp-content\/uploads\/2024\/06\/image-13-460x240.png 460w, https:\/\/www.alliancefrancaise.cz\/pardubice\/wp-content\/uploads\/2024\/06\/image-13-768x401.png 768w\" sizes=\"auto, (max-width: 953px) 100vw, 953px\" \/><\/figure>\n<\/div>\n\n\n\n<div class=\"wp-block-column is-layout-flow wp-block-column-is-layout-flow\" style=\"flex-basis:66.66%\">\n<h3 class=\"wp-block-heading\">Porozum\u011bn\u00ed<\/h3>\n\n\n\n<p><strong>Poslech:&nbsp;<\/strong>Rozum\u00edm zn\u00e1m\u00fdm slov\u016fm a zcela z\u00e1kladn\u00edm fr\u00e1z\u00edm t\u00fdkaj\u00edc\u00edm se m\u00e9 osoby, m\u00e9 rodiny a bezprost\u0159edn\u00edho konkr\u00e9tn\u00edho okol\u00ed, pokud lid\u00e9 hovo\u0159\u00ed pomalu a z\u0159eteln\u011b.&nbsp;<br><strong>\u010cten\u00ed:<\/strong>&nbsp;Rozum\u00edm zn\u00e1m\u00fdm jm\u00e9n\u016fm, slov\u016fm a velmi jednoduch\u00fdm v\u011bt\u00e1m, nap\u0159\u00edklad na v\u00fdv\u011bsk\u00e1ch, plak\u00e1tech nebo v kataloz\u00edch.<\/p>\n\n\n\n<h3 class=\"wp-block-heading\"><strong>Mluven\u00ed<\/strong><\/h3>\n\n\n\n<p><strong>\u00dastn\u00ed interakce:<\/strong>&nbsp;Um\u00edm se jednoduch\u00fdm zp\u016fsobem domluvit, je-li m\u016fj partner ochoten zopakovat pomaleji svou v\u00fdpov\u011b\u010f nebo ji p\u0159eformulovat a pomoci mi formulovat, co se sna\u017e\u00edm \u0159\u00edci. Um\u00edm kl\u00e1st jednoduch\u00e9 ot\u00e1zky a na podobn\u00e9 ot\u00e1zky odpov\u00eddat, pokud se t\u00fdkaj\u00ed m\u00fdch z\u00e1kladn\u00edch pot\u0159eb nebo jde-li o v\u011bci, je\u017e jsou mi d\u016fv\u011brn\u011b zn\u00e1m\u00e9.&nbsp;<br><strong>Samostatn\u00fd \u00fastn\u00ed projev:<\/strong>&nbsp;Um\u00edm jednoduch\u00fdmi fr\u00e1zemi a v\u011btami popsat m\u00edsto, kde \u017eiji, a lidi, kter\u00e9 zn\u00e1m.<\/p>\n\n\n\n<h3 class=\"wp-block-heading\"><strong>Psan\u00ed<\/strong><\/h3>\n\n\n\n<p><strong>P\u00edsemn\u00fd projev:<\/strong>&nbsp;Um\u00edm napsat stru\u010dn\u00fd jednoduch\u00fd text na pohlednici, nap\u0159\u00edklad pozdrav z dovolen\u00e9. Um\u00edm vyplnit formul\u00e1\u0159e obsahuj\u00edc\u00ed osobn\u00ed \u00fadaje, nap\u0159\u00edklad sv\u00e9 jm\u00e9no, n\u00e1rodnost a adresu p\u0159i p\u0159ihla\u0161ov\u00e1n\u00ed v hotelu.<\/p>\n\n\n\n<p>Zdroj:&nbsp;<em>Spole\u010dn\u00fd evropsk\u00fd referen\u010dn\u00ed r\u00e1mec pro jazyky: Jak se u\u010d\u00edme jazyk\u016fm, jak je vyu\u010dujeme a jak v jazyc\u00edch hodnot\u00edme<\/em>, Univerzita Palack\u00e9ho v Olomouci (ISBN: 80-244-0404-4).<\/p>\n<\/div>\n<\/div>\n\n\n\n<p><\/p>\n","protected":false},"excerpt":{"rendered":"<p>Porozum\u011bn\u00ed Poslech:&nbsp;Rozum\u00edm zn\u00e1m\u00fdm slov\u016fm a zcela z\u00e1kladn\u00edm fr\u00e1z\u00edm t\u00fdkaj\u00edc\u00edm se m\u00e9 osoby, m\u00e9 rodiny a bezprost\u0159edn\u00edho konkr\u00e9tn\u00edho okol\u00ed, pokud lid\u00e9 hovo\u0159\u00ed pomalu a z\u0159eteln\u011b.&nbsp;\u010cten\u00ed:&nbsp;Rozum\u00edm zn\u00e1m\u00fdm jm\u00e9n\u016fm, slov\u016fm a&#8230;<\/p>\n","protected":false},"author":4,"featured_media":0,"parent":20039,"menu_order":1,"comment_status":"closed","ping_status":"closed","template":"","meta":{"_acf_changed":false,"footnotes":""},"class_list":["post-20050","page","type-page","status-publish","hentry"],"acf":[],"_links":{"self":[{"href":"https:\/\/www.alliancefrancaise.cz\/pardubice\/wp-json\/wp\/v2\/pages\/20050","targetHints":{"allow":["GET"]}}],"collection":[{"href":"https:\/\/www.alliancefrancaise.cz\/pardubice\/wp-json\/wp\/v2\/pages"}],"about":[{"href":"https:\/\/www.alliancefrancaise.cz\/pardubice\/wp-json\/wp\/v2\/types\/page"}],"author":[{"embeddable":true,"href":"https:\/\/www.alliancefrancaise.cz\/pardubice\/wp-json\/wp\/v2\/users\/4"}],"replies":[{"embeddable":true,"href":"https:\/\/www.alliancefrancaise.cz\/pardubice\/wp-json\/wp\/v2\/comments?post=20050"}],"version-history":[{"count":5,"href":"https:\/\/www.alliancefrancaise.cz\/pardubice\/wp-json\/wp\/v2\/pages\/20050\/revisions"}],"predecessor-version":[{"id":20113,"href":"https:\/\/www.alliancefrancaise.cz\/pardubice\/wp-json\/wp\/v2\/pages\/20050\/revisions\/20113"}],"up":[{"embeddable":true,"href":"https:\/\/www.alliancefrancaise.cz\/pardubice\/wp-json\/wp\/v2\/pages\/20039"}],"wp:attachment":[{"href":"https:\/\/www.alliancefrancaise.cz\/pardubice\/wp-json\/wp\/v2\/media?parent=20050"}],"curies":[{"name":"wp","href":"https:\/\/api.w.org\/{rel}","templated":true}]}}