{"id":20061,"date":"2024-06-27T16:03:00","date_gmt":"2024-06-27T14:03:00","guid":{"rendered":"https:\/\/www.alliancefrancaise.cz\/pardubice\/?page_id=20061"},"modified":"2024-06-27T16:59:14","modified_gmt":"2024-06-27T14:59:14","slug":"uroven-b2","status":"publish","type":"page","link":"https:\/\/www.alliancefrancaise.cz\/pardubice\/uroven-b2\/","title":{"rendered":"\u00darove\u0148 B2"},"content":{"rendered":"\n<div class=\"wp-block-columns is-layout-flex wp-container-core-columns-is-layout-9d6595d7 wp-block-columns-is-layout-flex\">\n<div class=\"wp-block-column is-layout-flow wp-block-column-is-layout-flow\" style=\"flex-basis:33.33%\">\n<figure class=\"wp-block-image size-full\"><img loading=\"lazy\" decoding=\"async\" width=\"937\" height=\"498\" src=\"https:\/\/www.alliancefrancaise.cz\/pardubice\/wp-content\/uploads\/2024\/06\/image-16.png\" alt=\"\" class=\"wp-image-20120\" srcset=\"https:\/\/www.alliancefrancaise.cz\/pardubice\/wp-content\/uploads\/2024\/06\/image-16.png 937w, https:\/\/www.alliancefrancaise.cz\/pardubice\/wp-content\/uploads\/2024\/06\/image-16-460x244.png 460w, https:\/\/www.alliancefrancaise.cz\/pardubice\/wp-content\/uploads\/2024\/06\/image-16-768x408.png 768w\" sizes=\"auto, (max-width: 937px) 100vw, 937px\" \/><\/figure>\n<\/div>\n\n\n\n<div class=\"wp-block-column is-layout-flow wp-block-column-is-layout-flow\" style=\"flex-basis:66.66%\">\n<h3 class=\"wp-block-heading\"><strong>Porozum\u011bn\u00ed<\/strong><\/h3>\n\n\n\n<p><strong>Poslech:&nbsp;<\/strong>Rozum\u00edm del\u0161\u00edm promluv\u00e1m a p\u0159edn\u00e1\u0161k\u00e1m a dok\u00e1\u017eu sledovat i slo\u017eitou v\u00fdm\u011bnu n\u00e1zor\u016f, pokud t\u00e9ma dostate\u010dn\u011b zn\u00e1m. Rozum\u00edm v\u011bt\u0161in\u011b televizn\u00edch zpr\u00e1v a program\u016f t\u00fdkaj\u00edc\u00edch se aktu\u00e1ln\u00edch t\u00e9mat. Rozum\u00edm v\u011bt\u0161in\u011b film\u016f ve spisovn\u00e9m jazyce.&nbsp;<br><strong>\u010cten\u00ed:<\/strong>&nbsp;Rozum\u00edm \u010dl\u00e1nk\u016fm a zpr\u00e1v\u00e1m zab\u00fdvaj\u00edc\u00edm se sou\u010dasn\u00fdmi probl\u00e9my, v nich\u017e auto\u0159i zauj\u00edmaj\u00ed konkr\u00e9tn\u00ed postoje \u010di stanoviska. Rozum\u00edm text\u016fm sou\u010dasn\u00e9 pr\u00f3zy.<\/p>\n\n\n\n<h3 class=\"wp-block-heading\"><strong>Mluven\u00ed<\/strong><\/h3>\n\n\n\n<p><strong>\u00dastn\u00ed interakce:<\/strong>&nbsp;Dok\u00e1\u017eu se \u00fa\u010dastnit rozhovoru natolik plynule a spont\u00e1nn\u011b, \u017ee mohu v\u00e9st b\u011b\u017en\u00fd rozhovor s rodil\u00fdmi mluv\u010d\u00edmi. Dok\u00e1\u017eu se aktivn\u011b zapojit do diskuse o zn\u00e1m\u00fdch t\u00e9matech, vysv\u011btlovat a obhajovat sv\u00e9 n\u00e1zory.&nbsp;<br><strong>Samostatn\u00fd \u00fastn\u00ed projev:<\/strong>&nbsp;Dok\u00e1\u017eu se srozumiteln\u011b a podrobn\u011b vyjad\u0159ovat k \u0161irok\u00e9 \u0161k\u00e1le t\u00e9mat, kter\u00e1 se vztahuj\u00ed k oblasti m\u00e9ho z\u00e1jmu. Um\u00edm vysv\u011btlit sv\u00e9 stanovisko k aktu\u00e1ln\u00edm ot\u00e1zk\u00e1m a uv\u00e9st v\u00fdhody a nev\u00fdhody r\u016fzn\u00fdch \u0159e\u0161en\u00ed.<\/p>\n\n\n\n<h3 class=\"wp-block-heading\"><strong>Psan\u00ed<\/strong><\/h3>\n\n\n\n<p><strong>P\u00edsemn\u00fd projev:<\/strong>&nbsp;Um\u00edm napsat srozumiteln\u00e9 podrobn\u00e9 texty na \u0161irokou \u0161k\u00e1lu t\u00e9mat souvisej\u00edc\u00edch s m\u00fdmi z\u00e1jmy. Um\u00edm napsat pojedn\u00e1n\u00ed nebo zpr\u00e1vy, p\u0159ed\u00e1vat informace, obhajovat nebo vyvracet ur\u010dit\u00fd n\u00e1zor. V dopise dovedu zd\u016fraznit, \u010d\u00edm jsou pro mne ud\u00e1losti a z\u00e1\u017eitky osobn\u011b d\u016fle\u017eit\u00e9.<\/p>\n\n\n\n<p>Zdroj:&nbsp;<em>Spole\u010dn\u00fd evropsk\u00fd referen\u010dn\u00ed r\u00e1mec pro jazyky: Jak se u\u010d\u00edme jazyk\u016fm, jak je vyu\u010dujeme a jak v jazyc\u00edch hodnot\u00edme<\/em>, Univerzita Palack\u00e9ho v Olomouci (ISBN: 80-244-0404-4).<\/p>\n<\/div>\n<\/div>\n","protected":false},"excerpt":{"rendered":"<p>Porozum\u011bn\u00ed Poslech:&nbsp;Rozum\u00edm del\u0161\u00edm promluv\u00e1m a p\u0159edn\u00e1\u0161k\u00e1m a dok\u00e1\u017eu sledovat i slo\u017eitou v\u00fdm\u011bnu n\u00e1zor\u016f, pokud t\u00e9ma dostate\u010dn\u011b zn\u00e1m. Rozum\u00edm v\u011bt\u0161in\u011b televizn\u00edch zpr\u00e1v a program\u016f t\u00fdkaj\u00edc\u00edch se aktu\u00e1ln\u00edch t\u00e9mat. Rozum\u00edm&#8230;<\/p>\n","protected":false},"author":4,"featured_media":0,"parent":0,"menu_order":0,"comment_status":"closed","ping_status":"closed","template":"","meta":{"_acf_changed":false,"footnotes":""},"class_list":["post-20061","page","type-page","status-publish","hentry"],"acf":[],"_links":{"self":[{"href":"https:\/\/www.alliancefrancaise.cz\/pardubice\/wp-json\/wp\/v2\/pages\/20061","targetHints":{"allow":["GET"]}}],"collection":[{"href":"https:\/\/www.alliancefrancaise.cz\/pardubice\/wp-json\/wp\/v2\/pages"}],"about":[{"href":"https:\/\/www.alliancefrancaise.cz\/pardubice\/wp-json\/wp\/v2\/types\/page"}],"author":[{"embeddable":true,"href":"https:\/\/www.alliancefrancaise.cz\/pardubice\/wp-json\/wp\/v2\/users\/4"}],"replies":[{"embeddable":true,"href":"https:\/\/www.alliancefrancaise.cz\/pardubice\/wp-json\/wp\/v2\/comments?post=20061"}],"version-history":[{"count":3,"href":"https:\/\/www.alliancefrancaise.cz\/pardubice\/wp-json\/wp\/v2\/pages\/20061\/revisions"}],"predecessor-version":[{"id":20122,"href":"https:\/\/www.alliancefrancaise.cz\/pardubice\/wp-json\/wp\/v2\/pages\/20061\/revisions\/20122"}],"wp:attachment":[{"href":"https:\/\/www.alliancefrancaise.cz\/pardubice\/wp-json\/wp\/v2\/media?parent=20061"}],"curies":[{"name":"wp","href":"https:\/\/api.w.org\/{rel}","templated":true}]}}