{"id":20065,"date":"2024-06-27T16:03:37","date_gmt":"2024-06-27T14:03:37","guid":{"rendered":"https:\/\/www.alliancefrancaise.cz\/pardubice\/?page_id=20065"},"modified":"2024-06-27T16:55:35","modified_gmt":"2024-06-27T14:55:35","slug":"uroven-c1","status":"publish","type":"page","link":"https:\/\/www.alliancefrancaise.cz\/pardubice\/uvod-3\/uroven-c1\/","title":{"rendered":"\u00darove\u0148 C1"},"content":{"rendered":"\n<div class=\"wp-block-columns is-layout-flex wp-container-core-columns-is-layout-9d6595d7 wp-block-columns-is-layout-flex\">\n<div class=\"wp-block-column is-layout-flow wp-block-column-is-layout-flow\" style=\"flex-basis:33.33%\">\n<figure class=\"wp-block-image size-full\"><img loading=\"lazy\" decoding=\"async\" width=\"938\" height=\"480\" src=\"https:\/\/www.alliancefrancaise.cz\/pardubice\/wp-content\/uploads\/2024\/06\/image-11.png\" alt=\"\" class=\"wp-image-20102\" srcset=\"https:\/\/www.alliancefrancaise.cz\/pardubice\/wp-content\/uploads\/2024\/06\/image-11.png 938w, https:\/\/www.alliancefrancaise.cz\/pardubice\/wp-content\/uploads\/2024\/06\/image-11-460x235.png 460w, https:\/\/www.alliancefrancaise.cz\/pardubice\/wp-content\/uploads\/2024\/06\/image-11-768x393.png 768w\" sizes=\"auto, (max-width: 938px) 100vw, 938px\" \/><\/figure>\n<\/div>\n\n\n\n<div class=\"wp-block-column is-layout-flow wp-block-column-is-layout-flow\" style=\"flex-basis:66.66%\">\n<h3 class=\"wp-block-heading\"><strong>Porozum\u011bn\u00ed<\/strong><\/h3>\n\n\n\n<p><strong>Poslech:&nbsp;<\/strong>Rozum\u00edm dlouh\u00fdm slo\u017eit\u00fdm text\u016fm, a to jak faktografick\u00fdm, tak beletristick\u00fdm, a jsem schopen\/schopna ocenit rozd\u00edly v jejich stylu. Rozum\u00edm odborn\u00fdm \u010dl\u00e1nk\u016fm a del\u0161\u00edm technick\u00fdm instrukc\u00edm, a to i tehdy, kdy\u017e se nevztahuj\u00ed k m\u00e9mu oboru.&nbsp;<br><strong>\u010cten\u00ed:<\/strong>&nbsp;Rozum\u00edm dlouh\u00fdm slo\u017eit\u00fdm text\u016fm, a to jak faktografick\u00fdm, tak beletristick\u00fdm, a jsem schopen\/schopna ocenit rozd\u00edly v jejich stylu. Rozum\u00edm odborn\u00fdm \u010dl\u00e1nk\u016fm a del\u0161\u00edm technick\u00fdm instrukc\u00edm, a to i tehdy, kdy\u017e se nevztahuj\u00ed k m\u00e9mu oboru.<\/p>\n\n\n\n<h3 class=\"wp-block-heading\"><strong>Mluven\u00ed<\/strong><\/h3>\n\n\n\n<p><strong>\u00dastn\u00ed interakce:<\/strong>&nbsp;Um\u00edm se vyjad\u0159ovat plynule a pohotov\u011b bez p\u0159\u00edli\u0161 zjevn\u00e9ho hled\u00e1n\u00ed v\u00fdraz\u016f. Um\u00edm pou\u017e\u00edvat jazyk pru\u017en\u011b a efektivn\u011b pro spole\u010densk\u00e9 a pracovn\u00ed \u00fa\u010dely. Um\u00edm p\u0159esn\u011b formulovat sv\u00e9 my\u0161lenky a n\u00e1zory a vhodn\u011b navazovat na p\u0159\u00edsp\u011bvky ostatn\u00edch mluv\u010d\u00edch.&nbsp;<br><strong>Samostatn\u00fd \u00fastn\u00ed projev:<\/strong>&nbsp;Um\u00edm jasn\u011b a podrobn\u011b popsat slo\u017eit\u00e1 t\u00e9mata, roz\u0161i\u0159ovat je o t\u00e9mata vedlej\u0161\u00ed, rozv\u00edjet konkr\u00e9tn\u00ed body a zakon\u010dit svou \u0159e\u010d vhodn\u00fdm z\u00e1v\u011brem.<\/p>\n\n\n\n<h3 class=\"wp-block-heading\"><strong>Psan\u00ed<\/strong><\/h3>\n\n\n\n<p><strong>P\u00edsemn\u00fd projev:<\/strong>&nbsp;Um\u00edm se jasn\u011b vyj\u00e1d\u0159it, dob\u0159e uspo\u0159\u00e1dat text a podrobn\u011b vysv\u011btlit sv\u00e1 stanoviska. Um\u00edm ps\u00e1t podrobn\u00e9 dopisy, pojedn\u00e1n\u00ed nebo zpr\u00e1vy o slo\u017eit\u00fdch t\u00e9matech a zd\u016fraznit to, co pova\u017euji za nejd\u016fle\u017eit\u011bj\u0161\u00ed. Um\u00edm zvolit styl textu podle toho, jak\u00e9mu typu \u010dten\u00e1\u0159e je ur\u010den.<\/p>\n\n\n\n<p>Zdroj:&nbsp;<em>Spole\u010dn\u00fd evropsk\u00fd referen\u010dn\u00ed r\u00e1mec pro jazyky: Jak se u\u010d\u00edme jazyk\u016fm, jak je vyu\u010dujeme a jak v jazyc\u00edch hodnot\u00edme<\/em>, Univerzita Palack\u00e9ho v Olomouci (ISBN: 80-244-0404-4).<\/p>\n<\/div>\n<\/div>\n","protected":false},"excerpt":{"rendered":"<p>Porozum\u011bn\u00ed Poslech:&nbsp;Rozum\u00edm dlouh\u00fdm slo\u017eit\u00fdm text\u016fm, a to jak faktografick\u00fdm, tak beletristick\u00fdm, a jsem schopen\/schopna ocenit rozd\u00edly v jejich stylu. Rozum\u00edm odborn\u00fdm \u010dl\u00e1nk\u016fm a del\u0161\u00edm technick\u00fdm instrukc\u00edm, a to&#8230;<\/p>\n","protected":false},"author":4,"featured_media":0,"parent":20039,"menu_order":0,"comment_status":"closed","ping_status":"closed","template":"","meta":{"_acf_changed":false,"footnotes":""},"class_list":["post-20065","page","type-page","status-publish","hentry"],"acf":[],"_links":{"self":[{"href":"https:\/\/www.alliancefrancaise.cz\/pardubice\/wp-json\/wp\/v2\/pages\/20065","targetHints":{"allow":["GET"]}}],"collection":[{"href":"https:\/\/www.alliancefrancaise.cz\/pardubice\/wp-json\/wp\/v2\/pages"}],"about":[{"href":"https:\/\/www.alliancefrancaise.cz\/pardubice\/wp-json\/wp\/v2\/types\/page"}],"author":[{"embeddable":true,"href":"https:\/\/www.alliancefrancaise.cz\/pardubice\/wp-json\/wp\/v2\/users\/4"}],"replies":[{"embeddable":true,"href":"https:\/\/www.alliancefrancaise.cz\/pardubice\/wp-json\/wp\/v2\/comments?post=20065"}],"version-history":[{"count":3,"href":"https:\/\/www.alliancefrancaise.cz\/pardubice\/wp-json\/wp\/v2\/pages\/20065\/revisions"}],"predecessor-version":[{"id":20104,"href":"https:\/\/www.alliancefrancaise.cz\/pardubice\/wp-json\/wp\/v2\/pages\/20065\/revisions\/20104"}],"up":[{"embeddable":true,"href":"https:\/\/www.alliancefrancaise.cz\/pardubice\/wp-json\/wp\/v2\/pages\/20039"}],"wp:attachment":[{"href":"https:\/\/www.alliancefrancaise.cz\/pardubice\/wp-json\/wp\/v2\/media?parent=20065"}],"curies":[{"name":"wp","href":"https:\/\/api.w.org\/{rel}","templated":true}]}}