{"id":20147,"date":"2024-06-27T17:38:12","date_gmt":"2024-06-27T15:38:12","guid":{"rendered":"https:\/\/www.alliancefrancaise.cz\/pardubice\/?page_id=20147"},"modified":"2025-02-11T15:20:18","modified_gmt":"2025-02-11T14:20:18","slug":"studium-na-stredni-skole-ve-francii","status":"publish","type":"page","link":"https:\/\/www.alliancefrancaise.cz\/pardubice\/studium-na-stredni-skole-ve-francii\/","title":{"rendered":"Studium na st\u0159edn\u00ed \u0161kole ve Francii"},"content":{"rendered":"\n<p>Cht\u011bli byste za\u017e\u00edt jedine\u010dn\u00e9 dobrodru\u017estv\u00ed, nau\u010dit se dokonale francouzsky, l\u00e9pe poznat Francii a jak se v n\u00ed \u017eije, naj\u00edt si nov\u00e9 kamar\u00e1dy a vydat ze sebe to nejlep\u0161\u00ed a t\u0159eba si i nasm\u011brovat priority, \u010demu byste se cht\u011bli pozd\u011bji v \u017eivot\u011b profesn\u011b v\u011bnovat?<\/p>\n\n\n\n<p>P\u0159ihlaste se do v\u00fdb\u011brov\u00e9ho \u0159\u00edzen\u00ed ke studiu na&nbsp;<strong>\u010desk\u00fdch sekc\u00edch v Dijonu a v N\u00eemes (3let\u00e9 studium)&nbsp;<\/strong>nebo na&nbsp;<strong>jednoletou mobilitu Rok ve Francii<\/strong>.<\/p>\n\n\n\n<p><\/p>\n\n\n\n<div class=\"wp-block-columns is-layout-flex wp-container-core-columns-is-layout-9d6595d7 wp-block-columns-is-layout-flex\">\n<div class=\"wp-block-column is-layout-flow wp-block-column-is-layout-flow\"><div class=\"wp-block-image\">\n<figure class=\"aligncenter size-large is-resized\"><img loading=\"lazy\" decoding=\"async\" width=\"1360\" height=\"1360\" src=\"https:\/\/www.alliancefrancaise.cz\/pardubice\/wp-content\/uploads\/2024\/07\/sections-tcheques-1360x1360.jpg\" alt=\"\" class=\"wp-image-20254\" style=\"width:231px;height:auto\" srcset=\"https:\/\/www.alliancefrancaise.cz\/pardubice\/wp-content\/uploads\/2024\/07\/sections-tcheques-1360x1360.jpg 1360w, https:\/\/www.alliancefrancaise.cz\/pardubice\/wp-content\/uploads\/2024\/07\/sections-tcheques-460x460.jpg 460w, https:\/\/www.alliancefrancaise.cz\/pardubice\/wp-content\/uploads\/2024\/07\/sections-tcheques-150x150.jpg 150w, https:\/\/www.alliancefrancaise.cz\/pardubice\/wp-content\/uploads\/2024\/07\/sections-tcheques-768x768.jpg 768w, https:\/\/www.alliancefrancaise.cz\/pardubice\/wp-content\/uploads\/2024\/07\/sections-tcheques-440x440.jpg 440w, https:\/\/www.alliancefrancaise.cz\/pardubice\/wp-content\/uploads\/2024\/07\/sections-tcheques.jpg 2000w\" sizes=\"auto, (max-width: 1360px) 100vw, 1360px\" \/><\/figure>\n<\/div>\n\n\n<p><\/p>\n\n\n\n<h3 class=\"wp-block-heading\">\u010cesk\u00e9 sekce v Dijonu a N\u00eemes<\/h3>\n\n\n\n<p><strong>D\u00e9lka studia:<\/strong>&nbsp;3 roky (studium je ukon\u010deno francouzskou st\u00e1tn\u00ed maturitn\u00ed zkou\u0161kou, kter\u00e1 je automaticky uzn\u00e1v\u00e1na v \u010cR)<\/p>\n\n\n\n<p><strong>Hostitelsk\u00e9 \u0161koly:<\/strong><\/p>\n\n\n\n<ul class=\"wp-block-list\">\n<li><a href=\"http:\/\/lyc21-carnot.ac-dijon.fr\/\" target=\"_blank\" rel=\"noreferrer noopener\">Lyc\u00e9e Carnot<\/a>, Dijon (ke studiu jsou p\u0159ij\u00edm\u00e1n\u00ed chlapci i d\u00edvky)<\/li>\n\n\n\n<li><a href=\"https:\/\/lyc-daudet-nimes.ac-montpellier.fr\/\" target=\"_blank\" rel=\"noreferrer noopener\">Lyc\u00e9e Alphonse Daudet<\/a>, N\u00eemes (ke studiu jsou p\u0159ij\u00edm\u00e1ny pouze d\u00edvky)<\/li>\n<\/ul>\n\n\n\n<p><strong>Garanti programu:<\/strong><\/p>\n\n\n\n<ul class=\"wp-block-list\">\n<li><a href=\"http:\/\/www.ifp.cz\/\" target=\"_blank\" rel=\"noreferrer noopener\">Francouzsk\u00fd institut v Praze<\/a><\/li>\n\n\n\n<li><a href=\"http:\/\/www.msmt.cz\/\" target=\"_blank\" rel=\"noreferrer noopener\">Ministerstvo \u0161kolstv\u00ed, ml\u00e1de\u017ee a t\u011blov\u00fdchovy \u010cR<\/a><\/li>\n\n\n\n<li><a href=\"https:\/\/www.dijon.fr\/\" target=\"_blank\" rel=\"noreferrer noopener\">Ville de Dijon<\/a><\/li>\n\n\n\n<li><a href=\"https:\/\/www.bourgognefranchecomte.fr\/\" target=\"_blank\" rel=\"noreferrer noopener\">R\u00e9gion Bourgogne-Franche-Comt\u00e9<\/a><\/li>\n\n\n\n<li><a href=\"https:\/\/www.nimes.fr\/\" target=\"_blank\" rel=\"noreferrer noopener\">Ville de N\u00eemes<\/a><\/li>\n\n\n\n<li><a href=\"https:\/\/www.laregion.fr\/\" target=\"_blank\" rel=\"noreferrer noopener\">R\u00e9gion Occitanie<\/a><\/li>\n<\/ul>\n\n\n\n<p><strong>V\u00edce informac\u00ed:<\/strong><\/p>\n\n\n\n<ul class=\"wp-block-list\">\n<li><a href=\"https:\/\/www.msmt.cz\/mezinarodni-vztahy\/vyzva-pro-zajemce-zajemkyne-o-studium-na-lyceich-v-dijonu-a\" target=\"_blank\" rel=\"noreferrer noopener\">podm\u00ednky v\u00fdb\u011brov\u00e9ho \u0159\u00edzen\u00ed<\/a><\/li>\n\n\n\n<li><a href=\"https:\/\/www.ifp.cz\/cz\/vzdelani\/mobilita-pro-stredoskolaky-ve-francii\/ceske-sekce-ve-francii\/#\/\" target=\"_blank\" rel=\"noreferrer noopener\">prezentace programu<\/a><\/li>\n\n\n\n<li><a href=\"https:\/\/dijon-nimes.eu\/\" target=\"_blank\" rel=\"noreferrer noopener\">Spolek b\u00fdval\u00fdch student\u016f \u010desk\u00fdch sekc\u00ed ve Francii<\/a><\/li>\n\n\n\n<li><a href=\"https:\/\/www.alliancefrancaise.cz\/pardubice\/terminy-registrace-cenik\/\" target=\"_blank\" data-type=\"link\" data-id=\"https:\/\/www.alliancefrancaise.cz\/pardubice\/terminy-registrace-cenik\/\" rel=\"noreferrer noopener\">term\u00edny zkou\u0161ek DELF<\/a><\/li>\n<\/ul>\n<\/div>\n\n\n\n<div class=\"wp-block-column is-layout-flow wp-block-column-is-layout-flow\"><div class=\"wp-block-image\">\n<figure class=\"aligncenter size-full is-resized\"><img loading=\"lazy\" decoding=\"async\" width=\"233\" height=\"233\" src=\"https:\/\/www.alliancefrancaise.cz\/pardubice\/wp-content\/uploads\/2025\/02\/un-an-en-france-edited.png\" alt=\"\" class=\"wp-image-20806\" style=\"width:233px;height:auto\" srcset=\"https:\/\/www.alliancefrancaise.cz\/pardubice\/wp-content\/uploads\/2025\/02\/un-an-en-france-edited.png 233w, https:\/\/www.alliancefrancaise.cz\/pardubice\/wp-content\/uploads\/2025\/02\/un-an-en-france-edited-150x150.png 150w\" sizes=\"auto, (max-width: 233px) 100vw, 233px\" \/><\/figure>\n<\/div>\n\n\n<p><\/p>\n\n\n\n<h3 class=\"wp-block-heading\">Program Rok ve Francii<\/h3>\n\n\n\n<p><strong>D\u00e9lka studia:<\/strong>&nbsp;1 rok (z\u00e1\u0159\u00ed-\u010derven)<\/p>\n\n\n\n<p><strong>Hostitelsk\u00e9 \u0161koly:<\/strong>&nbsp;dle v\u00fdb\u011bru garanta programu<\/p>\n\n\n\n<p><strong>Garant programu: <\/strong><a href=\"http:\/\/www.ifp.cz\/\" target=\"_blank\" rel=\"noreferrer noopener\">Francouzsk\u00fd institut v Praze<\/a><\/p>\n\n\n\n<p><strong>V\u00edce informac\u00ed:<\/strong><\/p>\n\n\n\n<ul class=\"wp-block-list\">\n<li><a href=\"https:\/\/www.ifp.cz\/cz\/vzdelani\/mobilita-pro-stredoskolaky-ve-francii\/rok-ve-francii\/#\/\" target=\"_blank\" rel=\"noreferrer noopener\">prezentace mobility a podm\u00ednky v\u00fdb\u011brov\u00e9ho \u0159\u00edzen\u00ed<\/a><\/li>\n\n\n\n<li><a href=\"https:\/\/www.alliancefrancaise.cz\/pardubice\/terminy-registrace-cenik\/\" target=\"_blank\" rel=\"noreferrer noopener\">term\u00edny zkou\u0161ek DELF<\/a><\/li>\n<\/ul>\n<\/div>\n<\/div>\n","protected":false},"excerpt":{"rendered":"<p>Cht\u011bli byste za\u017e\u00edt jedine\u010dn\u00e9 dobrodru\u017estv\u00ed, nau\u010dit se dokonale francouzsky, l\u00e9pe poznat Francii a jak se v n\u00ed \u017eije, naj\u00edt si nov\u00e9 kamar\u00e1dy a vydat ze sebe to nejlep\u0161\u00ed&#8230;<\/p>\n","protected":false},"author":4,"featured_media":0,"parent":0,"menu_order":0,"comment_status":"closed","ping_status":"closed","template":"","meta":{"_acf_changed":false,"footnotes":""},"class_list":["post-20147","page","type-page","status-publish","hentry"],"acf":[],"_links":{"self":[{"href":"https:\/\/www.alliancefrancaise.cz\/pardubice\/wp-json\/wp\/v2\/pages\/20147","targetHints":{"allow":["GET"]}}],"collection":[{"href":"https:\/\/www.alliancefrancaise.cz\/pardubice\/wp-json\/wp\/v2\/pages"}],"about":[{"href":"https:\/\/www.alliancefrancaise.cz\/pardubice\/wp-json\/wp\/v2\/types\/page"}],"author":[{"embeddable":true,"href":"https:\/\/www.alliancefrancaise.cz\/pardubice\/wp-json\/wp\/v2\/users\/4"}],"replies":[{"embeddable":true,"href":"https:\/\/www.alliancefrancaise.cz\/pardubice\/wp-json\/wp\/v2\/comments?post=20147"}],"version-history":[{"count":5,"href":"https:\/\/www.alliancefrancaise.cz\/pardubice\/wp-json\/wp\/v2\/pages\/20147\/revisions"}],"predecessor-version":[{"id":20810,"href":"https:\/\/www.alliancefrancaise.cz\/pardubice\/wp-json\/wp\/v2\/pages\/20147\/revisions\/20810"}],"wp:attachment":[{"href":"https:\/\/www.alliancefrancaise.cz\/pardubice\/wp-json\/wp\/v2\/media?parent=20147"}],"curies":[{"name":"wp","href":"https:\/\/api.w.org\/{rel}","templated":true}]}}