{"id":20174,"date":"2024-06-27T18:08:01","date_gmt":"2024-06-27T16:08:01","guid":{"rendered":"https:\/\/www.alliancefrancaise.cz\/pardubice\/?page_id=20174"},"modified":"2024-07-01T14:23:55","modified_gmt":"2024-07-01T12:23:55","slug":"rozrazovaci-testy","status":"publish","type":"page","link":"https:\/\/www.alliancefrancaise.cz\/pardubice\/cours-et-services\/rozrazovaci-testy\/","title":{"rendered":"Roz\u0159azovac\u00ed testy"},"content":{"rendered":"\n<p>Roz\u0159azovac\u00ed testy se konaj\u00ed online. P\u0159ed zah\u00e1jen\u00edm testu se pros\u00edm ujist\u011bte, \u017ee ho budete moci vypracovat v klidu a za pln\u00e9ho soust\u0159ed\u011bn\u00ed. Pro zodpov\u011bzen\u00ed v\u0161ech ot\u00e1zek budete pot\u0159ebovat cca 25-30 minut. Ujist\u011bte se, \u017ee m\u00e1te dostatek \u010dasu na dokon\u010den\u00ed testu bez p\u0159eru\u0161en\u00ed.<\/p>\n\n\n\n<p>Po odesl\u00e1n\u00ed testu bude tento n\u00e1sledn\u011b vyhodnocen na\u0161imi lektory a budeme v\u00e1s kontaktovat ohledn\u011b za\u0159azen\u00ed do vhodn\u00e9ho kurzu dle va\u0161\u00ed jazykov\u00e9 \u00farovn\u011b a va\u0161ich \u010dasov\u00fdch mo\u017enost\u00ed.<\/p>\n\n\n\n<p><strong>U\u010dili jste se u\u017e francouzsky a nev\u00edte, jak\u00fd test vyzkou\u0161et?<\/strong>&nbsp;Mo\u017en\u00e1 v\u00e1m pom\u016f\u017ee&nbsp;<a href=\"https:\/\/www.alliancefrancaise.cz\/pardubice\/uvod-3\/\" target=\"_blank\" rel=\"noreferrer noopener\">tento p\u0159ehled<\/a>&nbsp;jazykov\u00fdch \u00farovn\u00ed.<\/p>\n\n\n\n<p><strong>Jste p\u0159ipraveni? Tak jdeme na to!<\/strong><\/p>\n\n\n\n<p><\/p>\n\n\n\n<p><\/p>\n\n\n\n<div class=\"wp-block-columns is-layout-flex wp-container-core-columns-is-layout-9d6595d7 wp-block-columns-is-layout-flex\">\n<div class=\"wp-block-column has-background is-layout-flow wp-block-column-is-layout-flow\" style=\"background-color:#98d1df\">\n<h2 class=\"wp-block-heading has-text-align-center has-black-color has-text-color has-link-color wp-elements-942d0574ed8b5ccb202aa984e57092c8\"><strong>\u00farove\u0148 A1-A2<\/strong><\/h2>\n\n\n\n<div class=\"wp-block-buttons is-content-justification-center is-layout-flex wp-container-core-buttons-is-layout-16018d1d wp-block-buttons-is-layout-flex\">\n<div class=\"wp-block-button is-style-fill\"><a class=\"wp-block-button__link has-white-color has-black-background-color has-text-color has-background has-link-color wp-element-button\" href=\"https:\/\/docs.google.com\/forms\/d\/e\/1FAIpQLScBP-PKwg1tZGiqK0Nwo7spCbstgGI4JaHt19KMNYVUnC6OCQ\/viewform?vc=0&amp;c=0&amp;w=1&amp;flr=0&amp;usp=mail_form_link&amp;urp=gmail_link\" target=\"_blank\" rel=\"noopener\">spustit test<\/a><\/div>\n<\/div>\n\n\n\n<div style=\"height:30px\" aria-hidden=\"true\" class=\"wp-block-spacer\"><\/div>\n<\/div>\n\n\n\n<div class=\"wp-block-column has-background is-layout-flow wp-block-column-is-layout-flow\" style=\"background-color:#fab6b6\">\n<h2 class=\"wp-block-heading has-text-align-center has-black-color has-text-color has-link-color wp-elements-6bc426b3a9b1b8e1615c1f160f4fe794\"><strong>\u00farove\u0148 B1<\/strong><\/h2>\n\n\n\n<div class=\"wp-block-buttons is-content-justification-center is-layout-flex wp-container-core-buttons-is-layout-16018d1d wp-block-buttons-is-layout-flex\">\n<div class=\"wp-block-button\"><a class=\"wp-block-button__link has-black-background-color has-background wp-element-button\" href=\"https:\/\/francaisfacile.rfi.fr\/fr\/r%C3%A9viser\/20221026-test-de-niveau-b1-je-peux-communiquer-dans-un-environnement-francophone\" target=\"_blank\" rel=\"noopener\">spustit test<\/a><\/div>\n<\/div>\n\n\n\n<div style=\"height:30px\" aria-hidden=\"true\" class=\"wp-block-spacer\"><\/div>\n<\/div>\n\n\n\n<div class=\"wp-block-column has-background is-layout-flow wp-block-column-is-layout-flow\" style=\"background-color:#ffd569\">\n<h2 class=\"wp-block-heading has-text-align-center has-black-color has-text-color has-link-color wp-elements-ab611b0b64494481f71cb445c5f08166\"><strong>\u00farove\u0148 B2<\/strong><\/h2>\n\n\n\n<div class=\"wp-block-buttons is-content-justification-center is-layout-flex wp-container-core-buttons-is-layout-16018d1d wp-block-buttons-is-layout-flex\">\n<div class=\"wp-block-button is-style-fill\"><a class=\"wp-block-button__link has-black-background-color has-background wp-element-button\" href=\"https:\/\/francaisfacile.rfi.fr\/fr\/r%C3%A9viser\/20221026-test-de-niveau-b2-je-communique-avec-aisance\" target=\"_blank\" rel=\"noopener\">spustit test<\/a><\/div>\n<\/div>\n\n\n\n<div style=\"height:30px\" aria-hidden=\"true\" class=\"wp-block-spacer\"><\/div>\n<\/div>\n<\/div>\n\n\n\n<p><\/p>\n\n\n\n<h2 class=\"wp-block-heading has-text-align-center\">P\u0158EJEME V\u00c1M \u00daSP\u011a\u0160N\u00c9 ZVL\u00c1DNUT\u00cd TESTU!<\/h2>\n","protected":false},"excerpt":{"rendered":"<p>Roz\u0159azovac\u00ed testy se konaj\u00ed online. P\u0159ed zah\u00e1jen\u00edm testu se pros\u00edm ujist\u011bte, \u017ee ho budete moci vypracovat v klidu a za pln\u00e9ho soust\u0159ed\u011bn\u00ed. Pro zodpov\u011bzen\u00ed v\u0161ech ot\u00e1zek budete pot\u0159ebovat&#8230;<\/p>\n","protected":false},"author":4,"featured_media":0,"parent":6979,"menu_order":0,"comment_status":"closed","ping_status":"closed","template":"","meta":{"_acf_changed":false,"footnotes":""},"class_list":["post-20174","page","type-page","status-publish","hentry"],"acf":[],"_links":{"self":[{"href":"https:\/\/www.alliancefrancaise.cz\/pardubice\/wp-json\/wp\/v2\/pages\/20174","targetHints":{"allow":["GET"]}}],"collection":[{"href":"https:\/\/www.alliancefrancaise.cz\/pardubice\/wp-json\/wp\/v2\/pages"}],"about":[{"href":"https:\/\/www.alliancefrancaise.cz\/pardubice\/wp-json\/wp\/v2\/types\/page"}],"author":[{"embeddable":true,"href":"https:\/\/www.alliancefrancaise.cz\/pardubice\/wp-json\/wp\/v2\/users\/4"}],"replies":[{"embeddable":true,"href":"https:\/\/www.alliancefrancaise.cz\/pardubice\/wp-json\/wp\/v2\/comments?post=20174"}],"version-history":[{"count":6,"href":"https:\/\/www.alliancefrancaise.cz\/pardubice\/wp-json\/wp\/v2\/pages\/20174\/revisions"}],"predecessor-version":[{"id":20204,"href":"https:\/\/www.alliancefrancaise.cz\/pardubice\/wp-json\/wp\/v2\/pages\/20174\/revisions\/20204"}],"up":[{"embeddable":true,"href":"https:\/\/www.alliancefrancaise.cz\/pardubice\/wp-json\/wp\/v2\/pages\/6979"}],"wp:attachment":[{"href":"https:\/\/www.alliancefrancaise.cz\/pardubice\/wp-json\/wp\/v2\/media?parent=20174"}],"curies":[{"name":"wp","href":"https:\/\/api.w.org\/{rel}","templated":true}]}}