{"id":20293,"date":"2024-07-08T11:13:42","date_gmt":"2024-07-08T09:13:42","guid":{"rendered":"https:\/\/www.alliancefrancaise.cz\/pardubice\/?page_id=20293"},"modified":"2026-04-09T17:13:07","modified_gmt":"2026-04-09T15:13:07","slug":"vysledky-zkousek","status":"publish","type":"page","link":"https:\/\/www.alliancefrancaise.cz\/pardubice\/vysledky-zkousek\/","title":{"rendered":"V\u00fdsledky zkou\u0161ek"},"content":{"rendered":"\n<p>N\u00ed\u017ee uveden\u00e9 v\u00fdsledky zkou\u0161ek jsou&nbsp;<strong>informac\u00ed o tom, zda uchaze\u010d zkou\u0161ku \u00fasp\u011b\u0161n\u011b vykonal (\u201eadmis\u201c) \u010di zda zkou\u0161ku nevykonal (\u201enon admis\u201c resp. \u201e\u00e9limin\u00e9\u201c)<\/strong>&nbsp;resp. zda se ke zkou\u0161ce nedostavil (\u201eabsent\u201c).<\/p>\n\n\n\n<p><strong>Ofici\u00e1ln\u00ed diplomy budou k dispozici&nbsp;cca 2 m\u011bs\u00edce po zve\u0159ejn\u011bn\u00ed v\u00fdsledk\u016f ze zkou\u0161ek. Uchaze\u010di budou informov\u00e1ni e-mailem o mo\u017enosti vyzvednut\u00ed\/zasl\u00e1n\u00ed sv\u00fdch diplom\u016f.<\/strong><\/p>\n\n\n\n<p>V p\u0159\u00edpad\u011b, \u017ee si uchaze\u010di nemohou vyzvednout sv\u016fj diplom osob\u011b, mohou pov\u011b\u0159it jinou osobu k vyzvednut\u00ed diplomu. Pro tento \u00fa\u010del je nutn\u00e9 p\u0159edlo\u017eit vypln\u011bnou a podepsanou&nbsp;<a href=\"https:\/\/www.afbrno.cz\/wp-content\/uploads\/2024\/06\/plna_moc_-_diplomy_delf-dalf.pdf\" target=\"_blank\" rel=\"noreferrer noopener\">plnou moc<\/a>. Plnou moc nen\u00ed nutn\u00e9 \u00fa\u0159edn\u011b ov\u011b\u0159ovat.<\/p>\n\n\n\n<p>Na \u017e\u00e1dost uchaze\u010d je t\u00e9\u017e mo\u017en\u00e9 zaslat diplom po\u0161tou doporu\u010den\u011b. V tomto p\u0159\u00edpad\u011b bude po uchaze\u010di po\u017eadov\u00e1n manipula\u010dn\u00ed poplatek.<\/p>\n\n\n\n<p>Uchaze\u010di maj\u00ed mo\u017enost nahl\u00e9dnout do vypracov\u00e1n\u00ed sv\u00e9 zkou\u0161ky, a to po dobu 12 m\u011bs\u00edc\u016f po zve\u0159ejn\u011bn\u00ed v\u00fdsledk\u016f zkou\u0161ky.&nbsp;<strong>Po t\u00e9to lh\u016ft\u011b je vypracov\u00e1n\u00ed zkou\u0161ky skartov\u00e1no. Kopie se nearchivuj\u00ed.<\/strong>&nbsp;Konzultaci je nutn\u00e9 domluvit p\u0159edem na konkr\u00e9tn\u00ed den a hodinu. Je nutn\u00e1 osobn\u00ed p\u0159\u00edtomnost uchaze\u010de v s\u00eddle Alliance Fran\u00e7aise de Pardubice. Kopie zkou\u0161ek se neposkytuj\u00ed.<\/p>\n\n\n\n<p><strong>V\u00fdsledky ze zkou\u0161ek jsou definitivn\u00ed a nelze se proti nim odvolat.<\/strong><\/p>\n\n\n\n<p><\/p>\n\n\n\n<h2 class=\"wp-block-heading\">Zkou\u0161ky konan\u00e9 v roce 2026<\/h2>\n\n\n\n<p>Pokud chcete zn\u00e1t v\u00fdsledek sv\u00e9 zkou\u0161ky, je nutn\u00e9 zn\u00e1t sv\u00e9 \u010d\u00edslo uchaze\u010de (n\u00b0 candidat). Toto \u010d\u00edslo je uvedeno na ofici\u00e1ln\u00ed pozv\u00e1nce (Convocation), kter\u00e1 v\u00e1m byla zasl\u00e1na e-mailem p\u0159ed kon\u00e1n\u00edm zkou\u0161ky. V p\u0159\u00edpad\u011b, \u017ee sv\u00e9 \u010d\u00edslo nezn\u00e1te, nev\u00e1hejte n\u00e1s kontaktovat e-mailem na&nbsp;<a href=\"mailto:af@afpardubice.com\">af@afpardubice.com<\/a><\/p>\n\n\n\n<figure class=\"wp-block-table\"><table><tbody><tr><td><strong>Zkou\u0161ka<\/strong><\/td><td><strong>Zkou\u0161kov\u00e9 obdob\u00ed<\/strong><\/td><td><strong>K\u00f3d<\/strong><\/td><td><strong>V\u00fdsledky<\/strong><\/td><td><strong>Datum zve\u0159ejn\u011bn\u00ed<\/strong><\/td><\/tr><tr><td><strong>DELF-DALF tout public<\/strong><\/td><td>\u00fanor<\/td><td>2026-02-T<\/td><td>Odesl\u00e1ny<\/td><td>23. 2. 2026<\/td><\/tr><tr><td><strong>DELF junior<\/strong><\/td><td>b\u0159ezen<\/td><td>2026-03-J<\/td><td><a href=\"https:\/\/www.alliancefrancaise.cz\/pardubice\/wp-content\/uploads\/2026\/04\/Resultats-DELF-03J.png\" data-type=\"link\" data-id=\"https:\/\/www.alliancefrancaise.cz\/pardubice\/wp-content\/uploads\/2026\/04\/Resultats-DELF-03J.png\">V\u00fdsledky<\/a><\/td><td>9. 4. 2026<\/td><\/tr><\/tbody><\/table><\/figure>\n\n\n\n<p><\/p>\n","protected":false},"excerpt":{"rendered":"<p>N\u00ed\u017ee uveden\u00e9 v\u00fdsledky zkou\u0161ek jsou&nbsp;informac\u00ed o tom, zda uchaze\u010d zkou\u0161ku \u00fasp\u011b\u0161n\u011b vykonal (\u201eadmis\u201c) \u010di zda zkou\u0161ku nevykonal (\u201enon admis\u201c resp. \u201e\u00e9limin\u00e9\u201c)&nbsp;resp. zda se ke zkou\u0161ce nedostavil (\u201eabsent\u201c). Ofici\u00e1ln\u00ed&#8230;<\/p>\n","protected":false},"author":4,"featured_media":0,"parent":0,"menu_order":0,"comment_status":"closed","ping_status":"closed","template":"","meta":{"_acf_changed":false,"footnotes":""},"class_list":["post-20293","page","type-page","status-publish","hentry"],"acf":[],"_links":{"self":[{"href":"https:\/\/www.alliancefrancaise.cz\/pardubice\/wp-json\/wp\/v2\/pages\/20293","targetHints":{"allow":["GET"]}}],"collection":[{"href":"https:\/\/www.alliancefrancaise.cz\/pardubice\/wp-json\/wp\/v2\/pages"}],"about":[{"href":"https:\/\/www.alliancefrancaise.cz\/pardubice\/wp-json\/wp\/v2\/types\/page"}],"author":[{"embeddable":true,"href":"https:\/\/www.alliancefrancaise.cz\/pardubice\/wp-json\/wp\/v2\/users\/4"}],"replies":[{"embeddable":true,"href":"https:\/\/www.alliancefrancaise.cz\/pardubice\/wp-json\/wp\/v2\/comments?post=20293"}],"version-history":[{"count":19,"href":"https:\/\/www.alliancefrancaise.cz\/pardubice\/wp-json\/wp\/v2\/pages\/20293\/revisions"}],"predecessor-version":[{"id":21750,"href":"https:\/\/www.alliancefrancaise.cz\/pardubice\/wp-json\/wp\/v2\/pages\/20293\/revisions\/21750"}],"wp:attachment":[{"href":"https:\/\/www.alliancefrancaise.cz\/pardubice\/wp-json\/wp\/v2\/media?parent=20293"}],"curies":[{"name":"wp","href":"https:\/\/api.w.org\/{rel}","templated":true}]}}