{"id":20844,"date":"2025-02-17T14:32:46","date_gmt":"2025-02-17T13:32:46","guid":{"rendered":"https:\/\/www.alliancefrancaise.cz\/pardubice\/?page_id=20844"},"modified":"2025-08-12T16:35:18","modified_gmt":"2025-08-12T14:35:18","slug":"kurzy-pripravy-na-delf-a-dalf","status":"publish","type":"page","link":"https:\/\/www.alliancefrancaise.cz\/pardubice\/skupinove-kurzy-2\/kurzy-pripravy-na-delf-a-dalf\/","title":{"rendered":"Kurzy p\u0159\u00edpravy na DELF a DALF"},"content":{"rendered":"\n<p>Chcete potvrdit svou \u00farove\u0148 francouz\u0161tiny ofici\u00e1ln\u00edm a uzn\u00e1van\u00fdm diplomem, nebo pot\u0159ebujete pomoc p\u0159i p\u0159\u00edprav\u011b na vstupn\u00ed nebo st\u00e1tn\u00ed zkou\u0161ky? Na\u0161e kurzy p\u0159\u00edpravy na DELF a DALF jsou navr\u017eeny tak, aby v\u00e1m pomohly dos\u00e1hnout va\u0161ich jazykov\u00fdch c\u00edl\u016f!<\/p>\n\n\n\n<p>Kurzy jsou otev\u0159eny pro studenty na \u00farovn\u00edch A2, B1, B2 a C1. Jsou skv\u011blou p\u0159\u00edle\u017eitost\u00ed, jak pos\u00edlit sv\u00e9 dovednosti ve francouz\u0161tin\u011b v podn\u011btn\u00e9m a podporuj\u00edc\u00edm prost\u0159ed\u00ed.<\/p>\n\n\n\n<p>Nab\u00edz\u00edme <strong>dva typy p\u0159\u00edpravy<\/strong> na m\u00edru va\u0161im pot\u0159eb\u00e1m:<\/p>\n\n\n\n<ul class=\"wp-block-list\">\n<li><strong>Kurz pro diplom Junior<\/strong>, ur\u010den\u00fd pro mlad\u00e9 studenty, dostupn\u00fd a\u017e do \u00farovn\u011b B2. Tento program je ide\u00e1ln\u00ed pro mlad\u0161\u00ed studenty, kte\u0159\u00ed cht\u011bj\u00ed potvrdit svou \u00farove\u0148 francouz\u0161tiny v pe\u010dliv\u011b strukturovan\u00e9m a progresivn\u00edm r\u00e1mci.<\/li>\n\n\n\n<li><strong>Kurz pro diplom Tout public<\/strong>, ur\u010den\u00fd pro dosp\u011bl\u00e9, dostupn\u00fd a\u017e do \u00farovn\u011b C1. Tento kurz je ur\u010den pro ka\u017ed\u00e9ho, kdo se chce p\u0159ipravit na DELF nebo DALF, s individu\u00e1ln\u00edm p\u0159\u00edstupem p\u0159izp\u016fsoben\u00fdm va\u0161\u00ed \u00farovni.<\/li>\n<\/ul>\n\n\n\n<p>Zkou\u0161ky DELF a DALF hodnot\u00ed \u010dty\u0159i z\u00e1kladn\u00ed jazykov\u00e9 dovednosti:<\/p>\n\n\n\n<ul class=\"wp-block-list\">\n<li><strong>Poslech<\/strong><\/li>\n\n\n\n<li><strong>\u010cten\u00ed<\/strong><\/li>\n\n\n\n<li><strong>\u00dastn\u00ed projev<\/strong><\/li>\n\n\n\n<li><strong>P\u00edsemn\u00fd projev<\/strong><\/li>\n<\/ul>\n\n\n\n<p>Na\u0161e p\u0159\u00edpravn\u00e9 kurzy jsou navr\u017eeny tak, aby v\u00e1s komplexn\u011b p\u0159ipravily na v\u0161echny \u010d\u00e1sti zkou\u0161ky, s d\u016frazem na zlep\u0161en\u00ed va\u0161ich schopnost\u00ed v t\u011bchto kl\u00ed\u010dov\u00fdch oblastech. V r\u00e1mci kurz\u016f budete m\u00edt k dispozici praktick\u00e1 cvi\u010den\u00ed, simulace zkou\u0161ek a individu\u00e1ln\u00ed poradenstv\u00ed p\u0159izp\u016fsoben\u00e9 va\u0161im pot\u0159eb\u00e1m.<\/p>\n\n\n\n<p>Tyto kurzy jsou ide\u00e1ln\u00ed p\u0159\u00edle\u017eitost\u00ed, jak se efektivn\u011b p\u0159ipravit na zkou\u0161ky DELF, DALF nebo jin\u00e9 jazykov\u00e9 zkou\u0161ky. P\u0159ipravte se na n\u011b s jistotou a klidem!Nenechte si uj\u00edt tuto p\u0159\u00edle\u017eitost potvrdit sv\u00e9 jazykov\u00e9 dovednosti v profesion\u00e1ln\u00edm a p\u0159\u00e1telsk\u00e9m prost\u0159ed\u00ed. <strong>P\u0159ihlaste se nyn\u00ed<\/strong> a za\u010dn\u011bte svou p\u0159\u00edpravu v klidu a pohod\u011b. Pro p\u0159ihl\u00e1\u0161en\u00ed se ozv\u011bte e-mailem na adresu: <a href=\"mailto:af@afpardubice.com\">af@afpardubice.com<\/a><\/p>\n\n\n\n<p><strong>P\u0159ihlaste se nyn\u00ed<\/strong> a za\u010dn\u011bte svou p\u0159\u00edpravu v klidu a pohod\u011b. Pro p\u0159ihl\u00e1\u0161en\u00ed se ozv\u011bte e-mailem na adresu: <a href=\"mailto:af@afpardubice.com\">af@afpardubice.com<\/a><\/p>\n\n\n\n<p><\/p>\n\n\n\n<h2 class=\"wp-block-heading has-color-text-color has-text-color has-link-color wp-elements-463da625a10a103d36b2bbc8c5e479fb\"><mark style=\"background-color:rgba(0, 0, 0, 0)\" class=\"has-inline-color has-color-text-color\">Dal\u0161\u00ed informace<\/mark><\/h2>\n\n\n\n<p>Bli\u017e\u0161\u00ed informace o zkou\u0161k\u00e1ch DELF a DALF z\u00edsk\u00e1te na webov\u00fdch str\u00e1nk\u00e1ch poskytovatele zkou\u0161ek <a href=\"https:\/\/www.france-education-international.fr\" target=\"_blank\" rel=\"noreferrer noopener\">France \u00c9ducation international<\/a>:<\/p>\n\n\n\n<ul class=\"wp-block-list\">\n<li><a href=\"https:\/\/www.france-education-international.fr\/diplome\/delf-tout-public\" target=\"_blank\" rel=\"noreferrer noopener\">DELF tout public<\/a><\/li>\n\n\n\n<li><a href=\"https:\/\/www.france-education-international.fr\/diplome\/delf-junior-scolaire\" target=\"_blank\" rel=\"noreferrer noopener\">DELF junior<\/a><\/li>\n\n\n\n<li><a href=\"https:\/\/www.france-education-international.fr\/diplome\/delf-junior-scolaire\" target=\"_blank\" rel=\"noreferrer noopener\">DELF scolaire<\/a><\/li>\n\n\n\n<li><a href=\"https:\/\/www.france-education-international.fr\/diplome\/dalf\" target=\"_blank\" rel=\"noreferrer noopener\">DALF<\/a><\/li>\n<\/ul>\n\n\n\n<hr class=\"wp-block-separator has-alpha-channel-opacity\"\/>\n","protected":false},"excerpt":{"rendered":"<p>Chcete potvrdit svou \u00farove\u0148 francouz\u0161tiny ofici\u00e1ln\u00edm a uzn\u00e1van\u00fdm diplomem, nebo pot\u0159ebujete pomoc p\u0159i p\u0159\u00edprav\u011b na vstupn\u00ed nebo st\u00e1tn\u00ed zkou\u0161ky? Na\u0161e kurzy p\u0159\u00edpravy na DELF a DALF jsou navr\u017eeny&#8230;<\/p>\n","protected":false},"author":4,"featured_media":0,"parent":7242,"menu_order":0,"comment_status":"closed","ping_status":"closed","template":"","meta":{"_acf_changed":false,"footnotes":""},"class_list":["post-20844","page","type-page","status-publish","hentry"],"acf":[],"_links":{"self":[{"href":"https:\/\/www.alliancefrancaise.cz\/pardubice\/wp-json\/wp\/v2\/pages\/20844","targetHints":{"allow":["GET"]}}],"collection":[{"href":"https:\/\/www.alliancefrancaise.cz\/pardubice\/wp-json\/wp\/v2\/pages"}],"about":[{"href":"https:\/\/www.alliancefrancaise.cz\/pardubice\/wp-json\/wp\/v2\/types\/page"}],"author":[{"embeddable":true,"href":"https:\/\/www.alliancefrancaise.cz\/pardubice\/wp-json\/wp\/v2\/users\/4"}],"replies":[{"embeddable":true,"href":"https:\/\/www.alliancefrancaise.cz\/pardubice\/wp-json\/wp\/v2\/comments?post=20844"}],"version-history":[{"count":9,"href":"https:\/\/www.alliancefrancaise.cz\/pardubice\/wp-json\/wp\/v2\/pages\/20844\/revisions"}],"predecessor-version":[{"id":21263,"href":"https:\/\/www.alliancefrancaise.cz\/pardubice\/wp-json\/wp\/v2\/pages\/20844\/revisions\/21263"}],"up":[{"embeddable":true,"href":"https:\/\/www.alliancefrancaise.cz\/pardubice\/wp-json\/wp\/v2\/pages\/7242"}],"wp:attachment":[{"href":"https:\/\/www.alliancefrancaise.cz\/pardubice\/wp-json\/wp\/v2\/media?parent=20844"}],"curies":[{"name":"wp","href":"https:\/\/api.w.org\/{rel}","templated":true}]}}