{"id":6287,"date":"2023-06-26T10:32:59","date_gmt":"2023-06-26T08:32:59","guid":{"rendered":"https:\/\/www.alliancefrancaise.cz\/pardubice\/?page_id=6287"},"modified":"2025-08-14T15:02:33","modified_gmt":"2025-08-14T13:02:33","slug":"nasi-lektori","status":"publish","type":"page","link":"https:\/\/www.alliancefrancaise.cz\/pardubice\/nasi-lektori\/","title":{"rendered":"Na\u0161i u\u010ditel\u00e9"},"content":{"rendered":"\n<div class=\"wp-block-columns is-layout-flex wp-container-core-columns-is-layout-9d6595d7 wp-block-columns-is-layout-flex\">\n<div class=\"wp-block-column is-layout-flow wp-block-column-is-layout-flow\">\n<div class=\"wp-block-media-text is-stacked-on-mobile\"><figure class=\"wp-block-media-text__media\"><img loading=\"lazy\" decoding=\"async\" width=\"500\" height=\"500\" src=\"https:\/\/www.alliancefrancaise.cz\/pardubice\/wp-content\/uploads\/2024\/03\/Black-White-Modern-Handwritten-Square-Studio-Logo-1.png\" alt=\"\" class=\"wp-image-7502 size-full\" srcset=\"https:\/\/www.alliancefrancaise.cz\/pardubice\/wp-content\/uploads\/2024\/03\/Black-White-Modern-Handwritten-Square-Studio-Logo-1.png 500w, https:\/\/www.alliancefrancaise.cz\/pardubice\/wp-content\/uploads\/2024\/03\/Black-White-Modern-Handwritten-Square-Studio-Logo-1-460x460.png 460w, https:\/\/www.alliancefrancaise.cz\/pardubice\/wp-content\/uploads\/2024\/03\/Black-White-Modern-Handwritten-Square-Studio-Logo-1-150x150.png 150w, https:\/\/www.alliancefrancaise.cz\/pardubice\/wp-content\/uploads\/2024\/03\/Black-White-Modern-Handwritten-Square-Studio-Logo-1-440x440.png 440w\" sizes=\"auto, (max-width: 500px) 100vw, 500px\" \/><\/figure><div class=\"wp-block-media-text__content\">\n<p><strong>Pavl\u00edna Hoskovcov\u00e1<\/strong><\/p>\n\n\n\n<p>u\u010ditelka<\/p>\n<\/div><\/div>\n<\/div>\n\n\n\n<div class=\"wp-block-column is-layout-flow wp-block-column-is-layout-flow\">\n<div class=\"wp-block-media-text is-stacked-on-mobile\"><figure class=\"wp-block-media-text__media\"><img loading=\"lazy\" decoding=\"async\" width=\"500\" height=\"500\" src=\"https:\/\/www.alliancefrancaise.cz\/pardubice\/wp-content\/uploads\/2024\/03\/Black-White-Modern-Handwritten-Square-Studio-Logo-2.png\" alt=\"\" class=\"wp-image-7504 size-full\" srcset=\"https:\/\/www.alliancefrancaise.cz\/pardubice\/wp-content\/uploads\/2024\/03\/Black-White-Modern-Handwritten-Square-Studio-Logo-2.png 500w, https:\/\/www.alliancefrancaise.cz\/pardubice\/wp-content\/uploads\/2024\/03\/Black-White-Modern-Handwritten-Square-Studio-Logo-2-460x460.png 460w, https:\/\/www.alliancefrancaise.cz\/pardubice\/wp-content\/uploads\/2024\/03\/Black-White-Modern-Handwritten-Square-Studio-Logo-2-150x150.png 150w, https:\/\/www.alliancefrancaise.cz\/pardubice\/wp-content\/uploads\/2024\/03\/Black-White-Modern-Handwritten-Square-Studio-Logo-2-440x440.png 440w\" sizes=\"auto, (max-width: 500px) 100vw, 500px\" \/><\/figure><div class=\"wp-block-media-text__content\">\n<p><strong>Eli\u0161ka Kulh\u00e1nkov\u00e1<\/strong><\/p>\n\n\n\n<p>u\u010ditelka<\/p>\n<\/div><\/div>\n<\/div>\n\n\n\n<div class=\"wp-block-column is-layout-flow wp-block-column-is-layout-flow\">\n<div class=\"wp-block-media-text is-stacked-on-mobile\"><figure class=\"wp-block-media-text__media\"><img loading=\"lazy\" decoding=\"async\" width=\"500\" height=\"500\" src=\"https:\/\/www.alliancefrancaise.cz\/pardubice\/wp-content\/uploads\/2024\/03\/Black-White-Modern-Handwritten-Square-Studio-Logo-3.png\" alt=\"\" class=\"wp-image-7506 size-full\" srcset=\"https:\/\/www.alliancefrancaise.cz\/pardubice\/wp-content\/uploads\/2024\/03\/Black-White-Modern-Handwritten-Square-Studio-Logo-3.png 500w, https:\/\/www.alliancefrancaise.cz\/pardubice\/wp-content\/uploads\/2024\/03\/Black-White-Modern-Handwritten-Square-Studio-Logo-3-460x460.png 460w, https:\/\/www.alliancefrancaise.cz\/pardubice\/wp-content\/uploads\/2024\/03\/Black-White-Modern-Handwritten-Square-Studio-Logo-3-150x150.png 150w, https:\/\/www.alliancefrancaise.cz\/pardubice\/wp-content\/uploads\/2024\/03\/Black-White-Modern-Handwritten-Square-Studio-Logo-3-440x440.png 440w\" sizes=\"auto, (max-width: 500px) 100vw, 500px\" \/><\/figure><div class=\"wp-block-media-text__content\">\n<p><strong>Anne-Ga\u00eblle Laurent Savic<\/strong><\/p>\n\n\n\n<p>u\u010ditelka<\/p>\n<\/div><\/div>\n<\/div>\n<\/div>\n\n\n\n<div class=\"wp-block-columns is-layout-flex wp-container-core-columns-is-layout-9d6595d7 wp-block-columns-is-layout-flex\">\n<div class=\"wp-block-column is-layout-flow wp-block-column-is-layout-flow\">\n<p class=\"has-text-align-center\">Pavl\u00edna vystudovala U\u010ditelstv\u00ed francouzsk\u00e9ho jazyka na UHK a str\u00e1vila program Erasmus na\u00a0Univerzit\u011b\u00a0Paul Verlain v\u00a0M\u00e9t\u00e1ch. Dnes p\u016fsob\u00ed jako lektorka na Francouzsk\u00e9 Allianci v\u00a0Pardubic\u00edch, kter\u00e1 pro ni\u00a0p\u0159edstavuje ide\u00e1ln\u00ed propojen\u00ed \u017eivota v\u00a0\u010cech\u00e1ch s\u00a0frankofonn\u00ed kulturou. R\u00e1da p\u0159ed\u00e1v\u00e1 student\u016fm<br>nejen sv\u00e9 jazykov\u00e9 znalosti, ale i nad\u0161en\u00ed pro Francii a jej\u00ed melodick\u00fd jazyk.<\/p>\n<\/div>\n\n\n\n<div class=\"wp-block-column is-layout-flow wp-block-column-is-layout-flow\">\n<p class=\"has-text-align-center\"><\/p>\n<\/div>\n\n\n\n<div class=\"wp-block-column is-layout-flow wp-block-column-is-layout-flow\"><\/div>\n<\/div>\n\n\n\n<div class=\"wp-block-columns is-layout-flex wp-container-core-columns-is-layout-9d6595d7 wp-block-columns-is-layout-flex\">\n<div class=\"wp-block-column is-layout-flow wp-block-column-is-layout-flow\">\n<div class=\"wp-block-media-text is-stacked-on-mobile\"><figure class=\"wp-block-media-text__media\"><img loading=\"lazy\" decoding=\"async\" width=\"500\" height=\"500\" src=\"https:\/\/www.alliancefrancaise.cz\/pardubice\/wp-content\/uploads\/2024\/03\/Black-White-Modern-Handwritten-Square-Studio-Logo-4.png\" alt=\"\" class=\"wp-image-7508 size-full\" srcset=\"https:\/\/www.alliancefrancaise.cz\/pardubice\/wp-content\/uploads\/2024\/03\/Black-White-Modern-Handwritten-Square-Studio-Logo-4.png 500w, https:\/\/www.alliancefrancaise.cz\/pardubice\/wp-content\/uploads\/2024\/03\/Black-White-Modern-Handwritten-Square-Studio-Logo-4-460x460.png 460w, https:\/\/www.alliancefrancaise.cz\/pardubice\/wp-content\/uploads\/2024\/03\/Black-White-Modern-Handwritten-Square-Studio-Logo-4-150x150.png 150w, https:\/\/www.alliancefrancaise.cz\/pardubice\/wp-content\/uploads\/2024\/03\/Black-White-Modern-Handwritten-Square-Studio-Logo-4-440x440.png 440w\" sizes=\"auto, (max-width: 500px) 100vw, 500px\" \/><\/figure><div class=\"wp-block-media-text__content\">\n<p><strong><strong>P\u0159emysl Machat\u00fd <\/strong><\/strong><\/p>\n\n\n\n<p>u\u010ditel<\/p>\n<\/div><\/div>\n<\/div>\n\n\n\n<div class=\"wp-block-column is-layout-flow wp-block-column-is-layout-flow\">\n<div class=\"wp-block-media-text is-stacked-on-mobile\"><figure class=\"wp-block-media-text__media\"><img loading=\"lazy\" decoding=\"async\" width=\"500\" height=\"500\" src=\"https:\/\/www.alliancefrancaise.cz\/pardubice\/wp-content\/uploads\/2024\/03\/Black-White-Modern-Handwritten-Square-Studio-Logo-5.png\" alt=\"\" class=\"wp-image-7510 size-full\" srcset=\"https:\/\/www.alliancefrancaise.cz\/pardubice\/wp-content\/uploads\/2024\/03\/Black-White-Modern-Handwritten-Square-Studio-Logo-5.png 500w, https:\/\/www.alliancefrancaise.cz\/pardubice\/wp-content\/uploads\/2024\/03\/Black-White-Modern-Handwritten-Square-Studio-Logo-5-460x460.png 460w, https:\/\/www.alliancefrancaise.cz\/pardubice\/wp-content\/uploads\/2024\/03\/Black-White-Modern-Handwritten-Square-Studio-Logo-5-150x150.png 150w, https:\/\/www.alliancefrancaise.cz\/pardubice\/wp-content\/uploads\/2024\/03\/Black-White-Modern-Handwritten-Square-Studio-Logo-5-440x440.png 440w\" sizes=\"auto, (max-width: 500px) 100vw, 500px\" \/><\/figure><div class=\"wp-block-media-text__content\">\n<p><strong>Florie Muller <\/strong><\/p>\n\n\n\n<p>u\u010ditelka<\/p>\n<\/div><\/div>\n<\/div>\n\n\n\n<div class=\"wp-block-column is-layout-flow wp-block-column-is-layout-flow\">\n<div class=\"wp-block-media-text is-stacked-on-mobile\"><figure class=\"wp-block-media-text__media\"><img loading=\"lazy\" decoding=\"async\" width=\"500\" height=\"500\" src=\"https:\/\/www.alliancefrancaise.cz\/pardubice\/wp-content\/uploads\/2024\/03\/Black-White-Modern-Handwritten-Square-Studio-Logo-6.png\" alt=\"\" class=\"wp-image-7512 size-full\" srcset=\"https:\/\/www.alliancefrancaise.cz\/pardubice\/wp-content\/uploads\/2024\/03\/Black-White-Modern-Handwritten-Square-Studio-Logo-6.png 500w, https:\/\/www.alliancefrancaise.cz\/pardubice\/wp-content\/uploads\/2024\/03\/Black-White-Modern-Handwritten-Square-Studio-Logo-6-460x460.png 460w, https:\/\/www.alliancefrancaise.cz\/pardubice\/wp-content\/uploads\/2024\/03\/Black-White-Modern-Handwritten-Square-Studio-Logo-6-150x150.png 150w, https:\/\/www.alliancefrancaise.cz\/pardubice\/wp-content\/uploads\/2024\/03\/Black-White-Modern-Handwritten-Square-Studio-Logo-6-440x440.png 440w\" sizes=\"auto, (max-width: 500px) 100vw, 500px\" \/><\/figure><div class=\"wp-block-media-text__content\">\n<p><strong>Alena P\u0159\u00edhodov\u00e1<\/strong><\/p>\n\n\n\n<p>u\u010ditelka<\/p>\n<\/div><\/div>\n<\/div>\n<\/div>\n\n\n\n<div class=\"wp-block-columns is-layout-flex wp-container-core-columns-is-layout-9d6595d7 wp-block-columns-is-layout-flex\">\n<div class=\"wp-block-column is-layout-flow wp-block-column-is-layout-flow\">\n<p class=\"has-text-align-center\">P\u0159emek vystudoval U\u010ditelstv\u00ed francouzsk\u00e9ho jazyka a literatury na MUNI Brno a na DEFLE Michel de Montaigne Bordeaux.&nbsp;T\u00e9m\u011b\u0159 20 let u\u010d\u00ed v na\u0161\u00ed alianci a na pardubick\u00e9m gymn\u00e1ziu Da\u0161ick\u00e1. Dlouhodob\u011b se v\u011bnuje didaktice francouzsk\u00e9ho&nbsp;jazyka a spolupracuje na mnoha frankofonn\u00edch projektech (divadlo, v\u00fdm\u011bnn\u00e9 programy, Erasmus+, sout\u011b\u017ee ve FJ). Absolvoval mnoho zahrani\u010dn\u00edch st\u00e1\u017e\u00ed ve Francii \u010di v&nbsp;Belgii a za svoji \u010dinnost byl ocen\u011bn Cenou \u010desko-francouzsk\u00e9&nbsp;spolupr\u00e1ce. Francouz\u0161tinu miluje&nbsp;\ud83d\ude0a<\/p>\n<\/div>\n\n\n\n<div class=\"wp-block-column is-layout-flow wp-block-column-is-layout-flow\">\n<p class=\"has-text-align-center\">Po studi\u00edch p\u0159ekladatelstv\u00ed a pedagogiky Florie u\u010dila francouz\u0161tinu v N\u011bmecku, na Tchaj-wanu a v Ekv\u00e1doru. Pot\u00e9 se p\u0159est\u011bhovala do \u010cesk\u00e9 republiky. Jako velk\u00e1 milovnice ciz\u00edch jazyk\u016f se stejnou m\u011brou u\u010d\u00ed jako vyu\u010duje! R\u00e1da se take d\u011bl\u00ed o svou l\u00e1sku k literatu\u0159e, filmu a hudb\u011b.<\/p>\n<\/div>\n\n\n\n<div class=\"wp-block-column is-layout-flow wp-block-column-is-layout-flow\">\n<p class=\"has-text-align-center\">Alena obdr\u017eela diplom pro v\u00fduku francouz\u0161tiny a \u010de\u0161tiny na Univerzit\u011b Palack\u00e9ho v Olomouci. 18 let pracovala jako profesorka francouz\u0161tiny na gymn\u00e1ziu a sou\u010dasn\u011b vyu\u010dovala v jin\u00fdch kurzech i na Univerzit\u011b Hradec Kr\u00e1lov\u00e9. \u010casto se zapojovala do frankofonn\u00edch projekt\u016f jako nap\u0159. Divadeln\u00ed festival student\u016f.V sou\u010dasn\u00e9 dob\u011b u\u010d\u00ed v kurzech Francouzsk\u00e9 aliance (prezen\u010dn\u011b i on-line). Je dr\u017eitelkou vyznamen\u00e1n\u00ed Chevalier dans l\u00b4Ordre des Palmes acad\u00e9miques.<\/p>\n<\/div>\n<\/div>\n\n\n\n<div class=\"wp-block-columns is-layout-flex wp-container-core-columns-is-layout-9d6595d7 wp-block-columns-is-layout-flex\">\n<div class=\"wp-block-column is-layout-flow wp-block-column-is-layout-flow\"><\/div>\n\n\n\n<div class=\"wp-block-column is-layout-flow wp-block-column-is-layout-flow\">\n<div class=\"wp-block-media-text is-stacked-on-mobile\"><figure class=\"wp-block-media-text__media\"><img loading=\"lazy\" decoding=\"async\" width=\"500\" height=\"500\" src=\"https:\/\/www.alliancefrancaise.cz\/pardubice\/wp-content\/uploads\/2024\/03\/Black-White-Modern-Handwritten-Square-Studio-Logo-8.png\" alt=\"\" class=\"wp-image-7516 size-full\" srcset=\"https:\/\/www.alliancefrancaise.cz\/pardubice\/wp-content\/uploads\/2024\/03\/Black-White-Modern-Handwritten-Square-Studio-Logo-8.png 500w, https:\/\/www.alliancefrancaise.cz\/pardubice\/wp-content\/uploads\/2024\/03\/Black-White-Modern-Handwritten-Square-Studio-Logo-8-460x460.png 460w, https:\/\/www.alliancefrancaise.cz\/pardubice\/wp-content\/uploads\/2024\/03\/Black-White-Modern-Handwritten-Square-Studio-Logo-8-150x150.png 150w, https:\/\/www.alliancefrancaise.cz\/pardubice\/wp-content\/uploads\/2024\/03\/Black-White-Modern-Handwritten-Square-Studio-Logo-8-440x440.png 440w\" sizes=\"auto, (max-width: 500px) 100vw, 500px\" \/><\/figure><div class=\"wp-block-media-text__content\">\n<p><strong><strong>Corinne<\/strong> <strong>Veisy<\/strong><\/strong><\/p>\n\n\n\n<p>b\u00fdval\u00e1 \u0159editelka a u\u010ditelka<\/p>\n<\/div><\/div>\n<\/div>\n\n\n\n<div class=\"wp-block-column is-layout-flow wp-block-column-is-layout-flow\"><\/div>\n<\/div>\n\n\n\n<div class=\"wp-block-columns is-layout-flex wp-container-core-columns-is-layout-9d6595d7 wp-block-columns-is-layout-flex\">\n<div class=\"wp-block-column is-layout-flow wp-block-column-is-layout-flow\">\n<p class=\"has-text-align-center\"><\/p>\n<\/div>\n\n\n\n<div class=\"wp-block-column is-layout-flow wp-block-column-is-layout-flow\">\n<p class=\"has-text-align-center\">Corinne poch\u00e1z\u00ed z francouzsk\u00fdch Alp a m\u00e1 v\u00e1\u0161e\u0148 pro cestov\u00e1n\u00ed. Studovala Shakespear\u016fv jazyk a z\u00edskala bakal\u00e1\u0159sk\u00fd titul v angli\u010dtin\u011b a n\u00e1sledn\u011b magistersk\u00fd titul z francouz\u0161tiny jako ciz\u00edho jazyka. S diplomy v kapse odlet\u011bla do Keni, kde pracovala na francouzsk\u00e9m velvyslanectv\u00ed. Po n\u00e1vratu do Evropy se stala \u0159editelkou Alliance fran\u00e7aise v Pardubic\u00edch, kde z\u016fstala sedm let, a pot\u00e9 se vr\u00e1tila do Afriky, kde pracovala ve Francouzsk\u00e9m institutu v Maroku. Po \u010cesk\u00e9 republice se j\u00ed st\u00fdskalo, a tak se vr\u00e1tila a 8 let u\u010dila v evropsk\u00e9 sekci nymbursk\u00e9ho gymn\u00e1zia. V sou\u010dasn\u00e9 dob\u011b pracuje ve \u0160pan\u011blsku.<\/p>\n<\/div>\n\n\n\n<div class=\"wp-block-column is-layout-flow wp-block-column-is-layout-flow\">\n<p class=\"has-text-align-center\"><\/p>\n<\/div>\n<\/div>\n\n\n\n<p><\/p>\n\n\n\n<h2 class=\"wp-block-heading\">Na\u0161i st\u00e1\u017eist\u00e9<\/h2>\n\n\n\n<p>2025 : Noa Lambert, Marie-Jeanne Pouderoux, C\u00e9cile Costa<\/p>\n\n\n\n<p>2024 : C\u00e9cile Costa, Laouen Gonzalez, Ga\u00efa Collombes, Elma Maset, Gwenann Capitaine<\/p>\n\n\n\n<p>2023 : Lucile Charabot, Ad\u00e8le Durieu, Shaneze Guillon, Fantine Roin\u00e9<\/p>\n\n\n\n<p><\/p>\n\n\n\n<p><\/p>\n\n\n\n<h2 class=\"wp-block-heading\">Administratif <\/h2>\n\n\n\n<div class=\"wp-block-columns is-layout-flex wp-container-core-columns-is-layout-9d6595d7 wp-block-columns-is-layout-flex\">\n<div class=\"wp-block-column is-layout-flow wp-block-column-is-layout-flow\">\n<div class=\"wp-block-media-text is-stacked-on-mobile\"><figure class=\"wp-block-media-text__media\"><img loading=\"lazy\" decoding=\"async\" width=\"500\" height=\"500\" src=\"https:\/\/www.alliancefrancaise.cz\/pardubice\/wp-content\/uploads\/2024\/03\/Black-White-Modern-Handwritten-Square-Studio-Logo.png\" alt=\"\" class=\"wp-image-7500 size-full\" srcset=\"https:\/\/www.alliancefrancaise.cz\/pardubice\/wp-content\/uploads\/2024\/03\/Black-White-Modern-Handwritten-Square-Studio-Logo.png 500w, https:\/\/www.alliancefrancaise.cz\/pardubice\/wp-content\/uploads\/2024\/03\/Black-White-Modern-Handwritten-Square-Studio-Logo-460x460.png 460w, https:\/\/www.alliancefrancaise.cz\/pardubice\/wp-content\/uploads\/2024\/03\/Black-White-Modern-Handwritten-Square-Studio-Logo-150x150.png 150w, https:\/\/www.alliancefrancaise.cz\/pardubice\/wp-content\/uploads\/2024\/03\/Black-White-Modern-Handwritten-Square-Studio-Logo-440x440.png 440w\" sizes=\"auto, (max-width: 500px) 100vw, 500px\" \/><\/figure><div class=\"wp-block-media-text__content\">\n<p><strong>Jakub  Vondrou\u0161<\/strong><\/p>\n\n\n\n<p>\u0159editel<\/p>\n<\/div><\/div>\n<\/div>\n\n\n\n<div class=\"wp-block-column is-layout-flow wp-block-column-is-layout-flow\">\n<div class=\"wp-block-media-text is-stacked-on-mobile\"><figure class=\"wp-block-media-text__media\"><img loading=\"lazy\" decoding=\"async\" width=\"500\" height=\"500\" src=\"https:\/\/www.alliancefrancaise.cz\/pardubice\/wp-content\/uploads\/2024\/03\/Black-White-Modern-Handwritten-Square-Studio-Logo-6.png\" alt=\"\" class=\"wp-image-7512 size-full\" srcset=\"https:\/\/www.alliancefrancaise.cz\/pardubice\/wp-content\/uploads\/2024\/03\/Black-White-Modern-Handwritten-Square-Studio-Logo-6.png 500w, https:\/\/www.alliancefrancaise.cz\/pardubice\/wp-content\/uploads\/2024\/03\/Black-White-Modern-Handwritten-Square-Studio-Logo-6-460x460.png 460w, https:\/\/www.alliancefrancaise.cz\/pardubice\/wp-content\/uploads\/2024\/03\/Black-White-Modern-Handwritten-Square-Studio-Logo-6-150x150.png 150w, https:\/\/www.alliancefrancaise.cz\/pardubice\/wp-content\/uploads\/2024\/03\/Black-White-Modern-Handwritten-Square-Studio-Logo-6-440x440.png 440w\" sizes=\"auto, (max-width: 500px) 100vw, 500px\" \/><\/figure><div class=\"wp-block-media-text__content\">\n<p><strong>Ivona          Kopov\u00e1<\/strong><\/p>\n\n\n\n<p>\u00fa\u010detn\u00ed<\/p>\n<\/div><\/div>\n<\/div>\n\n\n\n<div class=\"wp-block-column is-layout-flow wp-block-column-is-layout-flow\">\n<div class=\"wp-block-media-text is-stacked-on-mobile\"><figure class=\"wp-block-media-text__media\"><img loading=\"lazy\" decoding=\"async\" width=\"500\" height=\"500\" src=\"https:\/\/www.alliancefrancaise.cz\/pardubice\/wp-content\/uploads\/2024\/03\/Black-White-Modern-Handwritten-Square-Studio-Logo-2.png\" alt=\"\" class=\"wp-image-7504 size-full\" srcset=\"https:\/\/www.alliancefrancaise.cz\/pardubice\/wp-content\/uploads\/2024\/03\/Black-White-Modern-Handwritten-Square-Studio-Logo-2.png 500w, https:\/\/www.alliancefrancaise.cz\/pardubice\/wp-content\/uploads\/2024\/03\/Black-White-Modern-Handwritten-Square-Studio-Logo-2-460x460.png 460w, https:\/\/www.alliancefrancaise.cz\/pardubice\/wp-content\/uploads\/2024\/03\/Black-White-Modern-Handwritten-Square-Studio-Logo-2-150x150.png 150w, https:\/\/www.alliancefrancaise.cz\/pardubice\/wp-content\/uploads\/2024\/03\/Black-White-Modern-Handwritten-Square-Studio-Logo-2-440x440.png 440w\" sizes=\"auto, (max-width: 500px) 100vw, 500px\" \/><\/figure><div class=\"wp-block-media-text__content\">\n<p><strong>Svitlana     Shuima<\/strong><\/p>\n\n\n\n<p>ukl\u00edze\u010dka<\/p>\n<\/div><\/div>\n<\/div>\n<\/div>\n\n\n\n<p><\/p>\n","protected":false},"excerpt":{"rendered":"<p>Pavl\u00edna Hoskovcov\u00e1 u\u010ditelka Eli\u0161ka Kulh\u00e1nkov\u00e1 u\u010ditelka Anne-Ga\u00eblle Laurent Savic u\u010ditelka Pavl\u00edna vystudovala U\u010ditelstv\u00ed francouzsk\u00e9ho jazyka na UHK a str\u00e1vila program Erasmus na\u00a0Univerzit\u011b\u00a0Paul Verlain v\u00a0M\u00e9t\u00e1ch. Dnes p\u016fsob\u00ed jako lektorka&#8230;<\/p>\n","protected":false},"author":1,"featured_media":0,"parent":0,"menu_order":0,"comment_status":"closed","ping_status":"closed","template":"","meta":{"_acf_changed":false,"footnotes":""},"class_list":["post-6287","page","type-page","status-publish","hentry"],"acf":[],"_links":{"self":[{"href":"https:\/\/www.alliancefrancaise.cz\/pardubice\/wp-json\/wp\/v2\/pages\/6287","targetHints":{"allow":["GET"]}}],"collection":[{"href":"https:\/\/www.alliancefrancaise.cz\/pardubice\/wp-json\/wp\/v2\/pages"}],"about":[{"href":"https:\/\/www.alliancefrancaise.cz\/pardubice\/wp-json\/wp\/v2\/types\/page"}],"author":[{"embeddable":true,"href":"https:\/\/www.alliancefrancaise.cz\/pardubice\/wp-json\/wp\/v2\/users\/1"}],"replies":[{"embeddable":true,"href":"https:\/\/www.alliancefrancaise.cz\/pardubice\/wp-json\/wp\/v2\/comments?post=6287"}],"version-history":[{"count":14,"href":"https:\/\/www.alliancefrancaise.cz\/pardubice\/wp-json\/wp\/v2\/pages\/6287\/revisions"}],"predecessor-version":[{"id":21312,"href":"https:\/\/www.alliancefrancaise.cz\/pardubice\/wp-json\/wp\/v2\/pages\/6287\/revisions\/21312"}],"wp:attachment":[{"href":"https:\/\/www.alliancefrancaise.cz\/pardubice\/wp-json\/wp\/v2\/media?parent=6287"}],"curies":[{"name":"wp","href":"https:\/\/api.w.org\/{rel}","templated":true}]}}