{"id":6438,"date":"2023-10-09T18:00:34","date_gmt":"2023-10-09T16:00:34","guid":{"rendered":"https:\/\/www.alliancefrancaise.cz\/pardubice\/?page_id=6438"},"modified":"2025-02-11T14:33:13","modified_gmt":"2025-02-11T13:33:13","slug":"faq-casto-kladene-otazky","status":"publish","type":"page","link":"https:\/\/www.alliancefrancaise.cz\/pardubice\/faq-casto-kladene-otazky\/","title":{"rendered":"FAQ &#8211; \u010casto kladen\u00e9 ot\u00e1zky"},"content":{"rendered":"\n<p>Ur\u010dit\u011b m\u00e1te dotazy, na kter\u00e9 byste r\u00e1di znali odpov\u011b\u010f. Zde v\u00e1m odpov\u00edme na ot\u00e1zky, kter\u00e9 jsou nej\u010dast\u011bj\u0161\u00ed. Pokud jste nena\u0161li odpov\u011b\u010f na sv\u016fj dotaz, nev\u00e1hejte se na n\u00e1s obr\u00e1tit. R\u00e1di v\u00e1m pom\u016f\u017eeme.<\/p>\n\n\n\n<div style=\"height:31px\" aria-hidden=\"true\" class=\"wp-block-spacer\"><\/div>\n\n\n\n<h4 class=\"wp-block-heading\"><strong><mark style=\"background-color:rgba(0, 0, 0, 0)\" class=\"has-inline-color has-black-color\">Jak\u00fd je rozd\u00edl mezi zkou\u0161kou DELF tout public, DELF junior a DELF scolaire?<\/mark><\/strong><\/h4>\n\n\n\n<p><\/p>\n\n\n\n<ul class=\"wp-block-list\">\n<li>Zkou\u0161ka DELF <strong>tout public<\/strong> je ur\u010dena pro <strong>\u0161irokou ve\u0159ejnost<\/strong> (18+). Na zkou\u0161ku se nicm\u00e9n\u011b mohou p\u0159ihl\u00e1sit i uchaze\u010di mlad\u0161\u00ed 18 let, pakli\u017ee jim term\u00edn zkou\u0161ek DELF junior nebo DELF scolaire z r\u016fzn\u00fdch d\u016fvod\u016f nevyhovuje.<\/li>\n\n\n\n<li>Zkou\u0161ky DELF <strong>junior <\/strong>a DELF <strong>scolaire <\/strong>jsou specificky ur\u010deny pro <strong>\u017e\u00e1ky \u0161kol<\/strong> (2. stupe\u0148 z\u00e1kladn\u00edch \u0161kol a v\u0161echny typy st\u0159edn\u00edch \u0161kol v\u010detn\u011b v\u00edcelet\u00fdch gymn\u00e1zi\u00ed). Specifi\u010dnost zkou\u0161ek spo\u010d\u00edv\u00e1 v tom, \u017ee zad\u00e1n\u00ed zkou\u0161ek jsou tematicky uzp\u016fsobena t\u00e9to mlad\u00e9 generaci.<\/li>\n\n\n\n<li>Rozd\u00edl mezi zkou\u0161ku DELF junior a DELF scolaire je ten, \u017ee zkou\u0161ku <strong>DELF junior konaj\u00ed uchaze\u010di p\u0159\u00edmo ve zku\u0161ebn\u00edm centru<\/strong> (\u201ecentre d\u2019examen\u201c), zat\u00edmco zkou\u0161ku <strong>DELF scolaire konaj\u00ed na sp\u00e1dov\u00e9 \u0161kole<\/strong> (\u201elieu de passation\u201c) pro dan\u00fd region.<\/li>\n<\/ul>\n\n\n\n<div style=\"height:22px\" aria-hidden=\"true\" class=\"wp-block-spacer\"><\/div>\n\n\n\n<h4 class=\"wp-block-heading\"><strong><mark style=\"background-color:rgba(0, 0, 0, 0)\" class=\"has-inline-color has-black-color\">Kolik stoj\u00ed zkou\u0161ka?<\/mark><\/strong><\/h4>\n\n\n\n<p>Cen\u00edk zkou\u0161ek DELF a DALF naleznete v na\u0161em Cen\u00edku. Tento cen\u00edk je jednotn\u00fd pro celou \u010ceskou republiku a je platn\u00fd v\u017edy na jeden kalend\u00e1\u0159n\u00ed rok.<\/p>\n\n\n\n<p><\/p>\n\n\n\n<h4 class=\"wp-block-heading\"><strong><mark style=\"background-color:rgba(0, 0, 0, 0)\" class=\"has-inline-color has-black-color\">Kdy\u017e se p\u0159ihl\u00e1s\u00edm na zkou\u0161ku v Pardubic\u00edch, mohu ji konat v Praze?<\/mark><\/strong><\/h4>\n\n\n\n<p>Bohu\u017eel, toto nen\u00ed mo\u017en\u00e9. Uchaze\u010d se registruje na zkou\u0161ku v\u017edy u konkr\u00e9tn\u00edho zku\u0161ebn\u00edho centra. Zku\u0161ebn\u00edch center je v \u010cesk\u00e9 republice celkem dev\u011bt:<\/p>\n\n\n\n<ul class=\"wp-block-list\">\n<li>Alliance Fran\u00e7aise Pardubice<\/li>\n\n\n\n<li>Alliance Fran\u00e7aise Brno<\/li>\n\n\n\n<li>Alliance Fran\u00e7aise Ji\u017en\u00ed \u010cechy<\/li>\n\n\n\n<li>Alliance Fran\u00e7aise Liberec<\/li>\n\n\n\n<li>Alliance Fran\u00e7aise Ostrava<\/li>\n\n\n\n<li>Alliance Fran\u00e7aise Plze\u0148<\/li>\n\n\n\n<li>Alliance Fran\u00e7aise Zl\u00edn<\/li>\n\n\n\n<li>Francouzsk\u00e9 centrum Univerzity Palack\u00e9ho v Olomouci<\/li>\n\n\n\n<li>Francouzsk\u00fd institut v Praze<\/li>\n<\/ul>\n\n\n\n<p><\/p>\n\n\n\n<h4 class=\"wp-block-heading\"><mark style=\"background-color:rgba(0, 0, 0, 0)\" class=\"has-inline-color has-black-color\">Kdy se dozv\u00edm v\u00fdsledek ze zkou\u0161ky?<\/mark><\/h4>\n\n\n\n<p>Pot\u00e9 co prob\u011bhnou zkou\u0161ky, trv\u00e1 to cca 3 t\u00fddny, ne\u017e se oprav\u00ed p\u00edsemn\u00e1 \u010d\u00e1st zkou\u0161ek. N\u00e1sledn\u011b se na Francouzsk\u00e9 ambas\u00e1d\u011b v Praze sejde komise, kter\u00e1 potvrd\u00ed v\u00fdsledn\u00e9 zn\u00e1mky. Tyto v\u00fdsledky jsou posl\u00e9ze zve\u0159ejn\u011bny na webov\u00e9 str\u00e1nce zku\u0161ebn\u00edho centra (z d\u016fvodu ochrany osobn\u00edch \u00fadaj\u016f se uv\u00e1d\u00ed pouze \u010d\u00edslo uchaze\u010de a v\u00fdsledek zkou\u0161ky, tzn. zda uchaze\u010d zkou\u0161ku \u00fasp\u011b\u0161n\u011b vykonal, \u010di nevykonal). Ka\u017ed\u00fd uchaze\u010d z\u00e1rove\u0148 obdr\u017e\u00ed e-mailem sv\u00e9 v\u00fdsledky (konkr\u00e9tn\u00ed bodov\u00e9 hodnocen\u00ed z jednotliv\u00fdch \u010d\u00e1st\u00ed zkou\u0161ek).<\/p>\n\n\n\n<p><\/p>\n\n\n\n<h4 class=\"wp-block-heading\"><mark style=\"background-color:rgba(0, 0, 0, 0)\" class=\"has-inline-color has-black-color\">M\u016f\u017eu se odvolat, kdy\u017e u zkou\u0161ky neusp\u011bji?<\/mark><\/h4>\n\n\n\n<p>Bohu\u017eel, toto nen\u00ed mo\u017en\u00e9. V\u00fdsledky zkou\u0161ek jsou definitivn\u00ed a nelze se proti nim odvolat. Ka\u017ed\u00fd uchaze\u010d m\u00e1 pr\u00e1vo nahl\u00e9dnout do vypracov\u00e1n\u00ed sv\u00e9 zkou\u0161ky a na bodov\u00e9 hodnocen\u00ed. Tato mo\u017enost ale plat\u00ed pouze 12 m\u011bs\u00edc\u016f po zve\u0159ejn\u011bn\u00ed v\u00fdsledk\u016f ze zkou\u0161ky. Pot\u00e9 jsou vypracov\u00e1n\u00ed zkou\u0161ek skartov\u00e1na.<\/p>\n\n\n\n<p><\/p>\n\n\n\n<h4 class=\"wp-block-heading\"><mark style=\"background-color:rgba(0, 0, 0, 0)\" class=\"has-inline-color has-black-color\">Kdy dostanu diplom?<\/mark><\/h4>\n\n\n\n<p>Po zve\u0159ejn\u011bn\u00ed v\u00fdsledk\u016f ze zkou\u0161ek je nutn\u00e9 po\u010d\u00edtat s lh\u016ftou 5-7 t\u00fddn\u016f, ne\u017e budou ofici\u00e1ln\u00ed diplomy doru\u010deny z Francie do \u010cesk\u00e9 republiky. Pot\u00e9 co zku\u0161ebn\u00ed centrum obdr\u017e\u00ed diplomy, budou v\u0161ichni uchaze\u010di vyzv\u00e1ni e-mailem k p\u0159evzet\u00ed sv\u00fdch diplom\u016f. V od\u016fvodn\u011bn\u00fdch p\u0159\u00edpadech lze tak\u00e9 za manipula\u010dn\u00ed poplatek zaslat diplom po\u0161tou jako doporu\u010denou z\u00e1silku.<\/p>\n","protected":false},"excerpt":{"rendered":"<p>Ur\u010dit\u011b m\u00e1te dotazy, na kter\u00e9 byste r\u00e1di znali odpov\u011b\u010f. Zde v\u00e1m odpov\u00edme na ot\u00e1zky, kter\u00e9 jsou nej\u010dast\u011bj\u0161\u00ed. Pokud jste nena\u0161li odpov\u011b\u010f na sv\u016fj dotaz, nev\u00e1hejte se na n\u00e1s&#8230;<\/p>\n","protected":false},"author":4,"featured_media":0,"parent":0,"menu_order":0,"comment_status":"closed","ping_status":"closed","template":"","meta":{"_acf_changed":false,"footnotes":""},"class_list":["post-6438","page","type-page","status-publish","hentry"],"acf":[],"_links":{"self":[{"href":"https:\/\/www.alliancefrancaise.cz\/pardubice\/wp-json\/wp\/v2\/pages\/6438","targetHints":{"allow":["GET"]}}],"collection":[{"href":"https:\/\/www.alliancefrancaise.cz\/pardubice\/wp-json\/wp\/v2\/pages"}],"about":[{"href":"https:\/\/www.alliancefrancaise.cz\/pardubice\/wp-json\/wp\/v2\/types\/page"}],"author":[{"embeddable":true,"href":"https:\/\/www.alliancefrancaise.cz\/pardubice\/wp-json\/wp\/v2\/users\/4"}],"replies":[{"embeddable":true,"href":"https:\/\/www.alliancefrancaise.cz\/pardubice\/wp-json\/wp\/v2\/comments?post=6438"}],"version-history":[{"count":5,"href":"https:\/\/www.alliancefrancaise.cz\/pardubice\/wp-json\/wp\/v2\/pages\/6438\/revisions"}],"predecessor-version":[{"id":20787,"href":"https:\/\/www.alliancefrancaise.cz\/pardubice\/wp-json\/wp\/v2\/pages\/6438\/revisions\/20787"}],"wp:attachment":[{"href":"https:\/\/www.alliancefrancaise.cz\/pardubice\/wp-json\/wp\/v2\/media?parent=6438"}],"curies":[{"name":"wp","href":"https:\/\/api.w.org\/{rel}","templated":true}]}}