{"id":6460,"date":"2023-10-10T17:44:12","date_gmt":"2023-10-10T15:44:12","guid":{"rendered":"https:\/\/www.alliancefrancaise.cz\/pardubice\/?page_id=6460"},"modified":"2025-08-14T14:56:49","modified_gmt":"2025-08-14T12:56:49","slug":"vseobecne-obchodni-podminky-delf-dalf","status":"publish","type":"page","link":"https:\/\/www.alliancefrancaise.cz\/pardubice\/vseobecne-obchodni-podminky-delf-dalf\/","title":{"rendered":"V\u0161eobecn\u00e9 obchodn\u00ed podm\u00ednky a v\u00fdsledky ze zkou\u0161ek"},"content":{"rendered":"\n<div style=\"height:37px\" aria-hidden=\"true\" class=\"wp-block-spacer\"><\/div>\n\n\n\n<h4 class=\"wp-block-heading\">V\u00fdsledky<\/h4>\n\n\n\n<p>N\u00ed\u017ee uveden\u00e9 v\u00fdsledky ze zkou\u0161ek jsou <strong>informac\u00ed o tom, zda uchaze\u010d zkou\u0161ku \u00fasp\u011b\u0161n\u011b vykonal (\u201eadmis\u201c) \u010di zda zkou\u0161ku nevykonal (\u201enon admis\u201c resp. \u201e\u00e9limin\u00e9\u201c)<\/strong> resp. zda se ke zkou\u0161ce nedostavil (\u201eabsent\u201c).<\/p>\n\n\n\n<p><\/p>\n\n\n\n<h4 class=\"wp-block-heading\">V\u0161eobecn\u00e9 obchodn\u00ed podm\u00ednky pro zkou\u0161ky DELF a DALF<\/h4>\n\n\n\n<p><strong>Z\u00e1kladn\u00ed ustanoven\u00ed<\/strong><\/p>\n\n\n\n<p>Alliance Fran\u00e7aise de Pardubice, zapsan\u00fd spolek se s\u00eddlem: Kl\u00e1\u0161tern\u00ed 54, 53002 Pardubice I\u010cO: 68209410, \u00fadaj o z\u00e1pisu do obchodn\u00edho rejst\u0159\u00edku nebo jin\u00e9 evidence, v\u010d. sp.zn.: reg. \u010d.j. V8\/1-1\/36496\/98R min. vnitra ze dne 22. 6. 1998 (d\u00e1le jen \u201eSpolek\u201c), poskytuje slu\u017eby spojen\u00e9 s ov\u011b\u0159ov\u00e1n\u00edm dosa\u017een\u00e9 \u00farovn\u011b znalosti francouzsk\u00e9ho jazyka prost\u0159ednictv\u00edm mezin\u00e1rodn\u011b uzn\u00e1van\u00fdch zkou\u0161ek DELF a DALF ve verz\u00edch DELF Prim, DELF junior, DELF scolaire, DELF tout public a DALF (d\u00e1le jen \u201ezkou\u0161ka\u201c nebo \u201ezkou\u0161ky\u201c). Tyto v\u0161eobecn\u00e9 obchodn\u00ed podm\u00ednky upravuj\u00ed vztah mezi zku\u0161ebn\u00edm centrem a uchaze\u010dem o tuto zkou\u0161ku (d\u00e1le jen \u201euchaze\u010d\u201c).<\/p>\n\n\n\n<p><strong>Smluvn\u00ed vztah<\/strong><\/p>\n\n\n\n<p>Smluvn\u00ed vztah mezi zku\u0161ebn\u00edm centrem a uchaze\u010dem vznik\u00e1 na z\u00e1klad\u011b vypln\u011bn\u00e9ho registra\u010dn\u00edho formul\u00e1\u0159e. Odesl\u00e1n\u00edm registra\u010dn\u00edho formul\u00e1\u0159e uchaze\u010d potvrzuje, \u017ee j\u00edm uveden\u00e9 \u00fadaje jsou pravdiv\u00e9 a \u017ee tyto \u00fadaje poskytl dobrovoln\u011b.<\/p>\n\n\n\n<p><strong>P\u0159edm\u011bt pln\u011bn\u00ed<\/strong><\/p>\n\n\n\n<p>P\u0159edm\u011btem pln\u011bn\u00ed je \u00fa\u010dast uchaze\u010de na zkou\u0161k\u00e1ch.<\/p>\n\n\n\n<p>Zkou\u0161ky se konaj\u00ed pouze v prezen\u010dn\u00ed form\u011b.<\/p>\n\n\n\n<p>Zkou\u0161ky DELF a DALF C1 se konaj\u00ed p\u0159i minim\u00e1ln\u00edm po\u010dtu 3 uchaze\u010d\u016f pro uvedenou \u00farove\u0148 zkou\u0161ky:<\/p>\n\n\n\n<ul class=\"wp-block-list\">\n<li>&nbsp;zkou\u0161ka DELF Prim: \u00farovn\u011b A1.1, A1, A2<\/li>\n\n\n\n<li>&nbsp;zkou\u0161ka DELF junior: \u00farovn\u011b A1, A2, B1, B2<\/li>\n\n\n\n<li>&nbsp;zkou\u0161ka DELF scolaire: \u00farovn\u011b A1, A2, B1, B2<\/li>\n\n\n\n<li>&nbsp;zkou\u0161ka DELF tout public: \u00farovn\u011b A1, A2, B1, B2<\/li>\n\n\n\n<li>&nbsp;zkou\u0161ka DALF: \u00farove\u0148 C1<\/li>\n<\/ul>\n\n\n\n<p>Zkou\u0161ka DALF C2 se kon\u00e1 p\u0159i minim\u00e1ln\u00edm po\u010dtu 1 uchaze\u010de.<\/p>\n\n\n\n<p><strong>Registrace<\/strong><\/p>\n\n\n\n<p>Uchaze\u010d se p\u0159ihla\u0161uje ke zkou\u0161k\u00e1m prost\u0159ednictv\u00edm online formul\u00e1\u0159e na internetov\u00fdch str\u00e1nk\u00e1ch: <mark style=\"background-color:rgba(0, 0, 0, 0)\" class=\"has-inline-color has-red-color\">https:\/\/inscrire.hanaf.net\/delfdalf\/pardubice.php<\/mark><\/p>\n\n\n\n<p>Registrace ke zkou\u0161ce je potvrzena po zaplacen\u00ed registra\u010dn\u00edho poplatku.<\/p>\n\n\n\n<p><strong>Platebn\u00ed podm\u00ednky<\/strong><\/p>\n\n\n\n<p>Ze strany zkou\u0161kov\u00e9ho centra jsou p\u0159ij\u00edm\u00e1ny n\u00e1sleduj\u00edc\u00ed zp\u016fsoby \u00fahrady registra\u010dn\u00edho poplatku za zkou\u0161ku: hotovosti v s\u00eddle zkou\u0161kov\u00e9ho centra, nebo bezhotovostn\u00edm p\u0159evodem na \u00fa\u010det zkou\u0161kov\u00e9ho centra, \u010d. \u00fa\u010dtu: 133186443\/0300.<br>\u00dahrada registra\u010dn\u00edho poplatku platebn\u00ed kartou nen\u00ed mo\u017en\u00e1.<\/p>\n\n\n\n<p>Registra\u010dn\u00ed poplatek je nutn\u00e9 uhradit do 5 kalend\u00e1\u0159n\u00edch dn\u016f od v\u00fdzvy k platb\u011b.<\/p>\n\n\n\n<p>Za \u00fahradu registra\u010dn\u00edho poplatku se v p\u0159\u00edpad\u011b bezhotovostn\u00edch plateb pova\u017euje okam\u017eik, kdy je odpov\u00eddaj\u00edc\u00ed \u010d\u00e1stka<br>p\u0159ips\u00e1na na bankovn\u00ed \u00fa\u010det zku\u0161ebn\u00edho centra.<\/p>\n\n\n\n<p>Zku\u0161ebn\u00ed centrum nen\u00ed pl\u00e1tcem DPH, uveden\u00e9 ceny registra\u010dn\u00edho poplatku jsou cenami bez DPH.<\/p>\n\n\n\n<p><strong>Podm\u00ednky storna<\/strong><\/p>\n\n\n\n<p>Uchaze\u010d je opr\u00e1vn\u011bn zru\u0161it svoji registraci ke zkou\u0161ce, a to za n\u00e1sleduj\u00edc\u00edch podm\u00ednek storna:<\/p>\n\n\n\n<ul class=\"wp-block-list\">\n<li>bez storno poplatku v p\u0159\u00edpad\u011b zru\u0161en\u00ed registrace 5 a v\u00edce pracovn\u00edch dn\u016f p\u0159ed term\u00ednem zkou\u0161ky,<\/li>\n\n\n\n<li>se storno poplatkem 25 % v p\u0159\u00edpad\u011b zru\u0161en\u00ed registrace 1 a\u017e 4 pracovn\u00ed dny p\u0159ed term\u00ednem zkou\u0161ky,<\/li>\n\n\n\n<li>se storno poplatkem 100 % v p\u0159\u00edpad\u011b zru\u0161en\u00ed registrace v den kon\u00e1n\u00ed zkou\u0161ky nebo po zah\u00e1jen\u00ed zkou\u0161ky.<\/li>\n<\/ul>\n\n\n\n<p>Zru\u0161it registraci je mo\u017en\u00e9 pouze p\u00edsemn\u011b e-mailem na adrese: direction.pardubice@alliancefrancaise.cz.<\/p>\n\n\n\n<p><strong>Zm\u011bny ze strany zku\u0161ebn\u00edho centra<\/strong><\/p>\n\n\n\n<p>Zku\u0161ebn\u00ed centrum si vyhrazuje pr\u00e1vo nenab\u00edzet term\u00edny pro v\u0161echny \u00farovn\u011b zkou\u0161ek.<\/p>\n\n\n\n<p>Zku\u0161ebn\u00ed centrum si vyhrazuje pr\u00e1vo zru\u0161it zkou\u0161ku v p\u0159\u00edpad\u011b, nebude-li dosa\u017een po\u017eadovan\u00fd minim\u00e1ln\u00ed po\u010det uchaze\u010d\u016f ke zkou\u0161ce. V takov\u00e9m p\u0159\u00edpad\u011b bude uchaze\u010d\u016fm, kte\u0159\u00ed ji\u017e uhradili registra\u010dn\u00ed poplatek, vr\u00e1cena uhrazen\u00e1 \u010d\u00e1stka v pln\u00e9 v\u00fd\u0161i.<\/p>\n\n\n\n<p><strong>Vy\u0161\u0161\u00ed moc<\/strong><\/p>\n\n\n\n<p>V p\u0159\u00edpad\u011b z\u00e1sahu vy\u0161\u0161\u00ed moci (dlouhodob\u00fd v\u00fdpadek dod\u00e1vky elekt\u0159iny, zem\u011bt\u0159esen\u00ed, \u010d\u00e1ste\u010dn\u00e1 nebo gener\u00e1ln\u00ed st\u00e1vka, ob\u010dansk\u00e9 nepokoje, v\u00e1lka, nouzov\u00fd stav, epidemie nebo pandemie a s nimi souvisej\u00edc\u00ed opat\u0159en\u00ed org\u00e1n\u016f ve\u0159ejn\u00e9 moci a dal\u0161\u00ed nep\u0159edv\u00eddateln\u00e9 ud\u00e1losti apod.) si zkou\u0161kov\u00e9 centrum vyhrazuje pr\u00e1vo zkou\u0161ku p\u0159eru\u0161it nebo zru\u0161it. V p\u0159\u00edpad\u011b zru\u0161en\u00ed zkou\u0161ky z v\u00fd\u0161e uveden\u00fdch d\u016fvod\u016f je uchaze\u010di vr\u00e1cen registra\u010dn\u00ed poplatek v pln\u00e9 v\u00fd\u0161i.<\/p>\n\n\n\n<p><strong>Nep\u0159\u00edtomnost na zkou\u0161ce<\/strong><\/p>\n\n\n\n<p>Nem\u016f\u017ee-li se uchaze\u010d dostavit ke zkou\u0161ce z d\u016fvodu nemoci, neodkladn\u00e9ho l\u00e9ka\u0159sk\u00e9ho z\u00e1kroku, hospitalizace apod., m\u00e1 n\u00e1rok na vr\u00e1cen\u00ed registra\u010dn\u00edho poplatku v pln\u00e9 v\u00fd\u0161i. Pro uplatn\u011bn\u00ed n\u00e1roku na vr\u00e1cen\u00ed registra\u010dn\u00edho poplatku je uchaze\u010d povinen p\u0159edlo\u017eit zku\u0161ebn\u00edmu centru l\u00e9ka\u0159skou zpr\u00e1vu dokazuj\u00edc\u00ed tuto skute\u010dnost, a to nejpozd\u011bji do 5 dn\u016f od term\u00ednu kon\u00e1n\u00ed zkou\u0161ky.<\/p>\n\n\n\n<p>Pokud se uchaze\u010d ke zkou\u0161ce nedostav\u00ed bez ud\u00e1n\u00ed d\u016fvodu, nevznik\u00e1 mu n\u00e1rok na vr\u00e1cen\u00ed registra\u010dn\u00edho poplatku.<\/p>\n\n\n\n<p><strong>Zpracov\u00e1n\u00ed osobn\u00edch \u00fadaj\u016f<\/strong><\/p>\n\n\n\n<p>Osobn\u00ed \u00fadaje uchaze\u010de jsou zpracov\u00e1v\u00e1ny dle Z\u00e1sad zpracov\u00e1n\u00ed osobn\u00edch \u00fadaj\u016f ve spolku Alliance Fran\u00e7aise Pardubice.<\/p>\n\n\n\n<p>Zve\u0159ejn\u011bn\u00e9 Z\u00e1sady jsou k nahl\u00e9dnut\u00ed v s\u00eddle zkou\u0161kov\u00e9ho centra a na webov\u00fdch str\u00e1nk\u00e1ch www.afpardubice.cz.<\/p>\n\n\n\n<p><strong>Z\u00e1v\u011bre\u010dn\u00e1 ustanoven\u00ed<\/strong><\/p>\n\n\n\n<p>Tyto v\u0161eobecn\u00e9 obchodn\u00ed podm\u00ednky jsou k nahl\u00e9dnut\u00ed v s\u00eddle zku\u0161ebn\u00edho centra a na webov\u00fdch str\u00e1nk\u00e1ch<br><a href=\"https:\/\/www.alliancefrancaise.cz\/pardubice\/\">https:\/\/www.alliancefrancaise.cz\/pardubice\/<\/a>.<\/p>\n\n\n\n<p>Tyto v\u0161eobecn\u00e9 obchodn\u00ed podm\u00ednky lze m\u011bnit jednostrann\u011b ze strany zku\u0161ebn\u00edho centra, ani\u017e se zm\u011bny dotknou<br>prob\u00edhaj\u00edc\u00edch zkou\u0161ek. Nov\u00e9 zn\u011bn\u00ed v\u0161eobecn\u00fdch obchodn\u00edch podm\u00ednek je platn\u00e9 pro zkou\u0161ky v n\u00e1sledn\u00e9m zkou\u0161kov\u00e9m obdob\u00ed.<\/p>\n\n\n\n<p>Tyto v\u0161eobecn\u00e9 obchodn\u00ed podm\u00ednky vstupuj\u00ed v platnost a nab\u00fdvaj\u00ed \u00fa\u010dinnosti dne 1. 1. 2023.<\/p>\n\n\n\n<p><\/p>\n","protected":false},"excerpt":{"rendered":"<p>V\u00fdsledky N\u00ed\u017ee uveden\u00e9 v\u00fdsledky ze zkou\u0161ek jsou informac\u00ed o tom, zda uchaze\u010d zkou\u0161ku \u00fasp\u011b\u0161n\u011b vykonal (\u201eadmis\u201c) \u010di zda zkou\u0161ku nevykonal (\u201enon admis\u201c resp. \u201e\u00e9limin\u00e9\u201c) resp. zda se ke&#8230;<\/p>\n","protected":false},"author":4,"featured_media":0,"parent":0,"menu_order":0,"comment_status":"closed","ping_status":"closed","template":"","meta":{"_acf_changed":false,"footnotes":""},"class_list":["post-6460","page","type-page","status-publish","hentry"],"acf":[],"_links":{"self":[{"href":"https:\/\/www.alliancefrancaise.cz\/pardubice\/wp-json\/wp\/v2\/pages\/6460","targetHints":{"allow":["GET"]}}],"collection":[{"href":"https:\/\/www.alliancefrancaise.cz\/pardubice\/wp-json\/wp\/v2\/pages"}],"about":[{"href":"https:\/\/www.alliancefrancaise.cz\/pardubice\/wp-json\/wp\/v2\/types\/page"}],"author":[{"embeddable":true,"href":"https:\/\/www.alliancefrancaise.cz\/pardubice\/wp-json\/wp\/v2\/users\/4"}],"replies":[{"embeddable":true,"href":"https:\/\/www.alliancefrancaise.cz\/pardubice\/wp-json\/wp\/v2\/comments?post=6460"}],"version-history":[{"count":5,"href":"https:\/\/www.alliancefrancaise.cz\/pardubice\/wp-json\/wp\/v2\/pages\/6460\/revisions"}],"predecessor-version":[{"id":21310,"href":"https:\/\/www.alliancefrancaise.cz\/pardubice\/wp-json\/wp\/v2\/pages\/6460\/revisions\/21310"}],"wp:attachment":[{"href":"https:\/\/www.alliancefrancaise.cz\/pardubice\/wp-json\/wp\/v2\/media?parent=6460"}],"curies":[{"name":"wp","href":"https:\/\/api.w.org\/{rel}","templated":true}]}}