{"id":6857,"date":"2024-02-06T11:43:56","date_gmt":"2024-02-06T10:43:56","guid":{"rendered":"https:\/\/www.alliancefrancaise.cz\/pardubice\/?page_id=6857"},"modified":"2025-02-11T14:51:59","modified_gmt":"2025-02-11T13:51:59","slug":"nase-mediateka","status":"publish","type":"page","link":"https:\/\/www.alliancefrancaise.cz\/pardubice\/nase-mediateka\/","title":{"rendered":"Na\u0161e mediat\u00e9ka"},"content":{"rendered":"\n<div class=\"wp-block-cover alignfull is-light\" style=\"margin-top:0;padding-top:4vw;padding-right:4vw;padding-bottom:4vw;padding-left:4vw;min-height:398px;aspect-ratio:unset;\"><span aria-hidden=\"true\" class=\"wp-block-cover__background has-white-background-color has-background-dim-0 has-background-dim\"><\/span><img loading=\"lazy\" decoding=\"async\" width=\"1920\" height=\"1080\" class=\"wp-block-cover__image-background wp-image-19818\" alt=\"\" src=\"https:\/\/www.alliancefrancaise.cz\/pardubice\/wp-content\/uploads\/2024\/04\/Bannieres-site-1640-x-615-px-844-x-352-px-1920-x-1080-px-1.png\" style=\"object-position:63% 0%\" data-object-fit=\"cover\" data-object-position=\"63% 0%\" srcset=\"https:\/\/www.alliancefrancaise.cz\/pardubice\/wp-content\/uploads\/2024\/04\/Bannieres-site-1640-x-615-px-844-x-352-px-1920-x-1080-px-1.png 1920w, https:\/\/www.alliancefrancaise.cz\/pardubice\/wp-content\/uploads\/2024\/04\/Bannieres-site-1640-x-615-px-844-x-352-px-1920-x-1080-px-1-460x259.png 460w, https:\/\/www.alliancefrancaise.cz\/pardubice\/wp-content\/uploads\/2024\/04\/Bannieres-site-1640-x-615-px-844-x-352-px-1920-x-1080-px-1-1360x765.png 1360w, https:\/\/www.alliancefrancaise.cz\/pardubice\/wp-content\/uploads\/2024\/04\/Bannieres-site-1640-x-615-px-844-x-352-px-1920-x-1080-px-1-768x432.png 768w\" sizes=\"auto, (max-width: 1920px) 100vw, 1920px\" \/><div class=\"wp-block-cover__inner-container is-layout-flow wp-block-cover-is-layout-flow\">\n<p class=\"has-text-align-center has-large-font-size\"><\/p>\n<\/div><\/div>\n\n\n\n<p>Na\u0161e knihovna nab\u00edz\u00ed \u0161irokou \u0161k\u00e1lu titul\u016f od francouzsk\u00e9 beletrie, poezie, divadeln\u00edch her p\u0159es slovn\u00edky (v\u00fdkladov\u00e9 i p\u0159ekladov\u00e9), zjednodu\u0161enou \u010detbu (lecture facile), komiksy a\u017e po kn\u00ed\u017eky pro d\u011bti a ml\u00e1de\u017e. Nab\u00edz\u00edme tak\u00e9 k zap\u016fj\u010den\u00ed francouzsk\u00e1 CD a DVD.<\/p>\n\n\n\n<p>Konzultace dokument\u016f na m\u00edst\u011b je zdarma. P\u016fj\u010dov\u00e1n\u00ed mimo mediat\u00e9ku je podm\u00edn\u011bno \u010dlenstv\u00edm v Alliance Fran\u00e7aise Pardubice.<\/p>\n\n\n\n<p><\/p>\n\n\n\n<p><\/p>\n\n\n\n<h2 class=\"wp-block-heading\">Cultureth\u00e8que<\/h2>\n\n\n\n<p>D\u00edky Cultureth\u00e8que m\u00e1te p\u0159\u00edstup k t\u00e9m\u011b\u0159 400 000 materi\u00e1l\u016fm ve rancouz\u0161tin\u011b.<\/p>\n\n\n\n<p><br>P\u0159edstavte si, \u017ee nemus\u00edte ani vyj\u00edt z domu, abyste si p\u0159e\u010detli francouzsk\u00e9 noviny a \u010dasopisy nebo si poslechli v\u00e1\u0161 obl\u00edben\u00fd podcast. Takhle jednoduch\u00e9 to je d\u00edky na\u0161\u00ed digit\u00e1ln\u00ed knihovn\u011b Cultureth\u00e8que.<\/p>\n\n\n\n<p>Najdete v n\u00ed :<\/p>\n\n\n\n<ul class=\"wp-block-list\">\n<li>francouzsk\u00e9 den\u00edky a \u010dasopisy<\/li>\n\n\n\n<li>Audioknihy<\/li>\n\n\n\n<li>Vzd\u011bl\u00e1vac\u00ed videa a kv\u00edzy<\/li>\n\n\n\n<li>Podcasty France Culture<\/li>\n<\/ul>\n\n\n\n<div class=\"wp-block-buttons is-layout-flex wp-block-buttons-is-layout-flex\">\n<div class=\"wp-block-button\"><a class=\"wp-block-button__link wp-element-button\" href=\"https:\/\/www.culturetheque.com\/fr\" target=\"_blank\" rel=\"noopener\">P\u0158\u00cdSTUP DO CULTURETH\u00c8QUE<\/a><\/div>\n<\/div>\n","protected":false},"excerpt":{"rendered":"<p>Na\u0161e knihovna nab\u00edz\u00ed \u0161irokou \u0161k\u00e1lu titul\u016f od francouzsk\u00e9 beletrie, poezie, divadeln\u00edch her p\u0159es slovn\u00edky (v\u00fdkladov\u00e9 i p\u0159ekladov\u00e9), zjednodu\u0161enou \u010detbu (lecture facile), komiksy a\u017e po kn\u00ed\u017eky pro d\u011bti a&#8230;<\/p>\n","protected":false},"author":4,"featured_media":0,"parent":0,"menu_order":0,"comment_status":"closed","ping_status":"closed","template":"","meta":{"_acf_changed":false,"footnotes":""},"class_list":["post-6857","page","type-page","status-publish","hentry"],"acf":[],"_links":{"self":[{"href":"https:\/\/www.alliancefrancaise.cz\/pardubice\/wp-json\/wp\/v2\/pages\/6857","targetHints":{"allow":["GET"]}}],"collection":[{"href":"https:\/\/www.alliancefrancaise.cz\/pardubice\/wp-json\/wp\/v2\/pages"}],"about":[{"href":"https:\/\/www.alliancefrancaise.cz\/pardubice\/wp-json\/wp\/v2\/types\/page"}],"author":[{"embeddable":true,"href":"https:\/\/www.alliancefrancaise.cz\/pardubice\/wp-json\/wp\/v2\/users\/4"}],"replies":[{"embeddable":true,"href":"https:\/\/www.alliancefrancaise.cz\/pardubice\/wp-json\/wp\/v2\/comments?post=6857"}],"version-history":[{"count":7,"href":"https:\/\/www.alliancefrancaise.cz\/pardubice\/wp-json\/wp\/v2\/pages\/6857\/revisions"}],"predecessor-version":[{"id":20789,"href":"https:\/\/www.alliancefrancaise.cz\/pardubice\/wp-json\/wp\/v2\/pages\/6857\/revisions\/20789"}],"wp:attachment":[{"href":"https:\/\/www.alliancefrancaise.cz\/pardubice\/wp-json\/wp\/v2\/media?parent=6857"}],"curies":[{"name":"wp","href":"https:\/\/api.w.org\/{rel}","templated":true}]}}