{"id":7106,"date":"2024-02-15T15:05:04","date_gmt":"2024-02-15T14:05:04","guid":{"rendered":"https:\/\/www.alliancefrancaise.cz\/pardubice\/?page_id=7106"},"modified":"2025-02-11T15:21:45","modified_gmt":"2025-02-11T14:21:45","slug":"skola","status":"publish","type":"page","link":"https:\/\/www.alliancefrancaise.cz\/pardubice\/skola\/","title":{"rendered":"Akce pro \u0161koly"},"content":{"rendered":"\n<p>M\u00e1te z\u00e1jem nav\u0161t\u00edvit se svoj\u00ed t\u0159\u00eddou na\u0161i Alliance Fran\u00e7aise Pardubice?<br>Anebo byste r\u00e1di zorganizovali workshop s francouz\u0161tinou u v\u00e1s na \u0161kole?<br>P\u0159iprav\u00edme pro va\u0161e \u017e\u00e1ky aktivity na m\u00edru dle va\u0161ich po\u017eadavk\u016f.<\/p>\n\n\n\n<p><br>Pokud m\u00e1te z\u00e1jem o tyto aktivity, pros\u00edm kontaktujte:<\/p>\n\n\n\n<p><strong>af@afpardubice.com, <a href=\"tel:+420 466 501 457\">\u00a0+420 725 000 816<\/a><\/strong><\/p>\n\n\n\n\n\n<figure class=\"wp-block-gallery has-nested-images columns-default is-cropped wp-block-gallery-1 is-layout-flex wp-block-gallery-is-layout-flex\">\n<figure class=\"wp-block-image size-large\"><img loading=\"lazy\" decoding=\"async\" width=\"1360\" height=\"1020\" data-id=\"20140\" src=\"https:\/\/www.alliancefrancaise.cz\/pardubice\/wp-content\/uploads\/2024\/06\/IMG_20240516_085934-1360x1020.jpg\" alt=\"\" class=\"wp-image-20140\" srcset=\"https:\/\/www.alliancefrancaise.cz\/pardubice\/wp-content\/uploads\/2024\/06\/IMG_20240516_085934-1360x1020.jpg 1360w, https:\/\/www.alliancefrancaise.cz\/pardubice\/wp-content\/uploads\/2024\/06\/IMG_20240516_085934-460x345.jpg 460w, https:\/\/www.alliancefrancaise.cz\/pardubice\/wp-content\/uploads\/2024\/06\/IMG_20240516_085934-768x576.jpg 768w\" sizes=\"auto, (max-width: 1360px) 100vw, 1360px\" \/><\/figure>\n\n\n\n<figure class=\"wp-block-image size-large\"><img loading=\"lazy\" decoding=\"async\" width=\"1360\" height=\"1020\" data-id=\"20142\" src=\"https:\/\/www.alliancefrancaise.cz\/pardubice\/wp-content\/uploads\/2024\/06\/IMG_20240516_100859-1360x1020.jpg\" alt=\"\" class=\"wp-image-20142\" srcset=\"https:\/\/www.alliancefrancaise.cz\/pardubice\/wp-content\/uploads\/2024\/06\/IMG_20240516_100859-1360x1020.jpg 1360w, https:\/\/www.alliancefrancaise.cz\/pardubice\/wp-content\/uploads\/2024\/06\/IMG_20240516_100859-460x345.jpg 460w, https:\/\/www.alliancefrancaise.cz\/pardubice\/wp-content\/uploads\/2024\/06\/IMG_20240516_100859-768x576.jpg 768w\" sizes=\"auto, (max-width: 1360px) 100vw, 1360px\" \/><\/figure>\n\n\n\n<figure class=\"wp-block-image size-large\"><img loading=\"lazy\" decoding=\"async\" width=\"1020\" height=\"1360\" data-id=\"20138\" src=\"https:\/\/www.alliancefrancaise.cz\/pardubice\/wp-content\/uploads\/2024\/06\/visite-crepes-1020x1360.jpg\" alt=\"\" class=\"wp-image-20138\" srcset=\"https:\/\/www.alliancefrancaise.cz\/pardubice\/wp-content\/uploads\/2024\/06\/visite-crepes-1020x1360.jpg 1020w, https:\/\/www.alliancefrancaise.cz\/pardubice\/wp-content\/uploads\/2024\/06\/visite-crepes-345x460.jpg 345w, https:\/\/www.alliancefrancaise.cz\/pardubice\/wp-content\/uploads\/2024\/06\/visite-crepes-768x1024.jpg 768w, https:\/\/www.alliancefrancaise.cz\/pardubice\/wp-content\/uploads\/2024\/06\/visite-crepes.jpg 1536w\" sizes=\"auto, (max-width: 1020px) 100vw, 1020px\" \/><\/figure>\n<\/figure>\n","protected":false},"excerpt":{"rendered":"<p>M\u00e1te z\u00e1jem nav\u0161t\u00edvit se svoj\u00ed t\u0159\u00eddou na\u0161i Alliance Fran\u00e7aise Pardubice?Anebo byste r\u00e1di zorganizovali workshop s francouz\u0161tinou u v\u00e1s na \u0161kole?P\u0159iprav\u00edme pro va\u0161e \u017e\u00e1ky aktivity na m\u00edru dle va\u0161ich&#8230;<\/p>\n","protected":false},"author":4,"featured_media":0,"parent":0,"menu_order":0,"comment_status":"closed","ping_status":"closed","template":"","meta":{"_acf_changed":false,"footnotes":""},"class_list":["post-7106","page","type-page","status-publish","hentry"],"acf":[],"_links":{"self":[{"href":"https:\/\/www.alliancefrancaise.cz\/pardubice\/wp-json\/wp\/v2\/pages\/7106","targetHints":{"allow":["GET"]}}],"collection":[{"href":"https:\/\/www.alliancefrancaise.cz\/pardubice\/wp-json\/wp\/v2\/pages"}],"about":[{"href":"https:\/\/www.alliancefrancaise.cz\/pardubice\/wp-json\/wp\/v2\/types\/page"}],"author":[{"embeddable":true,"href":"https:\/\/www.alliancefrancaise.cz\/pardubice\/wp-json\/wp\/v2\/users\/4"}],"replies":[{"embeddable":true,"href":"https:\/\/www.alliancefrancaise.cz\/pardubice\/wp-json\/wp\/v2\/comments?post=7106"}],"version-history":[{"count":17,"href":"https:\/\/www.alliancefrancaise.cz\/pardubice\/wp-json\/wp\/v2\/pages\/7106\/revisions"}],"predecessor-version":[{"id":20811,"href":"https:\/\/www.alliancefrancaise.cz\/pardubice\/wp-json\/wp\/v2\/pages\/7106\/revisions\/20811"}],"wp:attachment":[{"href":"https:\/\/www.alliancefrancaise.cz\/pardubice\/wp-json\/wp\/v2\/media?parent=7106"}],"curies":[{"name":"wp","href":"https:\/\/api.w.org\/{rel}","templated":true}]}}