{"id":7115,"date":"2024-02-15T15:09:10","date_gmt":"2024-02-15T14:09:10","guid":{"rendered":"https:\/\/www.alliancefrancaise.cz\/pardubice\/?page_id=7115"},"modified":"2024-04-03T16:30:27","modified_gmt":"2024-04-03T14:30:27","slug":"preklad","status":"publish","type":"page","link":"https:\/\/www.alliancefrancaise.cz\/pardubice\/preklad\/","title":{"rendered":"P\u0159eklad"},"content":{"rendered":"\n<div class=\"wp-block-columns alignwide is-layout-flex wp-container-core-columns-is-layout-829b1d53 wp-block-columns-is-layout-flex\" style=\"margin-bottom:0\">\n<div class=\"wp-block-column has-text-color has-background has-link-color wp-elements-1256ade1bc0fa16d09f3b109ef358713 is-layout-flow wp-block-column-is-layout-flow\" style=\"color:#000000;background-color:#d9002f1f;padding-top:2em;padding-right:2em;padding-bottom:2em;padding-left:2em\">\n<h2 class=\"wp-block-heading has-text-align-center\" id=\"single\" style=\"font-size:40px\">1. krok<\/h2>\n\n\n\n<p class=\"has-text-align-center has-normal-font-size\" style=\"line-height:1.5\"><strong>Definovat pot\u0159eby<\/strong><\/p>\n\n\n\n<p>\u017d\u00e1dost o cenovou nab\u00eddku za\u0161lete e-mailem (<strong>af@afpardubice.com<\/strong>) a p\u0159ilo\u017ete sken nebo fotografii dokument\u016f, kter\u00e9 chcete p\u0159elo\u017eit. <\/p>\n\n\n\n<div class=\"wp-block-buttons alignfull is-horizontal is-content-justification-center is-layout-flex wp-container-core-buttons-is-layout-499968f5 wp-block-buttons-is-layout-flex\"><\/div>\n<\/div>\n\n\n\n<div class=\"wp-block-column has-text-color has-background has-link-color wp-elements-c12235fcb8613749b24118c5c72123ab is-layout-flow wp-block-column-is-layout-flow\" style=\"color:#000000;background-color:#d9002f1f;padding-top:2em;padding-right:2em;padding-bottom:2em;padding-left:2em\">\n<h2 class=\"wp-block-heading has-text-align-center\" id=\"family\" style=\"font-size:40px\">2. krok<\/h2>\n\n\n\n<p class=\"has-text-align-center has-normal-font-size\" style=\"line-height:1.5\"><strong>Obdr\u017eet cenov\u00fd n\u00e1vrh<\/strong><\/p>\n\n\n\n<p class=\"has-text-align-center has-normal-font-size\" style=\"line-height:1.5\">Jakmile obdr\u017e\u00edme va\u0161i \u017e\u00e1dost e-mailem, za\u0161leme v\u00e1m cenovou nab\u00eddku p\u0159ekladu.<\/p>\n<\/div>\n\n\n\n<div class=\"wp-block-column has-text-color has-background has-link-color wp-elements-075b39ed18ad8546a84a705dac25d93c is-layout-flow wp-block-column-is-layout-flow\" style=\"color:#000000;background-color:#d9002f1f;padding-top:2em;padding-right:2em;padding-bottom:2em;padding-left:2em\">\n<h2 class=\"wp-block-heading has-text-align-center\" id=\"patron\" style=\"font-size:40px\">3. krok<\/h2>\n\n\n\n<p class=\"has-text-align-center has-normal-font-size\"><strong>Realizovat platbu<\/strong><\/p>\n\n\n\n<p class=\"has-text-align-center\">Po zaplacen\u00ed \u010d\u00e1stky uveden\u00e9 v nab\u00eddce zah\u00e1j\u00edme p\u0159eklad.<\/p>\n<\/div>\n<\/div>\n\n\n\n<div class=\"wp-block-columns alignwide is-layout-flex wp-container-core-columns-is-layout-829b1d53 wp-block-columns-is-layout-flex\" style=\"margin-bottom:0\">\n<div class=\"wp-block-column has-text-color has-background has-link-color wp-elements-dec7464474dad6df429e1f731e668c5a is-layout-flow wp-block-column-is-layout-flow\" style=\"color:#000000;background-color:#d9002f1f;padding-top:2em;padding-right:2em;padding-bottom:2em;padding-left:2em\">\n<h2 class=\"wp-block-heading has-text-align-center\" id=\"single\" style=\"font-size:40px\">4. krok<\/h2>\n\n\n\n<p class=\"has-text-align-center has-normal-font-size\" style=\"line-height:1.5\"><strong>P\u0159elo\u017eit podklady<\/strong><\/p>\n\n\n\n<p class=\"has-text-align-center\">Vybereme p\u0159ekladatele nebo p\u0159ekladatelku, kte\u0159\u00ed se ujmou realizace va\u0161ich p\u0159eklad\u016f.<\/p>\n\n\n\n<div class=\"wp-block-buttons alignfull is-horizontal is-content-justification-center is-layout-flex wp-container-core-buttons-is-layout-499968f5 wp-block-buttons-is-layout-flex\"><\/div>\n<\/div>\n\n\n\n<div class=\"wp-block-column has-text-color has-background has-link-color wp-elements-31073b5a9981647df16ee925dbeeb0a3 is-layout-flow wp-block-column-is-layout-flow\" style=\"color:#000000;background-color:#d9002f1f;padding-top:2em;padding-right:2em;padding-bottom:2em;padding-left:2em\">\n<h2 class=\"wp-block-heading has-text-align-center\" id=\"family\" style=\"font-size:40px\">5. krok<\/h2>\n\n\n\n<p class=\"has-text-align-center has-normal-font-size\" style=\"line-height:1.5\"><strong>Obdr\u017eet p\u0159elo\u017een\u00e9 podklady<\/strong><\/p>\n\n\n\n<p class=\"has-text-align-center\">P\u0159elo\u017een\u00e9 podklady obdr\u017e\u00edte mailem nebo si je m\u016f\u017eete vyzvednou v na\u0161\u00ed kancel\u00e1\u0159i.<\/p>\n<\/div>\n\n\n\n<div class=\"wp-block-column has-white-background-color has-text-color has-background has-link-color wp-elements-b2c1d62fb97e86a1b39325509d8f7a10 is-layout-flow wp-block-column-is-layout-flow\" style=\"color:#000000;padding-top:2em;padding-right:2em;padding-bottom:2em;padding-left:2em\">\n<p class=\"has-normal-font-size\"><\/p>\n<\/div>\n<\/div>\n","protected":false},"excerpt":{"rendered":"<p>1. krok Definovat pot\u0159eby \u017d\u00e1dost o cenovou nab\u00eddku za\u0161lete e-mailem (af@afpardubice.com) a p\u0159ilo\u017ete sken nebo fotografii dokument\u016f, kter\u00e9 chcete p\u0159elo\u017eit. 2. krok Obdr\u017eet cenov\u00fd n\u00e1vrh Jakmile obdr\u017e\u00edme va\u0161i&#8230;<\/p>\n","protected":false},"author":4,"featured_media":0,"parent":0,"menu_order":0,"comment_status":"closed","ping_status":"closed","template":"","meta":{"_acf_changed":false,"footnotes":""},"class_list":["post-7115","page","type-page","status-publish","hentry"],"acf":[],"_links":{"self":[{"href":"https:\/\/www.alliancefrancaise.cz\/pardubice\/wp-json\/wp\/v2\/pages\/7115","targetHints":{"allow":["GET"]}}],"collection":[{"href":"https:\/\/www.alliancefrancaise.cz\/pardubice\/wp-json\/wp\/v2\/pages"}],"about":[{"href":"https:\/\/www.alliancefrancaise.cz\/pardubice\/wp-json\/wp\/v2\/types\/page"}],"author":[{"embeddable":true,"href":"https:\/\/www.alliancefrancaise.cz\/pardubice\/wp-json\/wp\/v2\/users\/4"}],"replies":[{"embeddable":true,"href":"https:\/\/www.alliancefrancaise.cz\/pardubice\/wp-json\/wp\/v2\/comments?post=7115"}],"version-history":[{"count":5,"href":"https:\/\/www.alliancefrancaise.cz\/pardubice\/wp-json\/wp\/v2\/pages\/7115\/revisions"}],"predecessor-version":[{"id":19587,"href":"https:\/\/www.alliancefrancaise.cz\/pardubice\/wp-json\/wp\/v2\/pages\/7115\/revisions\/19587"}],"wp:attachment":[{"href":"https:\/\/www.alliancefrancaise.cz\/pardubice\/wp-json\/wp\/v2\/media?parent=7115"}],"curies":[{"name":"wp","href":"https:\/\/api.w.org\/{rel}","templated":true}]}}