{"id":90,"date":"2018-08-05T10:21:42","date_gmt":"2018-08-05T08:21:42","guid":{"rendered":"https:\/\/www.alliancefrancaise.cz\/pardubice\/?page_id=90"},"modified":"2025-06-04T13:55:26","modified_gmt":"2025-06-04T11:55:26","slug":"kontakt","status":"publish","type":"page","link":"https:\/\/www.alliancefrancaise.cz\/pardubice\/kontakt\/","title":{"rendered":"Kontakt"},"content":{"rendered":"\n<div class=\"wp-block-group\"><div class=\"wp-block-group__inner-container is-layout-constrained wp-block-group-is-layout-constrained\">\n<div class=\"wp-block-columns is-layout-flex wp-container-core-columns-is-layout-9d6595d7 wp-block-columns-is-layout-flex\">\n<div class=\"wp-block-column is-layout-flow wp-block-column-is-layout-flow\">\n<h2 class=\"wp-block-heading h3\">Kontaktn\u00ed \u00fadaje<\/h2>\n\n\n<ul id=\"kontakty-block_104632bc7907bd198172c639efcbcc0b\" class=\"kontakty\">\n        <li class=\"mb-4\">\n        <img loading=\"lazy\" decoding=\"async\" width=\"1\" height=\"1\" src=\"https:\/\/www.alliancefrancaise.cz\/pardubice\/wp-content\/uploads\/2023\/06\/pin.svg\" class=\"ikonaKontaktu\" alt=\"\" \/>        <div class=\"textkontaktu\"><p><span style=\"vertical-align: inherit;\"><span style=\"vertical-align: inherit;\">Alliance Fran\u00e7aise de Pardubice <\/span><\/span><br \/>\n<span class=\"rue\"><span style=\"vertical-align: inherit;\"><span style=\"vertical-align: inherit;\">Kl\u00e1\u0161tern\u00ed 54<\/span><\/span><\/span><\/p>\n<p><span class=\"code_postal\"><span style=\"vertical-align: inherit;\"><span style=\"vertical-align: inherit;\">530 02 &#8211; Pardubice<\/span><\/span><\/span><\/p>\n<p><strong><span style=\"vertical-align: inherit;\"><span style=\"vertical-align: inherit;\">Spisov\u00e1 zna\u010dka :<\/span><\/span><\/strong><span style=\"vertical-align: inherit;\"><span style=\"vertical-align: inherit;\"> <span style=\"font-weight: 400;\">L 3458 <\/span><span style=\"font-weight: 400;\">veden\u00e1 u Krajsk\u00e9ho soudu v Hradci Kr\u00e1lov\u00e9<\/span><\/span><\/span><\/p>\n<p><strong>Otev\u00edrac\u00ed doba<\/strong><br \/>\nPond\u011bl\u00ed 14:00 \u2013 18:00<br \/>\n\u00dater\u00fd 14:00 \u2013 18:00<br \/>\nSt\u0159eda 9:00 \u2013 12:00, 14:00 \u2013 18:00<br \/>\n\u010ctvrtek 14:00 \u2013 18:00<br \/>\nP\u00e1tek zav\u0159eno<\/p>\n<\/div>\n    <\/li>\n    <\/ul>\n\n\n\n<h2 class=\"wp-block-heading h3\">Sekretari\u00e1t<\/h2>\n\n\n<ul id=\"kontakty-block_0a735f0bf4531b0351e1f3dccbef868e\" class=\"kontakty\">\n        <li class=\"\">\n        <img loading=\"lazy\" decoding=\"async\" width=\"1\" height=\"1\" src=\"https:\/\/www.alliancefrancaise.cz\/pardubice\/wp-content\/uploads\/2023\/06\/telefon.svg\" class=\"ikonaKontaktu\" alt=\"\" \/>        <div class=\"textkontaktu\"><p><span class=\"tel\"><a href=\"tel:+420 466 501 457\">\u00a0+420 725 000 816<\/a><\/span><\/p>\n<\/div>\n    <\/li>\n        <li class=\"mb-4\">\n        <img loading=\"lazy\" decoding=\"async\" width=\"1\" height=\"1\" src=\"https:\/\/www.alliancefrancaise.cz\/pardubice\/wp-content\/uploads\/2023\/06\/email.svg\" class=\"ikonaKontaktu\" alt=\"\" \/>        <div class=\"textkontaktu\"><p><span class=\"email\"><a href=\"mailto:af@afpardubice.com\">af@afpardubice.com<\/a><\/span><\/p>\n<p><span style=\"color: #000000;\"><strong><a style=\"color: #000000;\" href=\"https:\/\/us13.list-manage.com\/contact-form?u=80f1a48ef8596c06a7f0152f6&amp;form_id=2b4143d36e5b99cd3c2023397e2ac58b\" data-type=\"link\" data-id=\"https:\/\/us13.list-manage.com\/contact-form?u=80f1a48ef8596c06a7f0152f6&amp;form_id=2b4143d36e5b99cd3c2023397e2ac58b\" target=\"_blank\" rel=\"noopener\">Kontaktujte n\u00e1s<\/a><\/strong><\/span><\/p>\n<\/div>\n    <\/li>\n    <\/ul>\n\n\n\n<h2 class=\"wp-block-heading h3\">Faktura\u010dn\u00ed \u00fadaje<\/h2>\n\n\n<ul id=\"kontakty-block_dda9802630c66633c5e65ac6bed184d4\" class=\"kontakty\">\n        <li class=\"mb-4\">\n                <div class=\"textkontaktu\"><p><strong>Alliance Fran\u00e7aise Pardubice, z. s.<\/strong><\/p>\n<div>Alliance Fran\u00e7aise de Pardubice, z.s.<\/div>\n<div>Kl\u00e1\u0161tern\u00ed 54<\/div>\n<div>530 02 Pardubice<\/div>\n<p>&nbsp;<\/p>\n<p><strong>I\u010cO:<\/strong> 68209410<\/p>\n<p><strong>Nejsme pl\u00e1tci DPH.<\/strong><\/p>\n<\/div>\n    <\/li>\n    <\/ul>\n\n\n\n<p><\/p>\n\n\n\n<p><\/p>\n\n\n\n<h2 class=\"wp-block-heading h3\">Bankovn\u00ed spojen\u00ed<\/h2>\n\n\n<ul id=\"kontakty-block_25e12f73aafae140ce638d2c99161d42\" class=\"kontakty\">\n        <li class=\"mb-4\">\n                <div class=\"textkontaktu\"><p><strong>\u010c\u00edslo \u00fa\u010dtu:<\/strong> 133186443\/0300<\/p>\n<p><strong>Banka:<\/strong> Komer\u010dn\u00ed banka<br \/>\n<strong>IBAN:<\/strong> CZ42 0300 0000 0001 3318 6443<br \/>\n<strong>BIC\/SWIFT:<\/strong> CEKOCZPP<\/p>\n<\/div>\n    <\/li>\n    <\/ul>\n<\/div>\n\n\n\n<div class=\"wp-block-column is-layout-flow wp-block-column-is-layout-flow\">\n<div class=\"mapouter\"><div class=\"gmap_canvas\"><iframe loading=\"lazy\" width=\"600\" height=\"500\" id=\"gmap_canvas\" src=\"https:\/\/maps.google.com\/maps?q=alliance%20fran%C3%A7aise%20pardubice&#038;t=&#038;z=17&#038;ie=UTF8&#038;iwloc=&#038;output=embed\" frameborder=\"0\" scrolling=\"no\" marginheight=\"0\" marginwidth=\"0\"><\/iframe><a href=\"https:\/\/123movies-to.org\" target=\"_blank\" rel=\"noopener\"><\/a><br><style>.mapouter{position:relative;text-align:right;height:500px;width:600px;}<\/style><a href=\"https:\/\/www.embedgooglemap.net\" target=\"_blank\" rel=\"noopener\"><\/a><style>.gmap_canvas {overflow:hidden;background:none!important;height:500px;width:600px;}<\/style><\/div><\/div>\n\n\n\n<h2 class=\"wp-block-heading h3\">MHD<\/h2>\n\n\n<ul id=\"kontakty-block_011511a3662c938ee6b1a24f436fe167\" class=\"kontakty\">\n        <li class=\"mb-4\">\n                <div class=\"textkontaktu\"><p><strong>Trolejbusy 1, 2, 5, 12, 13, 27<\/strong> &#8211; N\u00e1m\u011bst\u00ed Republiky<br \/>\n<strong>Autobusy 6, 88<\/strong>\u00a0&#8211; N\u00e1m\u011bst\u00ed Republiky<\/p>\n<\/div>\n    <\/li>\n    <\/ul>\n\n\n\n<h2 class=\"wp-block-heading\">P\u0159ihl\u00e1sit se k odb\u011bru newsletteru<\/h2>\n\n\n\n<div id=\"mc_embed_shell\">\n      <link href=\"\/\/cdn-images.mailchimp.com\/embedcode\/classic-061523.css\" rel=\"stylesheet\" type=\"text\/css\">\n  <style type=\"text\/css\">\n        #mc_embed_signup{background:#fff; false;clear:left; font:14px Helvetica,Arial,sans-serif; width: 600px;}\n        \/* Add your own Mailchimp form style overrides in your site stylesheet or in this style block.\n           We recommend moving this block and the preceding CSS link to the HEAD of your HTML file. *\/\n<\/style>\n<div id=\"mc_embed_signup\">\n    <form action=\"https:\/\/francouzstina-pardubice.us13.list-manage.com\/subscribe\/post?u=80f1a48ef8596c06a7f0152f6&amp;id=e69e574496&amp;f_id=002450e9f0\" method=\"post\" id=\"mc-embedded-subscribe-form\" name=\"mc-embedded-subscribe-form\" class=\"validate\" target=\"_blank\">\n        <div id=\"mc_embed_signup_scroll\"><h2>Subscribe<\/h2>\n            <div class=\"indicates-required\"><span class=\"asterisk\">*<\/span> indicates required<\/div>\n            <div class=\"mc-field-group\"><label for=\"mce-EMAIL\">Email Address <span class=\"asterisk\">*<\/span><\/label><input type=\"email\" name=\"EMAIL\" class=\"required email\" id=\"mce-EMAIL\" required=\"\" value=\"\"><\/div>\n<div hidden=\"\"><input type=\"hidden\" name=\"tags\" value=\"7211451\"><\/div>\n        <div id=\"mce-responses\" class=\"clear foot\">\n            <div class=\"response\" id=\"mce-error-response\" style=\"display: none;\"><\/div>\n            <div class=\"response\" id=\"mce-success-response\" style=\"display: none;\"><\/div>\n        <\/div>\n    <div aria-hidden=\"true\" style=\"position: absolute; left: -5000px;\">\n        \/* real people should not fill this in and expect good things &#8211; do not remove this or risk form bot signups *\/\n        <input type=\"text\" name=\"b_80f1a48ef8596c06a7f0152f6_e69e574496\" tabindex=\"-1\" value=\"\">\n    <\/div>\n        <div class=\"optionalParent\">\n            <div class=\"clear foot\">\n                <input type=\"submit\" name=\"subscribe\" id=\"mc-embedded-subscribe\" class=\"button\" value=\"Subscribe\">\n                <p style=\"margin: 0px auto;\"><a href=\"http:\/\/eepurl.com\/iQP21M\" title=\"Mailchimp - email marketing made easy and fun\" target=\"_blank\" rel=\"noopener\"><span style=\"display: inline-block; background-color: transparent; border-radius: 4px;\"><img decoding=\"async\" class=\"refferal_badge\" src=\"https:\/\/digitalasset.intuit.com\/render\/content\/dam\/intuit\/mc-fe\/en_us\/images\/intuit-mc-rewards-text-dark.svg\" alt=\"Intuit Mailchimp\" style=\"width: 220px; height: 40px; display: flex; padding: 2px 0px; justify-content: center; align-items: center;\"><\/span><\/a><\/p>\n            <\/div>\n        <\/div>\n    <\/div>\n<\/form>\n<\/div>\n<script type=\"text\/javascript\" src=\"\/\/s3.amazonaws.com\/downloads.mailchimp.com\/js\/mc-validate.js\"><\/script><script type=\"text\/javascript\">(function($) {window.fnames = new Array(); window.ftypes = new Array();fnames[0]='EMAIL';ftypes[0]='email';fnames[1]='FNAME';ftypes[1]='text';fnames[2]='LNAME';ftypes[2]='text';fnames[3]='MMERGE3';ftypes[3]='text';\/*\n * Translated default messages for the $ validation plugin.\n * Locale: CS\n *\/\n$.extend($.validator.messages, {\n\trequired: \"Tento \u00fadaj je povinn\u00fd.\",\n\tremote: \"Pros\u00edm, opravte tento \u00fadaj.\",\n\temail: \"Pros\u00edm, zadejte platn\u00fd e-mail.\",\n\turl: \"Pros\u00edm, zadejte platn\u00e9 URL.\",\n\tdate: \"Pros\u00edm, zadejte platn\u00e9 datum.\",\n\tdateISO: \"Pros\u00edm, zadejte platn\u00e9 datum (ISO).\",\n\tnumber: \"Pros\u00edm, zadejte \u010d\u00edslo.\",\n\tdigits: \"Pros\u00edm, zad\u00e1vejte pouze \u010d\u00edslice.\",\n\tcreditcard: \"Pros\u00edm, zadejte \u010d\u00edslo kreditn\u00ed karty.\",\n\tequalTo: \"Pros\u00edm, zadejte znovu stejnou hodnotu.\",\n\taccept: \"Pros\u00edm, zadejte soubor se spr\u00e1vnou p\u0159\u00edponou.\",\n\tmaxlength: $.validator.format(\"Pros\u00edm, zadejte nejv\u00edce {0} znak\u016f.\"),\n\tminlength: $.validator.format(\"Pros\u00edm, zadejte nejm\u00e9n\u011b {0} znak\u016f.\"),\n\trangelength: $.validator.format(\"Pros\u00edm, zadejte od {0} do {1} znak\u016f.\"),\n\trange: $.validator.format(\"Pros\u00edm, zadejte hodnotu od {0} do {1}.\"),\n\tmax: $.validator.format(\"Pros\u00edm, zadejte hodnotu men\u0161\u00ed nebo rovnu {0}.\"),\n\tmin: $.validator.format(\"Pros\u00edm, zadejte hodnotu v\u011bt\u0161\u00ed nebo rovnu {0}.\")\n});}(jQuery));var $mcj = jQuery.noConflict(true);<\/script><\/div>\n\n\n\n<p><a href=\"http:\/\/eepurl.com\/iQP21M\" target=\"_blank\" rel=\"noopener\"><\/a><\/p>\n\n\n\n<p><a href=\"http:\/\/eepurl.com\/iQP21M\" target=\"_blank\" rel=\"noopener\"><\/a><\/p>\n<\/div>\n<\/div>\n<\/div><\/div>\n\n\n\n\n\n\n\n<p><\/p>\n","protected":false},"excerpt":{"rendered":"<p>Kontaktn\u00ed \u00fadaje Sekretari\u00e1t Faktura\u010dn\u00ed \u00fadaje Bankovn\u00ed spojen\u00ed MHD P\u0159ihl\u00e1sit se k odb\u011bru newsletteru Subscribe * indicates required Email Address * \/* real people should not fill this in&#8230;<\/p>\n","protected":false},"author":1,"featured_media":0,"parent":0,"menu_order":0,"comment_status":"closed","ping_status":"closed","template":"","meta":{"_acf_changed":false,"footnotes":""},"class_list":["post-90","page","type-page","status-publish","hentry"],"acf":[],"_links":{"self":[{"href":"https:\/\/www.alliancefrancaise.cz\/pardubice\/wp-json\/wp\/v2\/pages\/90","targetHints":{"allow":["GET"]}}],"collection":[{"href":"https:\/\/www.alliancefrancaise.cz\/pardubice\/wp-json\/wp\/v2\/pages"}],"about":[{"href":"https:\/\/www.alliancefrancaise.cz\/pardubice\/wp-json\/wp\/v2\/types\/page"}],"author":[{"embeddable":true,"href":"https:\/\/www.alliancefrancaise.cz\/pardubice\/wp-json\/wp\/v2\/users\/1"}],"replies":[{"embeddable":true,"href":"https:\/\/www.alliancefrancaise.cz\/pardubice\/wp-json\/wp\/v2\/comments?post=90"}],"version-history":[{"count":19,"href":"https:\/\/www.alliancefrancaise.cz\/pardubice\/wp-json\/wp\/v2\/pages\/90\/revisions"}],"predecessor-version":[{"id":21188,"href":"https:\/\/www.alliancefrancaise.cz\/pardubice\/wp-json\/wp\/v2\/pages\/90\/revisions\/21188"}],"wp:attachment":[{"href":"https:\/\/www.alliancefrancaise.cz\/pardubice\/wp-json\/wp\/v2\/media?parent=90"}],"curies":[{"name":"wp","href":"https:\/\/api.w.org\/{rel}","templated":true}]}}