{"id":13898,"date":"2024-04-16T09:50:01","date_gmt":"2024-04-16T07:50:01","guid":{"rendered":"https:\/\/www.alliancefrancaise.cz\/plzen\/sleva-ve-fine-france-plzen\/"},"modified":"2024-08-26T09:53:43","modified_gmt":"2024-08-26T07:53:43","slug":"offre-fine-france-plzen","status":"publish","type":"page","link":"https:\/\/www.alliancefrancaise.cz\/plzen\/fr\/offre-fine-france-plzen\/","title":{"rendered":"R\u00e9duction chez Fine France, Plze\u0148"},"content":{"rendered":"\n<div class=\"wp-block-group alignfull\"><div class=\"wp-block-group__inner-container is-layout-flow wp-block-group-is-layout-flow\">\n<div class=\"wp-block-columns is-layout-flex wp-container-core-columns-is-layout-9d6595d7 wp-block-columns-is-layout-flex\">\n<div class=\"wp-block-column is-vertically-aligned-top is-layout-flow wp-block-column-is-layout-flow\"><div class=\"wp-block-image\">\n<figure class=\"aligncenter size-full is-resized\"><img loading=\"lazy\" decoding=\"async\" width=\"823\" height=\"690\" src=\"https:\/\/www.alliancefrancaise.cz\/plzen\/wp-content\/uploads\/2024\/08\/1.png\" alt=\"10% sleva fine france\" class=\"wp-image-14804\" style=\"width:514px;height:auto\" srcset=\"https:\/\/www.alliancefrancaise.cz\/plzen\/wp-content\/uploads\/2024\/08\/1.png 823w, https:\/\/www.alliancefrancaise.cz\/plzen\/wp-content\/uploads\/2024\/08\/1-460x386.png 460w, https:\/\/www.alliancefrancaise.cz\/plzen\/wp-content\/uploads\/2024\/08\/1-768x644.png 768w\" sizes=\"auto, (max-width: 823px) 100vw, 823px\" \/><\/figure>\n<\/div><\/div>\n\n\n\n<div class=\"wp-block-column is-vertically-aligned-center is-layout-flow wp-block-column-is-layout-flow\">\n<p>Vous \u00eates\u00a0<a href=\"https:\/\/www.alliancefrancaise.cz\/plzen\/fr\/devenir-membre\/\" data-type=\"page\" data-id=\"7955\" target=\"_blank\" rel=\"noreferrer noopener\">membres<span style=\"text-decoration: underline;\">\u00a0<\/span><\/a>de l\u2019Alliance Fran\u00e7aise de Plze\u0148 ? Gr\u00e2ce \u00e0 une coop\u00e9ration avec Sylvain Prudhommes, directeur du magasin \/ bar \u00e0 vins\u00a0<a href=\"https:\/\/www.sylwine.com\/\" target=\"_blank\" rel=\"noreferrer noopener\">Fine France<\/a>,\u00a0vous b\u00e9n\u00e9ficiez de <strong>10% de remise pour tout achat dans son magasin<\/strong>\u00a0(bouteilles de vins, fromages etc) <strong>et consommation sur place<mark style=\"background-color:rgba(0, 0, 0, 0)\" class=\"has-inline-color has-red-color\">*<\/mark><\/strong>.<\/p>\n\n\n\n<p>Vous pouvez r\u00e9cup\u00e9rer votre carte membre \u00e0 l\u2019accueil.<\/p>\n\n\n\n<p><em><mark style=\"background-color:rgba(0, 0, 0, 0)\" class=\"has-inline-color has-red-color\"><strong>*<\/strong><\/mark>hors \u00e9v\u00e8nement de l\u2019Alliance Fran\u00e7aise de Plze\u0148 (Rendez-vous fran\u00e7ais &#8211; ancien speak dating -, soir\u00e9e raclette, d\u00e9gustation de vins etc)<\/em><\/p>\n\n\n\n<p><strong><mark style=\"background-color:rgba(0, 0, 0, 0)\" class=\"has-inline-color has-red-color\">*<\/mark><\/strong><em>non cumulable avec d&rsquo;autres r\u00e9ductions<\/em><\/p>\n<\/div>\n<\/div>\n<\/div><\/div>\n","protected":false},"excerpt":{"rendered":"<p>Vous \u00eates\u00a0membres\u00a0de l\u2019Alliance Fran\u00e7aise de Plze\u0148 ? Gr\u00e2ce \u00e0 une coop\u00e9ration avec Sylvain Prudhommes, directeur du magasin \/ bar \u00e0 vins\u00a0Fine France,\u00a0vous b\u00e9n\u00e9ficiez de 10% de remise pour&#8230;<\/p>\n","protected":false},"author":4,"featured_media":0,"parent":0,"menu_order":0,"comment_status":"closed","ping_status":"closed","template":"","meta":{"_acf_changed":false,"footnotes":""},"class_list":["post-13898","page","type-page","status-publish","hentry"],"acf":[],"_links":{"self":[{"href":"https:\/\/www.alliancefrancaise.cz\/plzen\/fr\/wp-json\/wp\/v2\/pages\/13898","targetHints":{"allow":["GET"]}}],"collection":[{"href":"https:\/\/www.alliancefrancaise.cz\/plzen\/fr\/wp-json\/wp\/v2\/pages"}],"about":[{"href":"https:\/\/www.alliancefrancaise.cz\/plzen\/fr\/wp-json\/wp\/v2\/types\/page"}],"author":[{"embeddable":true,"href":"https:\/\/www.alliancefrancaise.cz\/plzen\/fr\/wp-json\/wp\/v2\/users\/4"}],"replies":[{"embeddable":true,"href":"https:\/\/www.alliancefrancaise.cz\/plzen\/fr\/wp-json\/wp\/v2\/comments?post=13898"}],"version-history":[{"count":14,"href":"https:\/\/www.alliancefrancaise.cz\/plzen\/fr\/wp-json\/wp\/v2\/pages\/13898\/revisions"}],"predecessor-version":[{"id":14906,"href":"https:\/\/www.alliancefrancaise.cz\/plzen\/fr\/wp-json\/wp\/v2\/pages\/13898\/revisions\/14906"}],"wp:attachment":[{"href":"https:\/\/www.alliancefrancaise.cz\/plzen\/fr\/wp-json\/wp\/v2\/media?parent=13898"}],"curies":[{"name":"wp","href":"https:\/\/api.w.org\/{rel}","templated":true}]}}