{"id":14029,"date":"2024-05-23T11:07:21","date_gmt":"2024-05-23T09:07:21","guid":{"rendered":"https:\/\/www.alliancefrancaise.cz\/plzen\/?page_id=14029"},"modified":"2024-08-26T11:03:00","modified_gmt":"2024-08-26T09:03:00","slug":"lheure-du-conte","status":"publish","type":"page","link":"https:\/\/www.alliancefrancaise.cz\/plzen\/fr\/lheure-du-conte\/","title":{"rendered":"L\u2019heure du conte"},"content":{"rendered":"\n<div class=\"wp-block-group\"><div class=\"wp-block-group__inner-container is-layout-constrained wp-block-group-is-layout-constrained\">\n<div class=\"wp-block-columns is-layout-flex wp-container-core-columns-is-layout-9d6595d7 wp-block-columns-is-layout-flex\">\n<div class=\"wp-block-column is-layout-flow wp-block-column-is-layout-flow\">\n<figure class=\"wp-block-image size-full\"><img loading=\"lazy\" decoding=\"async\" width=\"960\" height=\"540\" src=\"https:\/\/www.alliancefrancaise.cz\/plzen\/wp-content\/uploads\/2024\/06\/chvilka.png\" alt=\"\" class=\"wp-image-14870\" srcset=\"https:\/\/www.alliancefrancaise.cz\/plzen\/wp-content\/uploads\/2024\/06\/chvilka.png 960w, https:\/\/www.alliancefrancaise.cz\/plzen\/wp-content\/uploads\/2024\/06\/chvilka-460x259.png 460w, https:\/\/www.alliancefrancaise.cz\/plzen\/wp-content\/uploads\/2024\/06\/chvilka-768x432.png 768w\" sizes=\"auto, (max-width: 960px) 100vw, 960px\" \/><\/figure>\n<\/div>\n\n\n\n<div class=\"wp-block-column is-layout-flow wp-block-column-is-layout-flow\">\n<p><strong>Chaque 2\u00e8me mardi du mois \u00e0 17h<\/strong>, dans les locaux de l&rsquo;<strong>Alliance Fran\u00e7aise de Plze\u0148<\/strong>, n\u00e1m. Republiky 12, ou dans le <strong>parc Proluka<\/strong> des jardins K\u0159i\u017e\u00edkov\u00fd quand la m\u00e9t\u00e9o le permet.<\/p>\n\n\n\n<p>Une <strong>lecture bilingue d\u00b4histoires<\/strong>, en fran\u00e7ais et en tch\u00e9que, pour le plus jeune public mais amusante pour toute la famille. Les histoires sont racont\u00e9es et jou\u00e9es par des enseignantes et des membres de l&rsquo;Alliance fran\u00e7aise de Plze\u0148. Pendant le spectacle, nous chantons des <strong>chansons fran\u00e7aises traditionnelles<\/strong> et nous avons beaucoup d&rsquo;<strong>espace pour danser<\/strong>.<\/p>\n\n\n\n<p>Entr\u00e9e libre.<\/p>\n\n\n\n<div class=\"wp-block-buttons is-content-justification-center is-layout-flex wp-container-core-buttons-is-layout-16018d1d wp-block-buttons-is-layout-flex\">\n<div class=\"wp-block-button\"><a class=\"wp-block-button__link wp-element-button\" href=\"https:\/\/www.alliancefrancaise.cz\/plzen\/fr\/evenement-a-venir\/\">voir les prochains evenements<\/a><\/div>\n<\/div>\n<\/div>\n<\/div>\n<\/div><\/div>\n\n\n\n<div class=\"wp-block-group alignfull has-background\" style=\"background:linear-gradient(135deg,rgb(243,243,243) 0%,rgb(243,243,243) 100%)\"><div class=\"wp-block-group__inner-container is-layout-flow wp-block-group-is-layout-flow\">\n<div style=\"height:60px\" aria-hidden=\"true\" class=\"wp-block-spacer\"><\/div>\n\n\n\n<figure class=\"wp-block-gallery has-nested-images columns-default is-cropped wp-block-gallery-1 is-layout-flex wp-block-gallery-is-layout-flex\">\n<figure class=\"wp-block-image size-large\"><img loading=\"lazy\" decoding=\"async\" width=\"1360\" height=\"765\" data-id=\"14099\" src=\"https:\/\/www.alliancefrancaise.cz\/plzen\/wp-content\/uploads\/2024\/05\/hdc_archive_0-1360x765.jpg\" alt=\"\" class=\"wp-image-14099\" srcset=\"https:\/\/www.alliancefrancaise.cz\/plzen\/wp-content\/uploads\/2024\/05\/hdc_archive_0-1360x765.jpg 1360w, https:\/\/www.alliancefrancaise.cz\/plzen\/wp-content\/uploads\/2024\/05\/hdc_archive_0-460x259.jpg 460w, https:\/\/www.alliancefrancaise.cz\/plzen\/wp-content\/uploads\/2024\/05\/hdc_archive_0-768x432.jpg 768w, https:\/\/www.alliancefrancaise.cz\/plzen\/wp-content\/uploads\/2024\/05\/hdc_archive_0.jpg 2048w\" sizes=\"auto, (max-width: 1360px) 100vw, 1360px\" \/><\/figure>\n\n\n\n<figure class=\"wp-block-image size-large\"><img loading=\"lazy\" decoding=\"async\" width=\"1020\" height=\"1360\" data-id=\"14047\" src=\"https:\/\/www.alliancefrancaise.cz\/plzen\/wp-content\/uploads\/2024\/05\/hdc_archive_2-1020x1360.jpg\" alt=\"\" class=\"wp-image-14047\" srcset=\"https:\/\/www.alliancefrancaise.cz\/plzen\/wp-content\/uploads\/2024\/05\/hdc_archive_2-1020x1360.jpg 1020w, https:\/\/www.alliancefrancaise.cz\/plzen\/wp-content\/uploads\/2024\/05\/hdc_archive_2-345x460.jpg 345w, https:\/\/www.alliancefrancaise.cz\/plzen\/wp-content\/uploads\/2024\/05\/hdc_archive_2-768x1024.jpg 768w, https:\/\/www.alliancefrancaise.cz\/plzen\/wp-content\/uploads\/2024\/05\/hdc_archive_2.jpg 1536w\" sizes=\"auto, (max-width: 1020px) 100vw, 1020px\" \/><\/figure>\n\n\n\n<figure class=\"wp-block-image size-large\"><img loading=\"lazy\" decoding=\"async\" width=\"960\" height=\"720\" data-id=\"14049\" src=\"https:\/\/www.alliancefrancaise.cz\/plzen\/wp-content\/uploads\/2024\/05\/hdc_archive_3.jpg\" alt=\"\" class=\"wp-image-14049\" srcset=\"https:\/\/www.alliancefrancaise.cz\/plzen\/wp-content\/uploads\/2024\/05\/hdc_archive_3.jpg 960w, https:\/\/www.alliancefrancaise.cz\/plzen\/wp-content\/uploads\/2024\/05\/hdc_archive_3-460x345.jpg 460w, https:\/\/www.alliancefrancaise.cz\/plzen\/wp-content\/uploads\/2024\/05\/hdc_archive_3-768x576.jpg 768w\" sizes=\"auto, (max-width: 960px) 100vw, 960px\" \/><\/figure>\n\n\n\n<figure class=\"wp-block-image size-large\"><img loading=\"lazy\" decoding=\"async\" width=\"1020\" height=\"1360\" data-id=\"14051\" src=\"https:\/\/www.alliancefrancaise.cz\/plzen\/wp-content\/uploads\/2024\/05\/hdc_archive_4-1020x1360.jpg\" alt=\"\" class=\"wp-image-14051\" srcset=\"https:\/\/www.alliancefrancaise.cz\/plzen\/wp-content\/uploads\/2024\/05\/hdc_archive_4-1020x1360.jpg 1020w, https:\/\/www.alliancefrancaise.cz\/plzen\/wp-content\/uploads\/2024\/05\/hdc_archive_4-345x460.jpg 345w, https:\/\/www.alliancefrancaise.cz\/plzen\/wp-content\/uploads\/2024\/05\/hdc_archive_4-768x1024.jpg 768w, https:\/\/www.alliancefrancaise.cz\/plzen\/wp-content\/uploads\/2024\/05\/hdc_archive_4.jpg 1536w\" sizes=\"auto, (max-width: 1020px) 100vw, 1020px\" \/><\/figure>\n\n\n\n<figure class=\"wp-block-image size-large\"><img loading=\"lazy\" decoding=\"async\" width=\"1360\" height=\"1020\" data-id=\"14055\" src=\"https:\/\/www.alliancefrancaise.cz\/plzen\/wp-content\/uploads\/2024\/05\/hdc_archive_6-1360x1020.jpg\" alt=\"\" class=\"wp-image-14055\" srcset=\"https:\/\/www.alliancefrancaise.cz\/plzen\/wp-content\/uploads\/2024\/05\/hdc_archive_6-1360x1020.jpg 1360w, https:\/\/www.alliancefrancaise.cz\/plzen\/wp-content\/uploads\/2024\/05\/hdc_archive_6-460x345.jpg 460w, https:\/\/www.alliancefrancaise.cz\/plzen\/wp-content\/uploads\/2024\/05\/hdc_archive_6-768x576.jpg 768w, https:\/\/www.alliancefrancaise.cz\/plzen\/wp-content\/uploads\/2024\/05\/hdc_archive_6.jpg 2048w\" sizes=\"auto, (max-width: 1360px) 100vw, 1360px\" \/><\/figure>\n<\/figure>\n\n\n\n<div style=\"height:30px\" aria-hidden=\"true\" class=\"wp-block-spacer\"><\/div>\n<\/div><\/div>\n","protected":false},"excerpt":{"rendered":"<p>Chaque 2\u00e8me mardi du mois \u00e0 17h, dans les locaux de l&rsquo;Alliance Fran\u00e7aise de Plze\u0148, n\u00e1m. Republiky 12, ou dans le parc Proluka des jardins K\u0159i\u017e\u00edkov\u00fd quand la&#8230;<\/p>\n","protected":false},"author":4,"featured_media":0,"parent":0,"menu_order":0,"comment_status":"closed","ping_status":"closed","template":"","meta":{"_acf_changed":false,"footnotes":""},"class_list":["post-14029","page","type-page","status-publish","hentry"],"acf":[],"_links":{"self":[{"href":"https:\/\/www.alliancefrancaise.cz\/plzen\/fr\/wp-json\/wp\/v2\/pages\/14029","targetHints":{"allow":["GET"]}}],"collection":[{"href":"https:\/\/www.alliancefrancaise.cz\/plzen\/fr\/wp-json\/wp\/v2\/pages"}],"about":[{"href":"https:\/\/www.alliancefrancaise.cz\/plzen\/fr\/wp-json\/wp\/v2\/types\/page"}],"author":[{"embeddable":true,"href":"https:\/\/www.alliancefrancaise.cz\/plzen\/fr\/wp-json\/wp\/v2\/users\/4"}],"replies":[{"embeddable":true,"href":"https:\/\/www.alliancefrancaise.cz\/plzen\/fr\/wp-json\/wp\/v2\/comments?post=14029"}],"version-history":[{"count":8,"href":"https:\/\/www.alliancefrancaise.cz\/plzen\/fr\/wp-json\/wp\/v2\/pages\/14029\/revisions"}],"predecessor-version":[{"id":14921,"href":"https:\/\/www.alliancefrancaise.cz\/plzen\/fr\/wp-json\/wp\/v2\/pages\/14029\/revisions\/14921"}],"wp:attachment":[{"href":"https:\/\/www.alliancefrancaise.cz\/plzen\/fr\/wp-json\/wp\/v2\/media?parent=14029"}],"curies":[{"name":"wp","href":"https:\/\/api.w.org\/{rel}","templated":true}]}}