{"id":14107,"date":"2024-05-30T10:35:10","date_gmt":"2024-05-30T08:35:10","guid":{"rendered":"https:\/\/www.alliancefrancaise.cz\/plzen\/?page_id=14107"},"modified":"2025-10-31T09:47:25","modified_gmt":"2025-10-31T08:47:25","slug":"le-petit-rdv","status":"publish","type":"page","link":"https:\/\/www.alliancefrancaise.cz\/plzen\/fr\/le-petit-rdv\/","title":{"rendered":"Le petit rendez-vous"},"content":{"rendered":"\n<div class=\"wp-block-group\"><div class=\"wp-block-group__inner-container is-layout-constrained wp-block-group-is-layout-constrained\">\n<div class=\"wp-block-columns is-layout-flex wp-container-core-columns-is-layout-9d6595d7 wp-block-columns-is-layout-flex\">\n<div class=\"wp-block-column is-vertically-aligned-center is-layout-flow wp-block-column-is-layout-flow\">\n<figure class=\"wp-block-image size-full\"><img loading=\"lazy\" decoding=\"async\" width=\"1920\" height=\"1080\" src=\"https:\/\/www.alliancefrancaise.cz\/plzen\/wp-content\/uploads\/2025\/10\/petit-rdv-1.png\" alt=\"\" class=\"wp-image-16019\" srcset=\"https:\/\/www.alliancefrancaise.cz\/plzen\/wp-content\/uploads\/2025\/10\/petit-rdv-1.png 1920w, https:\/\/www.alliancefrancaise.cz\/plzen\/wp-content\/uploads\/2025\/10\/petit-rdv-1-460x259.png 460w, https:\/\/www.alliancefrancaise.cz\/plzen\/wp-content\/uploads\/2025\/10\/petit-rdv-1-1360x765.png 1360w, https:\/\/www.alliancefrancaise.cz\/plzen\/wp-content\/uploads\/2025\/10\/petit-rdv-1-768x432.png 768w\" sizes=\"auto, (max-width: 1920px) 100vw, 1920px\" \/><\/figure>\n<\/div>\n\n\n\n<div class=\"wp-block-column is-layout-flow wp-block-column-is-layout-flow\">\n<p><strong>Quand<\/strong>\u00a0: chaque troisi\u00e8me lundi du mois de 10h00 \u00e0 12h00<br><strong>Prix<\/strong>\u00a0: 100 K\u010d, le caf\u00e9 et les collations sont inclus dans le prix.<br><strong>Programme\u00a0<\/strong>\u00a0:<\/p>\n\n\n\n<ul class=\"wp-block-list\">\n<li>&nbsp;10h00&nbsp;: heure de d\u00e9but<\/li>\n\n\n\n<li>&nbsp;10h00-10h30&nbsp;: conversation en tch\u00e8que<\/li>\n\n\n\n<li>&nbsp;10h30-12h00&nbsp;: th\u00e8me et activit\u00e9s en fran\u00e7ais<\/li>\n<\/ul>\n\n\n\n<p>Nous sommes 3 mamans en cong\u00e9 parental, des francophones enthousiastes, et en coop\u00e9ration avec l\u2019Alliance fran\u00e7aise de Plze\u0148, nous avons pr\u00e9par\u00e9 un <strong>club pour les parents avec enfants<\/strong>. Le club est ouvert aux <strong>parents de jeunes enfants<\/strong> afin que nous puissions nous soutenir mutuellement dans le d\u00e9veloppement de la langue fran\u00e7aise et ne pas avoir \u00e0 nous occuper de la garde de nos petits.<br>Nous vous pr\u00e9parerons un <strong>bon caf\u00e9, quelque chose de sucr\u00e9 \u00e0 grignoter et nous travaillerons ensemble en fran\u00e7ais sur un sujet que nous avons pr\u00e9par\u00e9 pour vous.<\/strong> Il y aura une <strong>aire de jeux pour les enfants<\/strong> dans le m\u00eame espace, nous serons donc tout le temps proches les uns des autres et personne ne manquera de rien.<\/p>\n\n\n\n<div class=\"wp-block-buttons is-content-justification-center is-layout-flex wp-container-core-buttons-is-layout-16018d1d wp-block-buttons-is-layout-flex\">\n<div class=\"wp-block-button\"><a class=\"wp-block-button__link wp-element-button\" href=\"https:\/\/www.alliancefrancaise.cz\/plzen\/fr\/evenement-a-venir\/\">voir les prochains evenements<\/a><\/div>\n<\/div>\n<\/div>\n<\/div>\n<\/div><\/div>\n\n\n\n<div class=\"wp-block-group alignfull has-background\" style=\"background:linear-gradient(135deg,rgb(243,243,243) 0%,rgb(243,243,243) 100%)\"><div class=\"wp-block-group__inner-container is-layout-flow wp-block-group-is-layout-flow\">\n<div style=\"height:60px\" aria-hidden=\"true\" class=\"wp-block-spacer\"><\/div>\n\n\n\n<figure class=\"wp-block-gallery has-nested-images columns-default is-cropped wp-block-gallery-1 is-layout-flex wp-block-gallery-is-layout-flex\">\n<figure class=\"wp-block-image size-large\"><img loading=\"lazy\" decoding=\"async\" width=\"1360\" height=\"1024\" data-id=\"14112\" src=\"https:\/\/www.alliancefrancaise.cz\/plzen\/wp-content\/uploads\/2024\/05\/prdv-1-1360x1024.jpg\" alt=\"\" class=\"wp-image-14112\" srcset=\"https:\/\/www.alliancefrancaise.cz\/plzen\/wp-content\/uploads\/2024\/05\/prdv-1-1360x1024.jpg 1360w, https:\/\/www.alliancefrancaise.cz\/plzen\/wp-content\/uploads\/2024\/05\/prdv-1-460x346.jpg 460w, https:\/\/www.alliancefrancaise.cz\/plzen\/wp-content\/uploads\/2024\/05\/prdv-1-768x578.jpg 768w, https:\/\/www.alliancefrancaise.cz\/plzen\/wp-content\/uploads\/2024\/05\/prdv-1.jpg 2040w\" sizes=\"auto, (max-width: 1360px) 100vw, 1360px\" \/><\/figure>\n\n\n\n<figure class=\"wp-block-image size-large\"><img loading=\"lazy\" decoding=\"async\" width=\"1024\" height=\"1360\" data-id=\"14114\" src=\"https:\/\/www.alliancefrancaise.cz\/plzen\/wp-content\/uploads\/2024\/05\/prdv-2-1024x1360.jpg\" alt=\"\" class=\"wp-image-14114\" srcset=\"https:\/\/www.alliancefrancaise.cz\/plzen\/wp-content\/uploads\/2024\/05\/prdv-2-1024x1360.jpg 1024w, https:\/\/www.alliancefrancaise.cz\/plzen\/wp-content\/uploads\/2024\/05\/prdv-2-346x460.jpg 346w, https:\/\/www.alliancefrancaise.cz\/plzen\/wp-content\/uploads\/2024\/05\/prdv-2-768x1020.jpg 768w, https:\/\/www.alliancefrancaise.cz\/plzen\/wp-content\/uploads\/2024\/05\/prdv-2.jpg 1536w\" sizes=\"auto, (max-width: 1024px) 100vw, 1024px\" \/><\/figure>\n\n\n\n<figure class=\"wp-block-image size-large\"><img loading=\"lazy\" decoding=\"async\" width=\"1024\" height=\"1360\" data-id=\"14116\" src=\"https:\/\/www.alliancefrancaise.cz\/plzen\/wp-content\/uploads\/2024\/05\/prdv-3-1024x1360.jpg\" alt=\"\" class=\"wp-image-14116\" srcset=\"https:\/\/www.alliancefrancaise.cz\/plzen\/wp-content\/uploads\/2024\/05\/prdv-3-1024x1360.jpg 1024w, https:\/\/www.alliancefrancaise.cz\/plzen\/wp-content\/uploads\/2024\/05\/prdv-3-346x460.jpg 346w, https:\/\/www.alliancefrancaise.cz\/plzen\/wp-content\/uploads\/2024\/05\/prdv-3-768x1020.jpg 768w, https:\/\/www.alliancefrancaise.cz\/plzen\/wp-content\/uploads\/2024\/05\/prdv-3.jpg 1536w\" sizes=\"auto, (max-width: 1024px) 100vw, 1024px\" \/><\/figure>\n\n\n\n<figure class=\"wp-block-image size-large\"><img loading=\"lazy\" decoding=\"async\" width=\"1024\" height=\"1360\" data-id=\"14118\" src=\"https:\/\/www.alliancefrancaise.cz\/plzen\/wp-content\/uploads\/2024\/05\/prdv-4-1024x1360.jpg\" alt=\"\" class=\"wp-image-14118\" srcset=\"https:\/\/www.alliancefrancaise.cz\/plzen\/wp-content\/uploads\/2024\/05\/prdv-4-1024x1360.jpg 1024w, https:\/\/www.alliancefrancaise.cz\/plzen\/wp-content\/uploads\/2024\/05\/prdv-4-346x460.jpg 346w, https:\/\/www.alliancefrancaise.cz\/plzen\/wp-content\/uploads\/2024\/05\/prdv-4-768x1020.jpg 768w, https:\/\/www.alliancefrancaise.cz\/plzen\/wp-content\/uploads\/2024\/05\/prdv-4.jpg 1536w\" sizes=\"auto, (max-width: 1024px) 100vw, 1024px\" \/><\/figure>\n\n\n\n<figure class=\"wp-block-image size-large\"><img loading=\"lazy\" decoding=\"async\" width=\"1024\" height=\"1360\" data-id=\"14120\" src=\"https:\/\/www.alliancefrancaise.cz\/plzen\/wp-content\/uploads\/2024\/05\/prdv-5-1024x1360.jpg\" alt=\"\" class=\"wp-image-14120\" srcset=\"https:\/\/www.alliancefrancaise.cz\/plzen\/wp-content\/uploads\/2024\/05\/prdv-5-1024x1360.jpg 1024w, https:\/\/www.alliancefrancaise.cz\/plzen\/wp-content\/uploads\/2024\/05\/prdv-5-346x460.jpg 346w, https:\/\/www.alliancefrancaise.cz\/plzen\/wp-content\/uploads\/2024\/05\/prdv-5-768x1020.jpg 768w, https:\/\/www.alliancefrancaise.cz\/plzen\/wp-content\/uploads\/2024\/05\/prdv-5.jpg 1536w\" sizes=\"auto, (max-width: 1024px) 100vw, 1024px\" \/><\/figure>\n<\/figure>\n\n\n\n<div style=\"height:30px\" aria-hidden=\"true\" class=\"wp-block-spacer\"><\/div>\n<\/div><\/div>\n","protected":false},"excerpt":{"rendered":"<p>Quand\u00a0: chaque troisi\u00e8me lundi du mois de 10h00 \u00e0 12h00Prix\u00a0: 100 K\u010d, le caf\u00e9 et les collations sont inclus dans le prix.Programme\u00a0\u00a0: Nous sommes 3 mamans en cong\u00e9&#8230;<\/p>\n","protected":false},"author":4,"featured_media":0,"parent":0,"menu_order":0,"comment_status":"closed","ping_status":"closed","template":"","meta":{"_acf_changed":false,"footnotes":""},"class_list":["post-14107","page","type-page","status-publish","hentry"],"acf":[],"_links":{"self":[{"href":"https:\/\/www.alliancefrancaise.cz\/plzen\/fr\/wp-json\/wp\/v2\/pages\/14107","targetHints":{"allow":["GET"]}}],"collection":[{"href":"https:\/\/www.alliancefrancaise.cz\/plzen\/fr\/wp-json\/wp\/v2\/pages"}],"about":[{"href":"https:\/\/www.alliancefrancaise.cz\/plzen\/fr\/wp-json\/wp\/v2\/types\/page"}],"author":[{"embeddable":true,"href":"https:\/\/www.alliancefrancaise.cz\/plzen\/fr\/wp-json\/wp\/v2\/users\/4"}],"replies":[{"embeddable":true,"href":"https:\/\/www.alliancefrancaise.cz\/plzen\/fr\/wp-json\/wp\/v2\/comments?post=14107"}],"version-history":[{"count":5,"href":"https:\/\/www.alliancefrancaise.cz\/plzen\/fr\/wp-json\/wp\/v2\/pages\/14107\/revisions"}],"predecessor-version":[{"id":16022,"href":"https:\/\/www.alliancefrancaise.cz\/plzen\/fr\/wp-json\/wp\/v2\/pages\/14107\/revisions\/16022"}],"wp:attachment":[{"href":"https:\/\/www.alliancefrancaise.cz\/plzen\/fr\/wp-json\/wp\/v2\/media?parent=14107"}],"curies":[{"name":"wp","href":"https:\/\/api.w.org\/{rel}","templated":true}]}}