{"id":14131,"date":"2024-05-30T10:55:05","date_gmt":"2024-05-30T08:55:05","guid":{"rendered":"https:\/\/www.alliancefrancaise.cz\/plzen\/?page_id=14131"},"modified":"2026-04-10T10:02:02","modified_gmt":"2026-04-10T08:02:02","slug":"rdv-francais","status":"publish","type":"page","link":"https:\/\/www.alliancefrancaise.cz\/plzen\/fr\/rdv-francais\/","title":{"rendered":"Rendez-vous fran\u00e7ais"},"content":{"rendered":"\n<div class=\"wp-block-group\"><div class=\"wp-block-group__inner-container is-layout-constrained wp-block-group-is-layout-constrained\">\n<div class=\"wp-block-columns is-layout-flex wp-container-core-columns-is-layout-9d6595d7 wp-block-columns-is-layout-flex\">\n<div class=\"wp-block-column is-vertically-aligned-center is-layout-flow wp-block-column-is-layout-flow\">\n<figure class=\"wp-block-image size-full\"><img loading=\"lazy\" decoding=\"async\" width=\"960\" height=\"540\" src=\"https:\/\/www.alliancefrancaise.cz\/plzen\/wp-content\/uploads\/2026\/04\/rdv-francais-1.png\" alt=\"\" class=\"wp-image-16646\" srcset=\"https:\/\/www.alliancefrancaise.cz\/plzen\/wp-content\/uploads\/2026\/04\/rdv-francais-1.png 960w, https:\/\/www.alliancefrancaise.cz\/plzen\/wp-content\/uploads\/2026\/04\/rdv-francais-1-460x259.png 460w, https:\/\/www.alliancefrancaise.cz\/plzen\/wp-content\/uploads\/2026\/04\/rdv-francais-1-768x432.png 768w\" sizes=\"auto, (max-width: 960px) 100vw, 960px\" \/><\/figure>\n<\/div>\n\n\n\n<div class=\"wp-block-column is-layout-flow wp-block-column-is-layout-flow\">\n<p><strong>Chaque deuxi\u00e8me mercredi du mois<\/strong>\u00a0\u00e0 18h dans le bar a vin \u00e0 Fine France \u00e0 lieu une <strong>rencontre de conversation visant \u00e0 r\u00e9unir la communaut\u00e9 fran\u00e7aise et tch\u00e8que autour d\u2019un verre de vin<\/strong>. De plus, vous avez la possibilit\u00e9 de manger du fromage fran\u00e7ais.<\/p>\n\n\n\n<div class=\"wp-block-buttons is-content-justification-center is-layout-flex wp-container-core-buttons-is-layout-16018d1d wp-block-buttons-is-layout-flex\">\n<div class=\"wp-block-button\"><a class=\"wp-block-button__link wp-element-button\" href=\"https:\/\/www.alliancefrancaise.cz\/plzen\/fr\/evenement-a-venir\/\">voir les prochains evenements<\/a><\/div>\n<\/div>\n<\/div>\n<\/div>\n<\/div><\/div>\n\n\n\n<div class=\"wp-block-group alignfull has-background\" style=\"background:linear-gradient(135deg,rgb(243,243,243) 0%,rgb(243,243,243) 100%)\"><div class=\"wp-block-group__inner-container is-layout-flow wp-block-group-is-layout-flow\">\n<div style=\"height:60px\" aria-hidden=\"true\" class=\"wp-block-spacer\"><\/div>\n\n\n\n<figure class=\"wp-block-gallery has-nested-images columns-default is-cropped wp-block-gallery-1 is-layout-flex wp-block-gallery-is-layout-flex\">\n<figure class=\"wp-block-image size-large\"><img loading=\"lazy\" decoding=\"async\" width=\"1360\" height=\"1020\" data-id=\"14137\" src=\"https:\/\/www.alliancefrancaise.cz\/plzen\/wp-content\/uploads\/2024\/05\/rdv-francais-3-1360x1020.jpg\" alt=\"\" class=\"wp-image-14137\" srcset=\"https:\/\/www.alliancefrancaise.cz\/plzen\/wp-content\/uploads\/2024\/05\/rdv-francais-3-1360x1020.jpg 1360w, https:\/\/www.alliancefrancaise.cz\/plzen\/wp-content\/uploads\/2024\/05\/rdv-francais-3-460x345.jpg 460w, https:\/\/www.alliancefrancaise.cz\/plzen\/wp-content\/uploads\/2024\/05\/rdv-francais-3-768x576.jpg 768w, https:\/\/www.alliancefrancaise.cz\/plzen\/wp-content\/uploads\/2024\/05\/rdv-francais-3.jpg 2048w\" sizes=\"auto, (max-width: 1360px) 100vw, 1360px\" \/><\/figure>\n\n\n\n<figure class=\"wp-block-image size-large\"><img loading=\"lazy\" decoding=\"async\" width=\"1360\" height=\"1020\" data-id=\"14135\" src=\"https:\/\/www.alliancefrancaise.cz\/plzen\/wp-content\/uploads\/2024\/05\/rdv-francais-2-1360x1020.jpg\" alt=\"\" class=\"wp-image-14135\" srcset=\"https:\/\/www.alliancefrancaise.cz\/plzen\/wp-content\/uploads\/2024\/05\/rdv-francais-2-1360x1020.jpg 1360w, https:\/\/www.alliancefrancaise.cz\/plzen\/wp-content\/uploads\/2024\/05\/rdv-francais-2-460x345.jpg 460w, https:\/\/www.alliancefrancaise.cz\/plzen\/wp-content\/uploads\/2024\/05\/rdv-francais-2-768x576.jpg 768w, https:\/\/www.alliancefrancaise.cz\/plzen\/wp-content\/uploads\/2024\/05\/rdv-francais-2.jpg 2000w\" sizes=\"auto, (max-width: 1360px) 100vw, 1360px\" \/><\/figure>\n\n\n\n<figure class=\"wp-block-image size-large\"><img loading=\"lazy\" decoding=\"async\" width=\"1360\" height=\"1020\" data-id=\"14133\" src=\"https:\/\/www.alliancefrancaise.cz\/plzen\/wp-content\/uploads\/2024\/05\/rdv-francais-1-1360x1020.jpg\" alt=\"\" class=\"wp-image-14133\" srcset=\"https:\/\/www.alliancefrancaise.cz\/plzen\/wp-content\/uploads\/2024\/05\/rdv-francais-1-1360x1020.jpg 1360w, https:\/\/www.alliancefrancaise.cz\/plzen\/wp-content\/uploads\/2024\/05\/rdv-francais-1-460x345.jpg 460w, https:\/\/www.alliancefrancaise.cz\/plzen\/wp-content\/uploads\/2024\/05\/rdv-francais-1-768x576.jpg 768w, https:\/\/www.alliancefrancaise.cz\/plzen\/wp-content\/uploads\/2024\/05\/rdv-francais-1.jpg 2016w\" sizes=\"auto, (max-width: 1360px) 100vw, 1360px\" \/><\/figure>\n<\/figure>\n\n\n\n<div style=\"height:30px\" aria-hidden=\"true\" class=\"wp-block-spacer\"><\/div>\n<\/div><\/div>\n","protected":false},"excerpt":{"rendered":"<p>Chaque deuxi\u00e8me mercredi du mois\u00a0\u00e0 18h dans le bar a vin \u00e0 Fine France \u00e0 lieu une rencontre de conversation visant \u00e0 r\u00e9unir la communaut\u00e9 fran\u00e7aise et tch\u00e8que&#8230;<\/p>\n","protected":false},"author":4,"featured_media":0,"parent":0,"menu_order":0,"comment_status":"closed","ping_status":"closed","template":"","meta":{"_acf_changed":false,"footnotes":""},"class_list":["post-14131","page","type-page","status-publish","hentry"],"acf":[],"_links":{"self":[{"href":"https:\/\/www.alliancefrancaise.cz\/plzen\/fr\/wp-json\/wp\/v2\/pages\/14131","targetHints":{"allow":["GET"]}}],"collection":[{"href":"https:\/\/www.alliancefrancaise.cz\/plzen\/fr\/wp-json\/wp\/v2\/pages"}],"about":[{"href":"https:\/\/www.alliancefrancaise.cz\/plzen\/fr\/wp-json\/wp\/v2\/types\/page"}],"author":[{"embeddable":true,"href":"https:\/\/www.alliancefrancaise.cz\/plzen\/fr\/wp-json\/wp\/v2\/users\/4"}],"replies":[{"embeddable":true,"href":"https:\/\/www.alliancefrancaise.cz\/plzen\/fr\/wp-json\/wp\/v2\/comments?post=14131"}],"version-history":[{"count":4,"href":"https:\/\/www.alliancefrancaise.cz\/plzen\/fr\/wp-json\/wp\/v2\/pages\/14131\/revisions"}],"predecessor-version":[{"id":16650,"href":"https:\/\/www.alliancefrancaise.cz\/plzen\/fr\/wp-json\/wp\/v2\/pages\/14131\/revisions\/16650"}],"wp:attachment":[{"href":"https:\/\/www.alliancefrancaise.cz\/plzen\/fr\/wp-json\/wp\/v2\/media?parent=14131"}],"curies":[{"name":"wp","href":"https:\/\/api.w.org\/{rel}","templated":true}]}}