{"id":15121,"date":"2025-07-31T12:03:05","date_gmt":"2025-07-31T10:03:05","guid":{"rendered":"https:\/\/www.alliancefrancaise.cz\/plzen\/?page_id=15121"},"modified":"2026-04-13T11:44:23","modified_gmt":"2026-04-13T09:44:23","slug":"cours-collectifs","status":"publish","type":"page","link":"https:\/\/www.alliancefrancaise.cz\/plzen\/fr\/cours-collectifs\/","title":{"rendered":"Cours collectifs"},"content":{"rendered":"\n<div class=\"wp-block-buttons is-content-justification-center is-layout-flex wp-container-core-buttons-is-layout-16018d1d wp-block-buttons-is-layout-flex\">\n<div class=\"wp-block-button has-custom-width wp-block-button__width-100\"><a class=\"wp-block-button__link wp-element-button\" href=\"https:\/\/www.alliancefrancaise.cz\/plzen\/fr\/letni-kurz-2026\/\">>> COURS INTENSIFS D&rsquo;\u00c9T\u00c9 2026 &lt;&lt;<\/a><\/div>\n<\/div>\n\n\n\n<p class=\"has-medium-font-size\"><strong><span style=\"text-decoration: underline;\">Les inscriptions pour le deuxi\u00e8me semestre 2025-2026 sont ouvertes ! D\u00e9couvrez l&rsquo;offre de cours et les inscriptions en ligne ci-dessous<\/span><\/strong>.<\/p>\n\n\n\n<p>Nos cours collectifs se d\u00e9roulent sur deux semestres, de septembre \u00e0 juin. Si vous n&rsquo;\u00eates pas s\u00fbr de votre choix, vous pouvez venir essayer le cours et d\u00e9cider ensuite de changer de niveau si n\u00e9cessaire. Certains cours Francouz\u0161tina na cesty, Objevte francouz\u0161tinu!, etc.) sont ouverts sans suivre le calendrier annuel (demi-semestre).<\/p>\n\n\n\n<ul class=\"wp-block-list\">\n<li>Les <a href=\"https:\/\/www.alliancefrancaise.cz\/plzen\/fr\/devenir-membre\/\" data-type=\"page\" data-id=\"7955\">membres de l&rsquo;Alliance Fran\u00e7aise de Plze\u0148<\/a> b\u00e9n\u00e9ficent d&rsquo;une <strong>r\u00e9duction de 5%<\/strong> pour chaque semestre.<\/li>\n\n\n\n<li>Les \u00e9tudiants du cours de Fran\u00e7ais g\u00e9n\u00e9ral peuvent b\u00e9n\u00e9ficier d\u2019une <strong>r\u00e9duction de 10%<\/strong> \u00e0 l\u2019achat du cours suppl\u00e9mentaire de Conversation.<\/li>\n<\/ul>\n\n\n\n<p><strong>Besoin d&rsquo;aide ? Contactez-nous \u00e0 <a href=\"mailto:cours.plzen@alliancefrancaise.cz\">cours.plzen@alliancefrancaise.cz<\/a><\/strong>.<\/p>\n\n\n\n<figure class=\"wp-block-table is-style-stripes\"><table><tbody><tr><td><\/td><td class=\"has-text-align-center\" data-align=\"center\"><mark style=\"background-color:rgba(0, 0, 0, 0)\" class=\"has-inline-color has-red-color\"><strong>Date<\/strong><\/mark><\/td><td class=\"has-text-align-center\" data-align=\"center\"><strong><mark style=\"background-color:rgba(0, 0, 0, 0)\" class=\"has-inline-color has-red-color\">Inscription<\/mark><\/strong><\/td><td class=\"has-text-align-center\" data-align=\"center\"><strong><mark style=\"background-color:rgba(0, 0, 0, 0)\" class=\"has-inline-color has-red-color\">Fermeture (pas de cours)<\/mark><\/strong><\/td><\/tr><tr><td><strong>Semestre 1<\/strong><\/td><td class=\"has-text-align-center\" data-align=\"center\">du 22. 9. 2025 au 23. 1. 2026<\/td><td class=\"has-text-align-center\" data-align=\"center\">\u00e0 partir du 1er ao\u00fbt 2025<\/td><td class=\"has-text-align-center\" data-align=\"center\">27. \u2013 31. 10.| 17. 11. | 22. 12. \u2013 2. 1.<\/td><\/tr><tr><td><strong>Semestre 2<\/strong><\/td><td class=\"has-text-align-center\" data-align=\"center\">du 16. 2. 2026 au 5. 6. 2026<\/td><td class=\"has-text-align-center\" data-align=\"center\">\u00e0 partir du 5 janvier 2026<\/td><td class=\"has-text-align-center\" data-align=\"center\">2. \u2013 6. 3. | 3. \u2013 6. 4. | 1. 5. | 8. 5.<\/td><\/tr><\/tbody><\/table><figcaption class=\"wp-element-caption\"><em>Ann\u00e9e 2025-202<\/em>6<\/figcaption><\/figure>\n\n\n\n<h1 class=\"wp-block-heading\"><mark style=\"background-color:rgba(0, 0, 0, 0)\" class=\"has-inline-color has-color-text-color\"><mark style=\"background-color:rgba(0, 0, 0, 0)\" class=\"has-inline-color has-color-text-color\">Cours disponibles \/ inscription :<\/mark><\/mark><\/h1>\n\n\n<div class=\"row kategorieKurzu my-4 position-relative\"><div class=\"col-md-8 order-md-1 order-2\"><div class=\"row\"><div class=\"col-md-6 my-4 animTop\"><div class=\"obalKategorieKurzu p-4 pt-5 h-100 w-100\"><h3 class=\"h5 mb-3\"><a href=\"https:\/\/www.alliancefrancaise.cz\/plzen\/fr\/kategorie-kurzu\/letni-intenzivni-kurzy\/\">Letn\u00ed intenzivn\u00ed kurzy<\/a><\/h3><p>P\u0159ij\u010fte si b\u011bhem letn\u00edch pr\u00e1zdnin zopakovat nebo se nau\u010dit francouz\u0161tinu.<\/p><a href=\"https:\/\/www.alliancefrancaise.cz\/plzen\/fr\/kategorie-kurzu\/letni-intenzivni-kurzy\/\" class=\"btn btnMore\">Voir les cours<\/a><\/div><\/div><\/div><\/div><div class=\"col-md-4 order-md-2 order-1 mt-4\"><p><strong>Inscriptions et prix se trouvent dans les d\u00e9tails du cours.<\/strong><\/p>\n<\/div><\/div>\n\n\n<h1 class=\"wp-block-heading\"><mark style=\"background-color:rgba(0, 0, 0, 0)\" class=\"has-inline-color has-color-text-color\">Catalogue des cours 2025-2026<\/mark><\/h1>\n\n\n\n<div class=\"wp-block-group\"><div class=\"wp-block-group__inner-container is-layout-constrained wp-block-group-is-layout-constrained\">\n<h2 class=\"wp-block-heading\">Fran\u00e7ais g\u00e9n\u00e9ral<\/h2>\n\n\n\n<p>Cours pour tous les niveaux, de d\u00e9butant (A1.0) \u00e0 exp\u00e9riment\u00e9 (C1\/C2). Les cours de fran\u00e7ais d\u00e9veloppent toutes les comp\u00e9tences linguistiques des \u00e9l\u00e8ves, c\u2019est \u00e0 dire, la lecture, l\u2019\u00e9criture, l\u2019\u00e9coute et la parole. Les cours sont dispens\u00e9s par des professeurs tch\u00e8ques et \u00e9trangers \u2013 des locuteurs natifs, selon le niveau des cours. Les cours ont lieu une fois par semaine, ils durent 90 minutes et les groupes sont constitu\u00e9s de 3-10 \u00e9tudiants. Les cours sont r\u00e9partis en semestre, un cours est de 90min.<\/p>\n\n\n\n<figure class=\"wp-block-table is-style-stripes\"><table><tbody><tr><td><mark style=\"background-color:rgba(0, 0, 0, 0)\" class=\"has-inline-color has-red-color\"><strong><mark style=\"background-color:rgba(0, 0, 0, 0)\" class=\"has-inline-color has-red-color\"><strong><mark style=\"background-color:rgba(0, 0, 0, 0)\" class=\"has-inline-color has-red-color\"><strong>Cours<\/strong><\/mark><\/strong><\/mark><\/strong><\/mark><\/td><td><mark style=\"background-color:rgba(0, 0, 0, 0)\" class=\"has-inline-color has-red-color\"><strong>Horaire<\/strong><\/mark><\/td><td><strong><mark style=\"background-color:rgba(0, 0, 0, 0)\" class=\"has-inline-color has-red-color\"><strong><mark style=\"background-color:rgba(0, 0, 0, 0)\" class=\"has-inline-color has-red-color\"><strong><mark style=\"background-color:rgba(0, 0, 0, 0)\" class=\"has-inline-color has-red-color\">Professeur<\/mark><\/strong><\/mark><\/strong><\/mark><\/strong><\/td><\/tr><tr><td><strong><strong>A1.0 &#8211; \u00dapln\u00ed za\u010d\u00e1te\u010dn\u00edci (druh\u00fd semestr)<\/strong><\/strong><\/td><td>jeudi| 17:30-19:00<\/td><td>Jana Gallo<\/td><\/tr><tr><td><strong>A1.1 &#8211; Za\u010d\u00e1te\u010dn\u00edci 1<\/strong><\/td><td>mercredi | 17:30-19:00<\/td><td>Jana Gallo<\/td><\/tr><tr><td><strong>A1.2 &#8211; Za\u010d\u00e1te\u010dn\u00edci 2<\/strong><\/td><td>mardi | 16:30-18:00<\/td><td>Jitka He\u0159manov\u00e1<\/td><\/tr><tr><td><strong><strong>A1.2 &#8211; Za\u010d\u00e1te\u010dn\u00edci 2<\/strong><\/strong><\/td><td>lundi | 16:30-18:00<\/td><td>Eli\u0161ka Fajtov\u00e1<\/td><\/tr><tr><td><strong>A2.2 &#8211; M\u00edrn\u011b pokro\u010dil\u00ed 2<\/strong><\/td><td>jeudi | 15:50-17:20<\/td><td>Barbora \u0160neberkov\u00e1<\/td><\/tr><tr><td><strong>B1.0 &#8211; M\u00edrn\u011b pokro\u010dil\u00ed 4<\/strong><\/td><td>mercredi | 17:30-19:00<\/td><td>Jana \u0160irajchov\u00e1<\/td><\/tr><tr><td><strong>B1.2 &#8211; St\u0159edn\u011b pokro\u010dil\u00ed 2<\/strong><\/td><td>jeudi | 17:30-19:00<\/td><td>Barbora \u0160neberkov\u00e1<\/td><\/tr><tr><td><strong>B1.4 &#8211; St\u0159edn\u011b pokro\u010dil\u00ed 4<\/strong><\/td><td>lundi | 17:00-18:30<\/td><td>Jean Gallo<\/td><\/tr><tr><td><strong>B2.1 &#8211; Pokro\u010dil\u00ed 1 (demi-semestre)<br><\/strong><em>Cours de <strong><span style=\"text-decoration: underline;\">10 le\u00e7ons, emploi du temps flexible<\/span><\/strong> en fonction de la<\/em><br><em>disponibilit\u00e9 des el\u00e8ves. Certaines semaines sont saut\u00e9es.<\/em><\/td><td>jeudi | 17:30-19:00<\/td><td>Katka C\u00edzlov\u00e1<\/td><\/tr><tr><td><strong>B2.5 &#8211; Pokro\u010dil\u00ed 5<\/strong><\/td><td>mercredi | 17:30-19:00<\/td><td>Anne Pougnard<\/td><\/tr><tr><td><strong>C1 &#8211; Velmi pokro\u010dil\u00ed<\/strong><\/td><td>\u010dtvrtek | 16:30-18:00<\/td><td>Anne Pougnard<\/td><\/tr><\/tbody><\/table><\/figure>\n<\/div><\/div>\n\n\n\n<div style=\"height:50px\" aria-hidden=\"true\" class=\"wp-block-spacer\"><\/div>\n\n\n\n<div class=\"wp-block-group\"><div class=\"wp-block-group__inner-container is-layout-constrained wp-block-group-is-layout-constrained\">\n<h2 class=\"wp-block-heading\">Conversation<\/h2>\n\n\n\n<p>Les cours de conversation sont encadr\u00e9s par un professeur natif avec plusieurs ann\u00e9es d\u2019exp\u00e9rience pour une le\u00e7on authentique. Les cours sont centr\u00e9s autour de sujets d\u2019actualit\u00e9 et sont enrichis avec du mat\u00e9riel audio et vid\u00e9o et des activit\u00e9s amusantes. Les \u00e9tudiants sont invit\u00e9s \u00e0 discuter et \u00e0 pr\u00e9senter leur point de vue.<\/p>\n\n\n\n<figure class=\"wp-block-table is-style-stripes\"><table><tbody><tr><td><mark style=\"background-color:rgba(0, 0, 0, 0)\" class=\"has-inline-color has-red-color\"><strong><mark style=\"background-color:rgba(0, 0, 0, 0)\" class=\"has-inline-color has-red-color\"><strong><mark style=\"background-color:rgba(0, 0, 0, 0)\" class=\"has-inline-color has-red-color\"><strong>Cours<\/strong><\/mark><\/strong><\/mark><\/strong><\/mark><\/td><td><mark style=\"background-color:rgba(0, 0, 0, 0)\" class=\"has-inline-color has-red-color\"><strong>Horaire<\/strong><\/mark><\/td><td><strong><mark style=\"background-color:rgba(0, 0, 0, 0)\" class=\"has-inline-color has-red-color\"><strong><mark style=\"background-color:rgba(0, 0, 0, 0)\" class=\"has-inline-color has-red-color\"><strong><mark style=\"background-color:rgba(0, 0, 0, 0)\" class=\"has-inline-color has-red-color\">Professeur<\/mark><\/strong><\/mark><\/strong><\/mark><\/strong><\/td><\/tr><tr><td><strong>A2\/B1 &#8211; M\u00edrn\u011b pokro\u010dil\u00ed<\/strong><\/td><td>jeudi | 18:10-19:10<\/td><td>Jean Gallo<\/td><\/tr><tr><td><strong>B1 &#8211; St\u0159edn\u011b pokro\u010dil\u00ed<\/strong><\/td><td>lundi | 16:40-17:40<\/td><td>Fanny Poirier-Moravcov\u00e1<\/td><\/tr><tr><td><strong>B2 &#8211; Pokro\u010dil\u00ed<\/strong><\/td><td>lundi | 15:30-16:30<\/td><td>Jean Gallo<\/td><\/tr><\/tbody><\/table><\/figure>\n<\/div><\/div>\n\n\n\n<div style=\"height:50px\" aria-hidden=\"true\" class=\"wp-block-spacer\"><\/div>\n\n\n\n<div class=\"wp-block-group\"><div class=\"wp-block-group__inner-container is-layout-constrained wp-block-group-is-layout-constrained\">\n<h2 class=\"wp-block-heading\">Cours pour enfants<\/h2>\n\n\n\n<p>Les cours pour enfants sont ax\u00e9s sur le d\u00e9veloppement des comp\u00e9tences de communication de base en fran\u00e7ais \u00e0 l\u2019aide de mat\u00e9riel con\u00e7u pour les enfants ou les adolescents. Le cours est dirig\u00e9 par un instructeur exp\u00e9riment\u00e9 qui motive les enfants \u00e0 apprendre par le biais de dialogues, de jeux, de chansons ou de sc\u00e8nes de th\u00e9\u00e2tre.<\/p>\n\n\n\n<figure class=\"wp-block-table is-style-stripes\"><table><tbody><tr><td><mark style=\"background-color:rgba(0, 0, 0, 0)\" class=\"has-inline-color has-red-color\"><strong><mark style=\"background-color:rgba(0, 0, 0, 0)\" class=\"has-inline-color has-red-color\"><strong><mark style=\"background-color:rgba(0, 0, 0, 0)\" class=\"has-inline-color has-red-color\"><strong>Cours<\/strong><\/mark><\/strong><\/mark><\/strong><\/mark><\/td><td><mark style=\"background-color:rgba(0, 0, 0, 0)\" class=\"has-inline-color has-red-color\"><strong>Horaire<\/strong><\/mark><\/td><td><strong><mark style=\"background-color:rgba(0, 0, 0, 0)\" class=\"has-inline-color has-red-color\"><strong><mark style=\"background-color:rgba(0, 0, 0, 0)\" class=\"has-inline-color has-red-color\"><strong><mark style=\"background-color:rgba(0, 0, 0, 0)\" class=\"has-inline-color has-red-color\">Professeur<\/mark><\/strong><\/mark><\/strong><\/mark><\/strong><\/td><\/tr><tr><td><strong>Kurz pro d\u011bti &#8211; A1\/A2<\/strong><br><em>8-13 ans<\/em><\/td><td>jeudi | 15:00-16:00<\/td><td>Kamila Riegerov\u00e1<\/td><\/tr><\/tbody><\/table><\/figure>\n<\/div><\/div>\n\n\n\n<div style=\"height:50px\" aria-hidden=\"true\" class=\"wp-block-spacer\"><\/div>\n\n\n\n<div class=\"wp-block-group\"><div class=\"wp-block-group__inner-container is-layout-constrained wp-block-group-is-layout-constrained\">\n<h2 class=\"wp-block-heading\">Pr\u00e9paration aux examens<\/h2>\n\n\n\n<ul class=\"wp-block-list\">\n<li>Les cours sont destin\u00e9s aux personnes qui souhaitent passer l\u2019examen <a href=\"https:\/\/www.alliancefrancaise.cz\/plzen\/fr\/faq-delf\/\" data-type=\"page\" data-id=\"7224\">Delf\/Dalf<\/a> et voir leur niveau de ma\u00eetrise de la langue fran\u00e7aise officiellement confirm\u00e9.<\/li>\n\n\n\n<li>Les examens <a href=\"https:\/\/www.alliancefrancaise.cz\/plzen\/fr\/faq-delf\/\" data-type=\"page\" data-id=\"7224\">Delf\/Dalf<\/a> ont une structure sp\u00e9cifique et, plus que partout ailleurs, \u00ab la chance sourit \u00e0 ceux qui sont pr\u00e9par\u00e9s \u00bb.<\/li>\n\n\n\n<li>Pendant le cours, vous apprendrez en quoi consiste l\u2019examen et comment travailler votre fran\u00e7ais pour que rien ne vous surprenne lors de l\u2019examen. Vous vous entra\u00eenerez et perfectionnerez votre utilisation de la langue. Enfin, vous recevrez des conseils pour que votre taux de r\u00e9ussite \u00e0 l\u2019examen soit le plus \u00e9lev\u00e9 possible.<\/li>\n\n\n\n<li>Le dipl\u00f4me est valable pour une dur\u00e9e illimit\u00e9e, il fera donc partie de votre cv. Vous l\u2019appr\u00e9cierez lorsque vous postulerez \u00e0 des emplois ou \u00e0 des universit\u00e9s dans les r\u00e9gions francophones.<\/li>\n<\/ul>\n\n\n\n<div class=\"wp-block-columns is-layout-flex wp-container-core-columns-is-layout-9d6595d7 wp-block-columns-is-layout-flex\">\n<div class=\"wp-block-column is-layout-flow wp-block-column-is-layout-flow\">\n<h4 class=\"wp-block-heading\"><mark style=\"background-color:rgba(0, 0, 0, 0)\" class=\"has-inline-color has-color-text-color\">\u00c0 C\u00edrkevn\u00ed Gymn\u00e1zium Plze\u0148<\/mark><\/h4>\n\n\n\n<p><strong>Pour les \u00e9tudiants de C\u00edrkevn\u00ed Gymn\u00e1zium Plze\u0148 <span style=\"text-decoration: underline;\">et de Mikul\u00e1\u0161sk\u00e9 Gymn\u00e1zium<\/span><\/strong>.<\/p>\n\n\n\n<figure class=\"wp-block-table is-style-stripes\"><table><tbody><tr><td><mark style=\"background-color:rgba(0, 0, 0, 0)\" class=\"has-inline-color has-red-color\"><strong><mark style=\"background-color:rgba(0, 0, 0, 0)\" class=\"has-inline-color has-red-color\"><strong><mark style=\"background-color:rgba(0, 0, 0, 0)\" class=\"has-inline-color has-red-color\"><strong>Cours<\/strong><\/mark><\/strong><\/mark><\/strong><\/mark><\/td><td><strong><mark style=\"background-color:rgba(0, 0, 0, 0)\" class=\"has-inline-color has-red-color\">Horaire<\/mark><\/strong><\/td><td><strong><mark style=\"background-color:rgba(0, 0, 0, 0)\" class=\"has-inline-color has-red-color\"><strong><mark style=\"background-color:rgba(0, 0, 0, 0)\" class=\"has-inline-color has-red-color\"><strong><mark style=\"background-color:rgba(0, 0, 0, 0)\" class=\"has-inline-color has-red-color\">Professeur<\/mark><\/strong><\/mark><\/strong><\/mark><\/strong><\/td><\/tr><tr><td><strong>P\u0159\u00edprava na DELF Scolaire A2\/B1<\/strong><\/td><td><em>seulement au premier semestre<\/em><\/td><td>Barbora \u0160neberkov\u00e1<\/td><\/tr><tr><td><strong>P\u0159\u00edprava na DELF Scolaire B2<\/strong><\/td><td><em>seulement au premier semestre<\/em><\/td><td>Barbora \u0160neberkov\u00e1<\/td><\/tr><\/tbody><\/table><figcaption class=\"wp-element-caption\"><em>Nous proposons aux \u00e9tudiants du lyc\u00e9e C\u00edrkevn\u00ed gymn\u00e1zium Plze\u0148 <span style=\"text-decoration: underline;\">et de Mikul\u00e1\u0161sk\u00e9 Gymn\u00e1zium<\/span> de se pr\u00e9parer \u00e0 l\u2019examen DELF Junior \/ Scolaire \u00e0 C\u00edrkevn\u00ed gymn\u00e1zium Plze\u0148<\/em>.<\/figcaption><\/figure>\n<\/div>\n\n\n\n<div class=\"wp-block-column is-layout-flow wp-block-column-is-layout-flow\">\n<h4 class=\"wp-block-heading\"><strong><mark style=\"background-color:rgba(0, 0, 0, 0)\" class=\"has-inline-color has-color-text-color\"><mark style=\"background-color:rgba(0, 0, 0, 0)\" class=\"has-inline-color has-color-text-color\">\u00c0<\/mark>l&rsquo;Alliance Fran\u00e7aise de Plze\u0148<\/mark><\/strong><\/h4>\n\n\n\n<figure class=\"wp-block-table is-style-stripes\"><table><tbody><tr><td><mark style=\"background-color:rgba(0, 0, 0, 0)\" class=\"has-inline-color has-red-color\"><strong><mark style=\"background-color:rgba(0, 0, 0, 0)\" class=\"has-inline-color has-red-color\"><strong><mark style=\"background-color:rgba(0, 0, 0, 0)\" class=\"has-inline-color has-red-color\"><strong>Cours<\/strong><\/mark><\/strong><\/mark><\/strong><\/mark><\/td><td><strong><mark style=\"background-color:rgba(0, 0, 0, 0)\" class=\"has-inline-color has-red-color\"><strong><mark style=\"background-color:rgba(0, 0, 0, 0)\" class=\"has-inline-color has-red-color\"><strong><mark style=\"background-color:rgba(0, 0, 0, 0)\" class=\"has-inline-color has-red-color\">Professeur<\/mark><\/strong><\/mark><\/strong><\/mark><\/strong><\/td><\/tr><tr><td>P\u0159\u00edprava na <strong>DELF\/DALF<\/strong><\/td><td>Si vous \u00eates int\u00e9ress\u00e9 par un cours de pr\u00e9paration au DELF, <a href=\"mailto:cours.plzen@alliancefrancaise.cz\">veuillez nous contacter<\/a>.<\/td><\/tr><\/tbody><\/table><figcaption class=\"wp-element-caption\"><em>Cours sur demande<\/em>.<\/figcaption><\/figure>\n<\/div>\n<\/div>\n<\/div><\/div>\n\n\n\n<div style=\"height:50px\" aria-hidden=\"true\" class=\"wp-block-spacer\"><\/div>\n\n\n\n<div class=\"wp-block-group\"><div class=\"wp-block-group__inner-container is-layout-constrained wp-block-group-is-layout-constrained\">\n<h2 class=\"wp-block-heading\">Cours pour seniors<\/h2>\n\n\n\n<p>Les cours pour les s\u00e9niors sont sp\u00e9cifiquement con\u00e7us pour un groupe d\u2019\u00e2ge sup\u00e9rieur. Les cours sont une bonne occasion de rencontrer vos semblables.<\/p>\n\n\n\n<figure class=\"wp-block-table is-style-stripes\"><table><tbody><tr><td><mark style=\"background-color:rgba(0, 0, 0, 0)\" class=\"has-inline-color has-red-color\"><strong><mark style=\"background-color:rgba(0, 0, 0, 0)\" class=\"has-inline-color has-red-color\"><strong><mark style=\"background-color:rgba(0, 0, 0, 0)\" class=\"has-inline-color has-red-color\"><strong>Cours<\/strong><\/mark><\/strong><\/mark><\/strong><\/mark><\/td><td><mark style=\"background-color:rgba(0, 0, 0, 0)\" class=\"has-inline-color has-red-color\"><strong>Horaire<\/strong><\/mark><\/td><td><strong><mark style=\"background-color:rgba(0, 0, 0, 0)\" class=\"has-inline-color has-red-color\"><strong><mark style=\"background-color:rgba(0, 0, 0, 0)\" class=\"has-inline-color has-red-color\"><strong><mark style=\"background-color:rgba(0, 0, 0, 0)\" class=\"has-inline-color has-red-color\">Professeur<\/mark><\/strong><\/mark><\/strong><\/mark><\/strong><\/td><\/tr><tr><td><strong>Senio\u0159i &#8211; A2\/B1<\/strong><\/td><td>mardi | 15:30-17:00<\/td><td>Barbora Stachov\u00e1<\/td><\/tr><tr><td><strong>Senio\u0159i &#8211; B1\/B2<\/strong><\/td><td>mercredi | 10:00-11:30<\/td><td>Katka Kaderov\u00e1<\/td><\/tr><\/tbody><\/table><\/figure>\n<\/div><\/div>\n\n\n\n<div style=\"height:50px\" aria-hidden=\"true\" class=\"wp-block-spacer\"><\/div>\n\n\n\n<div class=\"wp-block-group\"><div class=\"wp-block-group__inner-container is-layout-constrained wp-block-group-is-layout-constrained\">\n<h2 class=\"wp-block-heading\">Fran\u00e7ais sp\u00e9cialis\u00e9<\/h2>\n\n\n\n<p>Les cours \u00ab Fran\u00e7ais sp\u00e9cialis\u00e9 \u00bb sont des cours qui peuvent aborder une th\u00e9matique comme par exemple la cuisine, le monde du travail ou encore la musique, la litt\u00e9rature. Ce sont aussi des cours qui peuvent appuyer sur un point en particulier comme travailler sur l\u2019\u00e9coute du fran\u00e7ais. D\u00e9couvrez ci dessous le(s) cours propos\u00e9(s) pour ce semestre :<\/p>\n\n\n\n<div class=\"wp-block-group\"><div class=\"wp-block-group__inner-container is-layout-constrained wp-block-group-is-layout-constrained\">\n<figure class=\"wp-block-table is-style-stripes\"><table><tbody><tr><td><mark style=\"background-color:rgba(0, 0, 0, 0)\" class=\"has-inline-color has-red-color\"><strong><mark style=\"background-color:rgba(0, 0, 0, 0)\" class=\"has-inline-color has-red-color\"><strong><mark style=\"background-color:rgba(0, 0, 0, 0)\" class=\"has-inline-color has-red-color\"><strong><mark style=\"background-color:rgba(0, 0, 0, 0)\" class=\"has-inline-color has-red-color\"><strong>Cours<\/strong><\/mark><\/strong><\/mark><\/strong><\/mark><\/strong><\/mark><\/td><td><mark style=\"background-color:rgba(0, 0, 0, 0)\" class=\"has-inline-color has-red-color\"><strong><mark style=\"background-color:rgba(0, 0, 0, 0)\" class=\"has-inline-color has-red-color\"><strong>Horaire<\/strong><\/mark><\/strong><\/mark><\/td><td><strong><mark style=\"background-color:rgba(0, 0, 0, 0)\" class=\"has-inline-color has-red-color\"><strong><mark style=\"background-color:rgba(0, 0, 0, 0)\" class=\"has-inline-color has-red-color\"><strong><mark style=\"background-color:rgba(0, 0, 0, 0)\" class=\"has-inline-color has-red-color\"><strong><mark style=\"background-color:rgba(0, 0, 0, 0)\" class=\"has-inline-color has-red-color\">Professeur<\/mark><\/strong><\/mark><\/strong><\/mark><\/strong><\/mark><\/strong><\/td><\/tr><tr><td><strong><strong><strong><strong>Parent avec enfants 0-3 ans &#8211; A2\/B1 (semi-semestre)<\/strong><\/strong><\/strong><mark style=\"background-color:rgba(0, 0, 0, 0)\" class=\"has-inline-color has-red-color\"><strong><mark style=\"background-color:rgba(0, 0, 0, 0)\" class=\"has-inline-color has-red-color\"><strong><mark style=\"background-color:rgba(0, 0, 0, 0)\" class=\"has-inline-color has-red-color\">NEW<\/mark><\/strong><\/mark><\/strong><\/mark><\/strong><br><em>A2\/B1 M\u00edrn\u011b pokro\u010dil\u00ed &#8211; 8 le\u00e7ons<br>Venez <strong>apprendre le fran\u00e7ais avec vos jeunes enfants<\/strong>.<\/em><br><em>Le cours se d\u00e9roulera dans un environnement d\u00e9tendu afin que<\/em><br><em>les enfants puissent \u00eatre avec leurs parents.<\/em><br><em>Nous disposons d&rsquo;un <strong>coin pour les enfants<\/strong> afin qu&rsquo;ils ne s&rsquo;ennuient pas.<\/em><\/td><td>vendredi | 09:30-10:30<\/td><td>Kamila Riegerov\u00e1<\/td><\/tr><\/tbody><\/table><\/figure>\n<\/div><\/div>\n<\/div><\/div>\n\n\n\n<div style=\"height:50px\" aria-hidden=\"true\" class=\"wp-block-spacer\"><\/div>\n\n\n\n<div class=\"wp-block-group\"><div class=\"wp-block-group__inner-container is-layout-constrained wp-block-group-is-layout-constrained\">\n<h2 class=\"wp-block-heading\"><strong><strong><strong>Cours de tch\u00e8que pour \u00e9trangers francophones<\/strong><\/strong><\/strong><\/h2>\n\n\n\n<p>Le cours de tch\u00e8que pour les faux d\u00e9butants (A1\/A2) est organis\u00e9 pour la communaut\u00e9 fran\u00e7aise qui souhaite apprendre le tch\u00e8que.<\/p>\n\n\n\n<p><span style=\"text-decoration: underline;\">Possibilit\u00e9 pour les non francophones<\/span> : il est n\u00e9cessaire de comprendre le tch\u00e8que ou fran\u00e7ais (A1\/A2).<\/p>\n\n\n\n<figure class=\"wp-block-table is-style-stripes\"><table><tbody><tr><td><mark style=\"background-color:rgba(0, 0, 0, 0)\" class=\"has-inline-color has-red-color\"><strong>N\u00e1zev kurzu<\/strong><\/mark><\/td><td><mark style=\"background-color:rgba(0, 0, 0, 0)\" class=\"has-inline-color has-red-color\"><strong>\u010cas<\/strong><\/mark><\/td><td><strong><mark style=\"background-color:rgba(0, 0, 0, 0)\" class=\"has-inline-color has-red-color\">U\u010ditel<\/mark><\/strong><\/td><\/tr><tr><td><strong>Tch\u00e8que pour francophones A1\/A2<\/strong><\/td><td>&#8212;<\/td><td>Jana Gallo<\/td><\/tr><\/tbody><\/table><\/figure>\n<\/div><\/div>\n\n\n\n<p><\/p>\n","protected":false},"excerpt":{"rendered":"<p>Les inscriptions pour le deuxi\u00e8me semestre 2025-2026 sont ouvertes ! D\u00e9couvrez l&rsquo;offre de cours et les inscriptions en ligne ci-dessous. Nos cours collectifs se d\u00e9roulent sur deux semestres,&#8230;<\/p>\n","protected":false},"author":4,"featured_media":0,"parent":0,"menu_order":0,"comment_status":"closed","ping_status":"closed","template":"","meta":{"_acf_changed":false,"footnotes":""},"class_list":["post-15121","page","type-page","status-publish","hentry"],"acf":[],"_links":{"self":[{"href":"https:\/\/www.alliancefrancaise.cz\/plzen\/fr\/wp-json\/wp\/v2\/pages\/15121","targetHints":{"allow":["GET"]}}],"collection":[{"href":"https:\/\/www.alliancefrancaise.cz\/plzen\/fr\/wp-json\/wp\/v2\/pages"}],"about":[{"href":"https:\/\/www.alliancefrancaise.cz\/plzen\/fr\/wp-json\/wp\/v2\/types\/page"}],"author":[{"embeddable":true,"href":"https:\/\/www.alliancefrancaise.cz\/plzen\/fr\/wp-json\/wp\/v2\/users\/4"}],"replies":[{"embeddable":true,"href":"https:\/\/www.alliancefrancaise.cz\/plzen\/fr\/wp-json\/wp\/v2\/comments?post=15121"}],"version-history":[{"count":20,"href":"https:\/\/www.alliancefrancaise.cz\/plzen\/fr\/wp-json\/wp\/v2\/pages\/15121\/revisions"}],"predecessor-version":[{"id":16694,"href":"https:\/\/www.alliancefrancaise.cz\/plzen\/fr\/wp-json\/wp\/v2\/pages\/15121\/revisions\/16694"}],"wp:attachment":[{"href":"https:\/\/www.alliancefrancaise.cz\/plzen\/fr\/wp-json\/wp\/v2\/media?parent=15121"}],"curies":[{"name":"wp","href":"https:\/\/api.w.org\/{rel}","templated":true}]}}