{"id":6761,"date":"2018-01-27T13:09:22","date_gmt":"2018-01-27T12:09:22","guid":{"rendered":"https:\/\/www.alliancefrancaise.cz\/plzen\/uvod\/"},"modified":"2026-03-16T09:51:51","modified_gmt":"2026-03-16T08:51:51","slug":"accueil-2-2","status":"publish","type":"page","link":"https:\/\/www.alliancefrancaise.cz\/plzen\/fr\/","title":{"rendered":"Accueil"},"content":{"rendered":"\n<div class=\"wp-block-cover alignfull is-light hp-first\"><img decoding=\"async\" class=\"wp-block-cover__image-background wp-image-14607\" alt=\"\" src=\"https:\/\/www.alliancefrancaise.cz\/plzen\/wp-content\/uploads\/2024\/07\/nova-fasada-2024-3-e1773227805437.jpg\" data-object-fit=\"cover\"\/><span aria-hidden=\"true\" class=\"wp-block-cover__background has-white-background-color has-background-dim\"><\/span><div class=\"wp-block-cover__inner-container is-layout-flow wp-block-cover-is-layout-flow\">\n<div class=\"wp-block-columns are-vertically-aligned-center is-layout-flex wp-container-core-columns-is-layout-9d6595d7 wp-block-columns-is-layout-flex\">\n<div class=\"wp-block-column is-vertically-aligned-center is-layout-flow wp-block-column-is-layout-flow\"><\/div>\n\n\n\n<div class=\"wp-block-column is-vertically-aligned-center blockText is-layout-flow wp-block-column-is-layout-flow\" style=\"flex-basis:60%\">\n<p class=\"has-text-align-center h1 animTop has-red-color has-text-color\" style=\"font-size:50px\">Parlez fran\u00e7ais !<\/p>\n\n\n\n<p class=\"has-text-align-center h1 animTop has-red-color has-text-color\" style=\"font-size:50px\">Vivez fran\u00e7ais !<\/p>\n\n\n\n<div class=\"wp-block-buttons is-content-justification-center is-layout-flex wp-container-core-buttons-is-layout-16018d1d wp-block-buttons-is-layout-flex\">\n<div class=\"wp-block-button animTop is-style-fill\"><a class=\"wp-block-button__link wp-element-button\" href=\"https:\/\/www.alliancefrancaise.cz\/plzen\/fr\/cours-collectifs\/\">OFFRE DE COURS<\/a><\/div>\n<\/div>\n<\/div>\n<\/div>\n<\/div><\/div>\n\n\n\n<div class=\"wp-block-columns is-layout-flex wp-container-core-columns-is-layout-9d6595d7 wp-block-columns-is-layout-flex\">\n<div class=\"wp-block-column is-vertically-aligned-center is-layout-flow wp-block-column-is-layout-flow\" style=\"flex-basis:51%\">\n<h1 class=\"wp-block-heading\">La langue fran\u00e7aise, ce n&rsquo;est pas seulement un baiser romantique, du fromage affin\u00e9 et du bon vin\u2026<\/h1>\n\n\n\n<p><strong><mark style=\"background-color:rgba(0, 0, 0, 0)\" class=\"has-inline-color has-red-color\"> Le fran\u00e7ais, c&rsquo;est &#8230;<\/mark><\/strong><\/p>\n\n\n\n<p><mark style=\"background-color:rgba(0, 0, 0, 0)\" class=\"has-inline-color has-red-color\"><strong><mark style=\"background-color:rgba(0, 0, 0, 0)\" class=\"has-inline-color has-red-color\"><strong>\u2713<\/strong><\/mark><\/strong><\/mark>la langue officielle des organisations internationales UE, OTAN, ONU, UNESCO, &#8230;<\/p>\n\n\n\n<p><mark style=\"background-color:rgba(0, 0, 0, 0)\" class=\"has-inline-color has-red-color\"><strong>\u2713<\/strong><\/mark>une langue parl\u00e9e sur tous les continents<\/p>\n\n\n\n<p><mark style=\"background-color:rgba(0, 0, 0, 0)\" class=\"has-inline-color has-red-color\"><strong>\u2713<\/strong><\/mark>une langue analytique qui construit et d\u00e9veloppe l&rsquo;esprit critique<\/p>\n\n\n\n<p><mark style=\"background-color:rgba(0, 0, 0, 0)\" class=\"has-inline-color has-red-color\"><strong>\u2713<\/strong><\/mark><strong><mark style=\"background-color:rgba(0, 0, 0, 0)\" class=\"has-inline-color has-red-color\">une langue que nous serons heureux de vous enseigner avec les meilleurs professeurs tch\u00e8ques et fran\u00e7ais !<\/mark><\/strong><\/p>\n\n\n\n<div class=\"wp-block-buttons is-content-justification-center is-layout-flex wp-container-core-buttons-is-layout-16018d1d wp-block-buttons-is-layout-flex\">\n<div class=\"wp-block-button\"><a class=\"wp-block-button__link wp-element-button\" href=\"https:\/\/www.alliancefrancaise.cz\/plzen\/fr\/langue-francaise\/\">Et bien plus encore<\/a><\/div>\n<\/div>\n<\/div>\n\n\n\n<div class=\"wp-block-column is-vertically-aligned-center is-layout-flow wp-block-column-is-layout-flow\" style=\"flex-basis:49%\">\n<figure class=\"wp-block-image size-full mx-lg-5 animZoom\"><img loading=\"lazy\" decoding=\"async\" width=\"1000\" height=\"1200\" src=\"https:\/\/www.alliancefrancaise.cz\/plzen\/wp-content\/uploads\/2024\/04\/chiffre-accueil-fr.png\" alt=\"Chiffre langue fran\u00e7aise\" class=\"wp-image-13870\" srcset=\"https:\/\/www.alliancefrancaise.cz\/plzen\/wp-content\/uploads\/2024\/04\/chiffre-accueil-fr.png 1000w, https:\/\/www.alliancefrancaise.cz\/plzen\/wp-content\/uploads\/2024\/04\/chiffre-accueil-fr-383x460.png 383w, https:\/\/www.alliancefrancaise.cz\/plzen\/wp-content\/uploads\/2024\/04\/chiffre-accueil-fr-768x922.png 768w\" sizes=\"auto, (max-width: 1000px) 100vw, 1000px\" \/><\/figure>\n<\/div>\n<\/div>\n\n\n<div class=\"row kategorieKurzu my-4 position-relative\"><div class=\"col-md-8 order-md-1 order-2\"><div class=\"row\"><div class=\"col-md-6 my-4 animTop\"><div class=\"obalKategorieKurzu p-4 pt-5 h-100 w-100\"><h3 class=\"h5 mb-3\"><a href=\"https:\/\/www.alliancefrancaise.cz\/plzen\/fr\/cours-collectifs\/\">Cours collectifs<\/a><\/h3><p>Vous avez la possibilit\u00e9 de suivre des cours de fran\u00e7ais g\u00e9n\u00e9ral ou des cours de conversation. Des cours pour enfants, seniors et bien d&#039;autres sont \u00e9galement propos\u00e9s.<\/p><a href=\"https:\/\/www.alliancefrancaise.cz\/plzen\/fr\/cours-collectifs\/\" class=\"btn btnMore\">Voir les cours<\/a><\/div><\/div><div class=\"col-md-6 my-4 animTop\"><div class=\"obalKategorieKurzu p-4 pt-5 h-100 w-100\"><h3 class=\"h5 mb-3\"><a href=\"https:\/\/www.alliancefrancaise.cz\/plzen\/fr\/cours-individuel\/\">Cours individuel<\/a><\/h3><p>Les cours individuels vous permettent d\u2019am\u00e9liorer vos comp\u00e9tences en fran\u00e7ais \u00e0 votre rythme et selon vos capacit\u00e9s, dans les locaux de l\u2019Alliance Fran\u00e7aise, en ligne ou sur un autre lieu sur rendez-vous.<\/p><a href=\"https:\/\/www.alliancefrancaise.cz\/plzen\/fr\/cours-individuel\/\" class=\"btn btnMore\">Voir les cours<\/a><\/div><\/div><\/div><\/div><div class=\"col-md-4 order-md-2 order-1 mt-4 pb-300\"><h2><b>Offre de cours<\/b><\/h2>\n<p>Nous proposons des <strong>cours de fran\u00e7ais collectifs<\/strong>, organis\u00e9s sur deux semestres, de septembre \u00e0 juin. Certains cours sont ouverts sans suivre le calendrier annuel. Vous pouvez \u00e9galement b\u00e9n\u00e9ficier de <b><strong>cours individuels<\/strong><\/b> avec nos professeurs.<\/p>\n<\/div><\/div>","protected":false},"excerpt":{"rendered":"<p>La langue fran\u00e7aise, ce n&rsquo;est pas seulement un baiser romantique, du fromage affin\u00e9 et du bon vin\u2026 Le fran\u00e7ais, c&rsquo;est &#8230; \u2713la langue officielle des organisations internationales UE,&#8230;<\/p>\n","protected":false},"author":1,"featured_media":0,"parent":0,"menu_order":0,"comment_status":"closed","ping_status":"closed","template":"","meta":{"_acf_changed":false,"footnotes":""},"class_list":["post-6761","page","type-page","status-publish","hentry"],"acf":[],"_links":{"self":[{"href":"https:\/\/www.alliancefrancaise.cz\/plzen\/fr\/wp-json\/wp\/v2\/pages\/6761","targetHints":{"allow":["GET"]}}],"collection":[{"href":"https:\/\/www.alliancefrancaise.cz\/plzen\/fr\/wp-json\/wp\/v2\/pages"}],"about":[{"href":"https:\/\/www.alliancefrancaise.cz\/plzen\/fr\/wp-json\/wp\/v2\/types\/page"}],"author":[{"embeddable":true,"href":"https:\/\/www.alliancefrancaise.cz\/plzen\/fr\/wp-json\/wp\/v2\/users\/1"}],"replies":[{"embeddable":true,"href":"https:\/\/www.alliancefrancaise.cz\/plzen\/fr\/wp-json\/wp\/v2\/comments?post=6761"}],"version-history":[{"count":20,"href":"https:\/\/www.alliancefrancaise.cz\/plzen\/fr\/wp-json\/wp\/v2\/pages\/6761\/revisions"}],"predecessor-version":[{"id":16540,"href":"https:\/\/www.alliancefrancaise.cz\/plzen\/fr\/wp-json\/wp\/v2\/pages\/6761\/revisions\/16540"}],"wp:attachment":[{"href":"https:\/\/www.alliancefrancaise.cz\/plzen\/fr\/wp-json\/wp\/v2\/media?parent=6761"}],"curies":[{"name":"wp","href":"https:\/\/api.w.org\/{rel}","templated":true}]}}