{"id":7900,"date":"2024-02-26T16:16:24","date_gmt":"2024-02-26T15:16:24","guid":{"rendered":"https:\/\/www.alliancefrancaise.cz\/plzen\/individualni-kurzy\/"},"modified":"2025-09-01T08:49:33","modified_gmt":"2025-09-01T06:49:33","slug":"cours-individuel","status":"publish","type":"page","link":"https:\/\/www.alliancefrancaise.cz\/plzen\/fr\/cours-individuel\/","title":{"rendered":"Cours individuel"},"content":{"rendered":"\n<div class=\"wp-block-group alignfull has-background\" style=\"background:linear-gradient(135deg,rgb(243,243,243) 0%,rgb(243,243,243) 100%)\"><div class=\"wp-block-group__inner-container is-layout-flow wp-block-group-is-layout-flow\">\n<div style=\"height:30px\" aria-hidden=\"true\" class=\"wp-block-spacer\"><\/div>\n\n\n\n<div class=\"wp-block-columns are-vertically-aligned-center is-layout-flex wp-container-core-columns-is-layout-9d6595d7 wp-block-columns-is-layout-flex\">\n<div class=\"wp-block-column is-layout-flow wp-block-column-is-layout-flow\" style=\"flex-basis:50%\">\n<p class=\"has-text-color\" style=\"color:#000000\"><em>Les cours individuels vous permettent d\u2019am\u00e9liorer vos comp\u00e9tences en fran\u00e7ais \u00e0 votre rythme et selon vos capacit\u00e9s, dans les locaux de l\u2019Alliance Fran\u00e7aise, en ligne ou sur un autre lieu sur rendez-vous.<\/em><\/p>\n<\/div>\n\n\n\n<div class=\"wp-block-column is-layout-flow wp-block-column-is-layout-flow\" style=\"flex-basis:50%\"><\/div>\n<\/div>\n\n\n\n<div class=\"wp-block-columns is-layout-flex wp-container-core-columns-is-layout-9d6595d7 wp-block-columns-is-layout-flex\">\n<div class=\"wp-block-column is-layout-flow wp-block-column-is-layout-flow\">\n<figure class=\"wp-block-table is-style-stripes\"><table><tbody><tr><td><\/td><td><strong><mark style=\"background-color:rgba(0, 0, 0, 0)\" class=\"has-inline-color has-red-color\">Un \u00e9tudiant<\/mark><\/strong><\/td><td><strong><mark style=\"background-color:rgba(0, 0, 0, 0)\" class=\"has-inline-color has-red-color\">Deux \u00e9tudiants<\/mark><\/strong><\/td><td><strong><mark style=\"background-color:rgba(0, 0, 0, 0)\" class=\"has-inline-color has-red-color\">Trois \u00e9tudiants<\/mark><\/strong><\/td><\/tr><tr><td><strong>Prix<\/strong><\/td><td>750 K\u010d<\/td><td>950 K\u010d<\/td><td>1150 K\u010d<\/td><\/tr><\/tbody><\/table><\/figure>\n<\/div>\n\n\n\n<div class=\"wp-block-column is-layout-flow wp-block-column-is-layout-flow\">\n<h4 class=\"wp-block-heading\"><strong><mark style=\"background-color:rgba(0, 0, 0, 0)\" class=\"has-inline-color has-red-color\">Quels sont les avantages des cours individuels ?<\/mark><\/strong><\/h4>\n\n\n\n<ul class=\"wp-block-list\">\n<li>adapter votre emploi du temps en fonction de vos besoins<\/li>\n\n\n\n<li>&nbsp;choix du tuteur (locuteur natif x tuteur tch\u00e8que)<\/li>\n\n\n\n<li>&nbsp;l\u2019\u00e9tudiant d\u00e9termine le d\u00e9roulement et le contenu des cours (conversation, pr\u00e9paration aux examens, grammaire, prononciation&#8230;).<\/li>\n\n\n\n<li>&nbsp;implication \u00e0 100% dans la le\u00e7on<\/li>\n<\/ul>\n<\/div>\n<\/div>\n\n\n\n<p><strong>Veuillez remplir le formulaire ci dessous. Nous vous contacterons d\u00e8s que possible pour vous fournir plus d\u2019informations.<\/strong> <strong>Si vous avez besoin de renseignements, vous pouvez nous \u00e9crire \u00e0 <a href=\"mailto:cours.plzen@alliancefrancaise.cz\">cours.plzen@alliancefrancaise.cz<\/a>.<\/strong><\/p>\n\n\n\n<div class=\"wp-block-columns are-vertically-aligned-center has-white-background-color has-background is-layout-flex wp-container-core-columns-is-layout-9d6595d7 wp-block-columns-is-layout-flex\">\n<div class=\"wp-block-column is-vertically-aligned-center is-layout-flow wp-block-column-is-layout-flow\" style=\"flex-basis:33.33%\">\n<figure class=\"wp-block-image size-full\"><img loading=\"lazy\" decoding=\"async\" width=\"640\" height=\"427\" src=\"https:\/\/www.alliancefrancaise.cz\/plzen\/wp-content\/uploads\/2025\/06\/pexels-andrew-2312369-1.jpg\" alt=\"Cours en ligne\" class=\"wp-image-15682\" srcset=\"https:\/\/www.alliancefrancaise.cz\/plzen\/wp-content\/uploads\/2025\/06\/pexels-andrew-2312369-1.jpg 640w, https:\/\/www.alliancefrancaise.cz\/plzen\/wp-content\/uploads\/2025\/06\/pexels-andrew-2312369-1-460x307.jpg 460w, https:\/\/www.alliancefrancaise.cz\/plzen\/wp-content\/uploads\/2025\/06\/pexels-andrew-2312369-1-440x294.jpg 440w\" sizes=\"auto, (max-width: 640px) 100vw, 640px\" \/><\/figure>\n<\/div>\n\n\n\n<div class=\"wp-block-column is-vertically-aligned-center is-layout-flow wp-block-column-is-layout-flow\" style=\"flex-basis:66.66%\">\n<h4 class=\"wp-block-heading\">Conversation avec un locuteur natif<\/h4>\n\n\n\n<p>Vous souhaitez am\u00e9liorer votre fran\u00e7ais parl\u00e9 et gagner en confiance lors de vos communications ? Nous proposons des <strong>cours de conversation individuel <span style=\"text-decoration: underline;\">en ligne<\/span> avec un locuteur natif<\/strong> <strong>Jean<\/strong>. Possibilit\u00e9 \u00e9galement de cours de fran\u00e7ais g\u00e9n\u00e9ral.<\/p>\n\n\n\n<p><strong>\u2022<\/strong> Seulement en ligne | <strong>\u00e0 partir du niveau A2<\/strong><\/p>\n\n\n\n<p>Int\u00e9ress\u00e9(e) ? Remplissez le formulaire ci-dessous et <span style=\"text-decoration: underline;\">inscrivez dans \u00ab Pozn\u00e1mky\u00bb <\/span>: <em>Online kurz s Jean<\/em><\/p>\n<\/div>\n<\/div>\n\n\n\n<div class=\"wp-block-columns are-vertically-aligned-center has-white-background-color has-background is-layout-flex wp-container-core-columns-is-layout-9d6595d7 wp-block-columns-is-layout-flex\">\n<div class=\"wp-block-column is-vertically-aligned-center is-layout-flow wp-block-column-is-layout-flow\" style=\"flex-basis:66.66%\">\n<h4 class=\"wp-block-heading\">Cours de tch\u00e8que pour Fran\u00e7ais<\/h4>\n\n\n\n<p><strong>Vous \u00eates fran\u00e7ais\/e, habitez en R\u00e9publique Tch\u00e8que mais vous ne parlez pas bien le tch\u00e8que ?<\/strong> Jana vous propose des cours individuels pour tout niveau. Il est possible de venir seul ou en groupe de 2, 3 personnes.<\/p>\n\n\n\n<p><strong>\u2022<\/strong> Pr\u00e9sentiel ou en ligne | tout niveau<\/p>\n\n\n\n<p>Int\u00e9ress\u00e9(e) ? Remplissez le formulaire ci-dessous et <span style=\"text-decoration: underline;\">inscrivez dans \u00ab Pozn\u00e1mky\u00bb <\/span>: <em>Tch\u00e8que avec Jana<\/em><\/p>\n<\/div>\n\n\n\n<div class=\"wp-block-column is-vertically-aligned-center is-layout-flow wp-block-column-is-layout-flow\" style=\"flex-basis:33.33%\">\n<figure class=\"wp-block-image size-full\"><img decoding=\"async\" src=\"https:\/\/www.alliancefrancaise.cz\/plzen\/wp-content\/uploads\/2024\/07\/nova-fasada-2024-3.jpg\" alt=\"\" class=\"wp-image-14606\"\/><\/figure>\n<\/div>\n<\/div>\n\n\n\n<div style=\"height:30px\" aria-hidden=\"true\" class=\"wp-block-spacer\"><\/div>\n<\/div><\/div>\n\n\n\n<iframe loading=\"lazy\" src=\"https:\/\/docs.google.com\/forms\/d\/e\/1FAIpQLSeEJ9CSLFBP7E3bgUzkINjpH8p2Pp81iTnfjlyRXvLHYFXgfA\/viewform?embedded=true\" width=\"100%\" height=\"2900\" frameborder=\"0\" marginheight=\"0\" marginwidth=\"0\" scrolling=\"yes\">Na\u010d\u00edt\u00e1n\u00ed\u2026<\/iframe>\n","protected":false},"excerpt":{"rendered":"<p>Les cours individuels vous permettent d\u2019am\u00e9liorer vos comp\u00e9tences en fran\u00e7ais \u00e0 votre rythme et selon vos capacit\u00e9s, dans les locaux de l\u2019Alliance Fran\u00e7aise, en ligne ou sur un&#8230;<\/p>\n","protected":false},"author":4,"featured_media":0,"parent":0,"menu_order":0,"comment_status":"closed","ping_status":"closed","template":"","meta":{"_acf_changed":false,"footnotes":""},"class_list":["post-7900","page","type-page","status-publish","hentry"],"acf":[],"_links":{"self":[{"href":"https:\/\/www.alliancefrancaise.cz\/plzen\/fr\/wp-json\/wp\/v2\/pages\/7900","targetHints":{"allow":["GET"]}}],"collection":[{"href":"https:\/\/www.alliancefrancaise.cz\/plzen\/fr\/wp-json\/wp\/v2\/pages"}],"about":[{"href":"https:\/\/www.alliancefrancaise.cz\/plzen\/fr\/wp-json\/wp\/v2\/types\/page"}],"author":[{"embeddable":true,"href":"https:\/\/www.alliancefrancaise.cz\/plzen\/fr\/wp-json\/wp\/v2\/users\/4"}],"replies":[{"embeddable":true,"href":"https:\/\/www.alliancefrancaise.cz\/plzen\/fr\/wp-json\/wp\/v2\/comments?post=7900"}],"version-history":[{"count":13,"href":"https:\/\/www.alliancefrancaise.cz\/plzen\/fr\/wp-json\/wp\/v2\/pages\/7900\/revisions"}],"predecessor-version":[{"id":15908,"href":"https:\/\/www.alliancefrancaise.cz\/plzen\/fr\/wp-json\/wp\/v2\/pages\/7900\/revisions\/15908"}],"wp:attachment":[{"href":"https:\/\/www.alliancefrancaise.cz\/plzen\/fr\/wp-json\/wp\/v2\/media?parent=7900"}],"curies":[{"name":"wp","href":"https:\/\/api.w.org\/{rel}","templated":true}]}}