{"id":7906,"date":"2025-12-08T15:24:52","date_gmt":"2025-12-08T14:24:52","guid":{"rendered":"https:\/\/www.alliancefrancaise.cz\/plzen\/pripravne-kurzy-delf\/"},"modified":"2025-12-08T15:30:44","modified_gmt":"2025-12-08T14:30:44","slug":"preparation-cours-delf","status":"publish","type":"page","link":"https:\/\/www.alliancefrancaise.cz\/plzen\/fr\/preparation-cours-delf\/","title":{"rendered":"Cours de pr\u00e9paration DELF\/DALF"},"content":{"rendered":"\n<div class=\"wp-block-group alignfull has-background\" style=\"background:linear-gradient(135deg,rgb(243,243,243) 0%,rgb(243,243,243) 100%)\"><div class=\"wp-block-group__inner-container is-layout-constrained wp-block-group-is-layout-constrained\">\n<div style=\"height:30px\" aria-hidden=\"true\" class=\"wp-block-spacer\"><\/div>\n\n\n\n<h2 class=\"wp-block-heading\"><mark style=\"background-color:rgba(0, 0, 0, 0)\" class=\"has-inline-color has-red-color\">Le DELF et \u00ab\u00a0maturita\u00a0\u00bb<\/mark><\/h2>\n\n\n\n<div class=\"wp-block-columns is-layout-flex wp-container-core-columns-is-layout-9d6595d7 wp-block-columns-is-layout-flex\">\n<div class=\"wp-block-column is-layout-flow wp-block-column-is-layout-flow\">\n<p>A partir du 1er septembre 2015, les \u00e9l\u00e8ves qui pr\u00e9parent leur examen de fran\u00e7ais dans la <strong>partie profil de la maturita, peuvent faire valoir leur dipl\u00f4me du DELF B1 (et plus) comme \u00e9quivalent \u00e0 cet examen.<\/strong><\/p>\n<\/div>\n\n\n\n<div class=\"wp-block-column is-layout-flow wp-block-column-is-layout-flow\">\n<p>Attention, seuls les \u00e9l\u00e8ves qui doivent pr\u00e9senter 3 \u00e9preuves obligatoires dans la partie profil de la maturita peuvent demander cette \u00e9quivalence.<\/p>\n\n\n\n<p>La liste des dipl\u00f4mes reconnus par le minist\u00e8re tch\u00e8que de l\u2019Education nationale est disponible sur le site de&nbsp;<a href=\"https:\/\/maturita.cermat.cz\/menu\/maturitni-zkouska-2020\/zkousky-profilove-casti\" rel=\"noreferrer noopener\" target=\"_blank\">CERMAT<\/a>&nbsp;(page en tch\u00e8que).<\/p>\n<\/div>\n<\/div>\n\n\n\n<div style=\"height:30px\" aria-hidden=\"true\" class=\"wp-block-spacer\"><\/div>\n<\/div><\/div>\n\n\n\n<div class=\"wp-block-group alignfull\"><div class=\"wp-block-group__inner-container is-layout-constrained wp-block-group-is-layout-constrained\">\n<h2 class=\"wp-block-heading\">Nous pr\u00e9parons<\/h2>\n\n\n\n<div class=\"wp-block-columns is-layout-flex wp-container-core-columns-is-layout-9d6595d7 wp-block-columns-is-layout-flex\">\n<div class=\"wp-block-column is-layout-flow wp-block-column-is-layout-flow\">\n<h3 class=\"wp-block-heading\"><mark style=\"background-color:rgba(0, 0, 0, 0)\" class=\"has-inline-color has-color-text-color\">Au lyc\u00e9e C\u00edrkevn\u00ed gymn\u00e1zium Plze\u0148<\/mark><\/h3>\n\n\n\n<p><\/p>\n\n\n\n<p>Nous proposons aux <strong>\u00e9l\u00e8ves du lyc\u00e9e C\u00edrkevn\u00ed gymn\u00e1zium Plze\u0148 <span style=\"text-decoration: underline;\">et<\/span> du lyc\u00e9e Gymn\u00e1zium Plze\u0148, Mikul\u00e1\u0161sk\u00e9<\/strong>, la possibilit\u00e9 de se pr\u00e9parer \u00e0 l&rsquo;examen <span style=\"text-decoration: underline;\">DELF Scolaire<\/span> au lyc\u00e9e C\u00edrkevn\u00ed gymn\u00e1zium de Plze\u0148. <strong>Les cours ont g\u00e9n\u00e9ralement lieu de septembre \u00e0 novembre et servent \u00e0 pr\u00e9parer l&rsquo;examen DELF Scolaire, qui a g\u00e9n\u00e9ralement \u00e0 lieu en novembre.<\/strong> Vous trouverez plus d&rsquo;informations sur les dates dans l&rsquo;offre de cours <a href=\"https:\/\/www.alliancefrancaise.cz\/plzen\/fr\/cours-collectifs\/\" data-type=\"page\" data-id=\"15121\">ici<\/a>.<\/p>\n<\/div>\n\n\n\n<div class=\"wp-block-column is-layout-flow wp-block-column-is-layout-flow\">\n<h3 class=\"wp-block-heading\"><mark style=\"background-color:rgba(0, 0, 0, 0)\" class=\"has-inline-color has-color-text-color\">\u00c0 l&rsquo;Alliance Fran\u00e7aise de Plze\u0148<\/mark><\/h3>\n\n\n\n<p><\/p>\n\n\n\n<p><strong>Les cours de pr\u00e9paration aux examens DELF\/DALF sont disponibles sur demande.<\/strong> Si vous \u00eates int\u00e9ress\u00e9, veuillez envoyer un e-mail \u00e0 l&rsquo;adresse <a href=\"mailto:cgomez@alliancefrancaise.cz\">cgomez@alliancefrancaise.cz<\/a>. Les cours sont disponibles <strong>en ligne ou en pr\u00e9sentiel.<\/strong><\/p>\n<\/div>\n<\/div>\n<\/div><\/div>\n\n\n\n<p><\/p>\n","protected":false},"excerpt":{"rendered":"<p>Le DELF et \u00ab\u00a0maturita\u00a0\u00bb A partir du 1er septembre 2015, les \u00e9l\u00e8ves qui pr\u00e9parent leur examen de fran\u00e7ais dans la partie profil de la maturita, peuvent faire valoir&#8230;<\/p>\n","protected":false},"author":4,"featured_media":0,"parent":0,"menu_order":0,"comment_status":"closed","ping_status":"closed","template":"","meta":{"_acf_changed":false,"footnotes":""},"class_list":["post-7906","page","type-page","status-publish","hentry"],"acf":[],"_links":{"self":[{"href":"https:\/\/www.alliancefrancaise.cz\/plzen\/fr\/wp-json\/wp\/v2\/pages\/7906","targetHints":{"allow":["GET"]}}],"collection":[{"href":"https:\/\/www.alliancefrancaise.cz\/plzen\/fr\/wp-json\/wp\/v2\/pages"}],"about":[{"href":"https:\/\/www.alliancefrancaise.cz\/plzen\/fr\/wp-json\/wp\/v2\/types\/page"}],"author":[{"embeddable":true,"href":"https:\/\/www.alliancefrancaise.cz\/plzen\/fr\/wp-json\/wp\/v2\/users\/4"}],"replies":[{"embeddable":true,"href":"https:\/\/www.alliancefrancaise.cz\/plzen\/fr\/wp-json\/wp\/v2\/comments?post=7906"}],"version-history":[{"count":5,"href":"https:\/\/www.alliancefrancaise.cz\/plzen\/fr\/wp-json\/wp\/v2\/pages\/7906\/revisions"}],"predecessor-version":[{"id":16205,"href":"https:\/\/www.alliancefrancaise.cz\/plzen\/fr\/wp-json\/wp\/v2\/pages\/7906\/revisions\/16205"}],"wp:attachment":[{"href":"https:\/\/www.alliancefrancaise.cz\/plzen\/fr\/wp-json\/wp\/v2\/media?parent=7906"}],"curies":[{"name":"wp","href":"https:\/\/api.w.org\/{rel}","templated":true}]}}