{"id":7922,"date":"2023-10-09T13:09:26","date_gmt":"2023-10-09T11:09:26","guid":{"rendered":"https:\/\/www.alliancefrancaise.cz\/plzen\/vysledky-ze-zkousek\/"},"modified":"2026-04-15T14:08:22","modified_gmt":"2026-04-15T12:08:22","slug":"resultat-delf","status":"publish","type":"page","link":"https:\/\/www.alliancefrancaise.cz\/plzen\/fr\/resultat-delf\/","title":{"rendered":"R\u00e9sultats des examens"},"content":{"rendered":"\n<div class=\"wp-block-group alignfull\"><div class=\"wp-block-group__inner-container is-layout-constrained wp-block-group-is-layout-constrained\">\n<div style=\"height:30px\" aria-hidden=\"true\" class=\"wp-block-spacer\"><\/div>\n\n\n\n<h2 class=\"wp-block-heading\"><mark style=\"background-color:rgba(0, 0, 0, 0)\" class=\"has-inline-color has-red-color\">Information<\/mark><\/h2>\n\n\n\n<div class=\"wp-block-columns is-layout-flex wp-container-core-columns-is-layout-9d6595d7 wp-block-columns-is-layout-flex\">\n<div class=\"wp-block-column is-layout-flow wp-block-column-is-layout-flow\">\n<p>Les r\u00e9sultats d&rsquo;examen ci-dessous indiquent uniquement si le candidat a r\u00e9ussi l&rsquo;examen (\u00ab\u00a0admis\u00a0\u00bb), s&rsquo;il a \u00e9chou\u00e9 (\u00ab\u00a0non admis\u00a0\u00bb ou \u00ab\u00a0\u00e9limin\u00e9\u00a0\u00bb) ou s&rsquo;il ne s&rsquo;est pas pr\u00e9sent\u00e9 \u00e0 l&rsquo;examen (\u00ab\u00a0absent\u00a0\u00bb).<\/p>\n\n\n\n<p>Le d\u00e9tail des notes de l&rsquo;examen (\u00e9coute, compr\u00e9hension \u00e9crite, examen oral) peut \u00eatre obtenu sur demande en envoyant une requ\u00eate \u00e0 <a href=\"mailto:cours.plzen@alliancefrancaise.cz\">cours.plzen@alliancefrancaise.cz<\/a>.<\/p>\n\n\n\n<p><strong>Les candidats admis peuvent demander par \u00e9crit \u00e0<\/strong>&nbsp;<a href=\"mailto:direction.plzen@alliancefrancaise.cz\"><\/a><a href=\"mailto:cours.plzen@alliancefrancaise.cz\">cours.plzen@alliancefrancaise.cz<\/a>&nbsp;<strong>la d\u00e9livrance d\u2019une Attestation de r\u00e9ussite provisoire<\/strong>&nbsp;(attention, cette attestation n\u2019a pas la valeur d\u2019un dipl\u00f4me d\u00e9livr\u00e9 par le minist\u00e8re fran\u00e7ais de l\u2019Education nationale).<\/p>\n<\/div>\n\n\n\n<div class=\"wp-block-column is-layout-flow wp-block-column-is-layout-flow\">\n<p><strong>Les dipl\u00f4mes officiels seront disponibles environ 2 mois apr\u00e8s la publication des r\u00e9sultats de l&rsquo;examen.<\/strong> Retrait du dipl\u00f4me officiel par une personne autre que le titulaire du certificat <a href=\"#stazeni-plna-moc\" data-type=\"internal\" data-id=\"#stazeni-plna-moc\">ici<\/a>.<\/p>\n\n\n\n<p><strong>Les candidats ont la possibilit\u00e9 de revoir leurs copies d&rsquo;examen pendant 12 mois apr\u00e8s la publication de leurs r\u00e9sultats.<\/strong> Pass\u00e9 ce d\u00e9lai, les copies d&rsquo;examen sont d\u00e9chiquet\u00e9es. Les copies ne sont pas archiv\u00e9es. La consultation doit \u00eatre organis\u00e9e \u00e0 l&rsquo;avance \u00e0 une date et \u00e0 une heure pr\u00e9cises. Le candidat doit \u00eatre pr\u00e9sent en personne au si\u00e8ge de l&rsquo;Alliance fran\u00e7aise de Plze\u0148. Aucune copie des examens n&rsquo;est fournie<\/p>\n\n\n\n<p>Les notes attribu\u00e9es aux examens sont d\u00e9finitives et ne peuvent \u00eatre contest\u00e9es par les candidats.<\/p>\n<\/div>\n<\/div>\n<\/div><\/div>\n\n\n\n<div class=\"wp-block-group alignfull has-background\" style=\"background:linear-gradient(135deg,rgb(243,243,243) 0%,rgb(243,243,243) 100%)\"><div class=\"wp-block-group__inner-container is-layout-constrained wp-block-group-is-layout-constrained\">\n<div style=\"height:30px\" aria-hidden=\"true\" class=\"wp-block-spacer\"><\/div>\n\n\n\n<h2 class=\"wp-block-heading\"><mark style=\"background-color:rgba(0, 0, 0, 0)\" class=\"has-inline-color has-red-color\"><mark style=\"background-color:rgba(0, 0, 0, 0)\" class=\"has-inline-color has-red-color\">R\u00e9sultats<\/mark>2026<\/mark><\/h2>\n\n\n\n<figure class=\"wp-block-table is-style-stripes\"><table><tbody><tr><td class=\"has-text-align-left\" data-align=\"left\"><strong><mark style=\"background-color:rgba(0, 0, 0, 0)\" class=\"has-inline-color has-red-color\"><strong><mark style=\"background-color:rgba(0, 0, 0, 0)\" class=\"has-inline-color has-red-color\">Code la session<\/mark><\/strong><\/mark><\/strong><\/td><td class=\"has-text-align-center\" data-align=\"center\"><mark style=\"background-color:rgba(0, 0, 0, 0)\" class=\"has-inline-color has-red-color\"><strong><mark style=\"background-color:rgba(0, 0, 0, 0)\" class=\"has-inline-color has-red-color\"><strong>R\u00e9sultats<\/strong><\/mark><\/strong><\/mark><\/td><\/tr><tr><td class=\"has-text-align-left\" data-align=\"left\"><strong>202602T<\/strong><\/td><td class=\"has-text-align-center\" data-align=\"center\"><a href=\"https:\/\/www.alliancefrancaise.cz\/plzen\/wp-content\/uploads\/2026\/02\/202602T_VYSLEDKY.pdf\" target=\"_blank\" data-type=\"attachment\" data-id=\"16423\" rel=\"noreferrer noopener\">t\u00e9l\u00e9charger les r\u00e9sultats<\/a><\/td><\/tr><tr><td class=\"has-text-align-left\" data-align=\"left\"><strong>202603J<\/strong><\/td><td class=\"has-text-align-center\" data-align=\"center\"><a href=\"https:\/\/www.alliancefrancaise.cz\/plzen\/wp-content\/uploads\/2026\/04\/202603J_VYSLEDKY.pdf\" target=\"_blank\" data-type=\"attachment\" data-id=\"16708\" rel=\"noreferrer noopener\">t\u00e9l\u00e9charger les r\u00e9sultats<\/a><\/td><\/tr><\/tbody><\/table><\/figure>\n\n\n\n<div style=\"height:20px\" aria-hidden=\"true\" class=\"wp-block-spacer\"><\/div>\n\n\n\n<div style=\"height:30px\" aria-hidden=\"true\" class=\"wp-block-spacer\"><\/div>\n<\/div><\/div>\n\n\n\n<div class=\"wp-block-group alignfull\" id=\"stazeni-plna-moc\"><div class=\"wp-block-group__inner-container is-layout-constrained wp-block-group-is-layout-constrained\">\n<h2 class=\"wp-block-heading\"><mark style=\"background-color:rgba(0, 0, 0, 0)\" class=\"has-inline-color has-red-color\">\u00c0 t\u00e9l\u00e9charger<\/mark><\/h2>\n\n\n\n<p><em>Procuration (retrait du dipl\u00f4me officiel par une personne autre que le titulaire du certificat)<\/em><\/p>\n\n\n<div id=\"dokumenty-block_4509b2588f59eac9289b8987c56cde75\" class=\"dokumenty row mt-5\">\n    \n    <div class=\"col-md-3 col-6 boxDokumentu text-center animTop mb-5\">\n        <a class=\"text-decoration-none\" href=\"https:\/\/www.alliancefrancaise.cz\/plzen\/wp-content\/uploads\/2024\/03\/PLNA-MOC-DELF_CZ.docx.pdf\" target=\"_blank\"\n            rel=\"noopener noreferrer\">\n            <div class=\"coverDokuemntu\"><img decoding=\"async\" src=\"https:\/\/www.alliancefrancaise.cz\/plzen\/wp-content\/themes\/propagon\/img\/svg\/icon-file.svg\" alt=\"soubor\"><\/div>\n            <div class=\"nazevDokumentu fw-bold mt-3\">Procuration<\/div>\n            <div class=\"text-body\">\n                74,08 KB            <\/div>\n        <\/a>\n    <\/div>\n    <\/div>\n<\/div><\/div>\n","protected":false},"excerpt":{"rendered":"<p>Information Les r\u00e9sultats d&rsquo;examen ci-dessous indiquent uniquement si le candidat a r\u00e9ussi l&rsquo;examen (\u00ab\u00a0admis\u00a0\u00bb), s&rsquo;il a \u00e9chou\u00e9 (\u00ab\u00a0non admis\u00a0\u00bb ou \u00ab\u00a0\u00e9limin\u00e9\u00a0\u00bb) ou s&rsquo;il ne s&rsquo;est pas pr\u00e9sent\u00e9 \u00e0&#8230;<\/p>\n","protected":false},"author":4,"featured_media":0,"parent":0,"menu_order":0,"comment_status":"closed","ping_status":"closed","template":"","meta":{"_acf_changed":false,"footnotes":""},"class_list":["post-7922","page","type-page","status-publish","hentry"],"acf":[],"_links":{"self":[{"href":"https:\/\/www.alliancefrancaise.cz\/plzen\/fr\/wp-json\/wp\/v2\/pages\/7922","targetHints":{"allow":["GET"]}}],"collection":[{"href":"https:\/\/www.alliancefrancaise.cz\/plzen\/fr\/wp-json\/wp\/v2\/pages"}],"about":[{"href":"https:\/\/www.alliancefrancaise.cz\/plzen\/fr\/wp-json\/wp\/v2\/types\/page"}],"author":[{"embeddable":true,"href":"https:\/\/www.alliancefrancaise.cz\/plzen\/fr\/wp-json\/wp\/v2\/users\/4"}],"replies":[{"embeddable":true,"href":"https:\/\/www.alliancefrancaise.cz\/plzen\/fr\/wp-json\/wp\/v2\/comments?post=7922"}],"version-history":[{"count":19,"href":"https:\/\/www.alliancefrancaise.cz\/plzen\/fr\/wp-json\/wp\/v2\/pages\/7922\/revisions"}],"predecessor-version":[{"id":16713,"href":"https:\/\/www.alliancefrancaise.cz\/plzen\/fr\/wp-json\/wp\/v2\/pages\/7922\/revisions\/16713"}],"wp:attachment":[{"href":"https:\/\/www.alliancefrancaise.cz\/plzen\/fr\/wp-json\/wp\/v2\/media?parent=7922"}],"curies":[{"name":"wp","href":"https:\/\/api.w.org\/{rel}","templated":true}]}}