{"id":7927,"date":"2024-02-16T09:25:10","date_gmt":"2024-02-16T08:25:10","guid":{"rendered":"https:\/\/www.alliancefrancaise.cz\/plzen\/rok-ve-francii\/"},"modified":"2026-03-16T09:40:46","modified_gmt":"2026-03-16T08:40:46","slug":"un-an-en-france","status":"publish","type":"page","link":"https:\/\/www.alliancefrancaise.cz\/plzen\/fr\/un-an-en-france\/","title":{"rendered":"Un an en France"},"content":{"rendered":"\n<div class=\"wp-block-group alignfull\"><div class=\"wp-block-group__inner-container is-layout-constrained wp-block-group-is-layout-constrained\">\n<div class=\"wp-block-columns is-layout-flex wp-container-core-columns-is-layout-9d6595d7 wp-block-columns-is-layout-flex\">\n<div class=\"wp-block-column is-layout-flow wp-block-column-is-layout-flow\">\n<h2 class=\"wp-block-heading\"><mark style=\"background-color:rgba(0, 0, 0, 0)\" class=\"has-inline-color has-red-color\">C\u2019est quoi \u00ab\u00a0Un an en France\u00a0\u00bb&nbsp;?<\/mark><\/h2>\n\n\n\n<p><em>Les lyc\u00e9ens tch\u00e8ques ont la possibilit\u00e9 de passer une ann\u00e9e scolaire dans un lyc\u00e9e partenaire en France. G\u00e9n\u00e9ralement, ils sont h\u00e9berg\u00e9s \u00e0 l\u2019internat du lyc\u00e9e pendant la semaine et ils passent le week-end dans leur famille d\u2019accueil. Ils \u00e9tudient en deuxi\u00e8me ann\u00e9e du lyc\u00e9e fran\u00e7ais (classe de \u00ab Premi\u00e8re \u00bb), assistent aux m\u00eames cours que leurs camarades fran\u00e7ais et re\u00e7oivent des bulletins scolaires.<\/em><\/p>\n\n\n\n<p><em><mark style=\"background-color:rgba(0, 0, 0, 0)\" class=\"has-inline-color has-red-color\"><strong>Dans le cadre de l\u2019Alliance Fran\u00e7aise de Plze\u0148, il y a une possibilit\u00e9 d\u2019un remboursement partiel des frais.<\/strong><\/mark><\/em><\/p>\n<\/div>\n<\/div>\n\n\n\n<div class=\"wp-block-columns is-layout-flex wp-container-core-columns-is-layout-9d6595d7 wp-block-columns-is-layout-flex\">\n<div class=\"wp-block-column is-layout-flow wp-block-column-is-layout-flow\">\n<p><strong>Un an en France, c\u2019est une occasion extraordinaire de\u2026<\/strong><\/p>\n\n\n\n<ul class=\"wp-block-list\">\n<li>Partir pour conna\u00eetre l\u2019Hexagone et sa culture<\/li>\n\n\n\n<li>Am\u00e9liorer ton fran\u00e7ais et vivre le syst\u00e8me \u00e9ducatif de pr\u00e8s<\/li>\n\n\n\n<li>Vivre une exp\u00e9rience, devenir plus ind\u00e9pendant et gagner en responsabilit\u00e9 et autonomie<\/li>\n\n\n\n<li>\u00c9tablir des contacts int\u00e9ressants avec tes camarades de classe, ta famille d\u2019accueil et tes professeurs<\/li>\n<\/ul>\n\n\n<div class=\"wp-block-image\">\n<figure class=\"aligncenter size-full\"><img loading=\"lazy\" decoding=\"async\" width=\"216\" height=\"231\" src=\"https:\/\/www.alliancefrancaise.cz\/plzen\/wp-content\/uploads\/2024\/12\/Logo_Rok_ve_Francii_modra.png\" alt=\"\" class=\"wp-image-15166\"\/><\/figure>\n<\/div><\/div>\n\n\n\n<div class=\"wp-block-column is-layout-flow wp-block-column-is-layout-flow\">\n<p><strong>Tu peux vivre Un an en France, si :<\/strong><\/p>\n\n\n\n<ul class=\"wp-block-list\">\n<li>Tu as entre 15 et 17 ans<\/li>\n\n\n\n<li>Tu es inscrit(e) id\u00e9alement en premi\u00e8re ou deuxi\u00e8me ann\u00e9e dans un \u00e9tablissement scolaire secondaire sous contrat avec le M\u0160MT<\/li>\n\n\n\n<li>Tu es ressortissant(e) de l\u2019Union europ\u00e9enne<\/li>\n\n\n\n<li>Tu as au moins le niveau A2 en fran\u00e7ais, justifi\u00e9 par un dipl\u00f4me du DELF<\/li>\n\n\n\n<li>Tu \u00e9tudies une autre langue \u00e9trang\u00e8re (anglais, allemand, espagnol)<\/li>\n\n\n\n<li>Tu as vraiment envie de partir, de conna\u00eetre de nouvelles personnes et de nouvelles exp\u00e9riences et d\u2019am\u00e9liorer ton niveau de langue fran\u00e7aise et anglaise\u2026<\/li>\n\n\n\n<li>Tu es assez ind\u00e9pendant(e), responsable et tu sais bien t\u2019adapter<\/li>\n<\/ul>\n<\/div>\n<\/div>\n<\/div><\/div>\n\n\n\n<div class=\"wp-block-group alignfull has-background\" style=\"background:linear-gradient(135deg,rgb(243,243,243) 0%,rgb(243,243,243) 100%)\"><div class=\"wp-block-group__inner-container is-layout-constrained wp-block-group-is-layout-constrained\">\n<div style=\"height:30px\" aria-hidden=\"true\" class=\"wp-block-spacer\"><\/div>\n\n\n\n<h2 class=\"wp-block-heading\"><mark style=\"background-color:rgba(0, 0, 0, 0)\" class=\"has-inline-color has-red-color\">Un an en France 2026-2027<\/mark><\/h2>\n\n\n\n<div class=\"wp-block-columns is-layout-flex wp-container-core-columns-is-layout-9d6595d7 wp-block-columns-is-layout-flex\">\n<div class=\"wp-block-column is-layout-flow wp-block-column-is-layout-flow\" style=\"flex-basis:50%\">\n<p><strong>Calendrier de recrutement<\/strong><\/p>\n\n\n\n<ul class=\"wp-block-list\">\n<li>5 janvier 2026 : d\u00e9but des candidatures<\/li>\n\n\n\n<li>28 f\u00e9vrier 2026 : fin des candidatures<\/li>\n\n\n\n<li>mars 2026 : \u00e9tude des candidatures + pr\u00e9paration des entretiens<\/li>\n\n\n\n<li>mars\/avril 2026 : entretiens individuels &nbsp;<\/li>\n\n\n\n<li>30 avril 2026 : r\u00e9sultats des entretiens + liste d\u2019attente<\/li>\n\n\n\n<li>7 juin 2026 : confirmation des r\u00e9sultats et attribution de l\u00b4\u00e9tablissement d\u00b4accueil<\/li>\n\n\n\n<li>mi-juin 2026 : r\u00e9union avant d\u00e9part \u00e0 Prague (date \u00e0 d\u00e9terminer)<\/li>\n<\/ul>\n<\/div>\n\n\n\n<div class=\"wp-block-column is-vertically-aligned-center is-layout-flow wp-block-column-is-layout-flow\" style=\"flex-basis:50%\">\n<p><strong>Session d\u2019information en ligne<\/strong><\/p>\n\n\n\n<p>Vous souhaitez en savoir plus sur le programme Un an en France ? Inscrivez-vous avec vos parents ou vos professeurs \u00e0 la <strong>session d\u2019information en ligne que l\u2019Institut Fran\u00e7ais de Prague organise le 17 d\u00e9cembre 2025 et le 14 janvier 2026 \u00e0 16h30<\/strong>. Vous pouvez vous inscrire via ce&nbsp;<a href=\"https:\/\/docs.google.com\/forms\/d\/e\/1FAIpQLSffzVVcuUDTDWaXwmJ2YDU4yiTt4UWhNt2ufzonyOI2KbMTtQ\/viewform\" target=\"_blank\" rel=\"noreferrer noopener\">formulaire<\/a>.<\/p>\n<\/div>\n<\/div>\n\n\n\n<div style=\"height:20px\" aria-hidden=\"true\" class=\"wp-block-spacer\"><\/div>\n\n\n\n<div class=\"wp-block-buttons is-content-justification-center is-layout-flex wp-container-core-buttons-is-layout-16018d1d wp-block-buttons-is-layout-flex\">\n<div class=\"wp-block-button\"><a class=\"wp-block-button__link has-text-align-center wp-element-button\">Inscription \u00ab\u00a0Un an en france\u00a0\u00bb 2026-2027 [termin\u00e9e]<\/a><\/div>\n<\/div>\n\n\n\n<div style=\"height:30px\" aria-hidden=\"true\" class=\"wp-block-spacer\"><\/div>\n<\/div><\/div>\n\n\n\n<div class=\"wp-block-group alignfull details-af\"><div class=\"wp-block-group__inner-container is-layout-constrained wp-block-group-is-layout-constrained\">\n<h2 class=\"wp-block-heading\"><mark style=\"background-color:rgba(0, 0, 0, 0)\" class=\"has-inline-color has-red-color\">Questions fr\u00e9quentes<\/mark><\/h2>\n\n\n\n<details class=\"wp-block-details is-layout-flow wp-block-details-is-layout-flow\"><summary>Combien co\u00fbte Un an en France<\/summary>\n<p>Les frais de s\u00e9jour de l\u2019\u00e9l\u00e8ve tch\u00e8que en France sont pris en charge par la famille tch\u00e8que.<\/p>\n\n\n\n<p>Voici le budget annuel (approximatif)&nbsp;:<\/p>\n\n\n\n<ul class=\"wp-block-list\">\n<li>&nbsp;frais d\u2019internat (couchage et restauration)&nbsp;: 1500 \u00e0 2000 \u20ac pour l\u2019ann\u00e9e scolaire<\/li>\n\n\n\n<li>&nbsp;accueil dans la famille fran\u00e7aise&nbsp;: environ 70 \u20ac par week-end (2200 \u20ac pour l\u2019ann\u00e9e scolaire)<\/li>\n\n\n\n<li>&nbsp;assurance (maladie, rapatriement, accident et responsabilit\u00e9 civile)&nbsp;: environ 100 \u20ac pour l\u2019ann\u00e9e scolaire<\/li>\n<\/ul>\n\n\n\n<p>Il faudra pr\u00e9voir encore d\u2019autres d\u00e9penses comme&nbsp;:<\/p>\n\n\n\n<ul class=\"wp-block-list\">\n<li>&nbsp;le transport (en d\u00e9but et \u00e0 la fin de l\u2019ann\u00e9e scolaire et pendant les vacances scolaires \u2013 4 fois dans l\u2019ann\u00e9e scolaire)<\/li>\n\n\n\n<li>&nbsp;de l\u2019argent de poche&nbsp;: environ 40 \u20ac par mois (400 \u20ac pour l\u2019ann\u00e9e scolaire)<\/li>\n\n\n\n<li>&nbsp;des manuels scolaires (les \u00e9l\u00e8ves peuvent souvent b\u00e9n\u00e9ficier d\u2019un pr\u00eat gratuit de manuels pour l\u2019ann\u00e9e scolaire)<\/li>\n<\/ul>\n\n\n\n<p><strong>Aides \u00e0 la mobilit\u00e9 lyc\u00e9enne&nbsp;:<\/strong><\/p>\n\n\n\n<p>Les familles tch\u00e8ques qui se trouveraient en difficult\u00e9 pour payer le s\u00e9jour de leur enfant en France peuvent demander une aide financi\u00e8re au Conseil r\u00e9gional du lieu de r\u00e9sidence.<\/p>\n\n\n\n<p><mark style=\"background-color:rgba(0, 0, 0, 0)\" class=\"has-inline-color has-red-color\">Dans le cadre de l\u2019Alliance Fran\u00e7aise de Plze\u0148, il y a une possibilit\u00e9 d\u2019un remboursement partiel des frais.<\/mark><\/p>\n<\/details>\n\n\n\n<details class=\"wp-block-details is-layout-flow wp-block-details-is-layout-flow\"><summary>La vie en France<\/summary>\n<h4 class=\"wp-block-heading\">H\u00e9bergement<\/h4>\n\n\n\n<p>L\u2019h\u00e9bergement des \u00e9l\u00e8ves tch\u00e8ques est assur\u00e9 du lundi matin au vendredi apr\u00e8s-midi \u00e0 l\u2019internat du lyc\u00e9e. Si les cours ont lieu le samedi, l\u2019h\u00e9bergement est assur\u00e9 jusqu\u2019au samedi matin.<\/p>\n\n\n\n<p>Certains internats acceptent le retour des \u00e9l\u00e8ves le dimanche soir.<\/p>\n\n\n\n<p>Les \u00e9l\u00e8ves sont log\u00e9s dans des chambres de deux \u00e0 quatre lits (internats gar\u00e7ons et internats filles).<\/p>\n\n\n\n<p>Les familles tch\u00e8ques prennent en charge la totalit\u00e9 des frais d\u2019internat (couchage, restauration). Le montant annuel se situe entre 1500 et 2000 \u20ac. Le r\u00e8glement se fait chaque trimestre sous forme de virement bancaire international (SEPA).<\/p>\n\n\n\n<p>Pendant les week-ends, les \u00e9l\u00e8ves tch\u00e8ques sont pris en charge par des familles d\u2019accueil fran\u00e7aises.<\/p>\n\n\n\n<h4 class=\"wp-block-heading\">Repas<\/h4>\n\n\n\n<p>Les \u00e9l\u00e8ves tch\u00e8ques prennent les petits-d\u00e9jeuners, les repas de midi ainsi que les repas du soir au r\u00e9fectoire du lyc\u00e9e. Le co\u00fbt de la restauration est inclus dans les frais d\u2019internat (voir plus haut). Pendant les week-end, les \u00e9l\u00e8ves mangent avec leur famille d\u2019accueil. Cela est l\u2019occasion id\u00e9ale de vivre une soir\u00e9e conviviale en famille \u00ab&nbsp;\u00e0 la fran\u00e7aise&nbsp;\u00bb et de go\u00fbter quelques sp\u00e9cialit\u00e9s r\u00e9gionales.<\/p>\n\n\n\n<h4 class=\"wp-block-heading\">Famille d\u2019accueil<\/h4>\n\n\n\n<p>La famille d\u2019accueil re\u00e7oit l\u2019\u00e9l\u00e8ve tch\u00e8que en fin de chaque semaine (hors vacances scolaires) quand l\u2019internat ferme.<\/p>\n\n\n\n<p>Trouver des familles d\u2019accueil rel\u00e8ve de la comp\u00e9tence du lyc\u00e9e en France qui a accept\u00e9 de recevoir des \u00e9l\u00e8ves tch\u00e8ques pendant l\u2019ann\u00e9e scolaire. Souvent, il s\u2019agit d\u2019une famille pour toute l\u2019ann\u00e9e. Cependant, l\u2019\u00e9l\u00e8ve peut \u00eatre re\u00e7u par plusieurs familles (une par trimestre, par exemple).<\/p>\n\n\n\n<p>Les \u00e9l\u00e8ves tch\u00e8ques re\u00e7oivent, avant leur d\u00e9part en France, les coordonn\u00e9es de la famille d\u2019accueil. Il convient que les familles tch\u00e8que et fran\u00e7aise se mettent rapidement en relation.<\/p>\n\n\n\n<p><strong>Financements&nbsp;:<\/strong><\/p>\n\n\n\n<p>Le co\u00fbt de la prise en charge par la famille d\u2019accueil repr\u00e9sente environ 70 \u20ac par weekend.<\/p>\n\n\n\n<p>Les familles tch\u00e8que et fran\u00e7aise conviennent directement entre elles&nbsp;:<\/p>\n\n\n\n<ul class=\"wp-block-list\">\n<li>&nbsp;du montant exact pour la prise en charge de l\u2019\u00e9l\u00e8ve<\/li>\n\n\n\n<li>&nbsp;des modalit\u00e9s de paiement (en esp\u00e8ces, par virement bancaire)<\/li>\n\n\n\n<li>&nbsp;des \u00e9ch\u00e9ances pour le paiement (une fois par semaine, tous les mois, une fois par trimestre)<\/li>\n<\/ul>\n<\/details>\n\n\n\n<details class=\"wp-block-details is-layout-flow wp-block-details-is-layout-flow\"><summary>Sant\u00e9 et assurance<\/summary>\n<p>Dans tous les lyc\u00e9es en France il existe une infirmerie o\u00f9 peut aller tout \u00e9l\u00e8ve qui a un malaise. Le m\u00e9decin scolaire intervient si l\u2019\u00e9tat de sant\u00e9 de l\u2019\u00e9l\u00e8ve l\u2019exige. Dans le cas d\u2019une hospitalisation des \u00e9l\u00e8ves mineurs, une autorisation parentale pour une intervention chirurgicale sera exig\u00e9e.<\/p>\n\n\n\n<p>Avant leur d\u00e9part en France, les \u00e9l\u00e8ves doivent fournir \u00e0 l\u2019Institut fran\u00e7ais de Prague une copie du contrat d\u2019assurance voyage qui inclut obligatoirement les garanties suivantes&nbsp;:<\/p>\n\n\n\n<ul class=\"wp-block-list\">\n<li>&nbsp;frais m\u00e9dicaux et d\u2019hospitalisation d\u2019urgence<\/li>\n\n\n\n<li>&nbsp;rapatriement sanitaire<\/li>\n\n\n\n<li>&nbsp;accident et d\u00e9c\u00e8s<\/li>\n\n\n\n<li>&nbsp;responsabilit\u00e9 civile<\/li>\n<\/ul>\n\n\n\n<p>Cette assurance doit couvrir imp\u00e9rativement toute la p\u00e9riode de l\u2019ann\u00e9e scolaire en France.<\/p>\n\n\n\n<p>Les \u00e9l\u00e8ves peuvent, s\u2019ils le souhaitent, prendre une assurance suppl\u00e9mentaire (par exemple pour les bagages ou effets personnels).<\/p>\n<\/details>\n\n\n\n<details class=\"wp-block-details is-layout-flow wp-block-details-is-layout-flow\"><summary>Scolarit\u00e9<\/summary>\n<h4 class=\"wp-block-heading\">Notations et bulletins scolaires<\/h4>\n\n\n\n<p>Les \u00e9l\u00e8ves tch\u00e8ques sont not\u00e9s au cours de l\u2019ann\u00e9e scolaire. Il n\u2019y a pas de diff\u00e9rence entre les \u00e9l\u00e8ves tch\u00e8ques et les \u00e9l\u00e8ves fran\u00e7ais. Les \u00e9l\u00e8ves tch\u00e8ques suivent la m\u00eame scolarit\u00e9 que leurs camarades fran\u00e7ais et re\u00e7oivent trois bulletins scolaires, un pour chaque trimestre.<\/p>\n\n\n\n<h4 class=\"wp-block-heading\">Manuels<\/h4>\n\n\n\n<p>La plupart des lyc\u00e9es en France mettent les manuels scolaires gratuitement \u00e0 disposition des \u00e9l\u00e8ves (parfois moyennant une caution qui est restitu\u00e9e \u00e0 l\u2019\u00e9l\u00e8ve \u00e0 la fin de l\u2019ann\u00e9e scolaire). D\u2019autres cas de figure sont \u00e9galement possibles&nbsp;: bourses aux livres, aides financi\u00e8res donn\u00e9es par le Conseil r\u00e9gional (les \u00e9l\u00e8ves re\u00e7oivent une carte disposant d\u2019un cr\u00e9dit pour pouvoir acheter les manuels scolaires).<\/p>\n\n\n\n<h4 class=\"wp-block-heading\">Retours en R\u00e9publique tch\u00e8que et vacances<\/h4>\n\n\n\n<p>Les \u00e9l\u00e8ves rentrent en R\u00e9publique tch\u00e8que pendant les vacances scolaires. Il y a quatre grandes p\u00e9riodes de vacances&nbsp;:<\/p>\n\n\n\n<ul class=\"wp-block-list\">\n<li>&nbsp;Toussaint&nbsp;: 2 semaines<\/li>\n\n\n\n<li>&nbsp;No\u00ebl&nbsp;: 2 semaines<\/li>\n\n\n\n<li>&nbsp;Hiver&nbsp;: 2 semaines (f\u00e9vrier-mars)<\/li>\n\n\n\n<li>&nbsp;Printemps&nbsp;: 2 semaines (avril-mai)<\/li>\n<\/ul>\n\n\n\n<p>(Les dates des vacances de la Toussaint et de No\u00ebl sont les m\u00eames pour tous les \u00e9l\u00e8ves. Les dates pour les vacances d\u2019hiver et de printemps varient en fonction des acad\u00e9mies d\u2019affectation &#8211; voir le&nbsp;<a href=\"https:\/\/www.vacances-scolaires-education.fr\/\" target=\"_blank\" rel=\"noreferrer noopener\">calendrier scolaire<\/a>).<\/p>\n\n\n\n<p>Les \u00e9l\u00e8ves ne peuvent pas rester \u00e0 l\u2019internat, puisqu\u2019il est ferm\u00e9 pendant toutes les vacances. Il est donc n\u00e9cessaire que les familles tch\u00e8ques pr\u00e9voient les dates et les frais li\u00e9s au transport au moins quatre fois dans l\u2019ann\u00e9e scolaire.<\/p>\n\n\n\n<p>N.B.&nbsp;: Le calendrier scolaire en France est sensiblement moins souple que celui en R\u00e9publique tch\u00e8que. La plupart des \u00e9tablissements scolaires exige des arriv\u00e9es et des d\u00e9parts ponctuels, que ce soit pour les \u00e9l\u00e8ves fran\u00e7ais ou \u00e9trangers. C\u2019est pouquoi nous vous envoyons le calendrier de l\u2019ann\u00e9e scolaire suffisamment en avance afin que vous puissiez organiser au mieux les d\u00e9placement de vos enfants.<\/p>\n<\/details>\n\n\n\n<details class=\"wp-block-details is-layout-flow wp-block-details-is-layout-flow\"><summary>Scolarit\u00e9 en RT (interrompre ou obtenir un plan individuel&nbsp;?)<\/summary>\n<p>On peut distinguer deux cas de figure&nbsp;:<\/p>\n\n\n\n<ul class=\"wp-block-list\">\n<li>&nbsp;1. L\u2019\u00e9l\u00e8ve interrompt sa scolarit\u00e9 dans son lyc\u00e9e d\u2019origine (il est radi\u00e9 de la liste des \u00e9l\u00e8ves de l\u2019\u00e9tablissement pendant la dur\u00e9e de son s\u00e9jour en France). S\u2019il souhaite r\u00e9int\u00e9grer sa classe tch\u00e8que d\u2019origine il doit r\u00e9ussir les \u00e9preuves de remise \u00e0 niveau. Il rel\u00e8ve de la comp\u00e9tence du chef d\u2019\u00e9tablissement de lister les disciplines dans lesquelles l\u2019\u00e9l\u00e8ve sera \u00e9valu\u00e9. Vous trouverez toutes les informations compl\u00e9mentaires&nbsp;<a href=\"https:\/\/www.msmt.cz\/vzdelavani\/skolstvi-v-cr\/uznavani-kvalifikaci-studium-v-zahranici\" rel=\"noreferrer noopener\" target=\"_blank\">ici<\/a>.<\/li>\n\n\n\n<li>&nbsp;2. L\u2019\u00e9l\u00e8ve suit un plan d\u2019\u00e9tudes individualis\u00e9 et continue \u00e0 \u00eatre scolaris\u00e9 dans son lyc\u00e9e tch\u00e8que d\u2019origine (il n\u2019est pas radi\u00e9 de la liste des \u00e9l\u00e8ves de l\u2019\u00e9tablissement). Ainsi, il est scolaris\u00e9 doublement&nbsp;: en France et en R\u00e9publique tch\u00e8que. Un contr\u00f4le continu est demand\u00e9 par son \u00e9tablissement d\u2019origine et l\u2019\u00e9l\u00e8ve est \u00e9valu\u00e9 par ses professeurs tch\u00e8ques en cours d\u2019ann\u00e9e (\u00e9valuation \u00e0 distance) ou pendant les vacances scolaires. Dans ce cas-l\u00e0 \u00e9galement, c\u2019est au chef d\u2019\u00e9tablissement de lister les disciplines dans lesquelles l\u2019\u00e9l\u00e8ve sera \u00e9valu\u00e9.<\/li>\n<\/ul>\n<\/details>\n<\/div><\/div>\n\n\n\n<div class=\"wp-block-group alignfull has-background\" style=\"background:linear-gradient(135deg,rgb(243,243,243) 0%,rgb(243,243,243) 100%)\"><div class=\"wp-block-group__inner-container is-layout-constrained wp-block-group-is-layout-constrained\">\n<div style=\"height:30px\" aria-hidden=\"true\" class=\"wp-block-spacer\"><\/div>\n\n\n\n<h2 class=\"wp-block-heading\"><mark style=\"background-color:rgba(0, 0, 0, 0)\" class=\"has-inline-color has-red-color\">T\u00e9moignages<\/mark><\/h2>\n\n\n\n<div class=\"wp-block-columns is-layout-flex wp-container-core-columns-is-layout-9d6595d7 wp-block-columns-is-layout-flex\">\n<div class=\"wp-block-column is-layout-flow wp-block-column-is-layout-flow\" style=\"flex-basis:50%\">\n<h4 class=\"wp-block-heading has-text-align-center\">Histoire de Zora \u2013 Ann\u00e9e scolaire 2023-2024<\/h4>\n\n\n\n<p class=\"has-text-align-center\"><em>D\u00e9couvrez l&rsquo;histoire de Zora, une \u00e9tudiante tch\u00e8que qui, en 2023-2024, est partie \u00e9tudier en France dans le cadre du programme \u00ab Un an en France \u00bb.<\/em><\/p>\n\n\n\n<div class=\"wp-block-buttons is-content-justification-center is-layout-flex wp-container-core-buttons-is-layout-16018d1d wp-block-buttons-is-layout-flex\">\n<div class=\"wp-block-button\"><a class=\"wp-block-button__link wp-element-button\" href=\"https:\/\/www.alliancefrancaise.cz\/plzen\/rok-ve-francii-pribeh-zory-skolni-rok-2023-2024\/\">Lire le t\u00e9moignage (en Tch\u00e8que)<\/a><\/div>\n<\/div>\n<\/div>\n\n\n\n<div class=\"wp-block-column is-vertically-aligned-center is-layout-flow wp-block-column-is-layout-flow\" style=\"flex-basis:50%\"><\/div>\n<\/div>\n\n\n\n<div style=\"height:30px\" aria-hidden=\"true\" class=\"wp-block-spacer\"><\/div>\n<\/div><\/div>\n","protected":false},"excerpt":{"rendered":"<p>C\u2019est quoi \u00ab\u00a0Un an en France\u00a0\u00bb&nbsp;? Les lyc\u00e9ens tch\u00e8ques ont la possibilit\u00e9 de passer une ann\u00e9e scolaire dans un lyc\u00e9e partenaire en France. G\u00e9n\u00e9ralement, ils sont h\u00e9berg\u00e9s \u00e0&#8230;<\/p>\n","protected":false},"author":4,"featured_media":0,"parent":0,"menu_order":0,"comment_status":"closed","ping_status":"closed","template":"","meta":{"_acf_changed":false,"footnotes":""},"class_list":["post-7927","page","type-page","status-publish","hentry"],"acf":[],"_links":{"self":[{"href":"https:\/\/www.alliancefrancaise.cz\/plzen\/fr\/wp-json\/wp\/v2\/pages\/7927","targetHints":{"allow":["GET"]}}],"collection":[{"href":"https:\/\/www.alliancefrancaise.cz\/plzen\/fr\/wp-json\/wp\/v2\/pages"}],"about":[{"href":"https:\/\/www.alliancefrancaise.cz\/plzen\/fr\/wp-json\/wp\/v2\/types\/page"}],"author":[{"embeddable":true,"href":"https:\/\/www.alliancefrancaise.cz\/plzen\/fr\/wp-json\/wp\/v2\/users\/4"}],"replies":[{"embeddable":true,"href":"https:\/\/www.alliancefrancaise.cz\/plzen\/fr\/wp-json\/wp\/v2\/comments?post=7927"}],"version-history":[{"count":14,"href":"https:\/\/www.alliancefrancaise.cz\/plzen\/fr\/wp-json\/wp\/v2\/pages\/7927\/revisions"}],"predecessor-version":[{"id":16535,"href":"https:\/\/www.alliancefrancaise.cz\/plzen\/fr\/wp-json\/wp\/v2\/pages\/7927\/revisions\/16535"}],"wp:attachment":[{"href":"https:\/\/www.alliancefrancaise.cz\/plzen\/fr\/wp-json\/wp\/v2\/media?parent=7927"}],"curies":[{"name":"wp","href":"https:\/\/api.w.org\/{rel}","templated":true}]}}