{"id":7930,"date":"2024-02-21T09:05:19","date_gmt":"2024-02-21T08:05:19","guid":{"rendered":"https:\/\/www.alliancefrancaise.cz\/plzen\/prihlaska-rok-ve-francii\/"},"modified":"2026-01-02T16:05:40","modified_gmt":"2026-01-02T15:05:40","slug":"inscription-un-an-en-france","status":"publish","type":"page","link":"https:\/\/www.alliancefrancaise.cz\/plzen\/fr\/inscription-un-an-en-france\/","title":{"rendered":"Inscription \u00ab\u00a0Un an en France\u00a0\u00bb 2026-2027"},"content":{"rendered":"\n<div class=\"wp-block-group alignfull has-background\" style=\"background:linear-gradient(135deg,rgb(243,243,243) 1%,rgb(243,243,243) 100%)\"><div class=\"wp-block-group__inner-container is-layout-constrained wp-block-group-is-layout-constrained\">\n<div style=\"height:30px\" aria-hidden=\"true\" class=\"wp-block-spacer\"><\/div>\n\n\n\n<h2 class=\"wp-block-heading\"><mark style=\"background-color:rgba(0, 0, 0, 0)\" class=\"has-inline-color has-red-color\">Inscription<\/mark><\/h2>\n\n\n\n<p>Tu es d\u00e9cid\u00e9(e) de vivre notre programme, alors&nbsp;<strong>adresse-nous les documents suivants avant le 28 f\u00e9vrier 2026 au plus tard&nbsp;<\/strong>&nbsp;:<\/p>\n\n\n\n<div class=\"wp-block-columns is-layout-flex wp-container-core-columns-is-layout-9d6595d7 wp-block-columns-is-layout-flex\">\n<div class=\"wp-block-column is-layout-flow wp-block-column-is-layout-flow\">\n<p><strong>I) Par mail (pdf) et par courrier&nbsp;:<\/strong><\/p>\n\n\n\n<p><strong><em>\u00c0 t\u00e9l\u00e9charger ci-dessous :<\/em><\/strong><\/p>\n\n\n\n<ul class=\"wp-block-list\">\n<li>La fiche d\u2019inscription<\/li>\n\n\n\n<li>La fiche d\u2019\u00e9valuation (\u00e0 compl\u00e9ter par ton lyc\u00e9e)<\/li>\n\n\n\n<li>Un certificat m\u00e9dical (\u00e0 compl\u00e9ter par ton m\u00e9decin)<\/li>\n\n\n\n<li>Une autorisation parentale (\u00e0 compl\u00e9ter par tes parents)<\/li>\n<\/ul>\n\n\n\n<p><strong><em>Et :<\/em><\/strong><\/p>\n\n\n\n<ul class=\"wp-block-list\">\n<li>Une lettre de motivation en fran\u00e7ais<\/li>\n<\/ul>\n<\/div>\n\n\n\n<div class=\"wp-block-column is-layout-flow wp-block-column-is-layout-flow\">\n<p><strong>II) Uniquement par courriel (pdf)<\/strong><\/p>\n\n\n\n<ul class=\"wp-block-list\">\n<li>Une copie de ton bulletin scolaire pour l\u2019ann\u00e9e 2024-2025 et une copie de ton bulletin du 1<sup>er<\/sup>&nbsp;semestre de l\u2019ann\u00e9e scolaire 2025-2026<\/li>\n\n\n\n<li>Une copie de ton dipl\u00f4me ou de ton attestation de r\u00e9ussite du DELF (niveau A2 minimum) \/ confirmation d\u2019inscription \u00e0 la s\u00e9ance du DELF Junior<\/li>\n<\/ul>\n<\/div>\n<\/div>\n\n\n\n<p><strong>Mail<\/strong> : <a href=\"mailto:direction.plzen@alliancefrancaise.cz\">direction.plzen@alliancefrancaise.cz<\/a> et <a href=\"mailto:cgomez@alliancefrancaise.cz\">cgomez@alliancefrancaise.cz<\/a><br><strong>Adresse<\/strong> : Jana KOZLOV\u00c1, Alliance Fran\u00e7aise de Plze\u0148, n\u00e1m. Republiky 105, 314 01 Plze\u0148 3-Vnit\u0159n\u00ed M\u011bsto<\/p>\n\n\n\n<div style=\"height:30px\" aria-hidden=\"true\" class=\"wp-block-spacer\"><\/div>\n<\/div><\/div>\n\n\n\n<div class=\"wp-block-group alignfull\"><div class=\"wp-block-group__inner-container is-layout-constrained wp-block-group-is-layout-constrained\">\n<h2 class=\"wp-block-heading\"><mark style=\"background-color:rgba(0, 0, 0, 0)\" class=\"has-inline-color has-red-color\">\u00c0 t\u00e9l\u00e9charger<\/mark><\/h2>\n\n\n<div id=\"dokumenty-block_3a86ffdf0ff31f5c12a16892992d8e97\" class=\"dokumenty row mt-5\">\n    \n    <div class=\"col-md-3 col-6 boxDokumentu text-center animTop mb-5\">\n        <a class=\"text-decoration-none\" href=\"https:\/\/www.alliancefrancaise.cz\/plzen\/wp-content\/uploads\/2025\/12\/RVF_2026-2027-Prihlasovaci-formular_Fiche-inscription.pdf\" target=\"_blank\"\n            rel=\"noopener noreferrer\">\n            <div class=\"coverDokuemntu\"><img decoding=\"async\" src=\"https:\/\/www.alliancefrancaise.cz\/plzen\/wp-content\/themes\/propagon\/img\/svg\/icon-file.svg\" alt=\"soubor\"><\/div>\n            <div class=\"nazevDokumentu fw-bold mt-3\">La fiche d\u2019inscription<\/div>\n            <div class=\"text-body\">\n                305,51 KB            <\/div>\n        <\/a>\n    <\/div>\n    \n    <div class=\"col-md-3 col-6 boxDokumentu text-center animTop mb-5\">\n        <a class=\"text-decoration-none\" href=\"https:\/\/www.alliancefrancaise.cz\/plzen\/wp-content\/uploads\/2025\/12\/RVF_2026-2027-Hodnotici-formular_Fiche-evaluation.pdf\" target=\"_blank\"\n            rel=\"noopener noreferrer\">\n            <div class=\"coverDokuemntu\"><img decoding=\"async\" src=\"https:\/\/www.alliancefrancaise.cz\/plzen\/wp-content\/themes\/propagon\/img\/svg\/icon-file.svg\" alt=\"soubor\"><\/div>\n            <div class=\"nazevDokumentu fw-bold mt-3\">La fiche d\u2019\u00e9valuation<\/div>\n            <div class=\"text-body\">\n                219,6 KB            <\/div>\n        <\/a>\n    <\/div>\n    \n    <div class=\"col-md-3 col-6 boxDokumentu text-center animTop mb-5\">\n        <a class=\"text-decoration-none\" href=\"https:\/\/www.alliancefrancaise.cz\/plzen\/wp-content\/uploads\/2025\/12\/RVF_2026-2027-Osvedceni-o-zdravotnim-stavu_Certificat-medical.pdf\" target=\"_blank\"\n            rel=\"noopener noreferrer\">\n            <div class=\"coverDokuemntu\"><img decoding=\"async\" src=\"https:\/\/www.alliancefrancaise.cz\/plzen\/wp-content\/themes\/propagon\/img\/svg\/icon-file.svg\" alt=\"soubor\"><\/div>\n            <div class=\"nazevDokumentu fw-bold mt-3\">Un certificat m\u00e9dical<\/div>\n            <div class=\"text-body\">\n                216,43 KB            <\/div>\n        <\/a>\n    <\/div>\n    \n    <div class=\"col-md-3 col-6 boxDokumentu text-center animTop mb-5\">\n        <a class=\"text-decoration-none\" href=\"https:\/\/www.alliancefrancaise.cz\/plzen\/wp-content\/uploads\/2025\/12\/RVF_2026-2027-Informovany-souhlas-zakonnych-zastupcu_Autorisation-parentale.pdf\" target=\"_blank\"\n            rel=\"noopener noreferrer\">\n            <div class=\"coverDokuemntu\"><img decoding=\"async\" src=\"https:\/\/www.alliancefrancaise.cz\/plzen\/wp-content\/themes\/propagon\/img\/svg\/icon-file.svg\" alt=\"soubor\"><\/div>\n            <div class=\"nazevDokumentu fw-bold mt-3\">Une autorisation parentale<\/div>\n            <div class=\"text-body\">\n                182,88 KB            <\/div>\n        <\/a>\n    <\/div>\n    <\/div>\n<\/div><\/div>\n\n\n\n<div class=\"wp-block-group alignfull has-background\" style=\"background:linear-gradient(135deg,rgb(243,243,243) 0%,rgb(243,243,243) 100%)\"><div class=\"wp-block-group__inner-container is-layout-constrained wp-block-group-is-layout-constrained\">\n<div style=\"height:30px\" aria-hidden=\"true\" class=\"wp-block-spacer\"><\/div>\n\n\n\n<h2 class=\"wp-block-heading\"><mark style=\"background-color:rgba(0, 0, 0, 0)\" class=\"has-inline-color has-red-color\">Et apr\u00e8s ?<\/mark><\/h2>\n\n\n\n<h4 class=\"wp-block-heading\"><mark style=\"background-color:rgba(0, 0, 0, 0)\" class=\"has-inline-color has-color-text-color\">Calendrier de recrutement<\/mark><\/h4>\n\n\n\n<ul class=\"wp-block-list\">\n<li>5 janvier 2026 : d\u00e9but des candidatures<\/li>\n\n\n\n<li>28 f\u00e9vrier 2026 : fin des candidatures<\/li>\n\n\n\n<li>mars 2026 : \u00e9tude des candidatures + pr\u00e9paration des entretiens<\/li>\n\n\n\n<li>mars\/avril 2026 : entretiens individuels &nbsp;<\/li>\n\n\n\n<li>30 avril 2026 : r\u00e9sultats des entretiens + liste d\u2019attente<\/li>\n\n\n\n<li>7 juin 2026 : confirmation des r\u00e9sultats et attribution de l\u00b4\u00e9tablissement d\u00b4accueil<\/li>\n\n\n\n<li>mi-juin 2026 : r\u00e9union avant d\u00e9part \u00e0 Prague (date \u00e0 d\u00e9terminer)<\/li>\n<\/ul>\n\n\n\n<h4 class=\"wp-block-heading\"><mark style=\"background-color:rgba(0, 0, 0, 0)\" class=\"has-inline-color has-color-text-color\">Entretien<\/mark><\/h4>\n\n\n\n<p>Apr\u00e8s avoir envoy\u00e9 ta candidature compl\u00e8te, tu seras invit\u00e9(e) \u00e0&nbsp;<strong>un entretien individuel qui aura lieu en avril \u00e0 l\u2019Alliance Fran\u00e7aise de Plze\u0148<\/strong>. Tes parents seront \u00e9galement invit\u00e9s. Un jury mixte franco-tch\u00e8que consid\u00e9rera avant tout ta motivation, ta capacit\u00e9 d\u2019adaptation et \u00e0 r\u00e9ussir une ann\u00e9e scolaire \u00e0 l\u2019\u00e9tranger, ton autonomie et bien \u00e9videmment ton niveau de langue.<\/p>\n\n\n\n<p>As-tu une id\u00e9e de ta destination en France&nbsp;? C\u2019est le jury qui d\u00e9cide, apr\u00e8s l\u2019entretien, de la destination de chaque \u00e9l\u00e8ve partant. N\u00e9anmoins, dans ta lettre de motivation ou lors de l\u2019entretien tu peux nous expliquer o\u00f9 tu souhaites partir et pourquoi.<\/p>\n\n\n\n<p>Quel parcours te motive le plus&nbsp;? Le syst\u00e8me \u00e9ducatif fran\u00e7ais \u00e9volue et \u00e0 partir de l\u2019ann\u00e9e scolaire 2019-2020, en classe de Premi\u00e8re, tu n\u2019auras plus \u00e0 choisir entre les trois parcours g\u00e9n\u00e9ralement propos\u00e9s (L, ES, S). N\u00e9anmoins, sois attentif\/attentive aux diff\u00e9rentes options, nous souhaiterons conna\u00eetre tes pr\u00e9f\u00e9rences disciplinaires lors de l\u2019entretien de motivation.<\/p>\n\n\n\n<p><strong>Le nombre de places est limit\u00e9.<\/strong><\/p>\n\n\n\n<h4 class=\"wp-block-heading\"><mark style=\"background-color:rgba(0, 0, 0, 0)\" class=\"has-inline-color has-color-text-color\">D\u00e9cision<\/mark><\/h4>\n\n\n\n<p><strong>Le 4 mai 2026 au plus tard, tu connaitras les r\u00e9sultats de la commission.<\/strong> Durant les vacances d\u2019\u00e9t\u00e9 nous verrons ensemble les d\u00e9tails de ton s\u00e9jour, et en septembre, ta rent\u00e9e scolaire, ce sera en France&nbsp;!<\/p>\n\n\n\n<div style=\"height:30px\" aria-hidden=\"true\" class=\"wp-block-spacer\"><\/div>\n<\/div><\/div>\n\n\n\n<div class=\"wp-block-group alignfull\"><div class=\"wp-block-group__inner-container is-layout-constrained wp-block-group-is-layout-constrained\">\n<h2 class=\"wp-block-heading\"><mark style=\"background-color:rgba(0, 0, 0, 0)\" class=\"has-inline-color has-red-color\">Tu as \u00e9t\u00e9 s\u00e9lectionn\u00e9(e) pour le programme Un an en France ?<\/mark><\/h2>\n\n\n\n<h4 class=\"wp-block-heading\"><strong><mark style=\"background-color:rgba(0, 0, 0, 0)\" class=\"has-inline-color has-color-text-color\"><strong>Toutes nos f\u00e9licitations&nbsp;!<\/strong><\/mark><\/strong><\/h4>\n\n\n\n<p>Tu connais les r\u00e9sultats depuis le mois de juin et tu as donc toutes les vacances d\u2019\u00e9t\u00e9 pour te pr\u00e9parer \u00e0 ton d\u00e9part. <strong>La rentr\u00e9e des classes se fait le mardi 1 septembre 2026.<\/strong> Nous t\u2019enverrons tous les documents n\u00e9cessaires concernant ton nouveau lyc\u00e9e, ton h\u00e9bergement, ta famille d\u00b4accueil et le calendrier de l\u2019ann\u00e9e scolaire.<\/p>\n\n\n\n<h4 class=\"wp-block-heading\"><strong><mark style=\"background-color:rgba(0, 0, 0, 0)\" class=\"has-inline-color has-color-text-color\"><strong>Rencontre \u00e0 Prague<\/strong><\/mark><\/strong><\/h4>\n\n\n\n<p>En juin, tu es invit\u00e9(e) \u00e0 rencontrer les autres lyc\u00e9ens tch\u00e8ques qui partiront aussi en France. Ne rate pas ce rendez-vous&nbsp;; tu auras toutes les informations n\u00e9cessaires pour ton d\u00e9part, on te donnera les coordonn\u00e9es de la personne r\u00e9f\u00e9rente de ton nouveau lyc\u00e9e, des personnes \u00e0 contacter en cas de besoin etc. Tes parents seront les bienvenus.<a href=\"https:\/\/www.alliancefrancaise.cz\/plzen\/Le-programme-Un-an-en-France\"><\/a><\/p>\n<\/div><\/div>\n\n\n\n<div class=\"wp-block-buttons is-content-justification-center is-layout-flex wp-container-core-buttons-is-layout-16018d1d wp-block-buttons-is-layout-flex\">\n<div class=\"wp-block-button\"><a class=\"wp-block-button__link has-text-align-center wp-element-button\" href=\"https:\/\/www.alliancefrancaise.cz\/plzen\/fr\/un-an-en-france\/\">Plus d&rsquo;informations sur le programme<\/a><\/div>\n<\/div>\n","protected":false},"excerpt":{"rendered":"<p>Inscription Tu es d\u00e9cid\u00e9(e) de vivre notre programme, alors&nbsp;adresse-nous les documents suivants avant le 28 f\u00e9vrier 2026 au plus tard&nbsp;&nbsp;: I) Par mail (pdf) et par courrier&nbsp;: \u00c0&#8230;<\/p>\n","protected":false},"author":4,"featured_media":0,"parent":0,"menu_order":0,"comment_status":"closed","ping_status":"closed","template":"","meta":{"_acf_changed":false,"footnotes":""},"class_list":["post-7930","page","type-page","status-publish","hentry"],"acf":[],"_links":{"self":[{"href":"https:\/\/www.alliancefrancaise.cz\/plzen\/fr\/wp-json\/wp\/v2\/pages\/7930","targetHints":{"allow":["GET"]}}],"collection":[{"href":"https:\/\/www.alliancefrancaise.cz\/plzen\/fr\/wp-json\/wp\/v2\/pages"}],"about":[{"href":"https:\/\/www.alliancefrancaise.cz\/plzen\/fr\/wp-json\/wp\/v2\/types\/page"}],"author":[{"embeddable":true,"href":"https:\/\/www.alliancefrancaise.cz\/plzen\/fr\/wp-json\/wp\/v2\/users\/4"}],"replies":[{"embeddable":true,"href":"https:\/\/www.alliancefrancaise.cz\/plzen\/fr\/wp-json\/wp\/v2\/comments?post=7930"}],"version-history":[{"count":11,"href":"https:\/\/www.alliancefrancaise.cz\/plzen\/fr\/wp-json\/wp\/v2\/pages\/7930\/revisions"}],"predecessor-version":[{"id":16250,"href":"https:\/\/www.alliancefrancaise.cz\/plzen\/fr\/wp-json\/wp\/v2\/pages\/7930\/revisions\/16250"}],"wp:attachment":[{"href":"https:\/\/www.alliancefrancaise.cz\/plzen\/fr\/wp-json\/wp\/v2\/media?parent=7930"}],"curies":[{"name":"wp","href":"https:\/\/api.w.org\/{rel}","templated":true}]}}