{"id":7941,"date":"2024-02-16T15:42:13","date_gmt":"2024-02-16T14:42:13","guid":{"rendered":"https:\/\/www.alliancefrancaise.cz\/plzen\/frantastique\/"},"modified":"2024-04-09T10:42:55","modified_gmt":"2024-04-09T08:42:55","slug":"frantastique-orthographe","status":"publish","type":"page","link":"https:\/\/www.alliancefrancaise.cz\/plzen\/fr\/frantastique-orthographe\/","title":{"rendered":"Frantastique"},"content":{"rendered":"\n<div class=\"wp-block-group alignfull has-background\" style=\"background:linear-gradient(135deg,rgb(243,243,243) 0%,rgb(243,243,243) 100%)\"><div class=\"wp-block-group__inner-container is-layout-flow wp-block-group-is-layout-flow\">\n<div style=\"height:70px\" aria-hidden=\"true\" class=\"wp-block-spacer\"><\/div>\n\n\n\n<div class=\"wp-block-columns are-vertically-aligned-center is-layout-flex wp-container-core-columns-is-layout-9d6595d7 wp-block-columns-is-layout-flex\">\n<div class=\"wp-block-column is-layout-flow wp-block-column-is-layout-flow\" style=\"flex-basis:100%\">\n<p class=\"has-text-color\" style=\"color:#000000\"><em>D\u00e9couvrez Frantastique Orthographe, une application facile \u00e0 utiliser pour am\u00e9liorer votre orthographe en fran\u00e7ais. <strong>En vous inscrivant sur notre site, vous b\u00e9n\u00e9ficiez d&rsquo;un mois gratuit sans engagement<\/strong> pour d\u00e9couvrir Frantastique. Inscrivez-vous directement ci-dessous.<\/em><\/p>\n<\/div>\n<\/div>\n\n\n\n<div class=\"wp-block-columns is-layout-flex wp-container-core-columns-is-layout-9d6595d7 wp-block-columns-is-layout-flex\">\n<div class=\"wp-block-column is-vertically-aligned-top is-layout-flow wp-block-column-is-layout-flow\">\n<h3 class=\"wp-block-heading\"><mark style=\"background-color:rgba(0, 0, 0, 0)\" class=\"has-inline-color has-red-color\">Frantastique, c&rsquo;est quoi ?<\/mark><\/h3>\n\n\n\n<p>C&rsquo;est une application facile \u00e0 utiliser qui vous permet d&rsquo;\u00e9largir votre connaissance du fran\u00e7ais au-del\u00e0 de vos cours. La version Frantastique Orthographe vous permet d&rsquo;am\u00e9liorer votre orthographe. Elle est accessible du niveau A1 au niveau C2 sur votre smartphone, tablette ou ordinateur.<\/p>\n<\/div>\n\n\n\n<div class=\"wp-block-column is-layout-flow wp-block-column-is-layout-flow\">\n<h3 class=\"wp-block-heading\"><mark style=\"background-color:rgba(0, 0, 0, 0)\" class=\"has-inline-color has-red-color\">Comment cela fonctionne ?<\/mark><\/h3>\n\n\n\n<p>Nous disposons tous de 15 minutes de temps libre par jour. Vous pouvez en faire bon usage en apprenant une le\u00e7on avec Frantastique. Chaque jour, un cours ludique et motivant est propos\u00e9, accompagn\u00e9 d&rsquo;un contenu \u00e9crit, audio ou vid\u00e9o. Chaque cours est personnalis\u00e9 et adapt\u00e9 \u00e0 votre niveau de langue. A la fin du cours, vous recevrez votre dipl\u00f4me certifi\u00e9 avec toutes les statistiques de niveau, de progression et de participation.<\/p>\n<\/div>\n<\/div>\n\n\n\n<div style=\"height:40px\" aria-hidden=\"true\" class=\"wp-block-spacer\"><\/div>\n<\/div><\/div>\n\n\n\n<div id=\"a9-parent-iframe\" data-src=\"https:\/\/www.gymglish.com\/partner\/mfgcrewain\/61394\/iframe\"><\/div>\n    <script>\n        (function(){\n            var js = document.createElement('script');\n            js.type='text\/javascript';\n            js.src='https:\/\/www.gymglish.com\/static\/scripts\/partner-iframe.min.js';\n            var s = document.getElementsByTagName('script')[0];\n            s.parentNode.insertBefore(js, s);\n        })();\n    <\/script>\n","protected":false},"excerpt":{"rendered":"<p>D\u00e9couvrez Frantastique Orthographe, une application facile \u00e0 utiliser pour am\u00e9liorer votre orthographe en fran\u00e7ais. En vous inscrivant sur notre site, vous b\u00e9n\u00e9ficiez d&rsquo;un mois gratuit sans engagement pour&#8230;<\/p>\n","protected":false},"author":4,"featured_media":0,"parent":0,"menu_order":0,"comment_status":"closed","ping_status":"closed","template":"","meta":{"_acf_changed":false,"footnotes":""},"class_list":["post-7941","page","type-page","status-publish","hentry"],"acf":[],"_links":{"self":[{"href":"https:\/\/www.alliancefrancaise.cz\/plzen\/fr\/wp-json\/wp\/v2\/pages\/7941","targetHints":{"allow":["GET"]}}],"collection":[{"href":"https:\/\/www.alliancefrancaise.cz\/plzen\/fr\/wp-json\/wp\/v2\/pages"}],"about":[{"href":"https:\/\/www.alliancefrancaise.cz\/plzen\/fr\/wp-json\/wp\/v2\/types\/page"}],"author":[{"embeddable":true,"href":"https:\/\/www.alliancefrancaise.cz\/plzen\/fr\/wp-json\/wp\/v2\/users\/4"}],"replies":[{"embeddable":true,"href":"https:\/\/www.alliancefrancaise.cz\/plzen\/fr\/wp-json\/wp\/v2\/comments?post=7941"}],"version-history":[{"count":2,"href":"https:\/\/www.alliancefrancaise.cz\/plzen\/fr\/wp-json\/wp\/v2\/pages\/7941\/revisions"}],"predecessor-version":[{"id":7944,"href":"https:\/\/www.alliancefrancaise.cz\/plzen\/fr\/wp-json\/wp\/v2\/pages\/7941\/revisions\/7944"}],"wp:attachment":[{"href":"https:\/\/www.alliancefrancaise.cz\/plzen\/fr\/wp-json\/wp\/v2\/media?parent=7941"}],"curies":[{"name":"wp","href":"https:\/\/api.w.org\/{rel}","templated":true}]}}