{"id":7947,"date":"2024-02-16T08:54:30","date_gmt":"2024-02-16T07:54:30","guid":{"rendered":"https:\/\/www.alliancefrancaise.cz\/plzen\/snidane-pro-skoly\/"},"modified":"2024-04-09T15:03:41","modified_gmt":"2024-04-09T13:03:41","slug":"petit-dej","status":"publish","type":"page","link":"https:\/\/www.alliancefrancaise.cz\/plzen\/fr\/petit-dej\/","title":{"rendered":"Petit-d\u00e9jeuner fran\u00e7ais"},"content":{"rendered":"\n<div class=\"wp-block-group alignfull\"><div class=\"wp-block-group__inner-container is-layout-flow wp-block-group-is-layout-flow\">\n<div class=\"wp-block-columns is-layout-flex wp-container-core-columns-is-layout-9d6595d7 wp-block-columns-is-layout-flex\">\n<div class=\"wp-block-column is-vertically-aligned-top is-layout-flow wp-block-column-is-layout-flow\"><div class=\"wp-block-image\">\n<figure class=\"aligncenter size-full is-resized\"><img loading=\"lazy\" decoding=\"async\" width=\"960\" height=\"540\" src=\"https:\/\/www.alliancefrancaise.cz\/plzen\/wp-content\/uploads\/2024\/04\/snidane.png\" alt=\"\" class=\"wp-image-13816\" style=\"width:514px;height:auto\" srcset=\"https:\/\/www.alliancefrancaise.cz\/plzen\/wp-content\/uploads\/2024\/04\/snidane.png 960w, https:\/\/www.alliancefrancaise.cz\/plzen\/wp-content\/uploads\/2024\/04\/snidane-460x259.png 460w, https:\/\/www.alliancefrancaise.cz\/plzen\/wp-content\/uploads\/2024\/04\/snidane-768x432.png 768w\" sizes=\"auto, (max-width: 960px) 100vw, 960px\" \/><\/figure>\n<\/div><\/div>\n\n\n\n<div class=\"wp-block-column is-vertically-aligned-center is-layout-flow wp-block-column-is-layout-flow\">\n<p>\ud83e\udd50 Pour les \u00e9coles ou autre personne int\u00e9ress\u00e9e, nous organisons des petits-d\u00e9jeuners \u00ab&nbsp;\u00e0 la fran\u00e7aise&nbsp;\u00bb avec chocolat chaud, baguettes fran\u00e7aises, croissants et jus d\u2019orange.<\/p>\n\n\n\n<p>Pendant le petit-d\u00e9jeuner, nous proposons un quiz et pr\u00e9senterons l\u2019Alliance et ses locaux. Pour r\u00e9server une date, envoyez un email \u00e0&nbsp;<a href=\"mailto:direction.plzen@alliancefrancaise.cz\">direction.plzen@alliancefrancaise.cz<\/a>.<\/p>\n<\/div>\n<\/div>\n<\/div><\/div>\n","protected":false},"excerpt":{"rendered":"<p>\ud83e\udd50 Pour les \u00e9coles ou autre personne int\u00e9ress\u00e9e, nous organisons des petits-d\u00e9jeuners \u00ab&nbsp;\u00e0 la fran\u00e7aise&nbsp;\u00bb avec chocolat chaud, baguettes fran\u00e7aises, croissants et jus d\u2019orange. Pendant le petit-d\u00e9jeuner, nous&#8230;<\/p>\n","protected":false},"author":4,"featured_media":0,"parent":0,"menu_order":0,"comment_status":"closed","ping_status":"closed","template":"","meta":{"_acf_changed":false,"footnotes":""},"class_list":["post-7947","page","type-page","status-publish","hentry"],"acf":[],"_links":{"self":[{"href":"https:\/\/www.alliancefrancaise.cz\/plzen\/fr\/wp-json\/wp\/v2\/pages\/7947","targetHints":{"allow":["GET"]}}],"collection":[{"href":"https:\/\/www.alliancefrancaise.cz\/plzen\/fr\/wp-json\/wp\/v2\/pages"}],"about":[{"href":"https:\/\/www.alliancefrancaise.cz\/plzen\/fr\/wp-json\/wp\/v2\/types\/page"}],"author":[{"embeddable":true,"href":"https:\/\/www.alliancefrancaise.cz\/plzen\/fr\/wp-json\/wp\/v2\/users\/4"}],"replies":[{"embeddable":true,"href":"https:\/\/www.alliancefrancaise.cz\/plzen\/fr\/wp-json\/wp\/v2\/comments?post=7947"}],"version-history":[{"count":2,"href":"https:\/\/www.alliancefrancaise.cz\/plzen\/fr\/wp-json\/wp\/v2\/pages\/7947\/revisions"}],"predecessor-version":[{"id":13818,"href":"https:\/\/www.alliancefrancaise.cz\/plzen\/fr\/wp-json\/wp\/v2\/pages\/7947\/revisions\/13818"}],"wp:attachment":[{"href":"https:\/\/www.alliancefrancaise.cz\/plzen\/fr\/wp-json\/wp\/v2\/media?parent=7947"}],"curies":[{"name":"wp","href":"https:\/\/api.w.org\/{rel}","templated":true}]}}