{"id":7949,"date":"2024-02-21T08:24:05","date_gmt":"2024-02-21T07:24:05","guid":{"rendered":"https:\/\/www.alliancefrancaise.cz\/plzen\/knihovna\/"},"modified":"2025-01-15T15:25:40","modified_gmt":"2025-01-15T14:25:40","slug":"bibliotheque","status":"publish","type":"page","link":"https:\/\/www.alliancefrancaise.cz\/plzen\/fr\/bibliotheque\/","title":{"rendered":"Biblioth\u00e8que"},"content":{"rendered":"\n<div class=\"wp-block-group alignfull has-background\" style=\"background:linear-gradient(135deg,rgb(243,243,243) 0%,rgb(243,243,243) 100%)\"><div class=\"wp-block-group__inner-container is-layout-flow wp-block-group-is-layout-flow\">\n<div style=\"height:60px\" aria-hidden=\"true\" class=\"wp-block-spacer\"><\/div>\n\n\n\n<div class=\"wp-block-columns is-layout-flex wp-container-core-columns-is-layout-9d6595d7 wp-block-columns-is-layout-flex\">\n<div class=\"wp-block-column is-vertically-aligned-top is-layout-flow wp-block-column-is-layout-flow\">\n<figure class=\"wp-block-image size-full\"><img loading=\"lazy\" decoding=\"async\" width=\"600\" height=\"300\" src=\"https:\/\/www.alliancefrancaise.cz\/plzen\/wp-content\/uploads\/2024\/02\/knihovna.jpg\" alt=\"\" class=\"wp-image-7172\" srcset=\"https:\/\/www.alliancefrancaise.cz\/plzen\/wp-content\/uploads\/2024\/02\/knihovna.jpg 600w, https:\/\/www.alliancefrancaise.cz\/plzen\/wp-content\/uploads\/2024\/02\/knihovna-460x230.jpg 460w\" sizes=\"auto, (max-width: 600px) 100vw, 600px\" \/><\/figure>\n<\/div>\n\n\n\n<div class=\"wp-block-column is-vertically-aligned-center is-layout-flow wp-block-column-is-layout-flow\">\n<h2 class=\"wp-block-heading\">\u00c0 l&rsquo;Alliance Fran\u00e7aise<\/h2>\n\n\n\n<p><strong>Venez \u00e0 la biblioth\u00e8que de l&rsquo;Alliance fran\u00e7aise de Plze\u0148 !<\/strong><br>DVD, bandes dessin\u00e9es, lectures faciles, romans, livres pour enfants,\u2026 Vous trouverez ici toute la richesse de la litt\u00e9rature francophone !<\/p>\n<\/div>\n<\/div>\n\n\n\n<div style=\"height:30px\" aria-hidden=\"true\" class=\"wp-block-spacer\"><\/div>\n<\/div><\/div>\n\n\n\n<div class=\"wp-block-group alignfull has-white-background-color has-background\"><div class=\"wp-block-group__inner-container is-layout-flow wp-block-group-is-layout-flow\">\n<div style=\"height:30px\" aria-hidden=\"true\" class=\"wp-block-spacer\"><\/div>\n\n\n\n<div class=\"wp-block-columns is-layout-flex wp-container-core-columns-is-layout-9d6595d7 wp-block-columns-is-layout-flex\">\n<div class=\"wp-block-column is-vertically-aligned-center is-layout-flow wp-block-column-is-layout-flow\">\n<h2 class=\"wp-block-heading\">Cultureth\u00e8que<\/h2>\n\n\n\n<p>Il s&rsquo;agit d&rsquo;une biblioth\u00e8que num\u00e9rique qui propose environ 70 000 magazines, livres, bandes dessin\u00e9es, concerts en direct, enregistrements audio, livres parl\u00e9s, films, documentaires et bien plus encore.<\/p>\n\n\n\n<p>Nous pouvons organiser votre acc\u00e8s \u00e0 l&rsquo;Alliance fran\u00e7aise de Plze\u0148. L&rsquo;abonnement annuel co\u00fbte 150 CZK, <strong>gratuit pour nos membres !<\/strong><\/p>\n\n\n\n<p>Contactez-nous \u00e0 <a href=\"mailto:cgomez@alliancefrancaise.cz\">cgomez@alliancefrancaise.cz<\/a><\/p>\n<\/div>\n\n\n\n<div class=\"wp-block-column is-vertically-aligned-center is-layout-flow wp-block-column-is-layout-flow\">\n<figure class=\"wp-block-image size-full\"><img loading=\"lazy\" decoding=\"async\" width=\"640\" height=\"302\" src=\"https:\/\/www.alliancefrancaise.cz\/plzen\/wp-content\/uploads\/2024\/02\/culturtheque_bibilotheque-2-763e9-e1709047157319.png\" alt=\"\" class=\"wp-image-7174\" srcset=\"https:\/\/www.alliancefrancaise.cz\/plzen\/wp-content\/uploads\/2024\/02\/culturtheque_bibilotheque-2-763e9-e1709047157319.png 640w, https:\/\/www.alliancefrancaise.cz\/plzen\/wp-content\/uploads\/2024\/02\/culturtheque_bibilotheque-2-763e9-e1709047157319-460x217.png 460w\" sizes=\"auto, (max-width: 640px) 100vw, 640px\" \/><\/figure>\n<\/div>\n<\/div>\n\n\n\n<div style=\"height:40px\" aria-hidden=\"true\" class=\"wp-block-spacer\"><\/div>\n<\/div><\/div>\n","protected":false},"excerpt":{"rendered":"<p>\u00c0 l&rsquo;Alliance Fran\u00e7aise Venez \u00e0 la biblioth\u00e8que de l&rsquo;Alliance fran\u00e7aise de Plze\u0148 !DVD, bandes dessin\u00e9es, lectures faciles, romans, livres pour enfants,\u2026 Vous trouverez ici toute la richesse de&#8230;<\/p>\n","protected":false},"author":4,"featured_media":0,"parent":0,"menu_order":0,"comment_status":"closed","ping_status":"closed","template":"","meta":{"_acf_changed":false,"footnotes":""},"class_list":["post-7949","page","type-page","status-publish","hentry"],"acf":[],"_links":{"self":[{"href":"https:\/\/www.alliancefrancaise.cz\/plzen\/fr\/wp-json\/wp\/v2\/pages\/7949","targetHints":{"allow":["GET"]}}],"collection":[{"href":"https:\/\/www.alliancefrancaise.cz\/plzen\/fr\/wp-json\/wp\/v2\/pages"}],"about":[{"href":"https:\/\/www.alliancefrancaise.cz\/plzen\/fr\/wp-json\/wp\/v2\/types\/page"}],"author":[{"embeddable":true,"href":"https:\/\/www.alliancefrancaise.cz\/plzen\/fr\/wp-json\/wp\/v2\/users\/4"}],"replies":[{"embeddable":true,"href":"https:\/\/www.alliancefrancaise.cz\/plzen\/fr\/wp-json\/wp\/v2\/comments?post=7949"}],"version-history":[{"count":2,"href":"https:\/\/www.alliancefrancaise.cz\/plzen\/fr\/wp-json\/wp\/v2\/pages\/7949\/revisions"}],"predecessor-version":[{"id":15308,"href":"https:\/\/www.alliancefrancaise.cz\/plzen\/fr\/wp-json\/wp\/v2\/pages\/7949\/revisions\/15308"}],"wp:attachment":[{"href":"https:\/\/www.alliancefrancaise.cz\/plzen\/fr\/wp-json\/wp\/v2\/media?parent=7949"}],"curies":[{"name":"wp","href":"https:\/\/api.w.org\/{rel}","templated":true}]}}