{"id":7952,"date":"2024-03-07T09:32:56","date_gmt":"2024-03-07T08:32:56","guid":{"rendered":"https:\/\/www.alliancefrancaise.cz\/plzen\/preklady\/"},"modified":"2024-03-14T11:37:00","modified_gmt":"2024-03-14T10:37:00","slug":"traduction","status":"publish","type":"page","link":"https:\/\/www.alliancefrancaise.cz\/plzen\/fr\/traduction\/","title":{"rendered":"Traduction"},"content":{"rendered":"\n<div class=\"wp-block-group alignfull has-background\" style=\"background:linear-gradient(135deg,rgb(243,243,243) 0%,rgb(243,243,243) 100%)\"><div class=\"wp-block-group__inner-container is-layout-flow wp-block-group-is-layout-flow\">\n<div style=\"height:60px\" aria-hidden=\"true\" class=\"wp-block-spacer\"><\/div>\n\n\n\n<div class=\"wp-block-columns is-layout-flex wp-container-core-columns-is-layout-9d6595d7 wp-block-columns-is-layout-flex\">\n<div class=\"wp-block-column is-vertically-aligned-top is-layout-flow wp-block-column-is-layout-flow\"><div class=\"wp-block-image\">\n<figure class=\"alignleft size-full is-resized\"><img loading=\"lazy\" decoding=\"async\" width=\"1280\" height=\"853\" src=\"https:\/\/www.alliancefrancaise.cz\/plzen\/wp-content\/uploads\/2024\/03\/preklady.jpg\" alt=\"\" class=\"wp-image-7776\" style=\"object-fit:cover;width:530px;height:300px\" srcset=\"https:\/\/www.alliancefrancaise.cz\/plzen\/wp-content\/uploads\/2024\/03\/preklady.jpg 1280w, https:\/\/www.alliancefrancaise.cz\/plzen\/wp-content\/uploads\/2024\/03\/preklady-460x307.jpg 460w, https:\/\/www.alliancefrancaise.cz\/plzen\/wp-content\/uploads\/2024\/03\/preklady-768x512.jpg 768w, https:\/\/www.alliancefrancaise.cz\/plzen\/wp-content\/uploads\/2024\/03\/preklady-440x294.jpg 440w\" sizes=\"auto, (max-width: 1280px) 100vw, 1280px\" \/><\/figure>\n<\/div><\/div>\n\n\n\n<div class=\"wp-block-column is-vertically-aligned-center is-layout-flow wp-block-column-is-layout-flow\">\n<h2 class=\"wp-block-heading\"><strong>Traduction<\/strong>s<\/h2>\n\n\n\n<p>L\u2019Alliance fran\u00e7aise de Plze\u0148 vous propose ses services de traductions&nbsp;:<\/p>\n\n\n\n<ul class=\"wp-block-list\">\n<li>&nbsp;traductions de textes classiques et sp\u00e9cialises&nbsp;: lettres, articles, menus, calendriers, brochures, sites webs&#8230; en fran\u00e7ais<\/li>\n\n\n\n<li>&nbsp;relecture de traductions<\/li>\n\n\n\n<li>&nbsp;toutes nos traductions sont revues et corrig\u00e9es par des locuteurs natifs.<\/li>\n<\/ul>\n<\/div>\n<\/div>\n\n\n\n<div style=\"height:30px\" aria-hidden=\"true\" class=\"wp-block-spacer\"><\/div>\n<\/div><\/div>\n\n\n\n<div class=\"wp-block-group alignfull has-white-background-color has-background\"><div class=\"wp-block-group__inner-container is-layout-flow wp-block-group-is-layout-flow\">\n<div style=\"height:30px\" aria-hidden=\"true\" class=\"wp-block-spacer\"><\/div>\n\n\n\n<div class=\"wp-block-columns is-layout-flex wp-container-core-columns-is-layout-9d6595d7 wp-block-columns-is-layout-flex\">\n<div class=\"wp-block-column is-vertically-aligned-center is-layout-flow wp-block-column-is-layout-flow\">\n<h2 class=\"wp-block-heading\"><strong><strong>Interpr\u00e9tation<\/strong><\/strong><\/h2>\n\n\n\n<p>Nous offrons ces services sur des \u00e9v\u00e8nements ponctuels (r\u00e9unions, conf\u00e9rences, visites&#8230;)<\/p>\n\n\n\n<p>Le prix des services d\u2019interpr\u00e9tation d\u00e9pend des cas et des besoins particuliers que n\u00e9cessitent chaque intervention.<\/p>\n\n\n\n<p>Pour toute information ou demande de devis vous pouvez nous contacter \u00e0\u00a0<a href=\"mailto:direction.plzen@alliancefrancaise.cz\">direction.plzen@alliancefrancaise.cz<\/a>.<\/p>\n<\/div>\n\n\n\n<div class=\"wp-block-column is-vertically-aligned-center is-layout-flow wp-block-column-is-layout-flow\"><div class=\"wp-block-image\">\n<figure class=\"alignleft size-full is-resized\"><img loading=\"lazy\" decoding=\"async\" width=\"1280\" height=\"820\" src=\"https:\/\/www.alliancefrancaise.cz\/plzen\/wp-content\/uploads\/2024\/03\/tlumoceni.jpg\" alt=\"\" class=\"wp-image-7778\" style=\"object-fit:cover;width:530px;height:300px\" srcset=\"https:\/\/www.alliancefrancaise.cz\/plzen\/wp-content\/uploads\/2024\/03\/tlumoceni.jpg 1280w, https:\/\/www.alliancefrancaise.cz\/plzen\/wp-content\/uploads\/2024\/03\/tlumoceni-460x295.jpg 460w, https:\/\/www.alliancefrancaise.cz\/plzen\/wp-content\/uploads\/2024\/03\/tlumoceni-768x492.jpg 768w\" sizes=\"auto, (max-width: 1280px) 100vw, 1280px\" \/><\/figure>\n<\/div><\/div>\n<\/div>\n<\/div><\/div>\n","protected":false},"excerpt":{"rendered":"<p>Traductions L\u2019Alliance fran\u00e7aise de Plze\u0148 vous propose ses services de traductions&nbsp;: Interpr\u00e9tation Nous offrons ces services sur des \u00e9v\u00e8nements ponctuels (r\u00e9unions, conf\u00e9rences, visites&#8230;) Le prix des services d\u2019interpr\u00e9tation&#8230;<\/p>\n","protected":false},"author":4,"featured_media":0,"parent":0,"menu_order":0,"comment_status":"closed","ping_status":"closed","template":"","meta":{"_acf_changed":false,"footnotes":""},"class_list":["post-7952","page","type-page","status-publish","hentry"],"acf":[],"_links":{"self":[{"href":"https:\/\/www.alliancefrancaise.cz\/plzen\/fr\/wp-json\/wp\/v2\/pages\/7952","targetHints":{"allow":["GET"]}}],"collection":[{"href":"https:\/\/www.alliancefrancaise.cz\/plzen\/fr\/wp-json\/wp\/v2\/pages"}],"about":[{"href":"https:\/\/www.alliancefrancaise.cz\/plzen\/fr\/wp-json\/wp\/v2\/types\/page"}],"author":[{"embeddable":true,"href":"https:\/\/www.alliancefrancaise.cz\/plzen\/fr\/wp-json\/wp\/v2\/users\/4"}],"replies":[{"embeddable":true,"href":"https:\/\/www.alliancefrancaise.cz\/plzen\/fr\/wp-json\/wp\/v2\/comments?post=7952"}],"version-history":[{"count":1,"href":"https:\/\/www.alliancefrancaise.cz\/plzen\/fr\/wp-json\/wp\/v2\/pages\/7952\/revisions"}],"predecessor-version":[{"id":7954,"href":"https:\/\/www.alliancefrancaise.cz\/plzen\/fr\/wp-json\/wp\/v2\/pages\/7952\/revisions\/7954"}],"wp:attachment":[{"href":"https:\/\/www.alliancefrancaise.cz\/plzen\/fr\/wp-json\/wp\/v2\/media?parent=7952"}],"curies":[{"name":"wp","href":"https:\/\/api.w.org\/{rel}","templated":true}]}}