{"id":7955,"date":"2024-02-27T15:42:56","date_gmt":"2024-02-27T14:42:56","guid":{"rendered":"https:\/\/www.alliancefrancaise.cz\/plzen\/chci-se-stat-clenem\/"},"modified":"2025-06-11T10:18:56","modified_gmt":"2025-06-11T08:18:56","slug":"devenir-membre","status":"publish","type":"page","link":"https:\/\/www.alliancefrancaise.cz\/plzen\/fr\/devenir-membre\/","title":{"rendered":"Membres et avantages"},"content":{"rendered":"\n<div class=\"wp-block-group alignfull\"><div class=\"wp-block-group__inner-container is-layout-flow wp-block-group-is-layout-flow\">\n<div class=\"wp-block-columns is-layout-flex wp-container-core-columns-is-layout-9d6595d7 wp-block-columns-is-layout-flex\">\n<div class=\"wp-block-column is-vertically-aligned-top is-layout-flow wp-block-column-is-layout-flow\" style=\"flex-basis:30%\"><div class=\"wp-block-image\">\n<figure class=\"aligncenter size-full\"><img loading=\"lazy\" decoding=\"async\" width=\"1594\" height=\"886\" src=\"https:\/\/www.alliancefrancaise.cz\/plzen\/wp-content\/uploads\/2024\/02\/1.png\" alt=\"\" class=\"wp-image-7396\" srcset=\"https:\/\/www.alliancefrancaise.cz\/plzen\/wp-content\/uploads\/2024\/02\/1.png 1594w, https:\/\/www.alliancefrancaise.cz\/plzen\/wp-content\/uploads\/2024\/02\/1-460x256.png 460w, https:\/\/www.alliancefrancaise.cz\/plzen\/wp-content\/uploads\/2024\/02\/1-1360x756.png 1360w, https:\/\/www.alliancefrancaise.cz\/plzen\/wp-content\/uploads\/2024\/02\/1-768x427.png 768w\" sizes=\"auto, (max-width: 1594px) 100vw, 1594px\" \/><\/figure>\n<\/div><\/div>\n\n\n\n<div class=\"wp-block-column is-layout-flow wp-block-column-is-layout-flow\" style=\"flex-basis:35%\">\n<h2 class=\"wp-block-heading\">Devenir membre, pourquoi&nbsp;?<\/h2>\n\n\n\n<p>En devenant membre de l\u2019Alliance Fran\u00e7aise de Plze\u0148, <strong>vous soutenez une association de droit local \u00e0 but non lucratif<\/strong> qui contribue \u00e0 la diffusion de la langue fran\u00e7aise et des cultures fran\u00e7aise et francophones et \u00e0 l\u2019enrichissement des relations entre la France et la R\u00e9publique tch\u00e8que.<\/p>\n<\/div>\n\n\n\n<div class=\"wp-block-column is-layout-flow wp-block-column-is-layout-flow\" style=\"flex-basis:35%\">\n<h2 class=\"wp-block-heading\">Mes avantages :<\/h2>\n\n\n\n<ul class=\"wp-block-list\">\n<li>inscription gratuite \u00e0 la&nbsp;<a href=\"https:\/\/www.alliancefrancaise.cz\/plzen\/fr\/bibliotheque\/\" data-type=\"page\" data-id=\"7949\"><strong>biblioth\u00e8que<\/strong><\/a>&nbsp;de l\u2019Alliance Fran\u00e7aise de Plze\u0148<\/li>\n\n\n\n<li>inscription gratuite \u00e0 la&nbsp;biblioth\u00e8que digitale <a href=\"https:\/\/www.alliancefrancaise.cz\/plzen\/fr\/bibliotheque\/\"><strong>Cultureth\u00e8que<\/strong><\/a><\/li>\n\n\n\n<li><a href=\"https:\/\/www.alliancefrancaise.cz\/plzen\/fr\/remise-oxford\/\" data-type=\"page\" data-id=\"8052\">10% de remise<\/a>&nbsp;chez <strong>Oxford Bookshop<\/strong> Plze\u0148<\/li>\n\n\n\n<li><a href=\"https:\/\/www.alliancefrancaise.cz\/plzen\/fr\/offre-fine-france-plzen\/\" data-type=\"page\" data-id=\"13898\">10% de remise pour et consommation chez <strong>Fine France<\/strong><\/a>, Plze\u0148 <\/li>\n\n\n\n<li><strong>r\u00e9duction tarifaire<\/strong> \u00e0 certains de nos \u00e9venements<\/li>\n\n\n\n<li>participation et vote lors de l&rsquo;<strong>Assembl\u00e9e g\u00e9n\u00e9rale<\/strong><\/li>\n<\/ul>\n<\/div>\n<\/div>\n\n\n\n<p>Tous les membres de l\u2019Alliance Fran\u00e7aise de de Plze\u0148 s\u2019engagent \u00e0 respecter&nbsp;<a href=\"https:\/\/www.alliancefrancaise.cz\/plzen\/wp-content\/uploads\/2024\/02\/Stanovy_spolku-statut-AFPLZEN.pdf\" data-type=\"attachment\" data-id=\"6890\" target=\"_blank\" rel=\"noreferrer noopener\">les statuts<\/a>.<\/p>\n<\/div><\/div>\n\n\n\n<div class=\"wp-block-group alignfull has-background\" style=\"background:linear-gradient(135deg,rgb(243,243,243) 0%,rgb(243,243,243) 100%)\"><div class=\"wp-block-group__inner-container is-layout-constrained wp-block-group-is-layout-constrained\">\n<div style=\"height:30px\" aria-hidden=\"true\" class=\"wp-block-spacer\"><\/div>\n\n\n\n<div class=\"wp-block-columns is-layout-flex wp-container-core-columns-is-layout-9d6595d7 wp-block-columns-is-layout-flex\">\n<div class=\"wp-block-column is-layout-flow wp-block-column-is-layout-flow\">\n<h2 class=\"wp-block-heading\"><mark style=\"background-color:rgba(0, 0, 0, 0)\" class=\"has-inline-color has-red-color\">Comment devenir membre de l\u2019Alliance Fran\u00e7aise de Plze\u0148&nbsp;?<\/mark><\/h2>\n\n\n\n<div class=\"wp-block-columns is-layout-flex wp-container-core-columns-is-layout-9d6595d7 wp-block-columns-is-layout-flex\">\n<div class=\"wp-block-column is-layout-flow wp-block-column-is-layout-flow\">\n<p>C\u2019est facile\u00a0! Il vous suffit de t\u00e9l\u00e9charger, remplir et signer la\u00a0<a href=\"https:\/\/www.alliancefrancaise.cz\/plzen\/wp-content\/uploads\/2024\/02\/prihlaska_clena_spolku-inscription_membre-afplzen.pdf\" data-type=\"attachment\" data-id=\"6888\" target=\"_blank\" rel=\"noreferrer noopener\">fiche d\u2019inscription<\/a>\u00a0et l\u2019envoyer par e-mail \u00e0 l\u2019adresse\u00a0<a href=\"mailto:direction.plzen@alliancefrancaise.cz\">direction.plzen@alliancefrancaise.cz<\/a>\u00a0ou la remettre au secr\u00e9tariat de l\u02b9Alliance Fran\u00e7aise pendant nos\u00a0horaires d\u2019ouverture.<\/p>\n\n\n\n<p><strong>Les membres titulaires paient une cotisation.<\/strong><\/p>\n\n\n\n<p>Le montant de la cotisation est fix\u00e9 \u00e0 l&rsquo;avance par le comit\u00e9 de l&rsquo;association avec effet <strong>du 1er septembre au 30 ao\u00fbt de l&rsquo;ann\u00e9e civile suivante.<\/strong><\/p>\n\n\n\n<p><strong>Le montant de la cotisation annuelle est de<\/strong> : 300,- CZK<\/p>\n<\/div>\n\n\n\n<div class=\"wp-block-column is-layout-flow wp-block-column-is-layout-flow\">\n<p>Le r\u00e8glement des cotisations peut \u00eatre effectu\u00e9 en esp\u00e8ces au secr\u00e9tariat de l\u2019Alliance Fran\u00e7aise ou par virement bancaire sur le compte bancaire suivant&nbsp;:<\/p>\n\n\n\n<p><strong>Num\u00e9ro de compte <\/strong>: 4934361\/0100<br><strong>Variabiln\u00ed symbol <\/strong>: 333<br><strong>Zpr\u00e1va pro p\u0159\u00edjemce<\/strong> : Membre + nom et pr\u00e9nom<\/p>\n<\/div>\n<\/div>\n\n\n\n<p>Nous vous remercions d\u2019avance de votre int\u00e9r\u00eat port\u00e9 l\u2019\u00e9gard de notre Alliance Fran\u00e7aise et de nos activit\u00e9s. Nos \u00e9quipes sont \u00e0 votre disposition pour tout compl\u00e9ment d\u2019information.<\/p>\n<\/div>\n<\/div>\n\n\n\n<div style=\"height:30px\" aria-hidden=\"true\" class=\"wp-block-spacer\"><\/div>\n<\/div><\/div>\n\n\n\n<div class=\"wp-block-group alignfull\"><div class=\"wp-block-group__inner-container is-layout-constrained wp-block-group-is-layout-constrained\">\n<h2 class=\"wp-block-heading\"><strong><mark style=\"background-color:rgba(0, 0, 0, 0)\" class=\"has-inline-color has-red-color\">\u00c0 t\u00e9l\u00e9charger<\/mark><\/strong><\/h2>\n\n\n<div id=\"dokumenty-block_a054e0fc0fb0b47e8a96ff1aec79122b\" class=\"dokumenty row mt-5\">\n    \n    <div class=\"col-md-3 col-6 boxDokumentu text-center animTop mb-5\">\n        <a class=\"text-decoration-none\" href=\"https:\/\/www.alliancefrancaise.cz\/plzen\/wp-content\/uploads\/2024\/02\/prihlaska_clena_spolku-inscription_membre-afplzen.pdf\" target=\"_blank\"\n            rel=\"noopener noreferrer\">\n            <div class=\"coverDokuemntu\"><img decoding=\"async\" src=\"https:\/\/www.alliancefrancaise.cz\/plzen\/wp-content\/themes\/propagon\/img\/svg\/icon-file.svg\" alt=\"soubor\"><\/div>\n            <div class=\"nazevDokumentu fw-bold mt-3\">Inscription membre Alliance Fran\u00e7aise de Plze\u0148<\/div>\n            <div class=\"text-body\">\n                115,68 KB            <\/div>\n        <\/a>\n    <\/div>\n    \n    <div class=\"col-md-3 col-6 boxDokumentu text-center animTop mb-5\">\n        <a class=\"text-decoration-none\" href=\"https:\/\/www.alliancefrancaise.cz\/plzen\/wp-content\/uploads\/2024\/02\/Stanovy_spolku-statut-AFPLZEN.pdf\" target=\"_blank\"\n            rel=\"noopener noreferrer\">\n            <div class=\"coverDokuemntu\"><img decoding=\"async\" src=\"https:\/\/www.alliancefrancaise.cz\/plzen\/wp-content\/themes\/propagon\/img\/svg\/icon-file.svg\" alt=\"soubor\"><\/div>\n            <div class=\"nazevDokumentu fw-bold mt-3\">Statuts<\/div>\n            <div class=\"text-body\">\n                2,24 MB            <\/div>\n        <\/a>\n    <\/div>\n    <\/div>\n<\/div><\/div>\n","protected":false},"excerpt":{"rendered":"<p>Devenir membre, pourquoi&nbsp;? En devenant membre de l\u2019Alliance Fran\u00e7aise de Plze\u0148, vous soutenez une association de droit local \u00e0 but non lucratif qui contribue \u00e0 la diffusion de&#8230;<\/p>\n","protected":false},"author":4,"featured_media":0,"parent":0,"menu_order":0,"comment_status":"closed","ping_status":"closed","template":"","meta":{"_acf_changed":false,"footnotes":""},"class_list":["post-7955","page","type-page","status-publish","hentry"],"acf":[],"_links":{"self":[{"href":"https:\/\/www.alliancefrancaise.cz\/plzen\/fr\/wp-json\/wp\/v2\/pages\/7955","targetHints":{"allow":["GET"]}}],"collection":[{"href":"https:\/\/www.alliancefrancaise.cz\/plzen\/fr\/wp-json\/wp\/v2\/pages"}],"about":[{"href":"https:\/\/www.alliancefrancaise.cz\/plzen\/fr\/wp-json\/wp\/v2\/types\/page"}],"author":[{"embeddable":true,"href":"https:\/\/www.alliancefrancaise.cz\/plzen\/fr\/wp-json\/wp\/v2\/users\/4"}],"replies":[{"embeddable":true,"href":"https:\/\/www.alliancefrancaise.cz\/plzen\/fr\/wp-json\/wp\/v2\/comments?post=7955"}],"version-history":[{"count":15,"href":"https:\/\/www.alliancefrancaise.cz\/plzen\/fr\/wp-json\/wp\/v2\/pages\/7955\/revisions"}],"predecessor-version":[{"id":15593,"href":"https:\/\/www.alliancefrancaise.cz\/plzen\/fr\/wp-json\/wp\/v2\/pages\/7955\/revisions\/15593"}],"wp:attachment":[{"href":"https:\/\/www.alliancefrancaise.cz\/plzen\/fr\/wp-json\/wp\/v2\/media?parent=7955"}],"curies":[{"name":"wp","href":"https:\/\/api.w.org\/{rel}","templated":true}]}}